{"id":1083,"date":"2016-05-12T06:39:48","date_gmt":"2016-05-12T06:39:48","guid":{"rendered":"http:\/\/www.geotechnika.org.pl\/?page_id=1083"},"modified":"2016-05-12T06:40:52","modified_gmt":"2016-05-12T06:40:52","slug":"prof-dr-hab-inz-kazimierz-gwizdala","status":"publish","type":"page","link":"https:\/\/www.geotechnika.org.pl\/?page_id=1083","title":{"rendered":"Prof. dr hab. in\u017c. Kazimierz Gwizda\u0142a"},"content":{"rendered":"<p><strong>Profesor Kazimierz Gwizda\u0142a<\/strong> urodzi\u0142 si\u0119 w Okoninach Nadjeziornych, powiat Tuchola, w dniu 12 lipca 1946 roku. Szko\u0142\u0119 \u015bredni\u0105 budowlan\u0105 sko\u0144czy\u0142 w 1966 roku w Bydgoszczy.<img loading=\"lazy\" decoding=\"async\" class=\"alignright size-full wp-image-1086\" src=\"http:\/\/www.geotechnika.org.pl\/wp-content\/uploads\/2016\/05\/Kazimierz-Gwizdala.jpg\" alt=\"Kazimierz-Gwizdala\" width=\"177\" height=\"248\" \/><br \/>\nStudia wy\u017csze odby\u0142 w latach 1966-1971 w Instytucie Hydrotechniki Politechniki Gda\u0144skiej, uzyskuj\u0105c tytu\u0142 magistra in\u017cyniera budownictwa wodnego. W 1972\u00a0roku otrzyma\u0142 Nagrod\u0119 Ministra \u017beglugi w turnieju M\u0142odych Mistrz\u00f3w Techniki za prac\u0119 magistersk\u0105 pt. \u201eProjekt wst\u0119pny i techniczny falochronu w Rejonie Prze\u0142adunk\u00f3w Towar\u00f3w Masowych w Gda\u0144sku\u201d.<br \/>\nW 1977 roku, na podstawie rozprawy doktorskiej pt. \u201eAnaliza no\u015bno\u015bci i pracy pali wielko\u015brednicowych w gruncie niespoistym\u201d, uzyska\u0142 stopie\u0144 doktora nauk technicznych nadany decyzj\u0105 Rady Wydzia\u0142u Hydrotechniki.<br \/>\nStopie\u0144 doktora habilitowanego uzyska\u0142 w 1996 roku na podstawie rozprawy habilitacyjnej pt. \u201eAnaliza osiada\u0144 pali przy wykorzystaniu funkcji transformacyjnych\u201d.<br \/>\nTytu\u0142 profesora nauk technicznych uzyska\u0142 w dniu 5 grudnia 2011 roku na wniosek Rady Wydzia\u0142u In\u017cynierii L\u0105dowej i \u015arodowiska Politechniki Gda\u0144skiej.<br \/>\nPo studiach pracowa\u0142 od 1.11.1971 roku do 30.01.1972 roku w Zak\u0142adzie Geofizyki PAN w Sopocie. Od 1.02.1972 roku by\u0142 pracownikiem Wydzia\u0142u Budownictwa Wodnego i In\u017cynierii \u015arodowiska (wcze\u015bniej Instytutu Hydrotechniki, Wydzia\u0142u Hydrotechniki, Wydzia\u0142u In\u017cynierii \u015arodowiska). Pracuje nieprzerwanie w Politechnice Gda\u0144skiej, zajmuj\u0105c kolejno stanowisko: asystenta-sta\u017cysty, asystenta, starszego asystenta, adiunkta oraz prof. nadzw. PG.<br \/>\nOd 2015 roku jest Kierownikiem Katedry Geotechniki, Geologii i Budownictwa Morskiego w Politechnice Gda\u0144skiej.<br \/>\nPrzebywa\u0142 na sta\u017cach i stypendiach w Szwecji, Danii i Belgii:<\/p>\n<ul>\n<li>Danish Geotechnical Institute, Lyngby, Dania, 1979,<\/li>\n<li>Swedish Geotechnical Institute, Linkoping, Szwecja, 1982-1983,<\/li>\n<li>Aalborg University, Aalborg, Dania, 1980, 1989,<\/li>\n<li>Ghent University, Ghent, Belgia 1993-1994, 1999, 2000.<\/li>\n<\/ul>\n<p>Dorobek naukowy profesora Kazimierza Gwizda\u0142y obejmuje autorstwo lub wsp\u00f3\u0142autorstwo 220 publikacji w czasopismach naukowych, materia\u0142ach konferencyjnych, czasopismach naukowo-technicznych za granic\u0105 i w kraju.<br \/>\nZa znacz\u0105ce osi\u0105gni\u0119cia Profesora nale\u017cy uzna\u0107 nast\u0119puj\u0105ce opracowania zwarte:<\/p>\n<ul>\n<li>wsp\u00f3\u0142autorstwo skryptu: \u201eBearing capacity and settlement of piles\u201d, University of Aalborg, 1992,<\/li>\n<li>wsp\u00f3\u0142autorstwo monografii: \u201ePrefabrykowane pale wbijane\u201d, Gda\u0144sk, 2005,<\/li>\n<li>wsp\u00f3\u0142autorstwo monografii: \u201eNo\u015bno\u015b\u0107 i osiadanie fundament\u00f3w palowych\u201d, Gda\u0144sk, 2001,<\/li>\n<li>wsp\u00f3\u0142autorstwo normy pa\u0144stwowej PN-83\/B-02482, \u201eFundamenty budowlane. No\u015bno\u015b\u0107 pali i fundament\u00f3w palowych\u201d.<\/li>\n<\/ul>\n<p>Istotne znaczenie dotycz\u0105ce zagadnie\u0144 fundamentowania g\u0142\u0119bokiego ma dwutomowe ksi\u0105\u017ckowe opracowanie indywidualne:<\/p>\n<ul>\n<li>\u201eFundamenty Palowe. Technologie i obliczenia\u201d, Tom 1, Wydawnictwo Naukowe PWN, Warszawa 2011,<\/li>\n<li>\u201eFundamenty Palowe. Badania i zastosowania\u201d, Tom 2, Wydawnictwo Naukowe PWN, Warszawa 2013.<\/li>\n<\/ul>\n<p>Wa\u017cn\u0105 cz\u0119\u015bci\u0105 dzia\u0142alno\u015bci publikacyjnej Profesora stanowi udzia\u0142 w seminariach i konferencjach, w ramach szkole\u0144 dla pracownik\u00f3w biur projektowych i przedsi\u0119biorstw wykonawczych, np.: Warsztat Pracy Projektanta Konstrukcji w Wi\u015ble, seminaria szkoleniowe w Polskiej Izbie In\u017cynier\u00f3w Budownictwa, wieloletnie seminaria w Instytucie Badawczym Dr\u00f3g i Most\u00f3w w Warszawie, Geoin\u017cynieria w Budownictwie &#8211; coroczne seminaria dyskusyjne, wyk\u0142ady w ramach Studium Podyplomowego SGGW w Warszawie.<br \/>\nTematyka naukowo-badawcza profesora Kazimierza Gwizda\u0142y by\u0142a \u015bci\u015ble zwi\u0105zana z og\u00f3lnopolskimi badawczymi Tematami Rz\u0105dowymi i Resortowymi, np.:<\/p>\n<ol>\n<li>Stateczno\u015b\u0107 i ochrona klif\u00f3w polskiego wybrze\u017ca morskiego. PB KBN Nr 700269101, kierownik projektu. Etap I, II, III, 1992, 1993.<\/li>\n<li>Stateczno\u015b\u0107 i ochrona klif\u00f3w polskiego wybrze\u017ca. PB KBN Nr 7 S103\u00a0052 07, Monografia, 1995.<\/li>\n<li>No\u015bno\u015b\u0107 oraz przemieszczenia pali i fundament\u00f3w palowych w z\u0142o\u017conych warunkach gruntowych. PB KBN Nr\u00a07 S103\u00a0023 04, 1993-1995.<\/li>\n<li>No\u015bno\u015b\u0107 i osiadania grupy pali. Projekt badawczy 7\u00a0T07E\u00a0004 12. Okres realizacji: 1997-1999.<\/li>\n<li>Wsp\u00f3\u0142dzia\u0142anie kolumn iniekcyjnych z pod\u0142o\u017cem gruntowym. Projekt badawczy 4 T07E 015 29: G\u0142\u00f3wny wykonawca Joanna Bz\u00f3wka \u2013 Politechnika \u015al\u0105ska.<\/li>\n<\/ol>\n<p>Prace naukowo-badawcze Profesora s\u0105 \u015bci\u015ble zwi\u0105zane z zagadnieniami praktycznymi, znajduj\u0105cymi zastosowanie w z\u0142o\u017conych i skomplikowanych zagadnieniach szeroko rozumianej geotechniki; oddzia\u0142ywanie konstrukcja \u2013 pod\u0142o\u017ce oraz opis bezpiecznego i ekonomicznego przekazywania z\u0142o\u017conych oddzia\u0142ywa\u0144 na pod\u0142o\u017ce gruntowe o z\u0142o\u017conej budowie.<br \/>\nDzia\u0142alno\u015b\u0107 naukowo-badawcza koncentruje si\u0119 na nast\u0119puj\u0105cych zagadnieniach:<\/p>\n<ul>\n<li>rozw\u00f3j nowych technologii pali: pale wykonywane bez rur os\u0142onowych, pale wiercone wielko\u015brednicowe, iniekcje pod podstawami pali wierconych, pale Vibrex, CFA, Omega, jet-grouting, SDP, FDP,<\/li>\n<li>praca pali w pod\u0142o\u017cu gruntowym; wp\u0142yw geometrii pali na ich no\u015bno\u015b\u0107 w gruntach niespoistych,<\/li>\n<li>analityczne metody oceny krzywej osiadania, zastosowanie metody funkcji transformacyjnych, t-z, q-z,<\/li>\n<li>no\u015bno\u015b\u0107 i osiadanie pali pojedynczych na podstawie bada\u0144 in situ, metody bezpo\u015brednie, zastosowanie sondy statycznej CPT, CPTU,<\/li>\n<li>osiadania du\u017cych grup palowych, badania w skali naturalnej, analityczne metody oblicze\u0144,<\/li>\n<li>nowoczesne metody bada\u0144 terenowych no\u015bno\u015bci i osiada\u0144 pali, badania statyczne, badania dynamiczne, zastosowanie wzor\u00f3w dynamicznych, SPLT, PDA, DLT,<\/li>\n<li>nieniszcz\u0105ce metody bada\u0144 jako\u015bci i d\u0142ugo\u015bci pali, badania modelowe, badania terenowe i zastosowanie metody SIT,<\/li>\n<li>zastosowanie technologii iniekcji strumieniowej (jet-grouting) do wzmocnie\u0144 fundament\u00f3w, metody oceny no\u015bno\u015bci i osiadania pali oraz kolumn jet-grouting,<\/li>\n<li>numeryczne modelowanie wsp\u00f3\u0142pracy uk\u0142adu konstrukcja \u2013 pale \u2013 pod\u0142o\u017ce, wp\u0142yw sztywno\u015bci podp\u00f3r palowych, skr\u00f3cenie w\u0142asne trzonu pala dla pod\u0142o\u017ca uwarstwionego,<\/li>\n<li>zagadnienia stateczno\u015bci i ochrony skarp, zboczy i klif\u00f3w morskich wraz z analiz\u0105 probabilistyczn\u0105.<\/li>\n<\/ul>\n<p>W ostatnich latach szczeg\u00f3lne znaczenie stanowi zastosowanie iniekcji cementowej pod podstawami pali wierconych wielko\u015brednicowych.<br \/>\nProfesor Kazimierz Gwizda\u0142a jest wsp\u00f3\u0142autorem patentu pt. \u201eSpos\u00f3b zwi\u0119kszania no\u015bno\u015bci oraz zmniejszania osiadania wielko\u015brednicowych pali wierconych\u201d, patent nr PL 188356. Technologia ta jest stosowana od wielu lat w przypadku bardzo wa\u017cnych i silnie obci\u0105\u017conych fundament\u00f3w, szczeg\u00f3lnie w obiektach mostowych na wielu drogach w Polsce.<br \/>\nWiele zagadnie\u0144 inspirowanych potrzebami badawczymi, projektowymi i wykonawczymi znalaz\u0142o zastosowanie w ponad 350 opracowaniach dla biur projektowych, firm wykonawczych, w opiniowaniu i ocenie zachodz\u0105cych zjawisk w problemach geotechnicznych i konstrukcyjnych.<br \/>\nZagadnienia te dotyczy\u0142y mi\u0119dzy innymi:<\/p>\n<ul>\n<li>modernizacji nabrze\u017cy Portu Miejskiego w Wroc\u0142awiu,<\/li>\n<li>stateczno\u015bci staw\u00f3w odpadowych przemys\u0142u sodowego w Janikowskich Zak\u0142adach Sodowych,<\/li>\n<li>oceny no\u015bno\u015bci pochylni zrzutowej w Stoczni Komuny Paryskiej w Gdyni,<\/li>\n<li>opinie, orzeczenia, ocena no\u015bno\u015bci wszystkich rodzaj\u00f3w pali dotycz\u0105ce nabrze\u017cy, pochylni, pirs\u00f3w w Gda\u0144sku, Gdyni, Sopocie,<\/li>\n<li>opinie oraz sposoby zabezpieczenia nier\u00f3wnomiernego osiadania budynku mieszkalnego w Gda\u0144sku,<\/li>\n<li>obliczenia statyczne do projektu podp\u00f3r palowych estakady R oraz T w Porcie P\u00f3\u0142nocnym w Gda\u0144sku,<\/li>\n<li>opinie techniczne dotycz\u0105ce posadowienia fundament\u00f3w zbiornik\u00f3w retencyjnych popio\u0142u w Elektrociep\u0142owni Gda\u0144sk II,<\/li>\n<li>ocena no\u015bno\u015bci pali Vibrex na terenie Rafinerii w Gda\u0144sku,<\/li>\n<li>opinie naukowe dotycz\u0105ce osuwiska brzegu klifowego w Jastrz\u0119bnej G\u00f3rze, Jaros\u0142awcu, Trz\u0119saczu, \u015aliwinie Ba\u0142tyckim,<\/li>\n<li>opinia dotycz\u0105ca wzmocnienia pod\u0142o\u017ca i fundament\u00f3w budynku banku PKO w Bartoszycach,<\/li>\n<li>koncepcja wzmocnienia fundament\u00f3w budynku \u201eDw\u00f3r M\u0142yniska\u201d w Gda\u0144sku,<\/li>\n<li>wytyczne i opinie dotycz\u0105ce iniekcji cementowej podstaw pali wierconych wielko\u015brednicowych pod podporami mostowymi na terenie ca\u0142ego kraju,<\/li>\n<li>opinie naukowo-techniczne w badaniach ci\u0105g\u0142o\u015bci r\u00f3\u017cnych rodzaj\u00f3w pali na terenie ca\u0142ego kraju,<\/li>\n<li>opinie naukowo-techniczne dotycz\u0105ce posadowienia podp\u00f3r g\u0142\u00f3wnych mostu wantowego przez Wis\u0142\u0119 na terenie Trasy Siekierkowskiej w Warszawie,<\/li>\n<li>opinia o no\u015bno\u015bci pali pod zbiorniki na terenie Oczyszczalni \u015aciek\u00f3w Gda\u0144sk-Wsch\u00f3d,<\/li>\n<li>projektu iniekcji pod podstawy pali wierconych dla mostu i dojazd\u00f3w do mostu wantowego przez Martw\u0105 Wis\u0142\u0119 w Gda\u0144sku,<\/li>\n<li>oblicze\u0144 oraz oceny no\u015bno\u015bci i osiada\u0144 pali wielko\u015brednicowych z iniekcj\u0105 pod podstawami dla mostu wantowego przez Martw\u0105 Wis\u0142\u0119 w ci\u0105gu ul. Sucharskiego w Gda\u0144sku,<\/li>\n<li>obliczenia, konsultacje, weryfikacja do projektu posadowienia fundamentu pod piec obrotowy w Cementowni Kujawy w Bielawach,<\/li>\n<li>opinie, obliczenia, ocena oddzia\u0142ywa\u0144 dotycz\u0105ca podp\u00f3r palowych ruroci\u0105gu naftowego \u201ePrzyja\u017a\u0144\u201d,<\/li>\n<li>opinie naukowe dotycz\u0105ce no\u015bno\u015bci pali wierconych na podstawie bada\u0144 dynamicznych Mostu Milenijnego w Wroc\u0142awiu,<\/li>\n<li>koncepcja posadowienia trasy w\u0119glowej O\/Drzewce,<\/li>\n<li>badania i ocena no\u015bno\u015bci wzmocnionego pod\u0142o\u017ca gruntowego na terenie portu morskiego w Elbl\u0105gu z zastosowaniem technologii wibrowymiany,<\/li>\n<li>oceny no\u015bno\u015bci pali wierconych i pali Vibro oraz podb\u00f3r mostowych przez rzek\u0119 Wart\u0119 w ci\u0105gu autostrady A-2,<\/li>\n<li>projektu posadowienia nowego budynku Wydzia\u0142u Elektroniki, Telekomunikacji i Informatyki Politechniki Gda\u0144skiej, z zastosowaniem technologii pali Atlas,<\/li>\n<li>oceny rozwi\u0105zania mur\u00f3w oporowych na budowie Hali Widowiskowo- Sportowej w Gdyni,<\/li>\n<li>oceny no\u015bno\u015bci wszystkich rodzaj\u00f3w pali, na terenie ca\u0142ego kraju, za pomoc\u0105 bada\u0144 dynamicznych, PDA, DLT,<\/li>\n<li>opinii geotechnicznych dotycz\u0105cych nawierzchni na terenie Gda\u0144skiego Terminalu Kontenerowego,<\/li>\n<li>oceny no\u015bno\u015bci, osiada\u0144 i przemieszcze\u0144 fundament\u00f3w dotycz\u0105ce obiekt\u00f3w Terminalu Gazowego w Gda\u0144sku,<\/li>\n<li>opinia dotycz\u0105ca osiada\u0144 oraz stanu obiekt\u00f3w na terenie Gda\u0144skiego Terminalu Gazowego,<\/li>\n<li>oceny no\u015bno\u015bci pali CFA w ramach rozbudowy drogi krajowej nr 7, Krak\u00f3w-Chy\u017cne,<\/li>\n<li>posadowienia podp\u00f3r mostu przez rzek\u0119 Rospuda w ramach budowy obwodnicy Augustowa,<\/li>\n<li>zastosowania iniekcji pod podstawami pali wielko\u015brednicowych i oceny ich no\u015bno\u015bci dotycz\u0105ce podp\u00f3r mostu przez rzek\u0119 Regalic\u0119 w Szczecinie,<\/li>\n<li>bada\u0144 statycznych i dynamicznych, z uwzgl\u0119dnieniem wp\u0142ywu czasu, dotycz\u0105cych fundament\u00f3w palowych w ci\u0105gu Obwodnicy \u2013 Po\u0142udniowej w Gda\u0144sku,<\/li>\n<li>bada\u0144 statycznych i oceny no\u015bno\u015bci pali wierconych pod posadowienie Hali Sportowo-Widowiskowej na granicy Gda\u0144ska i Sopotu,<\/li>\n<li>rozwi\u0105zanie posadowie\u0144 na palach dotycz\u0105ce podp\u00f3r g\u0142\u00f3wnych i estakad dojazdowych w ramach autostrady A-1 przez Wis\u0142\u0119 w Grudzi\u0105dzu,<\/li>\n<li>oceny no\u015bno\u015bci pali pod obiekty mostowe przez rzek\u0119 Odr\u0119 w ci\u0105gu autostrady A-8,<\/li>\n<li>oceny no\u015bno\u015bci posadowie\u0144 r\u00f3\u017cnych obiekt\u00f3w mostowych w ci\u0105gu autostrady A-4,<\/li>\n<li>specjalistyczne oceny do projektu tunelu dr\u0105\u017conego pod rzek\u0105 Martw\u0105 Wis\u0142\u0105 w Gda\u0144sku,<\/li>\n<li>opinia oraz obliczenia i analizy dotycz\u0105ce posadowienia zbiornik\u00f3w o pojemno\u015bci 100 tys. m3 na terenie Bazy Gda\u0144sk,<\/li>\n<li>konsultacji, opinii, rozpoznania geotechnicznego i budowy dotycz\u0105ce dr\u0105\u017cenia tunelu drogowego pod Martw\u0105 Wis\u0142\u0105 w Gda\u0144sku,<\/li>\n<\/ul>\n<p>Profesor Kazimierz Gwizda\u0142a od 1972 roku pracuje w Politechnice Gda\u0144skiej, prowadzi\u0142 wyk\u0142ady, \u0107wiczenia, laboratoria, praktyki w ramach nast\u0119puj\u0105cych przedmiot\u00f3w: Mechanika Grunt\u00f3w, Fundamentowanie, Fundamenty Specjalne, Fundamenty II, Fundamentowanie Budowli Hydrotechnicznych, Stateczno\u015b\u0107 Budowli Wodnych, Fundamentowanie Budowli Komunalnych, Advanced Founations, Budowle Pe\u0142nomorskie, Praktyki Geotechniczne.<br \/>\nZnacz\u0105cy jest jego dorobek w wychowaniu m\u0142odej kadry naukowej. By\u0142 promotorem 6 prac doktorskich (w tym 2 prace przygotowane do obrony, po pozytywnych recenzjach), jest ponadto opiekunem 2 doktorant\u00f3w.<br \/>\nJest promotorem oraz recenzentem wielu prac in\u017cynierskich i magisterskich. Z dzia\u0142alno\u015bci\u0105 dydaktyczn\u0105 jest zwi\u0105zane r\u00f3wnie\u017c opracowanie r\u00f3\u017cnego rodzaju pomocy dydaktycznych dotycz\u0105cych mechaniki grunt\u00f3w, fundamentowania i geotechniki. Prace magisterskie wykonywane pod kierunkiem profesora Kazimierza Gwizda\u0142y by\u0142y trzykrotnie nagrodzone i wyr\u00f3\u017cnione za najlepsz\u0105 prac\u0119 magistersk\u0105 z zakresu geotechniki w ramach Polskiego Komitetu Geotechniki.<br \/>\nJest recenzentem prac doktorskich, habilitacyjnych i wniosku profesorskiego. By\u0142 wielokrotnie nagrodzony przez Rektora Politechniki Gda\u0144skiej za dzia\u0142alno\u015b\u0107 dydaktyczn\u0105, naukow\u0105, organizacyjn\u0105. Otrzyma\u0142 nagrod\u0119 zespo\u0142ow\u0105 Ministra Infrastruktury za projekt budynku WETiI Politechniki Gda\u0144skiej w 2008 roku.<br \/>\nWielokierunkowa, aktywna i bardzo rozleg\u0142a jest dzia\u0142alno\u015b\u0107 Profesora w organizacjach naukowych, czasopismach naukowych oraz komitetach krajowych i mi\u0119dzynarodowych.<br \/>\nW tym zakresie mo\u017cna wyr\u00f3\u017cni\u0107:<\/p>\n<ul>\n<li>cz\u0142onek Rady Wydzia\u0142u In\u017cynierii L\u0105dowej i \u015arodowiska Politechniki Gda\u0144skiej,<\/li>\n<li>cz\u0142onek Rady Naukowej IBW PAN w Gda\u0144sku-Oliwie,<\/li>\n<li>cz\u0142onek Rektorskiej Komisji ds. Nagr\u00f3d,<\/li>\n<li>Przewodnicz\u0105cy Wydzia\u0142owej Komisji ds. Nagr\u00f3d i Odznacze\u0144,<\/li>\n<li>cz\u0142onek TC 18, Deep foundation, ISSMGE,<\/li>\n<li>cz\u0142onek European Technical Committee \u201cPiles\u201d, ISSMFE ETC3,<\/li>\n<li>cz\u0142onek International Society for Soil Mechanics and Geotechnical Engineering w Londynie,<\/li>\n<li>cz\u0142onek Sekcji Geotechniki i Infrastruktury Podziemnej Komitetu In\u017cynierii L\u0105dowej i Wodnej PAN od 2007 roku,<\/li>\n<li>cz\u0142onek Komitetu Technicznego nr 254 ds. Geotechniki Polskiego Komitetu Normalizacyjnego,<\/li>\n<li>przewodnicz\u0105cy Oddzia\u0142u Gda\u0144skiego PKG,<\/li>\n<li>przewodnicz\u0105cy Komisji PKG ds. Certyfikat\u00f3w PKG,<\/li>\n<li>cz\u0142onek Prezydium i Zarz\u0105du Polskiego Komitetu Geotechniki,<\/li>\n<li>cz\u0142onek Rady Programowej czasopisma \u201eGeoin\u017cynieria: drogi, mosty, tunele\u201d,<\/li>\n<li>cz\u0142onek Rady programowej czasopisma \u201eNowoczesne Budownictwo In\u017cynieryjne\u201d,<\/li>\n<li>cz\u0142onek Rady Naukowej czasopisma \u201eMosty\u201d,<\/li>\n<li>cz\u0142onek PZITB, Oddzia\u0142 Gda\u0144ski,<\/li>\n<li>sekretarz Polskiego Komitetu Geotechniki,<\/li>\n<li>cz\u0142onek Komisji ds. Wdro\u017cenia Eurokodu 7, Polskiego Komitetu Geotechniki,<\/li>\n<li>aktualnie wiceprezydent PKG,<\/li>\n<li>organizator, wsp\u00f3\u0142organizator, cz\u0142onek Komitet\u00f3w organizacyjnych konferencji oraz seminari\u00f3w krajowych i mi\u0119dzynarodowych,<\/li>\n<\/ul>\n<p>Profesor Kazimierz Gwizda\u0142a jest cz\u0142onkiem Pomorskiej Izby In\u017cynier\u00f3w Budownictwa Nr POM\/BO\/146\/01, ma uprawnienia budowlane Nr 63\/Gd\/97 w specjalno\u015bci konstrukcyjno-budowlanej, jest Rzeczoznawc\u0105 Budowlanym \u2013 CRRB poz. 33\/07\/R\/C w specjalno\u015bci konstrukcyjno-budowlanej obejmuj\u0105cej projektowanie w zakresie geotechniki, jest rzeczoznawc\u0105 SITWM NOT w zakresie geotechniki i fundamentowania w budownictwie wodnym (Nr 1368\/84), ma certyfikat indywidualny Polskiego Komitetu Geotechniki \u2013 Nr 0026\/98.<br \/>\nProfesor przez ca\u0142y okres swojej dzia\u0142alno\u015bci bardzo umiej\u0119tnie \u0142\u0105czy\u0142 dzia\u0142alno\u015b\u0107 naukow\u0105, dydaktyczn\u0105 i organizacyjn\u0105 z szeroko rozumian\u0105 dzia\u0142alno\u015bci\u0105 in\u017cyniersk\u0105.<br \/>\nEfekty jego kilkudziesi\u0119cioletniej pracy naukowo-badawczej i dydaktycznej, a przede wszystkim naukowo-in\u017cynierskiej, istniej\u0105 na trwa\u0142e w zakresie budownictwa przemys\u0142owego, mostowego, hydrotechnicznego i podziemnego.<br \/>\nWsp\u00f3\u0142pracuj\u0105c bezpo\u015brednio z Profesorem Kazimierzem Gwizda\u0142\u0105 od prawie 45 lat, mia\u0142em okazj\u0119 \u015bledzi\u0107 Jego kilkudziesi\u0119cioletni\u0105 i ci\u0105g\u0142\u0105 dzia\u0142alno\u015b\u0107 naukowo-badawcz\u0105, dydaktyczn\u0105, organizacyjn\u0105 i in\u017cyniersk\u0105.<br \/>\nJako redaktor, od 36 lat, dzia\u0142u Geotechnika dwumiesi\u0119cznika In\u017cynieria Morska i Geotechnika z przyjemno\u015bci\u0105 i satysfakcj\u0105 przedstawiam sylwetk\u0119 i dokonania Profesora Kazimierza Gwizda\u0142y w zakresie geotechniki. Uwa\u017cam, \u017ce nale\u017cy On do grona zas\u0142u\u017conych geotechnik\u00f3w polskich, a swoimi wszechstronnymi formami dzia\u0142alno\u015bci przyczyni\u0142 si\u0119 istotnie do rozwoju i propagowania znaczenia geotechniki w budownictwie.<\/p>\n<p style=\"text-align: right;\">Prof. dr hab. in\u017c. Bohdan Zadroga, prof. zw. PG.<\/p>\n<p>&nbsp;<\/p>\n","protected":false},"excerpt":{"rendered":"<p>Profesor Kazimierz Gwizda\u0142a urodzi\u0142 si\u0119 w Okoninach Nadjeziornych, powiat Tuchola, w dniu 12 lipca 1946 roku. Szko\u0142\u0119 \u015bredni\u0105 budowlan\u0105 sko\u0144czy\u0142 w 1966 roku w Bydgoszczy. Studia wy\u017csze odby\u0142 w latach 1966-1971 w Instytucie Hydrotechniki Politechniki Gda\u0144skiej, uzyskuj\u0105c tytu\u0142 magistra in\u017cyniera budownictwa wodnego. W 1972\u00a0roku otrzyma\u0142 Nagrod\u0119 Ministra \u017beglugi w turnieju M\u0142odych Mistrz\u00f3w Techniki za prac\u0119 [&hellip;]<\/p>\n","protected":false},"author":1,"featured_media":0,"parent":256,"menu_order":0,"comment_status":"closed","ping_status":"closed","template":"","meta":{"footnotes":""},"class_list":["post-1083","page","type-page","status-publish","hentry"],"_links":{"self":[{"href":"https:\/\/www.geotechnika.org.pl\/index.php?rest_route=\/wp\/v2\/pages\/1083","targetHints":{"allow":["GET"]}}],"collection":[{"href":"https:\/\/www.geotechnika.org.pl\/index.php?rest_route=\/wp\/v2\/pages"}],"about":[{"href":"https:\/\/www.geotechnika.org.pl\/index.php?rest_route=\/wp\/v2\/types\/page"}],"author":[{"embeddable":true,"href":"https:\/\/www.geotechnika.org.pl\/index.php?rest_route=\/wp\/v2\/users\/1"}],"replies":[{"embeddable":true,"href":"https:\/\/www.geotechnika.org.pl\/index.php?rest_route=%2Fwp%2Fv2%2Fcomments&post=1083"}],"version-history":[{"count":2,"href":"https:\/\/www.geotechnika.org.pl\/index.php?rest_route=\/wp\/v2\/pages\/1083\/revisions"}],"predecessor-version":[{"id":1092,"href":"https:\/\/www.geotechnika.org.pl\/index.php?rest_route=\/wp\/v2\/pages\/1083\/revisions\/1092"}],"up":[{"embeddable":true,"href":"https:\/\/www.geotechnika.org.pl\/index.php?rest_route=\/wp\/v2\/pages\/256"}],"wp:attachment":[{"href":"https:\/\/www.geotechnika.org.pl\/index.php?rest_route=%2Fwp%2Fv2%2Fmedia&parent=1083"}],"curies":[{"name":"wp","href":"https:\/\/api.w.org\/{rel}","templated":true}]}}