{"id":1098,"date":"2016-05-12T06:45:58","date_gmt":"2016-05-12T06:45:58","guid":{"rendered":"http:\/\/www.geotechnika.org.pl\/?page_id=1098"},"modified":"2016-05-12T06:45:58","modified_gmt":"2016-05-12T06:45:58","slug":"prof-dr-hab-inz-zygmunt-meyer","status":"publish","type":"page","link":"https:\/\/www.geotechnika.org.pl\/?page_id=1098","title":{"rendered":"Prof. dr hab. in\u017c. Zygmunt Meyer"},"content":{"rendered":"<p><img loading=\"lazy\" decoding=\"async\" class=\"alignright size-full wp-image-1101\" src=\"http:\/\/www.geotechnika.org.pl\/wp-content\/uploads\/2016\/05\/Zygmunt-Meyer.jpg\" alt=\"Zygmunt-Meyer\" width=\"177\" height=\"266\" \/><strong>Profesor Zygmunt Meyer<\/strong> urodzi\u0142 si\u0119 9 maja 1944 roku w powiecie Chojnice, wojew\u00f3dztwo pomorskie. Liceum og\u00f3lnokszta\u0142c\u0105ce uko\u0144czy\u0142 w Po\u0142czynie Zdroju w 1962 roku. Bezpo\u015brednio po maturze rozpocz\u0105\u0142 studia na Politechnice Szczeci\u0144skiej na Wydziale Budownictwa L\u0105dowego i Wodno-Melioracyjnego. W czasie studi\u00f3w otrzymywa\u0142 stypendium naukowe oraz by\u0142 cz\u0142onkiem Ko\u0142a Naukowego In\u017cynierii Wodnej. Studia wy\u017csze uko\u0144czy\u0142 w 1968 roku, uzyskuj\u0105c tytu\u0142 zawodowy magistra in\u017cyniera budownictwa wodnego. Bezpo\u015brednio po studiach podj\u0105\u0142 prac\u0119 w Politechnice Szczeci\u0144skiej. Pocz\u0105tkowo, przez rok na Asystenckich Studiach Przygotowawczych, a od kwietnia 1969 roku jako asystent w Katedrze Budownictwa Wodnego. Prac\u0119 doktorsk\u0105 obroni\u0142 w listopadzie 1974 roku na Wydziale Budownictwa i Architektury Politechniki Szczeci\u0144skiej. Temat pracy \u201eHydrauliczne warunki dop\u0142ywu wody do uj\u0119cia usytuowanego w zbiorniku na du\u017cej g\u0142\u0119boko\u015bci\u201d. Promotorem by\u0142 prof. Jerzy Boczar. Na podstawie wynik\u00f3w tej pracy doktorskiej okre\u015blone zosta\u0142y granice strefy ochrony bezpo\u015bredniej uj\u0119cia z jeziora Miedwie, kt\u00f3re zaopatruje w wod\u0119 pitn\u0105 miasto Szczecin.<br \/>\nW latach 1976-1977 odby\u0142 sta\u017c naukowy w Wielkiej Brytanii na Uniwersytecie w Londynie, Imperial College of Science and Technology, jako stypendysta The British Council. W czasie sta\u017cu naukowego prowadzi\u0142 badania naukowe (teoretyczne i laboratoryjne) nad sformu\u0142owaniem modelu cyrkulacji wody w zbiorniku ze stratyfikacj\u0105 g\u0119sto\u015bci pod kierunkiem prof. J. R. W. Francisa.<br \/>\nStopie\u0144 naukowy doktora habilitowanego nauk technicznych w dziedzinie budownictwa nada\u0142a Mu Rada Wydzia\u0142u Hydrotechniki Politechniki Gda\u0144skiej w lutym 1983 r.; tytu\u0142 pracy \u201ePionowa cyrkulacja wody w stratyfikowanym g\u0119sto\u015bciowo zbiorniku wywo\u0142ana selektywnym uj\u0119ciem\u201d.<br \/>\nTytu\u0142 naukowy profesora nauk technicznych, prof. Z. Mey\u200aer uzyska\u0142 w marcu 1992 roku z r\u0105k Prezydenta Lecha Wa\u0142\u0119sy. Od 1 stycznia 1995 r. jest zatrudniony na stanowisku profesora zwyczajnego w Politechnice Szczeci\u0144skiej, aktualnie Zachodniopomorskiego Uniwersytetu Technologicznego w Szczecinie. Od maja 1984 roku jest kierownikiem Katedry Geotechniki. Specjalno\u015b\u0107 naukowa Profesora to budownictwo wodne i geotechnika.<br \/>\nOsoba prof. Z. Meyera w nauce wi\u0105\u017ce si\u0119 z budownictwem i in\u017cynieri\u0105 \u015brodowiska. Do niew\u0105tpliwych Jego osi\u0105gni\u0119\u0107 naukowych nale\u017cy zaliczy\u0107:<\/p>\n<ul>\n<li>sformu\u0142owanie teorii pionowej cyrkulacji wody w stratyfikowanym g\u0119sto\u015bciowo zbiorniku (1982),<\/li>\n<li>sformu\u0142owanie mechanizmu wp\u0142ywu wiatru na przep\u0142ywy w rzece (1985),<\/li>\n<li>opis hydraulicznych warunk\u00f3w transportu rumowiska w rzece nizinnej (1990),<\/li>\n<li>sformu\u0142owanie reologicznego modelu gruntu z uwzgl\u0119dnieniem zmian parametr\u00f3w gruntowych wywo\u0142anych tymi procesami (1989),<\/li>\n<li>sformu\u0142owanie teorii konsolidacji grunt\u00f3w organicznych z prognoz\u0105 osiadania d\u0142ugoterminowego wywo\u0142anego zjawiskami reologicznymi (1994),<\/li>\n<li>sformu\u0142owanie nowej metody obliczania osiadania fundament\u00f3w, analiza teoretyczna formowania si\u0119 napr\u0119\u017cenia na pobocznicy i w podstawie pala, interpretacja bada\u0144 statycznych (2012).<\/li>\n<\/ul>\n<p>Opublikowany dorobek naukowy prof. Z. Meyera to 400\u00a0prac naukowych w czasopismach naukowych oraz na konferencjach w kraju i za granic\u0105 oraz 20 ksi\u0105\u017cek z zakresu in\u017cynierii \u015brodowiska i geotechniki. Warto wymieni\u0107 pierwsze z prac &#8211; pionierskie, kt\u00f3re uformowa\u0142y teori\u0119 pionowej cyrkulacji wody w stratyfikowanym g\u0119sto\u015bciowo zbiorniku:<\/p>\n<ul>\n<li>\u201eHydraulic Conditions of Water Flow to the Selective Withdrawal\u201d; Journal of the Hydraulic Division, American Society of Civil Engineers, 1982.<\/li>\n<li>\u201eVertical Circulation in Density Stratified Reservoir\u201d, Encyclopedia of Fluid Mechanics, Gulf Publishing Co. Huston, 1985.<\/li>\n<li>\u201eAxisymmetric Flow of Water to the Selective Withdrawal\u201d, Journal of the Hydraulic Research, Holland 1986.<\/li>\n<\/ul>\n<p>Prof. Z. Meyer jest promotorem 17 prac doktorskich, kolejne przewody s\u0105 w toku. Trzy osoby z Jego zespo\u0142u naukowego uzyska\u0142y stopnie naukowe doktora habilitowanego. Istotnym obszarem zainteresowa\u0144 w zakresie In\u017cynierii \u015arodowiska by\u0142o wykorzystanie energii geotermalnej do cel\u00f3w ciep\u0142owniczych. W latach 1992-1995 prof. Z. Meyer by\u0142 kierownikiem projektu budowy Ciep\u0142owni Geotermalnej dla miasta Pyrzyce. Ciep\u0142ownia zaopatruje w ciep\u0142o oko\u0142o 20 tys. mieszka\u0144c\u00f3w tego miasta.<br \/>\nDo istotnych przedsi\u0119wzi\u0119\u0107 zaliczy\u0107 nale\u017cy inicjatyw\u0119 powo\u0142ania specjalno\u015bci kszta\u0142cenia student\u00f3w: European Civil Engineering Management \u2013 popularnie nazywan\u0105 In\u017cynier Europejski.<br \/>\nB\u0119d\u0105c Dziekanem Wydzia\u0142u Budownictwa i Architektury Politechniki Szczeci\u0144skiej, w 1992 roku podpisa\u0142 porozumienie z Politechnik\u0105 w Groningen, Wolverhampton oraz w Oldenburgu o wsp\u00f3lnym kszta\u0142ceniu in\u017cynier\u00f3w budownictwa. Specjalno\u015b\u0107 ta do dzi\u015b cieszy si\u0119 bardzo du\u017c\u0105 popularno\u015bci\u0105.<br \/>\nProf. Z. Meyer pe\u0142ni\u0142 w Uczelni szereg funkcji. W latach 1981-1984 by\u0142 prodziekanem Wydzia\u0142u Budownictwa i Architektury, w latach 1984-1990 by\u0142 prorektorem Politechniki Szczeci\u0144skiej, w latach 1990-1996 by\u0142 dziekanem Wydzia\u0142u Budownictwa i Architektury, a w latach 1984-1999 cz\u0142onkiem Senatu Politechniki Szczeci\u0144skiej. Od roku 1992 kieruje studiami podyplomowymi na Wydziale Budownictwa i Architektury w zakresie gospodarowania nieruchomo\u015bciami, tj. Wycena nieruchomo\u015bci, Zarz\u0105dzanie nieruchomo\u015bciami oraz po\u015brednictwem w obrocie nieruchomo\u015bciami. Aktualnie trwa 22. edycja tych studi\u00f3w.<br \/>\nDo istotnych inicjatyw dydaktycznych zaliczy\u0107 nale\u017cy za\u0142o\u017cenie w Szczecinie niepublicznej wy\u017cszej uczelni Wy\u017cszej Szko\u0142y Integracji Europejskiej w 1999 roku. Prof. Z. Meyer by\u0142 za\u0142o\u017cycielem i pierwszym rektorem tej Uczelni, kt\u00f3ra do dzi\u015b kszta\u0142ci student\u00f3w.<br \/>\nDzia\u0142alno\u015b\u0107 in\u017cynierska prof. Z. Meyera zacz\u0119\u0142a si\u0119 po podj\u0119ciu pracy w Politechnice Szczeci\u0144skiej i by\u0142y to g\u0142\u00f3wnie prace zwi\u0105zane z budownictwem wodnym wykonywane w Katedrze Budownictwa Wodnego, a nast\u0119pnie w Instytucie In\u017cynierii Wodnej Politechniki Szczeci\u0144skiej, takie jak: prace zwi\u0105zane z uj\u0119ciem wody\u00a0 z jeziora Miedwie dla Szczecina oraz prace zwi\u0105zane z budow\u0105 centralnej oczyszczalni \u015bciek\u00f3w dla Szczecina, analiza warunk\u00f3w mieszania si\u0119 \u015bciek\u00f3w z wodami rzeki Odry. W latach 1983-1990 prof. Z. Meyer wsp\u00f3\u0142pracowa\u0142 z Instytutem Morskim w Szczecinie jako doradca naukowy w zakresie analizy stan\u00f3w i przep\u0142yw\u00f3w w Dolnej Odrze. Efektem wsp\u00f3\u0142pracy by\u0142y dwie prace habilitacyjne i trzy prace doktorskie pracownik\u00f3w Instytutu.<br \/>\nMo\u017cna powiedzie\u0107, \u017ce w tym czasie powstaje w Szczecinie szko\u0142a naukowa, do kt\u00f3rej nale\u017c\u0105 m.in.: prof. R. Coufal, prof.\u00a0W\u0142.\u00a0Buchholz, dr hab. R. Ewertowski oraz liczne grono doktor\u00f3w. W 1990 roku zosta\u0142 cz\u0142onkiem Rady do spraw Infrastruktury Komunikacyjnej przy wojewodzie szczeci\u0144skim. W 1991 roku zosta\u0142 dyrektorem Przedsi\u0119biorstwa Us\u0142ug Inwestycyjnych EkoInvest S.A w Szczecinie. Przedsi\u0119biorstwo to wybudowa\u0142o wiele obiekt\u00f3w: szko\u0142y, oczyszczalnia \u015bciek\u00f3w, obiekty u\u017cyteczno\u015bci publicznej, a tak\u017ce drogi.<br \/>\nW 1999 roku zosta\u0142 Prezydentem Euroregionu Pomerania. Euroregion jest stowarzyszeniem samorz\u0105dowym i skupia trzy regiony: Meklemburgii i Pomorza Przedniego (RFN), Skania (Szwecja) i wojew\u00f3dztwo zachodniopomorskie. Funkcj\u0119 t\u0119 pe\u0142ni\u0142 do 2003 roku.<br \/>\nW grudniu 2002 roku zostaje wybrany Marsza\u0142kiem Wojew\u00f3dztwa Zachodniopomorskiego. Funkcj\u0119 t\u0119 pe\u0142ni\u0142 do ko\u0144ca kadencji, tj. do grudnia 2006 roku. W latach 2006-2010 by\u0142 radnym Sejmiku wojew\u00f3dztwa zachodniopomorskiego. Po zako\u0144czeniu kadencji Marsza\u0142ka Wojew\u00f3dztwa wraca na Uczelni\u0119 oraz zak\u0142ada firm\u0119 Geotechnical Consulting Office (GCO), w kt\u00f3rej pracuje do dzi\u015b, pe\u0142ni\u0105c funkcj\u0119 doradcy technicznego. Firma GCO zajmuje si\u0119 doradztwem geotechnicznym, wykonywaniem nadzoru geotechnicznego oraz projektowaniem warunk\u00f3w posadowienia w kraju i za granic\u0105.<br \/>\nW 2010 roku prof. Z. Meyer zosta\u0142 wybrany Przewodnicz\u0105cym Rady Zachodniopomorskiej Okr\u0119gowej Izby In\u017cynier\u00f3w Budownictwa.<br \/>\nZa swoj\u0105 prac\u0119 zosta\u0142 odznaczony: Krzy\u017cem Kawalerskim Orderu Odrodzenia Polski (1987) oraz Krzy\u017cem Oficerskim Orderu Odrodzenia Polski (1998).<br \/>\nProf. Zygmunt Meyer to naukowiec o analitycznym umy\u015ble, g\u0142\u0119bokiej wiedzy, niezwykle pracowity, wychowawca licznego grona absolwent\u00f3w, tw\u00f3rca szk\u00f3\u0142 naukowych: hydrodynamiki uj\u015bcia Odry oraz modelowania grunt\u00f3w organicznych, posiadaj\u0105cy niek\u0142amany autorytet naukowca, wspania\u0142y kolega i przyjaciel, znany i lubiany w kraju i za granic\u0105.<\/p>\n<p style=\"text-align: right;\">Dr hab. in\u017c. Ryszard Coufal, prof. ZUT<\/p>\n<p>&nbsp;<\/p>\n","protected":false},"excerpt":{"rendered":"<p>Profesor Zygmunt Meyer urodzi\u0142 si\u0119 9 maja 1944 roku w powiecie Chojnice, wojew\u00f3dztwo pomorskie. Liceum og\u00f3lnokszta\u0142c\u0105ce uko\u0144czy\u0142 w Po\u0142czynie Zdroju w 1962 roku. Bezpo\u015brednio po maturze rozpocz\u0105\u0142 studia na Politechnice Szczeci\u0144skiej na Wydziale Budownictwa L\u0105dowego i Wodno-Melioracyjnego. W czasie studi\u00f3w otrzymywa\u0142 stypendium naukowe oraz by\u0142 cz\u0142onkiem Ko\u0142a Naukowego In\u017cynierii Wodnej. Studia wy\u017csze uko\u0144czy\u0142 w 1968 [&hellip;]<\/p>\n","protected":false},"author":1,"featured_media":0,"parent":256,"menu_order":0,"comment_status":"closed","ping_status":"closed","template":"","meta":{"footnotes":""},"class_list":["post-1098","page","type-page","status-publish","hentry"],"_links":{"self":[{"href":"https:\/\/www.geotechnika.org.pl\/index.php?rest_route=\/wp\/v2\/pages\/1098","targetHints":{"allow":["GET"]}}],"collection":[{"href":"https:\/\/www.geotechnika.org.pl\/index.php?rest_route=\/wp\/v2\/pages"}],"about":[{"href":"https:\/\/www.geotechnika.org.pl\/index.php?rest_route=\/wp\/v2\/types\/page"}],"author":[{"embeddable":true,"href":"https:\/\/www.geotechnika.org.pl\/index.php?rest_route=\/wp\/v2\/users\/1"}],"replies":[{"embeddable":true,"href":"https:\/\/www.geotechnika.org.pl\/index.php?rest_route=%2Fwp%2Fv2%2Fcomments&post=1098"}],"version-history":[{"count":1,"href":"https:\/\/www.geotechnika.org.pl\/index.php?rest_route=\/wp\/v2\/pages\/1098\/revisions"}],"predecessor-version":[{"id":1104,"href":"https:\/\/www.geotechnika.org.pl\/index.php?rest_route=\/wp\/v2\/pages\/1098\/revisions\/1104"}],"up":[{"embeddable":true,"href":"https:\/\/www.geotechnika.org.pl\/index.php?rest_route=\/wp\/v2\/pages\/256"}],"wp:attachment":[{"href":"https:\/\/www.geotechnika.org.pl\/index.php?rest_route=%2Fwp%2Fv2%2Fmedia&parent=1098"}],"curies":[{"name":"wp","href":"https:\/\/api.w.org\/{rel}","templated":true}]}}