{"id":1110,"date":"2016-05-12T06:49:19","date_gmt":"2016-05-12T06:49:19","guid":{"rendered":"http:\/\/www.geotechnika.org.pl\/?page_id=1110"},"modified":"2016-05-12T06:49:19","modified_gmt":"2016-05-12T06:49:19","slug":"dr-inz-bogdan-rymsza-dr-h-c","status":"publish","type":"page","link":"https:\/\/www.geotechnika.org.pl\/?page_id=1110","title":{"rendered":"Dr in\u017c. Bogdan Rymsza (Dr h.c.)"},"content":{"rendered":"<p><strong><img loading=\"lazy\" decoding=\"async\" class=\"alignright size-full wp-image-1113\" src=\"http:\/\/www.geotechnika.org.pl\/wp-content\/uploads\/2016\/05\/Bogdan-Rymsza.jpg\" alt=\"Bogdan-Rymsza\" width=\"177\" height=\"246\" \/>Dr in\u017c. Bogdan Rymsza<\/strong> jest by\u0142ym pracownikiem dawnej Katedry Mechaniki Grunt\u00f3w i Fundamentowania powo\u0142anej w 1946 r. na Wydziale Budownictwa L\u0105dowego Politechniki Warszawskiej, kt\u00f3rej wieloletnim kierownikiem by\u0142 prof. Radzimir Pi\u0119tkowski (lata 1946-1960), a nast\u0119pnie prof. Roman Czarnota-Bojarski (1960-1970). To w\u0142a\u015bnie w tej Katedrze w 1963 r. rozpocz\u0105\u0142 prac\u0119 \u00f3wczesny mgr in\u017c. Bogdan Rymsza. Mimo up\u0142ywu blisko pi\u0119\u0107dziesi\u0119ciu lat, okres swojej pracy w Katedrze MGiF dr B. Rymsza wspomina z du\u017cym wzruszeniem i cz\u0119sto podkre\u015bla, \u017ce \u015b.p. prof. Roman Czarnota-Bojarski (1909-1978) by\u0142 jego g\u0142\u00f3wnym nauczycielem, kt\u00f3remu zawdzi\u0119cza ukierunkowanie naukowo-dydaktyczne i wiedz\u0119 in\u017cyniersk\u0105. Nawi\u0105zuj\u0105c do lat p\u00f3\u017aniejszych, z wielk\u0105 atencj\u0105 m\u00f3wi te\u017c o prof. dr. hab. in\u017c. Eugeniuszu Dembickim, kt\u00f3ry \u2013 jak ujmuje to dr B. Rymsza \u2013 wprowadzi\u0142 go w \u015bwiat nauki i zainteresowa\u0142 prac\u0105 w Polskim Komitecie Geotechniki.<br \/>\nBogdan Rymsza urodzi\u0142 si\u0119 27 sierpnia 1940 r. w Szumkach ko\u0142o Bielska Podlaskiego, gdzie jego rodzice schronili si\u0119 po wojennej ucieczce z Wile\u0144szczyzny. Szko\u0142\u0119 podstawow\u0105 i liceum og\u00f3lnokszta\u0142c\u0105ce uko\u0144czy\u0142 w Olecku (1958). Studia rozpocz\u0105\u0142 na Wydziale Budownictwa L\u0105dowego PW, ko\u0144cz\u0105c je z wyr\u00f3\u017cnieniem na zreorganizowanym Wydziale In\u017cynierii Budowlanej (1963). Studiowa\u0142 na specjalno\u015bci Mosty i budowle podziemne i w ramach pracy magisterskiej przedstawi\u0142 \u201eProjekt budynku hotelowego z czteropoziomowym gara\u017cem podziemnym\u201d. Oryginalna koncepcja wykonania gara\u017cu jako zespolonej studni opuszczanej sk\u0142oni\u0142a prof. R. Czarnot\u0119-Bojarskiego do zaproponowania mu pracy w Katedrze. Sta\u017c asystencki mgr.\u00a0in\u017c. B.\u00a0Rymszy przebiega\u0142 dwukierunkowo. W ramach pracy uczelnianej opracowywa\u0142 katalog dzia\u0142owy katedralnego ksi\u0119gozbioru, co implikowa\u0142o studia literaturowe. Drug\u0105 \u015bcie\u017ck\u0105 szkoleniow\u0105 by\u0142y p\u00f3\u0142formalne kr\u00f3tkie praktyki, kt\u00f3re dzi\u0119ki rozleg\u0142ym kontaktom Profesora, odbywa\u0142 na r\u00f3\u017cnych budowach. Jak wspomina dr B. Rymsza, szczeg\u00f3lnie kszta\u0142c\u0105ce by\u0142y \u201erozmowy sprawozdawcze\u201d, w trakcie kt\u00f3rych prof. R. Czarnota-Bojarski nie tylko \u201eprzepytywa\u0142\u201d z rob\u00f3t fundamentowych, ale przekazywa\u0142 szereg cennych wskaza\u0144 praktycznych. Znacz\u0105cym w rozwoju zawodowym B. Rymszy by\u0142 rok 1965, kiedy zosta\u0142 w\u0142\u0105czony do prac eksperckich wykonywanych w ramach Towarzystwa Naukowego Ekspert\u00f3w Budownictwa i zacz\u0105\u0142 prowadzi\u0107 \u0107wiczenia projektowe r\u00f3wnie\u017c z Fundamentowania.<br \/>\nDobrym zwyczajem Katedry by\u0142y cz\u0119ste zebrania naukowo-dyskusyjne, b\u0119d\u0105ce przegl\u0105dem literatury technicznej. Omawiaj\u0105c jeden z \u201eprzydzielonych\u201d artyku\u0142\u00f3w \u00f3wczesny mgr in\u017c. B.\u00a0Rymsza przedstawi\u0142 swoje krytyczne uwagi dotycz\u0105ce metodyki bada\u0144 opisanych w artykule. I tak \u2013 z inspiracji prof. R.\u00a0Czarnoty-Bojarskiego, kt\u00f3ry podsumowa\u0142 wyw\u00f3d asystenta: \u201eno to napisz o tym\u201d \u2013 powsta\u0142 pierwszy artyku\u0142 mgr. in\u017c. B.\u00a0Rymszy \u201eO zmienno\u015bci wsp\u00f3\u0142czynnika \u015bci\u015bliwo\u015bci i rozk\u0142adzie napr\u0119\u017ce\u0144 pod fundamentem\u201d, opublikowany w In\u017cynierii i Budownictwie (10\/1966). P\u00f3\u017aniej by\u0142o kilka innych publikacji i skrypt B. Rymszy \u201eMechanika grunt\u00f3w w zastosowaniu praktycznym\u201d (1968). Skrypt ten mia\u0142 kilka wyda\u0144, a za wydanie trzecie (1972 \u2013 poprawione) autor otrzyma\u0142 nagrod\u0119 Ministra Nauki Szkolnictwa Wy\u017cszego i Techniki. Jest ewenementem, \u017ce skrypt ten, kt\u00f3rego ostatnie wydania ukaza\u0142y si\u0119 blisko 40 lat temu (1974; 1976), jest nadal wypo\u017cyczany z bibliotek i kserowany przez student\u00f3w jako cenna pomoc dydaktyczna. Pod koniec lat sze\u015b\u0107dziesi\u0105tych ubieg\u0142ego wieku B. Rymsza zacz\u0105\u0142 bli\u017cej interesowa\u0107 si\u0119 zagadnieniami parcia gruntu i statyk\u0105 konstrukcji oporowych. Na II Mi\u0119dzynarodowe Seminarium \u201eSoil Mechanics and Foundation Engineering\u201d (\u0141\u00f3d\u017a 1970) przygotowa\u0142 referat \u201eConditions determining stability of retaining walls\u201d. Referat zosta\u0142 pozytywnie oceniony na sesji.<br \/>\nW tym okresie ko\u0144czy\u0142 ju\u017c badania modelowe dotycz\u0105ce zmienno\u015bci parcia gruntu przy r\u00f3\u017cnych schematach przemieszczenia \u015bcianki oporowej. Wyniki bada\u0144 i ich analiz\u0119 przedstawi\u0142 w rozprawie doktorskiej pt. \u201eZale\u017cno\u015b\u0107 parcia gruntu sypkiego od przemieszcze\u0144 sztywniej \u015bcianki oporowej\u201d, kt\u00f3r\u0105 obroni\u0142 w\u00a01971 r.<br \/>\nW roku akademickim 1970\/71 w ramach politycznej reorganizacji struktur uczelnianych zosta\u0142a zlikwidowana Katedra Mechaniki Grunt\u00f3w i Fundamentowania. Etatowi jej pracownicy oraz pracownicy Katedry Geotechniki kierowanej przez prof. Z. Wi\u0142una (Wydzia\u0142 In\u017cynierii Sanitarnej i Wodnej), w kt\u00f3rej pracowa\u0142 mi\u0119dzy innymi ni\u017cej podpisany, zostali w\u0142\u0105czeni do nowoutworzonego Zak\u0142adu Geotechniki w Instytucie Dr\u00f3g i Most\u00f3w, powo\u0142anym na Wydziale In\u017cynierii L\u0105dowej. Wtedy to pozna\u0142em bli\u017cej B. Rymsz\u0119, nadal utrzymuj\u0105c z nim kontakty kole\u017ce\u0144skie i zawodowe. Przez kilka nast\u0119pnych lat obaj Profesorowie (prof. R. Czarnota-Bojarski i prof. Z. Wi\u0142un) zachowali nieformalne kierownictwo nad swoimi zespo\u0142ami. W tym okresie dr in\u017c. B. Rymsza nadal wsp\u00f3\u0142pracuje z prof. R. Czarnot\u0105-Bojarskim. Wsp\u00f3lnie wykonuj\u0105 wiele ekspertyz i opinii geotechnicznych, pisz\u0105 te\u017c razem referat \u201eInfluence of Neighbouring Structures of the Deep Foundations\u201d, prezentowany na VIII Mi\u0119dzynarodowym Kongresie MGiF (Moskwa 1973), gdzie obaj mieli kr\u00f3tkie wyst\u0105pienia na sesji dyskusyjnej. Rok p\u00f3\u017aniej dr in\u017c. B. Rymsza uczestniczy w konferencji \u201eField Instrumentation in Geotechnical Enginnering\u201d, na kt\u00f3rej przedstawia swoj\u0105 metod\u0119 cechowania czujnik\u00f3w do pomiaru parcia gruntu uwzgl\u0119dniaj\u0105c\u0105 wp\u0142yw przesklepie\u0144 membranowych; wyst\u0105pienie zosta\u0142o opublikowane w ksi\u0119dze pokonferencyjnej (FIGE: Part 2, pp. 582-584 London, 1974). Jedn\u0105 z wa\u017cniejszych prac napisanych w tym okresie przez dr. B. Rymsz\u0119 jest artyku\u0142 \u201eInfluence of Backfill Height and Compaction on Earth Pressure and Rest\u201d, opublikowany w renomowanym kwartalniku Studia Geotechnica (nr I\/1973). W artykule tym autor wskazuje na krzywoliniowo\u015b\u0107 rozk\u0142adu parcia gruntu przy warstwowym zag\u0119szczeniu zasypki. Zwraca te\u017c uwag\u0119 na zr\u00f3\u017cnicowania wsp\u00f3\u0142czynnika parcia spoczynkowego przy gruntach rodzimych i gruntach zasypowych. Zagadnienia te b\u0119d\u0105 przedmiotem dok\u0142adniejszych rozwa\u017ca\u0144 w p\u00f3\u017aniejszych pracach autora. Po uzyskaniu odpowiednich zezwole\u0144 i pozytywnej recenzji od prof. R. Czarnoty-Bojarskiego, dr in\u017c. B. Rymsza opublikowuje \u201eWytyczne badania grunt\u00f3w w pod\u0142o\u017cu ci\u0119\u017ckich i szczelnych budynk\u00f3w os\u0142onowych\u201d (wyd. Instytut Dr\u00f3g i Most\u00f3w PW-Warszawa, 1977). \u201eWytyczne\u201d s\u0105 zmodyfikowan\u0105 wersj\u0105 analizy studialnej, wykonanej w ramach problemu w\u0119z\u0142owego dotycz\u0105cego projektowania obiekt\u00f3w elektrowni j\u0105drowej.<br \/>\nPo \u015bmierci prof. R. Czarnoty-Bojarskiego (1978) dr in\u017c. B. Rymsza zosta\u0142 w\u0142\u0105czony do zespo\u0142u dydaktycznego prof. dr. hab. in\u017c. Z. Grabowskiego. Nadal jest bardzo aktywnym pracownikiem, zaanga\u017cowanym w dydaktyce i w pracach naukowo-badawczych (granty, prace statutowe), czego wyrazem s\u0105 jego liczne referaty wyg\u0142aszane na zebraniach naukowych Zak\u0142adu.<br \/>\nSzczeg\u00f3lnym okresem w \u017cyciu prywatnym i uczelnianym dr. in\u017c. B. Rymszy by\u0142y lata osiemdziesi\u0105te ubieg\u0142ego wieku. Od pocz\u0105tku w\u0142\u0105czy\u0142 si\u0119 w nurt przemian posierpniowych. Jako delegat Wydzia\u0142u uczestniczy\u0142 w zebraniu za\u0142o\u017cycielskim NSZZ Solidarno\u015b\u0107 w Politechnice Warszawskiej, a nast\u0119pnie \u2013 po wyborze na przewodnicz\u0105cego Wydzia\u0142owej Komisji Solidarno\u015bci \u2013 koordynowa\u0142 dzia\u0142alno\u015b\u0107 zwi\u0105zku na Wydziale In\u017cynierii L\u0105dowej. To z tamtego okresu, kiedy to wraz z kolegami z Komisji zorganizowa\u0142 przed\u015bwi\u0105teczne spotkanie pracownik\u00f3w i student\u00f3w Wydzia\u0142u z has\u0142em \u201eBo\u017ce Narodzenie \u2013 Polskie Odrodzenie\u201d, pochodzi tradycja wydzia\u0142owych spotka\u0144 wigilijnych (has\u0142o \u201ezatar\u0142o\u201d si\u0119 \u2013 tradycja zosta\u0142a). Po delegalizacji zwi\u0105zku, mimo upomnienia udzielonego przez tzw. komisj\u0119 weryfikacyjn\u0105, dzia\u0142a\u0142 \u2013 jak si\u0119 p\u00f3\u017aniej dowiedzia\u0142em \u2013 w strukturach niejawnych. Po reaktywowaniu \u201eSolidarno\u015bci\u201d zosta\u0142 ponownie wybrany przewodnicz\u0105cym Wydzia\u0142owej Komisji Solidarno\u015bci, co by\u0142o wyrazem uznania dla jego postawy. Charakteryzuj\u0105c pozazawodow\u0105 dzia\u0142alno\u015b\u0107 dr. B. Rymszy w latach osiemdziesi\u0105tych ubieg\u0142ego wieku, nale\u017cy wspomnie\u0107 o organizowanych przez niego \u201eJase\u0142kach\u201d. W 1985 r. na kanwie sztuki Lucjana Rydla \u201eBetlejem Polskie\u201d, dr B. Rymsza napisa\u0142 uwsp\u00f3\u0142cze\u015bniony scenariusz \u201ePolskich Jase\u0142ek\u201d, w kt\u00f3rych znalaz\u0142y si\u0119 czytelne odniesienia do sytuacji w kraju. Wyre\u017cyserowane przez niego \u201eJase\u0142ka\u201d, by\u0142y wystawiane w kilku ko\u015bcio\u0142ach oraz Domach Opieki Spo\u0142ecznej i w szpitalu (1985\/86, 1987\/88).<br \/>\nNa pocz\u0105tku lat osiemdziesi\u0105tych ubieg\u0142ego wieku dr B. Rymsza opracowa\u0142 referat normalizacyjny \u201eZa\u0142o\u017cenia nowelizacyjne normy PN-68\/B-03010: \u015aciany oporowe\u201d, a nast\u0119pnie \u2013 ju\u017c jako cz\u0142onek zespo\u0142u autorskiego kierowanego przez prof. dr hab. Eugeniusza Dembickiego \u2013 skonkretyzowa\u0142 wskazania normowe w trzech rozdzia\u0142ach, kt\u00f3re zosta\u0142y przyj\u0119te i zapisane w normie PN-83\/B-03010. Opracowa\u0142 te\u017c kilka ekspertyz i opinii technicznych, m.in. \u201eAnaliz\u0119 optymalizacyjn\u0105 kszta\u0142towania nasypu kolejowego linii LHS\u201d (IDiM-PW, 1983) oraz \u201eOpini\u0119 techniczn\u0105 w sprawie przyczyn uszkodze\u0144 i sposobu zabezpieczenia ko\u015bcio\u0142a w Nowej S\u0142upi\u201d (opracowanie spo\u0142eczne, 1980). Druga opinia jest szczeg\u00f3lnie interesuj\u0105ca ze wzgl\u0119du na jej kompleksowo\u015b\u0107 i by\u0142a przedstawiona na zebraniu Zak\u0142adu, spotkaniu eksperckim w PZITB oraz na zebraniu Oddzia\u0142u Sto\u0142ecznego PKG.<br \/>\nW tym czasie rozpocz\u0119li\u015bmy te\u017c prac\u0119 nad skryptem \u201eBadania laboratoryjne i polowe grunt\u00f3w\u201d (S. Pisarczyk, B. Rymsza \u2013 Wydawnictwo Politechniki Warszawskiej 1986, 1988, 1993; dodruk 2002, 2008). Chocia\u017c znali\u015bmy si\u0119 z racji dziesi\u0119cioletniej pracy w jednym zak\u0142adzie, to bezpo\u015brednie spotkania i wzajemne konsultacje zwi\u0105zane z redagowaniem skryptu pozwoli\u0142y mi bli\u017cej pozna\u0107 wysokie predyspozycje intelektualne dr. B. Rymszy. W przegl\u0105dowym okresie (1980-90) dr B. Rymsza opublikowa\u0142 3 artyku\u0142y, m.in. dotycz\u0105cy okre\u015blania wymaganej g\u0142\u0119boko\u015bci bada\u0144 geotechnicznych (In\u017cynieria i Budownictwo, nr 2-3\/1987) oraz 4 referaty (w tym 2 wsp\u00f3\u0142autorskie: M. Bukowski, B. Rymsza) opublikowane w materia\u0142ach Krajowych Konferencji MGiF (VI-IX). Pe\u0142ne uj\u0119cie zagadnienia osiadania pod\u0142o\u017ca gruntowego obci\u0105\u017conego fundamentem przy istnieniu mimo\u015brodu i nomogramy obliczeniowe B. Rymsza poda\u0142 w p\u00f3\u017aniejszym opracowaniu \u201eSettlement of eccentrically loaded foundation (Proc. of X-th Eur. Conf. on SMFE, vol. II \u2013 Firenze, 1991). W omawianym tu okresie opracowa\u0142 te\u017c 4 recenzje ksi\u0105\u017cek autor\u00f3w krajowych i zagranicznych, w tym recenzj\u0119 3-tomowego dzie\u0142a. \u00c1. K\u00e9zdi, L. R\u00e9th\u00e1ti: \u201eHandbook of Soil Mechanics\u201d.<br \/>\nW 1985 r. dr in\u017c.. B. Rymsza rozpocz\u0105\u0142 dodatkow\u0105 prac\u0119 w warszawskim Biurze Projekt\u00f3w \u201eMetroprojekt\u201d. Jako konsultant do spraw geotechniki opiniowa\u0142 dokumentacje geologiczno-in\u017cynierskie i inne opracowania wykonywane na potrzeby projektowania obiekt\u00f3w metra. W czasie kilkunastoletniej pracy w \u201eMetroprojekcie\u201d konsultowa\u0142 wiele zagadnie\u0144 projektowych i opracowa\u0142 szereg \u201eWytycznych\u201d, w tym szczeg\u00f3lnie cenne \u201eZestawienie warto\u015bci parametr\u00f3w gruntu dla wydziele\u0144 wyst\u0119puj\u0105cych na trasie I linii metra w Warszawie\u201d (dr in\u017c. B. Rymsza, mgr in\u017c. R. Petri \u2013 BP Metroprojekt, 1987). Dr B. Rymsza kierowa\u0142 te\u017c zespo\u0142em realizuj\u0105cym temat badawczy \u201eWyznaczanie parcia gruntu na odcinku do\u015bwiadczalnym stacji metra A.11 na podstawie pomiaru si\u0142 w rozporach\u201d. W ramach tego tematu wykonano dwa opracowania:<\/p>\n<ol>\n<li>Program bada\u0144 i metodyka okre\u015blania parcia gruntu (dr in\u017c. B. Rymsza, mgr in\u017c. R. Petri \u2013 BP Metroprojekt, 1993), gdzie przedstawiono za\u0142o\u017cenia badawcze i oprzyrz\u0105dowanie pomiarowe na stykowych odcinkach por\u00f3wnawczych (\u015bciana szczelinowa \u2013 obudowa berli\u0144ska);<\/li>\n<li>Interpretacja wynik\u00f3w bada\u0144 parcia gruntu (dr in\u017c. B. Rymsza, wsp\u00f3\u0142praca mgr in\u017c. R. Misiurek, mgr in\u017c. R. Petri \u2013 BP Metroprojekt, 1995), gdzie okre\u015blono zmienno\u015b\u0107 parcia gruntu w poszczeg\u00f3lnych fazach wykonywania wykopu i budowy stacji A.11.<\/li>\n<\/ol>\n<p>Przedmiotem zainteresowa\u0144 naukowych dr. in\u017c. B. Rymszy s\u0105 cztery g\u0142\u00f3wne zagadnienia:<\/p>\n<ul>\n<li>zr\u00f3\u017cnicowania modelowe wsp\u00f3\u0142czynnika parcia spoczynkowego i rozk\u0142ad parcia gruntu przy warstwowym zag\u0119szczeniu zasypki,<\/li>\n<li>modele interakcyjne okre\u015blaj\u0105ce wsp\u00f3\u0142zale\u017cno\u015b\u0107 parcia gruntu i przemieszcze\u0144 \u015bciany oporowej,<\/li>\n<li>osiadania pod\u0142o\u017ca przy mimo\u015brodowym obci\u0105\u017ceniu fundamentu,<\/li>\n<li>parcie gruntu na obudow\u0119 tunelu i jego zmienno\u015b\u0107 przy odkszta\u0142ceniach konstrukcji.<\/li>\n<\/ul>\n<p>Dwa pierwsze zagadnienia by\u0142y omawiane na seminariach (1, 2), jakie dr B. Rymsza prowadzi\u0142 na Wydziale In\u017cynierii i \u015arodowiska Uniwersytetu Stanowego w Michigan (Civ. and Env. Engineering):<\/p>\n<ol>\n<li>Influence of backfill compaction on the induced earth pressure at rest (Ann Arbor,10-12.IV.1996);<\/li>\n<li>Loads on rigid retaining walls and displacements due to backfilling (Ann Arbor, 23\u00f725.V.2007).<\/li>\n<\/ol>\n<p>Wszystkie cztery zagadnienia problemowe by\u0142y szeroko omawiane na polsko-rosyjskich konferencjach \u201eTPB-TOS\u201d (Teoretyczne Podstawy Budownictwa \u2013 Teoreti\u010deskije Osnovy Stroitelstva) oraz na seminariach, jakie dr in\u017c. B. Rymsza kilkakrotnie prowadzi\u0142 w Moskiewskim Pa\u0144stwowym Uniwersytecie Budowlanym (MPUB \u2013 MGSU; dawniej MISI). Dr B. Rymsza by\u0142 przedstawicielem Politechniki Warszawskiej w jury Mi\u0119dzynarodowego Konkursu Prac Dyplomowych (MISI \u2013 Moskwa 1989, 1990), a p\u00f3\u017aniej (1991-2008), jako Pe\u0142nomocnik Dziekana Wydzia\u0142u In\u017cynierii L\u0105dowej wsp\u00f3\u0142organizowa\u0142 coroczne konferencje \u201eTPB-TOS\u201d (przeprowadzane przemiennie w Warszawie i w Moskwie), b\u0119d\u0105c co drugi rok redaktorem ksi\u0119gi konferencyjnej i jednym z recenzent\u00f3w referat\u00f3w zg\u0142aszanych na sesj\u0119 \u201eZagadnienia Geotechniczne\u201d. W dotychczas wydanych ksi\u0119gach jest 25 referat\u00f3w dr. B. Rymszy oraz 8 wsp\u00f3\u0142autorskich (m. in. V. I. Andrejev \u2013 B. Rymsza, M. Bukowski \u2013 B. Rymsza), kt\u00f3re z regu\u0142y wyg\u0142asza\u0142 w j\u0119zyku rosyjskim. W uznaniu osi\u0105gni\u0119\u0107 naukowych i zaanga\u017cowania w rozwijanie wsp\u00f3\u0142pracy mi\u0119dzyuczelnianej Senat Moskiewskiego Uniwersytetu Budowlanego uchwa\u0142\u0105 z 21.06.2001 r. nada\u0142 dr. B. Rymszy tytu\u0142 Doktora Honoris Causa. Uroczysto\u015b\u0107 wr\u0119czenia dyplomu dr\u00a0h.c. i togi uniwersyteckiej dr. B. Rymszy przez Rektora MGSU odby\u0142a si\u0119 w Moskwie 4 lipca 2001 r. na X Jubileuszowej Konferencji \u201eTOS-TPB\u201d. W swoim wyk\u0142adzie pt. \u201ePolitechnika Warszawska \u2013 przesz\u0142o\u015b\u0107 i tera\u017aniejszo\u015b\u0107\u201d wspomnia\u0142 r\u00f3wnie\u017c o smutnych kartach historii Politechniki, m.in. o zamkni\u0119ciu \u201eSzko\u0142y Przygotowawczej do Instytutu Politechnicznego\u201d i carskich represjach po st\u0142umieniu Powstania Listopadowego.<br \/>\nCharakteryzuj\u0105c dorobek naukowy dr. in\u017c. B. Rymszy, nale\u017cy co najmniej wymieni\u0107 nast\u0119puj\u0105ce prace i wyst\u0105pienia na konferencjach europejskich i mi\u0119dzynarodowych:<\/p>\n<ul>\n<li>Relationship between earth pressure and displacements of the retaining structure (6. kolokwium francusko-polskie, Douai 1993);<\/li>\n<li>Safety analysis of the backfilled retaining wall (Structures Congress; ASCE \u2013 Chicago, 1996);<\/li>\n<li>Determination of loading and displacements of the backfilled retaining wall due to soil-structure interaction (Proc. XIV IC SMFE, vol.2 \u2013 Hamburg, 1997);<\/li>\n<li>Design and construction of tunnels (pamelist for DS.4.2, XII EC SMGE \u2013 Amsterdam, 1999);<\/li>\n<li>Influence of earth pressure on the inner forces in the tunnel lining (XIII EC SMGE-Prague, 2003).<\/li>\n<\/ul>\n<p>Dr in\u017c. B. Rymsza w latach 1995-99 by\u0142 cz\u0142onkiem Europejskiego Komitetu Technicznego ERTC-9, bior\u0105c udzia\u0142 w opracowaniu zalece\u0144 \u201eGeotechnical aspects of the design of shallow bored tunnels\u201d (Ernst &amp; Sohn \u2013 Berlin, 1997). Pe\u0142ni\u0142 te\u017c zaszczytne funkcje na konferencjach: wielokrotnie by\u0142 przewodnicz\u0105cym sesji, generalnym referentem b\u0105d\u017a recenzentem dzia\u0142owym. Z rekomendacji prof. E. Dembickiego przez kilka kadencji by\u0142 cz\u0142onkiem Zarz\u0105du G\u0142\u00f3wnego Polskiego Komitetu Geotechniki. Aktualnie jest wiceprzewodnicz\u0105cym Oddzia\u0142u Sto\u0142ecznego PKG i cz\u0142onkiem Komisji Egzaminacyjnej do spraw Certyfikat\u00f3w. W latach 1992-2000 by\u0142 cz\u0142onkiem Sekcji Geotechniki KILiW PAN i przez wiele lat bra\u0142 udzia\u0142 w pracach Normalizacyjnej Komisji Problemowej do spraw Geotechniki (NKP 254; p\u00f3\u017aniej KT 254).<br \/>\nNa szczeg\u00f3lne uznanie zas\u0142uguje dzia\u0142alno\u015b\u0107 dydaktyczna dr. B. Rymszy. Opr\u00f3cz zaj\u0119\u0107 programowych (Geotechnika I, II), na Wydziale In\u017cynierii L\u0105dowej PW prowadzi on r\u00f3wnie\u017c interdyscyplinarny przedmiot \u201eWsp\u00f3\u0142praca konstrukcji z pod\u0142o\u017cem\u201d. Jest promotorem wielu ciekawych prac dyplomowych. W ostatnich latach pracy \u201eetatowej\u201d dwukrotnie otrzyma\u0142 nagrod\u0119 Rektora Politechniki Warszawskiej za osi\u0105gni\u0119cia naukowe (1998; 2003) oraz \u2013 r\u00f3wnie\u017c dwukrotnie \u2013 dyplom Ministra Budownictwa za kierownictwo wyr\u00f3\u017cnionej pracy dyplomowej (1997, 2001). Dr in\u017c. B. Rymsza od 2008 roku jest ju\u017c na emeryturze, jednak nadal prowadzi zaj\u0119cia dydaktyczne i wsp\u00f3\u0142pracuje z m\u0142odszymi kolegami, czego potwierdzeniem jest niedawny, bardzo interesuj\u0105cy referat: G. Kacprzak, R. Kuszyk, B. Rymsza: \u201ePrzyk\u0142ad optymalizacji posadowienia budynk\u00f3w na gruntach organicznych\u201d (XV KK MGiIG \u2013 Bydgoszcz, 2009).<br \/>\nWyrazem uznania dla wieloletniej dzia\u0142alno\u015bci naukowo-in\u017cynierskiej i dydaktycznej dr. in\u017c. B. Rymszy niech b\u0119d\u0105 fragmenty dw\u00f3ch list\u00f3w:<\/p>\n<ul>\n<li>wyst\u0119puj\u0105c do Rektora PW w sprawie dodatkowego przed\u0142u\u017cenia zatrudnienia dr. B. Rymszy, \u00f3wczesny Dziekan Wydzia\u0142u prof. G. Jemielita napisa\u0142 m.in.: \u201eDr Rymsza jest wybitnym ekspertem \u2013 geotechnikiem. W tej dziedzinie nie mamy na Wydziale lepszego fachowca\u201d (26.03.08);<\/li>\n<li>w wyst\u0105pieniach do Dziekana Wydzia\u0142u In\u017cynierii L\u0105dowej o wyznaczenie opiekuna naukowego \u201eOg\u00f3lnopolskiej Studenckiej Konferencji Geotechnicznej\u201d Prezes Ko\u0142a Naukowego Budownictwa Og\u00f3lnego napisa\u0142: \u201e\u2026 Prosimy o mianowanie dr. in\u017c. Bogdana Rymszy ze wzgl\u0119du na wcze\u015bniejsz\u0105 bardzo dobr\u0105 wsp\u00f3\u0142prac\u0119 w innych projektach, dorobek naukowy, umiej\u0119tno\u015bci dydaktyczne, charyzm\u0119 i dobre podej\u015bcie do student\u00f3w\u2026\u201d (9.11.2012).<\/li>\n<\/ul>\n<p>Na zako\u0144czenie, do tradycji Krajowych Konferencji MGiIG wesz\u0142y \u201emecze geotechniczne\u201d w siatk\u00f3wk\u0119 (seniorzy kontra juniorzy). Wielokrotnym zdobywc\u0105 pucharu Prezydenta PKG by\u0142 kapitan dru\u017cyny senior\u00f3w B. Rymsza, \u017bycz\u0119 mu zdobycia kolejnego na XVIII Konferencji.<\/p>\n<p style=\"text-align: right;\">Prof. dr hab. in\u017c. Stanis\u0142aw Pisarczyk<\/p>\n<p>&nbsp;<\/p>\n","protected":false},"excerpt":{"rendered":"<p>Dr in\u017c. Bogdan Rymsza jest by\u0142ym pracownikiem dawnej Katedry Mechaniki Grunt\u00f3w i Fundamentowania powo\u0142anej w 1946 r. na Wydziale Budownictwa L\u0105dowego Politechniki Warszawskiej, kt\u00f3rej wieloletnim kierownikiem by\u0142 prof. Radzimir Pi\u0119tkowski (lata 1946-1960), a nast\u0119pnie prof. Roman Czarnota-Bojarski (1960-1970). To w\u0142a\u015bnie w tej Katedrze w 1963 r. rozpocz\u0105\u0142 prac\u0119 \u00f3wczesny mgr in\u017c. Bogdan Rymsza. Mimo up\u0142ywu [&hellip;]<\/p>\n","protected":false},"author":1,"featured_media":0,"parent":256,"menu_order":0,"comment_status":"closed","ping_status":"closed","template":"","meta":{"footnotes":""},"class_list":["post-1110","page","type-page","status-publish","hentry"],"_links":{"self":[{"href":"https:\/\/www.geotechnika.org.pl\/index.php?rest_route=\/wp\/v2\/pages\/1110","targetHints":{"allow":["GET"]}}],"collection":[{"href":"https:\/\/www.geotechnika.org.pl\/index.php?rest_route=\/wp\/v2\/pages"}],"about":[{"href":"https:\/\/www.geotechnika.org.pl\/index.php?rest_route=\/wp\/v2\/types\/page"}],"author":[{"embeddable":true,"href":"https:\/\/www.geotechnika.org.pl\/index.php?rest_route=\/wp\/v2\/users\/1"}],"replies":[{"embeddable":true,"href":"https:\/\/www.geotechnika.org.pl\/index.php?rest_route=%2Fwp%2Fv2%2Fcomments&post=1110"}],"version-history":[{"count":1,"href":"https:\/\/www.geotechnika.org.pl\/index.php?rest_route=\/wp\/v2\/pages\/1110\/revisions"}],"predecessor-version":[{"id":1116,"href":"https:\/\/www.geotechnika.org.pl\/index.php?rest_route=\/wp\/v2\/pages\/1110\/revisions\/1116"}],"up":[{"embeddable":true,"href":"https:\/\/www.geotechnika.org.pl\/index.php?rest_route=\/wp\/v2\/pages\/256"}],"wp:attachment":[{"href":"https:\/\/www.geotechnika.org.pl\/index.php?rest_route=%2Fwp%2Fv2%2Fmedia&parent=1110"}],"curies":[{"name":"wp","href":"https:\/\/api.w.org\/{rel}","templated":true}]}}