{"id":112,"date":"2015-01-12T20:00:38","date_gmt":"2015-01-12T20:00:38","guid":{"rendered":"http:\/\/www.geotechnika.org.pl\/?page_id=112"},"modified":"2022-02-17T21:42:23","modified_gmt":"2022-02-17T21:42:23","slug":"honorowi-czlonkowie-pkg","status":"publish","type":"page","link":"https:\/\/www.geotechnika.org.pl\/?page_id=112","title":{"rendered":"Honorowy Prezydent i Honorowi Cz\u0142onkowie PKG"},"content":{"rendered":"<hr \/>\n<p><b> Honorowy Prezydent PKG<\/b><\/p>\n<hr>\n<ul>\n<li>prof. zw. dr hab. in\u017c. Eugeniusz Dembicki<\/li>\n<\/ul>\n<p><b> Honorowi Cz\u0142onkowie PKG<\/b><\/p>\n<hr>\n<ul>\n<li>dr in\u017c. W\u0142odzimierz Cichy<\/li>\n<li>prof. zw. dr hab. in\u017c. Zbigniew Grabowski<\/li>\n<li>prof. dr hab. in\u017c. Maciej Gryczma\u0144ski<\/li>\n<li>prof. dr hab. in\u017c. Kazimierz Gwizda\u0142a<\/li>\n<li>mgr in\u017c. Tadeusz Jeske<\/li>\n<li>prof. dr hab. in\u017c. Zbigniew M\u0142ynarek<\/li>\n<li>prof. dr hab. in\u017c. Stanis\u0142aw Pisarczyk<\/li>\n<li>prof. dr hab. in\u017c. Krystyna M. Skar\u017cy\u0144ska<\/li>\n<li>prof. dr hab. in\u017c. Alojzy Szyma\u0144ski<\/li>\n<li>prof. zw. dr hab. in\u017c. Wojciech Wolski<\/li>\n<li>prof. dr hab. in\u017c. Bohdan Zadroga<\/li>\n<\/ul>\n","protected":false},"excerpt":{"rendered":"<p>Honorowy Prezydent PKG prof. zw. dr hab. in\u017c. Eugeniusz Dembicki Honorowi Cz\u0142onkowie PKG dr in\u017c. W\u0142odzimierz Cichy prof. zw. dr hab. in\u017c. Zbigniew Grabowski prof. dr hab. in\u017c. Maciej Gryczma\u0144ski prof. dr hab. in\u017c. Kazimierz Gwizda\u0142a mgr in\u017c. Tadeusz Jeske prof. dr hab. in\u017c. Zbigniew M\u0142ynarek prof. dr hab. in\u017c. Stanis\u0142aw Pisarczyk prof. dr hab. [&hellip;]<\/p>\n","protected":false},"author":1,"featured_media":0,"parent":2,"menu_order":3,"comment_status":"closed","ping_status":"closed","template":"","meta":{"footnotes":""},"class_list":["post-112","page","type-page","status-publish","hentry"],"_links":{"self":[{"href":"https:\/\/www.geotechnika.org.pl\/index.php?rest_route=\/wp\/v2\/pages\/112","targetHints":{"allow":["GET"]}}],"collection":[{"href":"https:\/\/www.geotechnika.org.pl\/index.php?rest_route=\/wp\/v2\/pages"}],"about":[{"href":"https:\/\/www.geotechnika.org.pl\/index.php?rest_route=\/wp\/v2\/types\/page"}],"author":[{"embeddable":true,"href":"https:\/\/www.geotechnika.org.pl\/index.php?rest_route=\/wp\/v2\/users\/1"}],"replies":[{"embeddable":true,"href":"https:\/\/www.geotechnika.org.pl\/index.php?rest_route=%2Fwp%2Fv2%2Fcomments&post=112"}],"version-history":[{"count":6,"href":"https:\/\/www.geotechnika.org.pl\/index.php?rest_route=\/wp\/v2\/pages\/112\/revisions"}],"predecessor-version":[{"id":1376,"href":"https:\/\/www.geotechnika.org.pl\/index.php?rest_route=\/wp\/v2\/pages\/112\/revisions\/1376"}],"up":[{"embeddable":true,"href":"https:\/\/www.geotechnika.org.pl\/index.php?rest_route=\/wp\/v2\/pages\/2"}],"wp:attachment":[{"href":"https:\/\/www.geotechnika.org.pl\/index.php?rest_route=%2Fwp%2Fv2%2Fmedia&parent=112"}],"curies":[{"name":"wp","href":"https:\/\/api.w.org\/{rel}","templated":true}]}}