{"id":1486,"date":"2024-09-02T18:20:19","date_gmt":"2024-09-02T16:20:19","guid":{"rendered":"https:\/\/www.geotechnika.org.pl\/?page_id=1486"},"modified":"2024-10-31T14:34:57","modified_gmt":"2024-10-31T12:34:57","slug":"lista-czlonkow-posiadajacych-certyfikat-indywidualny-pkg","status":"publish","type":"page","link":"https:\/\/www.geotechnika.org.pl\/?page_id=1486","title":{"rendered":"Lista cz\u0142onk\u00f3w posiadaj\u0105cych Certyfikat Indywidualny PKG"},"content":{"rendered":"<ul>\n<li><a href=\"https:\/\/www.geotechnika.org.pl\/wp-content\/uploads\/2024\/10\/Lista-Czlonkow-posiadajacych-Certyfikat-Indywidualny-PKG.pdf\" class=\"mtli_attachment mtli_pdf\">Lista Cz\u0142onk\u00f3w posiadaj\u0105cych Certyfikat Indywidualny PKG<\/a><\/li>\n<\/ul>\n","protected":false},"excerpt":{"rendered":"<p>Lista Cz\u0142onk\u00f3w posiadaj\u0105cych Certyfikat Indywidualny PKG<\/p>\n","protected":false},"author":1,"featured_media":0,"parent":262,"menu_order":3,"comment_status":"closed","ping_status":"closed","template":"","meta":{"footnotes":""},"class_list":["post-1486","page","type-page","status-publish","hentry"],"_links":{"self":[{"href":"https:\/\/www.geotechnika.org.pl\/index.php?rest_route=\/wp\/v2\/pages\/1486","targetHints":{"allow":["GET"]}}],"collection":[{"href":"https:\/\/www.geotechnika.org.pl\/index.php?rest_route=\/wp\/v2\/pages"}],"about":[{"href":"https:\/\/www.geotechnika.org.pl\/index.php?rest_route=\/wp\/v2\/types\/page"}],"author":[{"embeddable":true,"href":"https:\/\/www.geotechnika.org.pl\/index.php?rest_route=\/wp\/v2\/users\/1"}],"replies":[{"embeddable":true,"href":"https:\/\/www.geotechnika.org.pl\/index.php?rest_route=%2Fwp%2Fv2%2Fcomments&post=1486"}],"version-history":[{"count":2,"href":"https:\/\/www.geotechnika.org.pl\/index.php?rest_route=\/wp\/v2\/pages\/1486\/revisions"}],"predecessor-version":[{"id":1523,"href":"https:\/\/www.geotechnika.org.pl\/index.php?rest_route=\/wp\/v2\/pages\/1486\/revisions\/1523"}],"up":[{"embeddable":true,"href":"https:\/\/www.geotechnika.org.pl\/index.php?rest_route=\/wp\/v2\/pages\/262"}],"wp:attachment":[{"href":"https:\/\/www.geotechnika.org.pl\/index.php?rest_route=%2Fwp%2Fv2%2Fmedia&parent=1486"}],"curies":[{"name":"wp","href":"https:\/\/api.w.org\/{rel}","templated":true}]}}