{"id":179,"date":"2015-01-18T16:32:13","date_gmt":"2015-01-18T16:32:13","guid":{"rendered":"http:\/\/www.geotechnika.org.pl\/?page_id=179"},"modified":"2022-02-17T22:02:40","modified_gmt":"2022-02-17T22:02:40","slug":"komisja-ds-wdrazania-eurokodu-7","status":"publish","type":"page","link":"https:\/\/www.geotechnika.org.pl\/?page_id=179","title":{"rendered":"Komisja ds. Wdra\u017cania Eurokodu 7"},"content":{"rendered":"<hr \/>\n<ul>\n<li>prof. dr hab. in\u017c. Maria Sulewska \u2013 przewodnicz\u0105ca<\/li>\n<li>dr in\u017c. Witold Bogusz<\/li>\n<li>dr in\u017c. Tadeusz Brzozowski<\/li>\n<li>prof. dr hab. in\u017c. Joanna Bz\u00f3wka<\/li>\n<li>dr in\u017c. W\u0142odzimierz Cichy<\/li>\n<li>mgr in\u017c. Beata Gajewska<\/li>\n<li>prof. dr hab. in\u017c. Kazimierz Garbulewski<\/li>\n<li>prof. dr hab. in\u017c. Tomasz Godlewski<\/li>\n<li>dr in\u017c. Wojciech Gosk<\/li>\n<li>dr in\u017c. Pawe\u0142 Wi\u0119c\u0142awski<\/li>\n<li>dr in\u017c. Jacek Kawalec<\/li>\n<li>dr in\u017c. Boles\u0142aw K\u0142osi\u0144ski<\/li>\n<li>prof. dr hab. in\u017c. Zbigniew Lechowicz<\/li>\n<li>mgr in\u017c. Mariusz Leszczy\u0144ski<\/li>\n<li>dr in\u017c. Marian \u0141upie\u017cowiec<\/li>\n<\/ul>\n<h4><strong><a href=\"http:\/\/pkg-bialystok.pb.edu.pl\/eurokod\/index.html\" target=\"_blank\" rel=\"noopener\">Strona www Komisji ds. Wdra\u017cania Eurokodu 7<\/a><\/strong><\/h4>\n","protected":false},"excerpt":{"rendered":"<p>prof. dr hab. in\u017c. Maria Sulewska \u2013 przewodnicz\u0105ca dr in\u017c. Witold Bogusz dr in\u017c. Tadeusz Brzozowski prof. dr hab. in\u017c. Joanna Bz\u00f3wka dr in\u017c. W\u0142odzimierz Cichy mgr in\u017c. Beata Gajewska prof. dr hab. in\u017c. Kazimierz Garbulewski prof. dr hab. in\u017c. Tomasz Godlewski dr in\u017c. Wojciech Gosk dr in\u017c. Pawe\u0142 Wi\u0119c\u0142awski dr in\u017c. Jacek Kawalec dr [&hellip;]<\/p>\n","protected":false},"author":1,"featured_media":0,"parent":162,"menu_order":0,"comment_status":"closed","ping_status":"closed","template":"","meta":{"footnotes":""},"class_list":["post-179","page","type-page","status-publish","hentry"],"_links":{"self":[{"href":"https:\/\/www.geotechnika.org.pl\/index.php?rest_route=\/wp\/v2\/pages\/179","targetHints":{"allow":["GET"]}}],"collection":[{"href":"https:\/\/www.geotechnika.org.pl\/index.php?rest_route=\/wp\/v2\/pages"}],"about":[{"href":"https:\/\/www.geotechnika.org.pl\/index.php?rest_route=\/wp\/v2\/types\/page"}],"author":[{"embeddable":true,"href":"https:\/\/www.geotechnika.org.pl\/index.php?rest_route=\/wp\/v2\/users\/1"}],"replies":[{"embeddable":true,"href":"https:\/\/www.geotechnika.org.pl\/index.php?rest_route=%2Fwp%2Fv2%2Fcomments&post=179"}],"version-history":[{"count":10,"href":"https:\/\/www.geotechnika.org.pl\/index.php?rest_route=\/wp\/v2\/pages\/179\/revisions"}],"predecessor-version":[{"id":1392,"href":"https:\/\/www.geotechnika.org.pl\/index.php?rest_route=\/wp\/v2\/pages\/179\/revisions\/1392"}],"up":[{"embeddable":true,"href":"https:\/\/www.geotechnika.org.pl\/index.php?rest_route=\/wp\/v2\/pages\/162"}],"wp:attachment":[{"href":"https:\/\/www.geotechnika.org.pl\/index.php?rest_route=%2Fwp%2Fv2%2Fmedia&parent=179"}],"curies":[{"name":"wp","href":"https:\/\/api.w.org\/{rel}","templated":true}]}}