{"id":198,"date":"2015-01-18T16:59:15","date_gmt":"2015-01-18T16:59:15","guid":{"rendered":"http:\/\/www.geotechnika.org.pl\/?page_id=198"},"modified":"2024-10-24T20:51:46","modified_gmt":"2024-10-24T18:51:46","slug":"oddzial-dolnoslaski","status":"publish","type":"page","link":"https:\/\/www.geotechnika.org.pl\/?page_id=198","title":{"rendered":"Oddzia\u0142 Dolno\u015bl\u0105ski"},"content":{"rendered":"<hr \/>\n<div style=\"float: left;\">\n<p><strong>Politechnika Wroc\u0142awska, Instytut Geotechniki i Hydrotechniki<\/strong><br \/>\nul. Wybrze\u017ce Wyspia\u0144skiego 27,\u00a050-370 Wroc\u0142aw<\/p>\n<p><strong>Przewodnicz\u0105cy &#8211; dr hab. in\u017c. Marek Kawa, prof. PWr<br \/>\n<\/strong>e-mail:<a href=\"mailto:marek.kawa@pwr.edu.pl\">marek.kawa@pwr.edu.pl<\/a><a href=\"mailto:marek.kawa@pwr.edu.pl\"><br \/>\n<\/a>tel.: +48 71 320 40 96<\/p>\n<p><strong>Sekretarz &#8211; dr in\u017c. Zofia\u00a0 Zi\u0119ba<br \/>\n<\/strong>e-mail: <a href=\"mailto:zofia.zieba@upwr.edu.pl\">zofia.zieba@upwr.edu.pl<\/a><br \/>\ntel.: +48 71 320 55 43<\/p>\n<\/div>\n<div style=\"float: right;\"><iframe loading=\"lazy\" style=\"border: 0;\" src=\"https:\/\/www.google.com\/maps\/embed?pb=!1m14!1m8!1m3!1d2505.071779752962!2d17.063001500000002!3d51.107135799999995!3m2!1i1024!2i768!4f13.1!3m3!1m2!1s0x470fc281e08b122b%3A0x3c28e0cae82a6167!2swybrze%C5%BCe+Stanis%C5%82awa+Wyspia%C5%84skiego+27%2C+Politechnika+Wroc%C5%82awska%2C+50-370+Wroc%C5%82aw!5e0!3m2!1spl!2spl!4v1423601177775\" width=\"600\" height=\"450\" frameborder=\"0\"><\/iframe><\/div>\n","protected":false},"excerpt":{"rendered":"<p>Politechnika Wroc\u0142awska, Instytut Geotechniki i Hydrotechniki ul. Wybrze\u017ce Wyspia\u0144skiego 27,\u00a050-370 Wroc\u0142aw Przewodnicz\u0105cy &#8211; dr hab. in\u017c. Marek Kawa, prof. PWr e-mail:marek.kawa@pwr.edu.pl tel.: +48 71 320 40 96 Sekretarz &#8211; dr in\u017c. Zofia\u00a0 Zi\u0119ba e-mail: zofia.zieba@upwr.edu.pl tel.: +48 71 320 55 43<\/p>\n","protected":false},"author":1,"featured_media":0,"parent":159,"menu_order":1,"comment_status":"closed","ping_status":"closed","template":"","meta":{"footnotes":""},"class_list":["post-198","page","type-page","status-publish","hentry"],"_links":{"self":[{"href":"https:\/\/www.geotechnika.org.pl\/index.php?rest_route=\/wp\/v2\/pages\/198","targetHints":{"allow":["GET"]}}],"collection":[{"href":"https:\/\/www.geotechnika.org.pl\/index.php?rest_route=\/wp\/v2\/pages"}],"about":[{"href":"https:\/\/www.geotechnika.org.pl\/index.php?rest_route=\/wp\/v2\/types\/page"}],"author":[{"embeddable":true,"href":"https:\/\/www.geotechnika.org.pl\/index.php?rest_route=\/wp\/v2\/users\/1"}],"replies":[{"embeddable":true,"href":"https:\/\/www.geotechnika.org.pl\/index.php?rest_route=%2Fwp%2Fv2%2Fcomments&post=198"}],"version-history":[{"count":13,"href":"https:\/\/www.geotechnika.org.pl\/index.php?rest_route=\/wp\/v2\/pages\/198\/revisions"}],"predecessor-version":[{"id":1515,"href":"https:\/\/www.geotechnika.org.pl\/index.php?rest_route=\/wp\/v2\/pages\/198\/revisions\/1515"}],"up":[{"embeddable":true,"href":"https:\/\/www.geotechnika.org.pl\/index.php?rest_route=\/wp\/v2\/pages\/159"}],"wp:attachment":[{"href":"https:\/\/www.geotechnika.org.pl\/index.php?rest_route=%2Fwp%2Fv2%2Fmedia&parent=198"}],"curies":[{"name":"wp","href":"https:\/\/api.w.org\/{rel}","templated":true}]}}