{"id":204,"date":"2015-01-18T17:00:40","date_gmt":"2015-01-18T17:00:40","guid":{"rendered":"http:\/\/www.geotechnika.org.pl\/?page_id=204"},"modified":"2024-10-31T16:15:14","modified_gmt":"2024-10-31T14:15:14","slug":"oddzial-malopolski","status":"publish","type":"page","link":"https:\/\/www.geotechnika.org.pl\/?page_id=204","title":{"rendered":"Oddzia\u0142 Ma\u0142opolski"},"content":{"rendered":"<hr \/>\n<div style=\"float: left;\"><strong>Politechnika Krakowska im. Tadeusza Ko\u015bciuszki<br \/>\nWydzia\u0142 In\u017cynierii L\u0105dowej<br \/>\nKatedra Geotechniki i Wytrzyma\u0142o\u015bci Materia\u0142\u00f3w<\/strong><br \/>\nul. Warszawska 24, 31-155 Krak\u00f3w<\/p>\n<p><strong>Przewodnicz\u0105ca &#8211; dr in\u017c. Gra\u017cyna Gaszy\u0144ska-Freiwald<\/strong><br \/>\ntel. + 48 12 662 41 36<br \/>\ne-mail: <a href=\"mailto:gfreiw@pk.edu.pl\">gfreiw@pk.edu.pl<\/a><\/p>\n<p><strong>Sekretarz &#8211; dr in\u017c. Justyna Morman-W\u0105tor<\/strong><br \/>\ne-mail: <a href=\"mailto:justyna.morman-wator@pk.edu.pl\">justyna.morman-wator@pk.edu.pl<\/a><\/p>\n<p><a href=\"http:\/\/ompkg.pl\/\" target=\"_blank\" rel=\"noopener\">Strona WWW Oddzia\u0142u Ma\u0142opolskiego<\/a><\/p>\n<\/div>\n<div style=\"float: right;\"><iframe loading=\"lazy\" style=\"border: 0;\" src=\"https:\/\/www.google.com\/maps\/embed?pb=!1m18!1m12!1m3!1d2560.8031035649587!2d19.938615915717737!3d50.071248979424915!2m3!1f0!2f0!3f0!3m2!1i1024!2i768!4f13.1!3m3!1m2!1s0x47165b035b7abce5%3A0x2a59053069ce56f4!2sWarszawska%2024%2C%2031-153%20Krak%C3%B3w!5e0!3m2!1spl!2spl!4v1645131545117!5m2!1spl!2spl\" width=\"600\" height=\"450\" allowfullscreen=\"allowfullscreen\"><\/iframe><\/div>\n","protected":false},"excerpt":{"rendered":"<p>Politechnika Krakowska im. Tadeusza Ko\u015bciuszki Wydzia\u0142 In\u017cynierii L\u0105dowej Katedra Geotechniki i Wytrzyma\u0142o\u015bci Materia\u0142\u00f3w ul. Warszawska 24, 31-155 Krak\u00f3w Przewodnicz\u0105ca &#8211; dr in\u017c. Gra\u017cyna Gaszy\u0144ska-Freiwald tel. + 48 12 662 41 36 e-mail: gfreiw@pk.edu.pl Sekretarz &#8211; dr in\u017c. Justyna Morman-W\u0105tor e-mail: justyna.morman-wator@pk.edu.pl Strona WWW Oddzia\u0142u Ma\u0142opolskiego<\/p>\n","protected":false},"author":1,"featured_media":0,"parent":159,"menu_order":5,"comment_status":"closed","ping_status":"closed","template":"","meta":{"footnotes":""},"class_list":["post-204","page","type-page","status-publish","hentry"],"_links":{"self":[{"href":"https:\/\/www.geotechnika.org.pl\/index.php?rest_route=\/wp\/v2\/pages\/204","targetHints":{"allow":["GET"]}}],"collection":[{"href":"https:\/\/www.geotechnika.org.pl\/index.php?rest_route=\/wp\/v2\/pages"}],"about":[{"href":"https:\/\/www.geotechnika.org.pl\/index.php?rest_route=\/wp\/v2\/types\/page"}],"author":[{"embeddable":true,"href":"https:\/\/www.geotechnika.org.pl\/index.php?rest_route=\/wp\/v2\/users\/1"}],"replies":[{"embeddable":true,"href":"https:\/\/www.geotechnika.org.pl\/index.php?rest_route=%2Fwp%2Fv2%2Fcomments&post=204"}],"version-history":[{"count":9,"href":"https:\/\/www.geotechnika.org.pl\/index.php?rest_route=\/wp\/v2\/pages\/204\/revisions"}],"predecessor-version":[{"id":1366,"href":"https:\/\/www.geotechnika.org.pl\/index.php?rest_route=\/wp\/v2\/pages\/204\/revisions\/1366"}],"up":[{"embeddable":true,"href":"https:\/\/www.geotechnika.org.pl\/index.php?rest_route=\/wp\/v2\/pages\/159"}],"wp:attachment":[{"href":"https:\/\/www.geotechnika.org.pl\/index.php?rest_route=%2Fwp%2Fv2%2Fmedia&parent=204"}],"curies":[{"name":"wp","href":"https:\/\/api.w.org\/{rel}","templated":true}]}}