{"id":206,"date":"2015-01-18T17:01:03","date_gmt":"2015-01-18T17:01:03","guid":{"rendered":"http:\/\/www.geotechnika.org.pl\/?page_id=206"},"modified":"2024-10-31T16:15:57","modified_gmt":"2024-10-31T14:15:57","slug":"oddzial-stoleczny","status":"publish","type":"page","link":"https:\/\/www.geotechnika.org.pl\/?page_id=206","title":{"rendered":"Oddzia\u0142 Sto\u0142eczny"},"content":{"rendered":"<hr \/>\n<div style=\"float: left;\"><strong>Szko\u0142a G\u0142\u00f3wna Gospodarstwa Wiejskiego<br \/>\nKatedra Geoin\u017cynierii<\/strong><br \/>\nul. Nowoursynowska 159, 02-776 Warszawa<\/p>\n<p><strong>Przewodnicz\u0105cy \u2013 dr in\u017c. Ma\u0142gorzata Wdowska<\/strong><br \/>\ne-mail: <a href=\"mailto:malgorzata_wdowska@sggw.edu.pl\">malgorzata_wdowska@sggw.edu.pl<\/a><br \/>\ntel.: +48 22 59 35 204<\/p>\n<p><strong>Sekretarz &#8211; mgr in\u017c. Beata Gajewska <\/strong><br \/>\ne-mail: <a href=\"mailto:beata_gajewska@sggw.edu.pl\">beata_gajewska@sggw.edu.pl\u00a0<\/a><br \/>\ntel.: +48 22 59 35 222<\/p>\n<p><a href=\"http:\/\/www.pkg-waw.sggw.pl\/\" target=\"_blank\" rel=\"noopener\">Strona WWW Oddzia\u0142u Sto\u0142eczengo<\/a><\/p>\n<\/div>\n<div style=\"float: right;\"><iframe loading=\"lazy\" style=\"border: 0;\" src=\"https:\/\/www.google.com\/maps\/embed?pb=!1m14!1m8!1m3!1d2447.573243099059!2d21.044311499999996!3d52.1602703!3m2!1i1024!2i768!4f13.1!3m3!1m2!1s0x4719329873457991%3A0x189581ecefc13963!2sNowoursynowska+159%2C+Warszawa!5e0!3m2!1spl!2spl!4v1423603680175\" width=\"600\" height=\"450\" frameborder=\"0\"><\/iframe><\/div>\n","protected":false},"excerpt":{"rendered":"<p>Szko\u0142a G\u0142\u00f3wna Gospodarstwa Wiejskiego Katedra Geoin\u017cynierii ul. Nowoursynowska 159, 02-776 Warszawa Przewodnicz\u0105cy \u2013 dr in\u017c. Ma\u0142gorzata Wdowska e-mail: malgorzata_wdowska@sggw.edu.pl tel.: +48 22 59 35 204 Sekretarz &#8211; mgr in\u017c. Beata Gajewska e-mail: beata_gajewska@sggw.edu.pl\u00a0 tel.: +48 22 59 35 222 Strona WWW Oddzia\u0142u Sto\u0142eczengo<\/p>\n","protected":false},"author":1,"featured_media":0,"parent":159,"menu_order":6,"comment_status":"closed","ping_status":"closed","template":"","meta":{"footnotes":""},"class_list":["post-206","page","type-page","status-publish","hentry"],"_links":{"self":[{"href":"https:\/\/www.geotechnika.org.pl\/index.php?rest_route=\/wp\/v2\/pages\/206","targetHints":{"allow":["GET"]}}],"collection":[{"href":"https:\/\/www.geotechnika.org.pl\/index.php?rest_route=\/wp\/v2\/pages"}],"about":[{"href":"https:\/\/www.geotechnika.org.pl\/index.php?rest_route=\/wp\/v2\/types\/page"}],"author":[{"embeddable":true,"href":"https:\/\/www.geotechnika.org.pl\/index.php?rest_route=\/wp\/v2\/users\/1"}],"replies":[{"embeddable":true,"href":"https:\/\/www.geotechnika.org.pl\/index.php?rest_route=%2Fwp%2Fv2%2Fcomments&post=206"}],"version-history":[{"count":12,"href":"https:\/\/www.geotechnika.org.pl\/index.php?rest_route=\/wp\/v2\/pages\/206\/revisions"}],"predecessor-version":[{"id":1368,"href":"https:\/\/www.geotechnika.org.pl\/index.php?rest_route=\/wp\/v2\/pages\/206\/revisions\/1368"}],"up":[{"embeddable":true,"href":"https:\/\/www.geotechnika.org.pl\/index.php?rest_route=\/wp\/v2\/pages\/159"}],"wp:attachment":[{"href":"https:\/\/www.geotechnika.org.pl\/index.php?rest_route=%2Fwp%2Fv2%2Fmedia&parent=206"}],"curies":[{"name":"wp","href":"https:\/\/api.w.org\/{rel}","templated":true}]}}