{"id":210,"date":"2015-01-18T17:01:51","date_gmt":"2015-01-18T17:01:51","guid":{"rendered":"http:\/\/www.geotechnika.org.pl\/?page_id=210"},"modified":"2022-02-17T21:17:24","modified_gmt":"2022-02-17T21:17:24","slug":"oddzial-wielkopolski","status":"publish","type":"page","link":"https:\/\/www.geotechnika.org.pl\/?page_id=210","title":{"rendered":"Oddzia\u0142 Wielkopolski"},"content":{"rendered":"<hr \/>\n<div style=\"float: left;\">\n<strong>Politechnika Pozna\u0144ska<br \/>\nInstytut In\u017cynierii L\u0105dowej<\/strong><br \/>\nul. Piotrowo 5, 60-965 Pozna\u0144<\/p>\n<p><strong>Przewodnicz\u0105cy &#8211; dr in\u017c. Adam Duda<\/strong><br \/>\ne-mail: <a href=\"mailto:adam.duda@put.poznan.pl\" target=\"_blank\" rel=\"noopener\">adam.duda@put.poznan.pl<\/a><\/p>\n<p><strong>Sekretarz &#8211; dr in\u017c. Szymon Topoli\u0144ski<\/strong><br \/>\ne-mail: <a href=\"mailto:szymon.topolinski@pbs.edu.pl\" target=\"_blank\" rel=\"noopener\">szymon.topolinski@pbs.edu.pl<\/a><\/p>\n<\/div>\n<div style=\"float: right;\">\n<iframe src=\"https:\/\/www.google.com\/maps\/embed?pb=!1m18!1m12!1m3!1d2434.3008071443214!2d16.94826721580307!3d52.40122427979184!2m3!1f0!2f0!3f0!3m2!1i1024!2i768!4f13.1!3m3!1m2!1s0x47045b123263ee2b%3A0x3844139702d122d0!2sPiotrowo%205%2C%2061-139%20Pozna%C5%84!5e0!3m2!1spl!2spl!4v1645132558907!5m2!1spl!2spl\" width=\"600\" height=\"450\" style=\"border:0;\" allowfullscreen=\"\" loading=\"lazy\"><\/iframe>\n<\/div>\n","protected":false},"excerpt":{"rendered":"<p>Politechnika Pozna\u0144ska Instytut In\u017cynierii L\u0105dowej ul. Piotrowo 5, 60-965 Pozna\u0144 Przewodnicz\u0105cy &#8211; dr in\u017c. Adam Duda e-mail: adam.duda@put.poznan.pl Sekretarz &#8211; dr in\u017c. Szymon Topoli\u0144ski e-mail: szymon.topolinski@pbs.edu.pl<\/p>\n","protected":false},"author":1,"featured_media":0,"parent":159,"menu_order":8,"comment_status":"closed","ping_status":"closed","template":"","meta":{"footnotes":""},"class_list":["post-210","page","type-page","status-publish","hentry"],"_links":{"self":[{"href":"https:\/\/www.geotechnika.org.pl\/index.php?rest_route=\/wp\/v2\/pages\/210","targetHints":{"allow":["GET"]}}],"collection":[{"href":"https:\/\/www.geotechnika.org.pl\/index.php?rest_route=\/wp\/v2\/pages"}],"about":[{"href":"https:\/\/www.geotechnika.org.pl\/index.php?rest_route=\/wp\/v2\/types\/page"}],"author":[{"embeddable":true,"href":"https:\/\/www.geotechnika.org.pl\/index.php?rest_route=\/wp\/v2\/users\/1"}],"replies":[{"embeddable":true,"href":"https:\/\/www.geotechnika.org.pl\/index.php?rest_route=%2Fwp%2Fv2%2Fcomments&post=210"}],"version-history":[{"count":7,"href":"https:\/\/www.geotechnika.org.pl\/index.php?rest_route=\/wp\/v2\/pages\/210\/revisions"}],"predecessor-version":[{"id":1371,"href":"https:\/\/www.geotechnika.org.pl\/index.php?rest_route=\/wp\/v2\/pages\/210\/revisions\/1371"}],"up":[{"embeddable":true,"href":"https:\/\/www.geotechnika.org.pl\/index.php?rest_route=\/wp\/v2\/pages\/159"}],"wp:attachment":[{"href":"https:\/\/www.geotechnika.org.pl\/index.php?rest_route=%2Fwp%2Fv2%2Fmedia&parent=210"}],"curies":[{"name":"wp","href":"https:\/\/api.w.org\/{rel}","templated":true}]}}