{"id":212,"date":"2015-01-18T17:02:17","date_gmt":"2015-01-18T17:02:17","guid":{"rendered":"http:\/\/www.geotechnika.org.pl\/?page_id=212"},"modified":"2024-10-31T16:16:30","modified_gmt":"2024-10-31T14:16:30","slug":"oddzial-zachodniopomorski","status":"publish","type":"page","link":"https:\/\/www.geotechnika.org.pl\/?page_id=212","title":{"rendered":"Oddzia\u0142 Zachodniopomorski"},"content":{"rendered":"<hr \/>\n<div style=\"float: left;\">\n<strong>Zachodniopomorski Uniwersytet Technologiczny<br \/>\nKatedra Geotechniki<\/strong><br \/>\nAl. Piast\u00f3w 50A, 70-311 Szczecin<\/p>\n<p><strong>Przewodnicz\u0105cy &#8211; dr in\u017c. Roman Bednarek<\/strong><br \/>\ne-mail: <a href=\"mailto:roman.bednarek@zut.edu.pl\" target=\"_blank\" rel=\"noopener\">roman.bednarek@zut.edu.pl<\/a><\/p>\n<\/div>\n<div style=\"float: right;\">\n<iframe src=\"https:\/\/www.google.com\/maps\/embed?pb=!1m18!1m12!1m3!1d2377.411908145818!2d14.535121315841453!3d53.4253429799956!2m3!1f0!2f0!3f0!3m2!1i1024!2i768!4f13.1!3m3!1m2!1s0x47aa0922d00b94eb%3A0x1f55c9f42322233b!2saleja%20Piast%C3%B3w%2050A%2C%2071-899%20Szczecin!5e0!3m2!1spl!2spl!4v1645133349675!5m2!1spl!2spl\" width=\"600\" height=\"450\" style=\"border:0;\" allowfullscreen=\"\" loading=\"lazy\"><\/iframe>\n<\/div>\n","protected":false},"excerpt":{"rendered":"<p>Zachodniopomorski Uniwersytet Technologiczny Katedra Geotechniki Al. Piast\u00f3w 50A, 70-311 Szczecin Przewodnicz\u0105cy &#8211; dr in\u017c. Roman Bednarek e-mail: roman.bednarek@zut.edu.pl<\/p>\n","protected":false},"author":1,"featured_media":0,"parent":159,"menu_order":9,"comment_status":"closed","ping_status":"closed","template":"","meta":{"footnotes":""},"class_list":["post-212","page","type-page","status-publish","hentry"],"_links":{"self":[{"href":"https:\/\/www.geotechnika.org.pl\/index.php?rest_route=\/wp\/v2\/pages\/212","targetHints":{"allow":["GET"]}}],"collection":[{"href":"https:\/\/www.geotechnika.org.pl\/index.php?rest_route=\/wp\/v2\/pages"}],"about":[{"href":"https:\/\/www.geotechnika.org.pl\/index.php?rest_route=\/wp\/v2\/types\/page"}],"author":[{"embeddable":true,"href":"https:\/\/www.geotechnika.org.pl\/index.php?rest_route=\/wp\/v2\/users\/1"}],"replies":[{"embeddable":true,"href":"https:\/\/www.geotechnika.org.pl\/index.php?rest_route=%2Fwp%2Fv2%2Fcomments&post=212"}],"version-history":[{"count":8,"href":"https:\/\/www.geotechnika.org.pl\/index.php?rest_route=\/wp\/v2\/pages\/212\/revisions"}],"predecessor-version":[{"id":581,"href":"https:\/\/www.geotechnika.org.pl\/index.php?rest_route=\/wp\/v2\/pages\/212\/revisions\/581"}],"up":[{"embeddable":true,"href":"https:\/\/www.geotechnika.org.pl\/index.php?rest_route=\/wp\/v2\/pages\/159"}],"wp:attachment":[{"href":"https:\/\/www.geotechnika.org.pl\/index.php?rest_route=%2Fwp%2Fv2%2Fmedia&parent=212"}],"curies":[{"name":"wp","href":"https:\/\/api.w.org\/{rel}","templated":true}]}}