{"id":214,"date":"2015-01-18T17:02:53","date_gmt":"2015-01-18T17:02:53","guid":{"rendered":"http:\/\/www.geotechnika.org.pl\/?page_id=214"},"modified":"2022-02-17T21:31:59","modified_gmt":"2022-02-17T21:31:59","slug":"podkomitet-budownictwa-podziemnego","status":"publish","type":"page","link":"https:\/\/www.geotechnika.org.pl\/?page_id=214","title":{"rendered":"Podkomitet Budownictwa Podziemnego"},"content":{"rendered":"<hr \/>\n<div style=\"float: left;\"><strong>Politechnika Warszawska<br \/>\nWydzia\u0142 In\u017cynierii L\u0105dowej<\/strong><br \/>\nAl. Armii Ludowej 16, pok. 426, 00-637 Warszawa<strong><\/p>\n<p>Przewodnicz\u0105ca &#8211; prof. dr hab. in\u017c. Anna Siemi\u0144ska-Lewandowska<\/strong><br \/>\ntel.: +48 22 825 60 78<br \/>\ne-mail: <a href=\"mailto:m.a.lewandowska@il.pw.edu.pl\" target=\"_blank\" rel=\"noopener\">a.lewandowska@il.pw.edu.pl<\/a><br \/>\ne-mail: <a href=\"mailto:sektretariat@pbp-ita.pl\" target=\"_blank\" rel=\"noopener\">sektretariat@pbp-ita.pl<\/a><\/p>\n<p><strong>Sekretarz &#8211; dr hab. in\u017c. Tomasz Godlewski, prof. ITB<\/strong><br \/>\ne-mail: <a href=\"mailto:t.godlewski@itb.pl\" target=\"_blank\" rel=\"noopener\">t.godlewski@itb.pl<\/a><\/p>\n<p><a href=\"http:\/\/www.pbp-ita.pl\" target=\"_blank\" rel=\"noopener\">Strona WWW\u00a0Podkomitetu Budownictwa Podziemnego<\/a><\/p>\n<\/div>\n<div style=\"float: right;\"><iframe loading=\"lazy\" style=\"border: 0;\" src=\"https:\/\/www.google.com\/maps\/embed?pb=!1m14!1m8!1m3!1d2444.412064760729!2d21.011715!3d52.21773100000001!3m2!1i1024!2i768!4f13.1!3m3!1m2!1s0x471ecce854022adf%3A0x26b0ef5633da0d7b!2saleja+Armii+Ludowej+16%2C+Wydzia%C5%82+In%C5%BCynierii+L%C4%85dowej+Politechniki+Warszawskiej%2C+Warszawa!5e0!3m2!1spl!2spl!4v1423684954733\" width=\"600\" height=\"450\" frameborder=\"0\"><\/iframe><\/div>\n","protected":false},"excerpt":{"rendered":"<p>Politechnika Warszawska Wydzia\u0142 In\u017cynierii L\u0105dowej Al. Armii Ludowej 16, pok. 426, 00-637 Warszawa Przewodnicz\u0105ca &#8211; prof. dr hab. in\u017c. Anna Siemi\u0144ska-Lewandowska tel.: +48 22 825 60 78 e-mail: a.lewandowska@il.pw.edu.pl e-mail: sektretariat@pbp-ita.pl Sekretarz &#8211; dr hab. in\u017c. Tomasz Godlewski, prof. ITB e-mail: t.godlewski@itb.pl Strona WWW\u00a0Podkomitetu Budownictwa Podziemnego<\/p>\n","protected":false},"author":1,"featured_media":0,"parent":159,"menu_order":10,"comment_status":"closed","ping_status":"closed","template":"","meta":{"footnotes":""},"class_list":["post-214","page","type-page","status-publish","hentry"],"_links":{"self":[{"href":"https:\/\/www.geotechnika.org.pl\/index.php?rest_route=\/wp\/v2\/pages\/214","targetHints":{"allow":["GET"]}}],"collection":[{"href":"https:\/\/www.geotechnika.org.pl\/index.php?rest_route=\/wp\/v2\/pages"}],"about":[{"href":"https:\/\/www.geotechnika.org.pl\/index.php?rest_route=\/wp\/v2\/types\/page"}],"author":[{"embeddable":true,"href":"https:\/\/www.geotechnika.org.pl\/index.php?rest_route=\/wp\/v2\/users\/1"}],"replies":[{"embeddable":true,"href":"https:\/\/www.geotechnika.org.pl\/index.php?rest_route=%2Fwp%2Fv2%2Fcomments&post=214"}],"version-history":[{"count":11,"href":"https:\/\/www.geotechnika.org.pl\/index.php?rest_route=\/wp\/v2\/pages\/214\/revisions"}],"predecessor-version":[{"id":1374,"href":"https:\/\/www.geotechnika.org.pl\/index.php?rest_route=\/wp\/v2\/pages\/214\/revisions\/1374"}],"up":[{"embeddable":true,"href":"https:\/\/www.geotechnika.org.pl\/index.php?rest_route=\/wp\/v2\/pages\/159"}],"wp:attachment":[{"href":"https:\/\/www.geotechnika.org.pl\/index.php?rest_route=%2Fwp%2Fv2%2Fmedia&parent=214"}],"curies":[{"name":"wp","href":"https:\/\/api.w.org\/{rel}","templated":true}]}}