{"id":230,"date":"2015-01-18T17:11:10","date_gmt":"2015-01-18T17:11:10","guid":{"rendered":"http:\/\/www.geotechnika.org.pl\/?page_id=230"},"modified":"2019-04-25T12:16:48","modified_gmt":"2019-04-25T12:16:48","slug":"czlonkostwo-w-pkg","status":"publish","type":"page","link":"https:\/\/www.geotechnika.org.pl\/?page_id=230","title":{"rendered":"Cz\u0142onkostwo w PKG"},"content":{"rendered":"<hr \/>\n<p>Statut PKG przewiduje nast\u0119puj\u0105ce typy cz\u0142onkostwa:<br \/>\n\u2022 zwyczajne,<br \/>\n\u2022 honorowe,<br \/>\n\u2022 wspieraj\u0105ce.<\/p>\n<p><strong>Cz\u0142onkiem zwyczajnym PKG<\/strong> mo\u017ce by\u0107 osoba fizyczna, zajmuj\u0105ca si\u0119 profesjonalnie geotechnik\u0105 i wykazuj\u0105ca si\u0119 osi\u0105gni\u0119ciami potwierdzaj\u0105cymi jej odpowiednie kwalifikacje w tej dziedzinie. Ka\u017cdy cz\u0142onek zwyczajny nale\u017cy organizacyjnie do jednego z Oddzia\u0142\u00f3w Regionalnych lub Podkomitet\u00f3w.<br \/>\nCz\u0142onk\u00f3w zwyczajnych, spe\u0142niaj\u0105cych powy\u017csze warunki przyjmuje Prezydium Zarz\u0105du Oddzia\u0142u Regionalnego (Podkomitetu) dzia\u0142aj\u0105cego na terenie miejsca zamieszkania kandydata, na podstawie pisemnej deklaracji zg\u0142aszaj\u0105cego si\u0119, zaopiniowanej przez dw\u00f3ch wprowadzaj\u0105cych cz\u0142onk\u00f3w zwyczajnych.<\/p>\n<p><strong>Cz\u0142onkiem honorowym<\/strong> mo\u017ce zosta\u0107 osoba fizyczna, kt\u00f3ra wybitnie zas\u0142u\u017cy\u0142a si\u0119 dla rozwoju PKG lub geotechniki.<br \/>\nCz\u0142onkami wspieraj\u0105cymi mog\u0105 by\u0107 osoby fizyczne, zwi\u0105zane lub nie zwi\u0105zane zawodowo z geotechnik\u0105 oraz osoby prawne (sp\u00f3\u0142ki, fundacje, przedsi\u0119biorstwa, instytucje pa\u0144stwowe i samorz\u0105dowe) zainteresowane statutow\u0105 dzia\u0142alno\u015bci\u0105 PKG i deklaruj\u0105ce okre\u015blone \u015bwiadczenia na jego rzecz, w tym zw\u0142aszcza poparcie finansowe.<\/p>\n<p><strong>Cz\u0142onk\u00f3w wspieraj\u0105cych<\/strong> przyjmuje Prezydium Zarz\u0105du PKG lub Prezydium Zarz\u0105du Oddzia\u0142u Regionalnego (Podkomitetu) na podstawie pisemnej deklaracji.<\/p>\n<hr \/>\n<p><a href=\"http:\/\/www.geotechnika.org.pl\/wp-content\/uploads\/2015\/01\/statut_pkg.pdf\" class=\"mtli_attachment mtli_pdf\">Statut Polskiego Komitetu Geotechniki<\/a><br \/>\n<a href=\"http:\/\/www.geotechnika.org.pl\/wp-content\/uploads\/2019\/04\/Deklaracja-przyst\u0105pienia-do-PKG.doc\" class=\"mtli_attachment mtli_doc\">Deklaracja przyst\u0105pienia do Polskiego Komitetu Geotechniki<\/a><br \/>\n<a href=\"http:\/\/www.geotechnika.org.pl\/wp-content\/uploads\/2019\/04\/Uzupe\u0142nienie-deklaracji-przyst\u0105pienia-do-PKG.doc\" class=\"mtli_attachment mtli_doc\">Uzupe\u0142nienie deklaracji przyst\u0105pienia do Polskiego Komitetu Geotechniki<\/a><\/p>\n","protected":false},"excerpt":{"rendered":"<p>Statut PKG przewiduje nast\u0119puj\u0105ce typy cz\u0142onkostwa: \u2022 zwyczajne, \u2022 honorowe, \u2022 wspieraj\u0105ce. Cz\u0142onkiem zwyczajnym PKG mo\u017ce by\u0107 osoba fizyczna, zajmuj\u0105ca si\u0119 profesjonalnie geotechnik\u0105 i wykazuj\u0105ca si\u0119 osi\u0105gni\u0119ciami potwierdzaj\u0105cymi jej odpowiednie kwalifikacje w tej dziedzinie. Ka\u017cdy cz\u0142onek zwyczajny nale\u017cy organizacyjnie do jednego z Oddzia\u0142\u00f3w Regionalnych lub Podkomitet\u00f3w. Cz\u0142onk\u00f3w zwyczajnych, spe\u0142niaj\u0105cych powy\u017csze warunki przyjmuje Prezydium Zarz\u0105du Oddzia\u0142u [&hellip;]<\/p>\n","protected":false},"author":1,"featured_media":0,"parent":2,"menu_order":2,"comment_status":"closed","ping_status":"closed","template":"","meta":{"footnotes":""},"class_list":["post-230","page","type-page","status-publish","hentry"],"_links":{"self":[{"href":"https:\/\/www.geotechnika.org.pl\/index.php?rest_route=\/wp\/v2\/pages\/230","targetHints":{"allow":["GET"]}}],"collection":[{"href":"https:\/\/www.geotechnika.org.pl\/index.php?rest_route=\/wp\/v2\/pages"}],"about":[{"href":"https:\/\/www.geotechnika.org.pl\/index.php?rest_route=\/wp\/v2\/types\/page"}],"author":[{"embeddable":true,"href":"https:\/\/www.geotechnika.org.pl\/index.php?rest_route=\/wp\/v2\/users\/1"}],"replies":[{"embeddable":true,"href":"https:\/\/www.geotechnika.org.pl\/index.php?rest_route=%2Fwp%2Fv2%2Fcomments&post=230"}],"version-history":[{"count":8,"href":"https:\/\/www.geotechnika.org.pl\/index.php?rest_route=\/wp\/v2\/pages\/230\/revisions"}],"predecessor-version":[{"id":1311,"href":"https:\/\/www.geotechnika.org.pl\/index.php?rest_route=\/wp\/v2\/pages\/230\/revisions\/1311"}],"up":[{"embeddable":true,"href":"https:\/\/www.geotechnika.org.pl\/index.php?rest_route=\/wp\/v2\/pages\/2"}],"wp:attachment":[{"href":"https:\/\/www.geotechnika.org.pl\/index.php?rest_route=%2Fwp%2Fv2%2Fmedia&parent=230"}],"curies":[{"name":"wp","href":"https:\/\/api.w.org\/{rel}","templated":true}]}}