{"id":256,"date":"2015-01-21T12:14:42","date_gmt":"2015-01-21T12:14:42","guid":{"rendered":"http:\/\/www.geotechnika.org.pl\/?page_id=256"},"modified":"2016-05-12T06:52:38","modified_gmt":"2016-05-12T06:52:38","slug":"zasluzeni-geotechnicy","status":"publish","type":"page","link":"https:\/\/www.geotechnika.org.pl\/?page_id=256","title":{"rendered":"Zas\u0142u\u017ceni geotechnicy"},"content":{"rendered":"<hr \/>\n<ul style=\"list-style: none;\">\n<li><a href=\"http:\/\/www.geotechnika.org.pl\/?page_id=1065\">Dr hab. in\u017c. Adam Bolt, prof. PG<\/a><\/li>\n<li><a title=\"Mgr in\u017c. Bohdan Buca\" href=\"http:\/\/www.geotechnika.org.pl\/?page_id=279\">Mgr in\u017c. Bohdan Buca<\/a><\/li>\n<li><a title=\"Prof. zw. dr hab. in\u017c. Eugeniusz Dembicki\" href=\"http:\/\/www.geotechnika.org.pl\/?page_id=286\">Prof. zw. dr hab. in\u017c. Eugeniusz Dembicki<\/a><\/li>\n<li><a title=\"Prof. zw. dr hab. in\u017c. Zygmunt Glazer\" href=\"http:\/\/www.geotechnika.org.pl\/?page_id=290\">Prof. zw. dr hab. in\u017c. Zygmunt Glazer \u2020<\/a><\/li>\n<li><a title=\"Prof. zw. dr hab. in\u017c. Zbigniew Grabowski\" href=\"http:\/\/www.geotechnika.org.pl\/?page_id=293\">Prof. zw. dr hab. in\u017c. Zbigniew Grabowski<\/a><\/li>\n<li><a title=\"Prof. zw. dr hab. in\u017c. Maciej Gryczma\u0144ski\" href=\"http:\/\/www.geotechnika.org.pl\/?page_id=296\">Prof. zw. dr hab. in\u017c. Maciej Gryczma\u0144ski<\/a><\/li>\n<li><a href=\"http:\/\/www.geotechnika.org.pl\/?page_id=1083\">Prof. dr hab. in\u017c. Kazimierz Gwizda\u0142a<\/a><\/li>\n<li><a title=\"Prof. dr hab. in\u017c. Ryszard Jerzy Izbicki\" href=\"http:\/\/www.geotechnika.org.pl\/?page_id=424\">Prof. dr hab. in\u017c. Ryszard Jerzy Izbicki<\/a><\/li>\n<li><a title=\"Mgr in\u017c. Tadeusz Jeske\" href=\"http:\/\/www.geotechnika.org.pl\/?page_id=428\">Mgr in\u017c. Tadeusz Jeske<\/a><\/li>\n<li><a title=\"Doc. dr in\u017c. Bogdan Kawalec\" href=\"http:\/\/www.geotechnika.org.pl\/?page_id=431\">Doc. dr in\u017c. Bogdan Kawalec \u2020<\/a><\/li>\n<li><a title=\"Dr in\u017c. Boles\u0142aw K\u0142osi\u0144ski\" href=\"http:\/\/www.geotechnika.org.pl\/?page_id=434\">Dr in\u017c. Boles\u0142aw K\u0142osi\u0144ski<\/a><\/li>\n<li><a title=\"Dr hab. in\u017c. Jerzy Madej\" href=\"http:\/\/www.geotechnika.org.pl\/?page_id=437\">Dr hab. in\u017c. Jerzy Madej<\/a><\/li>\n<li><a href=\"http:\/\/www.geotechnika.org.pl\/?page_id=1098\">Prof. dr hab. in\u017c. Zygmunt Meyer<\/a><\/li>\n<li><a title=\"Prof. dr hab. in\u017c. Zbigniew M\u0142ynarek\" href=\"http:\/\/www.geotechnika.org.pl\/?page_id=299\">Prof. dr hab. in\u017c. Zbigniew M\u0142ynarek<\/a><\/li>\n<li><a title=\"Prof. dr in\u017c. Jan Pachowski\" href=\"http:\/\/www.geotechnika.org.pl\/?page_id=302\">Prof. dr in\u017c. Jan Pachowski \u2020<\/a><\/li>\n<li><a title=\"Dr hab. in\u017c. Jacek Pieczyrak\" href=\"http:\/\/www.geotechnika.org.pl\/?page_id=440\">Dr hab. in\u017c. Jacek Pieczyrak<\/a><\/li>\n<li><a title=\"Prof. dr hab. in\u017c. Stanis\u0142aw Jan Pisarczyk\" href=\"http:\/\/www.geotechnika.org.pl\/?page_id=323\">Prof. dr hab. in\u017c. Stanis\u0142aw Pisarczyk<\/a><\/li>\n<li><a title=\"Doc. dr in\u017c. Tadeusz Przedecki\" href=\"http:\/\/www.geotechnika.org.pl\/?page_id=443\">Doc. dr in\u017c. Tadeusz Przedecki<\/a><\/li>\n<li><a title=\"Prof. dr in\u017c. Jerzy Przysta\u0144ski\" href=\"http:\/\/www.geotechnika.org.pl\/?page_id=305\">Prof. dr in\u017c. Jerzy Przysta\u0144ski \u2020<\/a><\/li>\n<li><a title=\"Prof. dr in\u017c. Antoni Rosiko\u0144\" href=\"http:\/\/www.geotechnika.org.pl\/?page_id=308\">Prof. dr in\u017c. Antoni Rosiko\u0144 \u2020<\/a><\/li>\n<li><a href=\"http:\/\/www.geotechnika.org.pl\/?page_id=1110\">Dr in\u017c. Bogdan Rymsza (Dr h.c.)<\/a><\/li>\n<li><a title=\"Prof. dr hab. in\u017c. Krystyna M. Skar\u017cy\u0144ska\" href=\"http:\/\/www.geotechnika.org.pl\/?page_id=311\">Prof. dr hab. in\u017c. Krystyna M. Skar\u017cy\u0144ska<\/a><\/li>\n<li><a title=\"Doc. dr in\u017c. Romuald Steckiewicz\" href=\"http:\/\/www.geotechnika.org.pl\/?page_id=446\">Doc. dr in\u017c. Romuald Steckiewicz<\/a><\/li>\n<li><a title=\"Dr hab. in\u017c. Hanna Suchnicka\" href=\"http:\/\/www.geotechnika.org.pl\/?page_id=449\">Dr hab. in\u017c. Hanna Suchnicka<\/a><\/li>\n<li><a title=\"Prof. dr hab. in\u017c. Maciej Werno\" href=\"http:\/\/www.geotechnika.org.pl\/?page_id=453\">Prof. dr hab. in\u017c. Maciej Werno<\/a><\/li>\n<li><a title=\"Prof. zw. dr hab. in\u017c. Wojciech Wolski\" href=\"http:\/\/www.geotechnika.org.pl\/?page_id=314\">Prof. zw. dr hab. in\u017c. Wojciech Wolski<\/a><\/li>\n<li><a title=\"Prof. dr hab. in\u017c. Lech Wysoki\u0144ski\" href=\"http:\/\/www.geotechnika.org.pl\/?page_id=317\">Prof. dr hab. in\u017c. Lech Wysoki\u0144ski \u2020<\/a><\/li>\n<li><a href=\"http:\/\/www.geotechnika.org.pl\/?page_id=1122\">Prof. dr hab. in\u017c. Bohdan Zadroga, prof. zw. PG<\/a><\/li>\n<li><a title=\"Prof. dr hab. in\u017c. Zdzis\u0142aw \u017bmudzi\u0144ski\" href=\"http:\/\/www.geotechnika.org.pl\/?page_id=320\">Prof. dr hab. in\u017c. Zdzis\u0142aw \u017bmudzi\u0144ski<\/a><a title=\"Prof. zw. dr hab. in\u017c. Zygmunt Glazer\" href=\"http:\/\/www.geotechnika.org.pl\/?page_id=290\">\u2020<\/a><\/li>\n<li><\/li>\n<\/ul>\n","protected":false},"excerpt":{"rendered":"<p>Dr hab. in\u017c. Adam Bolt, prof. PG Mgr in\u017c. Bohdan Buca Prof. zw. dr hab. in\u017c. Eugeniusz Dembicki Prof. zw. dr hab. in\u017c. Zygmunt Glazer \u2020 Prof. zw. dr hab. in\u017c. Zbigniew Grabowski Prof. zw. dr hab. in\u017c. Maciej Gryczma\u0144ski Prof. dr hab. in\u017c. Kazimierz Gwizda\u0142a Prof. dr hab. in\u017c. Ryszard Jerzy Izbicki Mgr in\u017c. [&hellip;]<\/p>\n","protected":false},"author":1,"featured_media":0,"parent":2,"menu_order":4,"comment_status":"closed","ping_status":"closed","template":"","meta":{"footnotes":""},"class_list":["post-256","page","type-page","status-publish","hentry"],"_links":{"self":[{"href":"https:\/\/www.geotechnika.org.pl\/index.php?rest_route=\/wp\/v2\/pages\/256","targetHints":{"allow":["GET"]}}],"collection":[{"href":"https:\/\/www.geotechnika.org.pl\/index.php?rest_route=\/wp\/v2\/pages"}],"about":[{"href":"https:\/\/www.geotechnika.org.pl\/index.php?rest_route=\/wp\/v2\/types\/page"}],"author":[{"embeddable":true,"href":"https:\/\/www.geotechnika.org.pl\/index.php?rest_route=\/wp\/v2\/users\/1"}],"replies":[{"embeddable":true,"href":"https:\/\/www.geotechnika.org.pl\/index.php?rest_route=%2Fwp%2Fv2%2Fcomments&post=256"}],"version-history":[{"count":16,"href":"https:\/\/www.geotechnika.org.pl\/index.php?rest_route=\/wp\/v2\/pages\/256\/revisions"}],"predecessor-version":[{"id":1131,"href":"https:\/\/www.geotechnika.org.pl\/index.php?rest_route=\/wp\/v2\/pages\/256\/revisions\/1131"}],"up":[{"embeddable":true,"href":"https:\/\/www.geotechnika.org.pl\/index.php?rest_route=\/wp\/v2\/pages\/2"}],"wp:attachment":[{"href":"https:\/\/www.geotechnika.org.pl\/index.php?rest_route=%2Fwp%2Fv2%2Fmedia&parent=256"}],"curies":[{"name":"wp","href":"https:\/\/api.w.org\/{rel}","templated":true}]}}