{"id":260,"date":"2015-01-21T12:18:52","date_gmt":"2015-01-21T12:18:52","guid":{"rendered":"http:\/\/www.geotechnika.org.pl\/?page_id=260"},"modified":"2015-02-15T09:14:58","modified_gmt":"2015-02-15T09:14:58","slug":"kto-jest-kim-w-geotechnice-w-polsce","status":"publish","type":"page","link":"https:\/\/www.geotechnika.org.pl\/?page_id=260","title":{"rendered":"Kto jest kim w Geotechnice w Polsce"},"content":{"rendered":"<hr \/>\n<p>W celu uporz\u0105dkowania dzia\u0142alno\u015bci r\u00f3\u017cnych os\u00f3b pracuj\u0105cych w zagadnieniach geotechniki, a jednocze\u015bnie potwierdzenia wysokiej profesjo\u00adnalno\u015bci ich opracowa\u0144, Polski Komitet Geotechniki wydaje certyfikaty potwierdzaj\u0105ce kwalifikacje zar\u00f3wno os\u00f3b, jak i przedsi\u0119biorstw do \u015bwiadczenia us\u0142ug geotechnicznych. W zwi\u0105zku z tym powsta\u0142a te\u017c potrzeba wydania informatora biograficznego w formie \u201ekto jest kim w geotechnice&#8221; w celu uporz\u0105dkowania nazwisk oraz os\u00f3b uprawnionych przez Polski Komitet Geotechniki do wykonywania prac z zakresu geotechniki.<br \/>\nPierwsze wydanie informatora biograficznego zosta\u0142o opublikowane w 1999 r. i zawiera\u0142o 192 biografie zgrupowane w 9. regionalnych oddzia\u0142ach Polskiego Komitetu Geotechniki i jednym Podkomitecie. Informatory s\u0105 dost\u0119pne w poszczeg\u00f3lnych Oddzia\u0142ach PKG.<br \/>\nW roku 2013 wydano drugie wydanie dost\u0119pne w formie elektronicznej (p\u0142yta CD oraz plik pdf dost\u0119pny na stronie internetowej PKG).<\/p>\n<p><a href=\"http:\/\/www.geotechnika.org.pl\/wp-content\/uploads\/2015\/01\/Kto-jest-kim-w-Geotechnice-w-Polsce.pdf\" class=\"mtli_attachment mtli_pdf\" target=\"_blank\">Kto jest kim w Geotechnice w Polsce<\/a><\/p>\n","protected":false},"excerpt":{"rendered":"<p>W celu uporz\u0105dkowania dzia\u0142alno\u015bci r\u00f3\u017cnych os\u00f3b pracuj\u0105cych w zagadnieniach geotechniki, a jednocze\u015bnie potwierdzenia wysokiej profesjo\u00adnalno\u015bci ich opracowa\u0144, Polski Komitet Geotechniki wydaje certyfikaty potwierdzaj\u0105ce kwalifikacje zar\u00f3wno os\u00f3b, jak i przedsi\u0119biorstw do \u015bwiadczenia us\u0142ug geotechnicznych. W zwi\u0105zku z tym powsta\u0142a te\u017c potrzeba wydania informatora biograficznego w formie \u201ekto jest kim w geotechnice&#8221; w celu uporz\u0105dkowania nazwisk oraz [&hellip;]<\/p>\n","protected":false},"author":1,"featured_media":0,"parent":2,"menu_order":5,"comment_status":"closed","ping_status":"closed","template":"","meta":{"footnotes":""},"class_list":["post-260","page","type-page","status-publish","hentry"],"_links":{"self":[{"href":"https:\/\/www.geotechnika.org.pl\/index.php?rest_route=\/wp\/v2\/pages\/260","targetHints":{"allow":["GET"]}}],"collection":[{"href":"https:\/\/www.geotechnika.org.pl\/index.php?rest_route=\/wp\/v2\/pages"}],"about":[{"href":"https:\/\/www.geotechnika.org.pl\/index.php?rest_route=\/wp\/v2\/types\/page"}],"author":[{"embeddable":true,"href":"https:\/\/www.geotechnika.org.pl\/index.php?rest_route=\/wp\/v2\/users\/1"}],"replies":[{"embeddable":true,"href":"https:\/\/www.geotechnika.org.pl\/index.php?rest_route=%2Fwp%2Fv2%2Fcomments&post=260"}],"version-history":[{"count":5,"href":"https:\/\/www.geotechnika.org.pl\/index.php?rest_route=\/wp\/v2\/pages\/260\/revisions"}],"predecessor-version":[{"id":498,"href":"https:\/\/www.geotechnika.org.pl\/index.php?rest_route=\/wp\/v2\/pages\/260\/revisions\/498"}],"up":[{"embeddable":true,"href":"https:\/\/www.geotechnika.org.pl\/index.php?rest_route=\/wp\/v2\/pages\/2"}],"wp:attachment":[{"href":"https:\/\/www.geotechnika.org.pl\/index.php?rest_route=%2Fwp%2Fv2%2Fmedia&parent=260"}],"curies":[{"name":"wp","href":"https:\/\/api.w.org\/{rel}","templated":true}]}}