{"id":279,"date":"2015-01-26T20:23:11","date_gmt":"2015-01-26T20:23:11","guid":{"rendered":"http:\/\/www.geotechnika.org.pl\/?page_id=279"},"modified":"2015-01-26T20:56:28","modified_gmt":"2015-01-26T20:56:28","slug":"mgr-inz-bohdan-buca","status":"publish","type":"page","link":"https:\/\/www.geotechnika.org.pl\/?page_id=279","title":{"rendered":"Mgr in\u017c. Bohdan Buca"},"content":{"rendered":"<p><img loading=\"lazy\" decoding=\"async\" class=\"size-full wp-image-281 alignright\" src=\"http:\/\/www.geotechnika.org.pl\/wp-content\/uploads\/2015\/01\/Bohdan-Buca.jpg\" alt=\"Bohdan Buca\" width=\"243\" height=\"320\" srcset=\"https:\/\/www.geotechnika.org.pl\/wp-content\/uploads\/2015\/01\/Bohdan-Buca.jpg 243w, https:\/\/www.geotechnika.org.pl\/wp-content\/uploads\/2015\/01\/Bohdan-Buca-228x300.jpg 228w\" sizes=\"auto, (max-width: 243px) 100vw, 243px\" \/><\/p>\n<p align=\"justify\"><strong>Mgr in\u017c. Bohdan Buca<\/strong> urodzi\u0142 si\u0119 w Tczewie 09 maja 1934 r. Ojciec by\u0142 powsta\u0144cem wielkopolskim, uczestnikiem wojny 1920 r., oficerem zawodowym Wojska Polskiego, w 1939 r. trafi\u0142 do oflagu, do domu wr\u00f3ci\u0142 w 1946 roku. Do szko\u0142y podstawowej w\u00a0czasie okupacji i po wyzwoleniu ucz\u0119szcza\u0142 w Tczewie, gdzie te\u017c uko\u0144czy\u0142 Liceum Og\u00f3lnokszta\u0142c\u0105ce, zdaj\u0105c egzamin maturalny w 1951 roku. W\u00a0tym\u017ce roku rozpocz\u0105\u0142 studia na Politechnice Gda\u0144skiej, na Wydziale Budownictwa Wodnego (In\u017cynierii Wodnej), specjalizuj\u0105c si\u0119 w zakresie geologii in\u017cynierskiej \u2013 kierunku nowo utworzonym, ma\u0142o znanym w\u00f3wczas na uczelniach technicznych. W 1955 roku uzyska\u0142 tytu\u0142 in\u017cyniera geologii. Studia drugiego stopnia odby\u0142 w latach 1956-1958 na Politechnice Gda\u0144skiej w ramach Studium Wieczorowego na Wydziale Budownictwa Wodnego, uzyskuj\u0105c w 1958 tytu\u0142 magistra in\u017cyniera geologii.<\/p>\n<p align=\"justify\">Nakazem pracy zosta\u0142 skierowany do \u201eGeoprojektu-Warszawa\u201d Oddzia\u0142 w Gda\u0144sku, gdzie w latach 1955 do 2005 pracowa\u0142 m.in. na nast\u0119puj\u0105cych stanowiskach: dokumentatora, kierownika laboratorium mechaniki grunt\u00f3w, weryfikatora, g\u0142\u00f3wnego specjalisty ds. programowania i kontroli bada\u0144 geologicznych, kierownika wydzia\u0142u oraz przez 12 lat, do 2002 r. \u2013 dyrektora przedsi\u0119biorstwa. Potem, ju\u017c na emeryturze, do grudnia 2005\u00a0roku pe\u0142ni\u0142 funkcje g\u0142\u00f3wnego konsultanta ds. geotechniki w tym\u017ce przedsi\u0119biorstwie.<\/p>\n<p align=\"left\">Bohdan Buca posiada uprawnienia wydane przez Centralny Urz\u0105d Geologii w zakresie:<\/p>\n<ul>\n<li>geologii in\u017cynierskiej nr 060039 bez ogranicze\u0144,<\/li>\n<li>hydrogeologii nr 050022 z wy\u0142\u0105czeniem w\u00f3d leczniczych i z\u0142o\u017cowych,<\/li>\n<li>kierowania wierceniami nr 14004,<\/li>\n<li>ponadto Certyfikat Polskiego Komitetu Geotechniki nr 0023.<\/li>\n<\/ul>\n<p align=\"justify\">Stowarzyszenie In\u017cynier\u00f3w i Technik\u00f3w G\u00f3rnictwa zatwierdzi\u0142o mgr in\u017c. Bohdana Buc\u0119 w 1969 roku jako rzeczoznawc\u0119 w\u00a0zakresie geologii in\u017cynierskiej i hydrogeologii, z wy\u0142\u0105czeniem w\u00f3d leczniczych i z\u0142o\u017cowych.<\/p>\n<p align=\"justify\">W 1980 r. Polski Zwi\u0105zek In\u017cynier\u00f3w i Technik\u00f3w Budownictwa przyzna\u0142 mgr in\u017c. Bohdanowi Buca uprawnienia rzeczoznawcy w zakresie specjalno\u015bci 15.1.<\/p>\n<p align=\"justify\">Jest weryfikatorem, autorem lub wsp\u00f3\u0142autorem kilkuset dokumentacji w zakresie technicznych bada\u0144 pod\u0142o\u017ca gruntowego i geologiczno-in\u017cynierskich, w tym dla takich obiekt\u00f3w, jak: I\u00a0Suchy Dok w Gdyni, Elektrownia Szczytowo\u2013Pompowa i Elektrownia J\u0105drowa w \u017barnowcu, Zak\u0142ady Papierniczych w\u00a0Kwidzynie, Lotnisko R\u0119biechowo, Autostrada A1 na odcinku Gda\u0144sk\u2013Toru\u0144 (pierwsza wersja), most na Wi\u015ble ko\u0142o Kwidzyna, Rafineria oraz obiekty stoczniowe i portowe w Gda\u0144sku. Ponadto, m.in. jako przedstawiciel NOT-u, jest autorem licznych ekspertyz i opinii geotechnicznych.<\/p>\n<p align=\"justify\">Mgr in\u017c. Bohdan Buca zajmowa\u0142 si\u0119 w \u201eGeoprojekcie\u201d m.in. pr\u00f3bnymi obci\u0105\u017ceniami grunt\u00f3w, g\u0142\u00f3wnie zlokalizowanych w\u00a0obr\u0119bie delty Wis\u0142y, nadzorem geotechnicznym w\u00a0trakcie budowy oraz obserwacj\u0105 i analiz\u0105 osiada\u0144 budowli w czasie ich realizacji i pierwszych lat eksploatacji. Po odbytym szkoleniu w\u00a0Holandii zaj\u0105\u0142 si\u0119 sondowaniami, szczeg\u00f3lnie w zakresie stosowania i interpretacji sondowa\u0144 CPT. W okresie pracy w\u00a0\u201eGeoprojekcie-Gda\u0144sk\u201d \u015bci\u015ble wsp\u00f3\u0142pracowa\u0142 z Katedr\u0105 kierowan\u0105 przez prof. dr hab. in\u017c. Eugeniusza Dembickiego mi\u0119dzy innymi przy nowatorskich rozwi\u0105zaniach i prowadzonych obserwacjach zwi\u0105zanych z posadowieniem Elektrowni J\u0105drowej w \u017barnowcu i obiekt\u00f3w jej towarzysz\u0105cych oraz Portu P\u00f3\u0142nocnego w Gda\u0144sku<\/p>\n<p align=\"justify\">Mgr in\u017c. Bohdan Buca, jako przedstawiciel \u201eGeoprojektu-Warszawa\u201d, by\u0142 odpowiedzialny za naukowo-techniczn\u0105 wsp\u00f3\u0142prac\u0119 z\u00a0 firm\u0105 niemieck\u0105 \u201eBaugrund-Berlin\u201d. Z tej racji wyg\u0142osi\u0142 kilka odczyt\u00f3w na tematy geotechniczne na wy\u017cszych uczelniach w Lipsku, Dre\u017anie i Weimarze.<\/p>\n<p align=\"justify\">Za granic\u0105 nadzorowa\u0142 geotechniczne prace terenowe i\u00a0opracowa\u0142 dokumentacje geotechniczne lub geologiczno-in\u017cynierskie dla stoczni i suchych dok\u00f3w w Turcji (Pendik) i Algierii (Oran) oraz pe\u0142ni\u0142 nadz\u00f3r geotechniczny nad budow\u0105 stacji pomp w Iraku (nad rzek\u0105 Tygrys). Podczas prac za granic\u0105, nadzoruj\u0105c geotechniczne badania pod\u0142o\u017ca gruntowego wykonywane przez czo\u0142owe firmy zagraniczne, zapozna\u0142 si\u0119 z najnowsz\u0105 technologi\u0105 bada\u0144 prowadzonych na l\u0105dzie i wodzie.<\/p>\n<p align=\"justify\">Z inicjatywy prof. dr. hab. in\u017c. Bohdana Kozerskiego, wyk\u0142adaj\u0105cego czasowo na Ahmadu Bello University Zaria w Nigerii, powsta\u0142 tam w latach 1978\/1979 zesp\u00f3\u0142, kt\u00f3ry mia\u0142 na celu uporz\u0105dkowanie bada\u0144 pod\u0142o\u017ca gruntowego ju\u017c wykonanych oraz ich uzupe\u0142nienie w celu opracowania dokumentacji geologiczno-in\u017cynierskiej i zalece\u0144 geotechnicznych dla projektowanej nowej stolicy Nigerii Abud\u017cy.<\/p>\n<p align=\"justify\">Z rekomendacji prof. B. Kozerskiego, g\u0142\u00f3wnego konsultanta tego przedsi\u0119wzi\u0119cia, mgr in\u017c. Bohdan Buca kierowa\u0142 w tym zespole badaniami geotechnicznymi i ich udokumentowaniem oraz opracowaniem wynikaj\u0105cych st\u0105d wniosk\u00f3w. W 2009 r. w\u00a0ramach Geoprojektu Gda\u0144sk sp. z o.o.\u00a0 konsultowa\u0142 \u201eProjekt prac geologicznych w celu okre\u015blenia warunk\u00f3w geologiczno\u2013in\u017cynierskich projektowanego tunelu pod Martw\u0105 Wis\u0142\u0105 w\u00a0ci\u0105gu Trasy Sucharskiego w Gda\u0144sku\u201d oraz opiniowa\u0142 w 2010 r. \u201eDokumentacj\u0119 geologiczno-in\u017cyniersk\u0105 pod\u0142o\u017ca projektowanego tunelu pod Martw\u0105 Wis\u0142\u0105 w ci\u0105gu Trasy S\u0142owackiego w Gda\u0144sku\u201d, opracowan\u0105 przez Przedsi\u0119biorstwo Geologiczne Geoprojekt Szczecin Sp\u00f3\u0142ka z o.o.<\/p>\n<p align=\"justify\">Opublikowa\u0142 w czasopismach fachowych i wydawnictwach specjalistycznych ponad 30 artyku\u0142\u00f3w. Odznaczony zosta\u0142 Z\u0142ot\u0105 Odznak\u0105 Zas\u0142u\u017cony dla Polskiej Geologii, Srebrnym Krzy\u017cem Zas\u0142ugi oraz Krzy\u017cem Kawalerskim Orderu Odrodzenia Polski.<\/p>\n<p align=\"justify\">Jest cz\u0142onkiem Polskiego Komitetu Geotechniki oraz od kilku lat Polskiego Komitetu Normalizacyjnego, Komitetu Technicznego nr 254 ds. geotechniki.<\/p>\n<p><em>Mgr Leszek Twar\u00f3g<\/em><\/p>\n","protected":false},"excerpt":{"rendered":"<p>Mgr in\u017c. Bohdan Buca urodzi\u0142 si\u0119 w Tczewie 09 maja 1934 r. Ojciec by\u0142 powsta\u0144cem wielkopolskim, uczestnikiem wojny 1920 r., oficerem zawodowym Wojska Polskiego, w 1939 r. trafi\u0142 do oflagu, do domu wr\u00f3ci\u0142 w 1946 roku. Do szko\u0142y podstawowej w\u00a0czasie okupacji i po wyzwoleniu ucz\u0119szcza\u0142 w Tczewie, gdzie te\u017c uko\u0144czy\u0142 Liceum Og\u00f3lnokszta\u0142c\u0105ce, zdaj\u0105c egzamin maturalny [&hellip;]<\/p>\n","protected":false},"author":1,"featured_media":0,"parent":256,"menu_order":0,"comment_status":"closed","ping_status":"closed","template":"","meta":{"footnotes":""},"class_list":["post-279","page","type-page","status-publish","hentry"],"_links":{"self":[{"href":"https:\/\/www.geotechnika.org.pl\/index.php?rest_route=\/wp\/v2\/pages\/279","targetHints":{"allow":["GET"]}}],"collection":[{"href":"https:\/\/www.geotechnika.org.pl\/index.php?rest_route=\/wp\/v2\/pages"}],"about":[{"href":"https:\/\/www.geotechnika.org.pl\/index.php?rest_route=\/wp\/v2\/types\/page"}],"author":[{"embeddable":true,"href":"https:\/\/www.geotechnika.org.pl\/index.php?rest_route=\/wp\/v2\/users\/1"}],"replies":[{"embeddable":true,"href":"https:\/\/www.geotechnika.org.pl\/index.php?rest_route=%2Fwp%2Fv2%2Fcomments&post=279"}],"version-history":[{"count":4,"href":"https:\/\/www.geotechnika.org.pl\/index.php?rest_route=\/wp\/v2\/pages\/279\/revisions"}],"predecessor-version":[{"id":284,"href":"https:\/\/www.geotechnika.org.pl\/index.php?rest_route=\/wp\/v2\/pages\/279\/revisions\/284"}],"up":[{"embeddable":true,"href":"https:\/\/www.geotechnika.org.pl\/index.php?rest_route=\/wp\/v2\/pages\/256"}],"wp:attachment":[{"href":"https:\/\/www.geotechnika.org.pl\/index.php?rest_route=%2Fwp%2Fv2%2Fmedia&parent=279"}],"curies":[{"name":"wp","href":"https:\/\/api.w.org\/{rel}","templated":true}]}}