{"id":290,"date":"2015-01-26T20:57:58","date_gmt":"2015-01-26T20:57:58","guid":{"rendered":"http:\/\/www.geotechnika.org.pl\/?page_id=290"},"modified":"2015-01-26T20:57:58","modified_gmt":"2015-01-26T20:57:58","slug":"prof-zw-dr-hab-inz-zygmunt-glazer","status":"publish","type":"page","link":"https:\/\/www.geotechnika.org.pl\/?page_id=290","title":{"rendered":"Prof. zw. dr hab. in\u017c. Zygmunt Glazer"},"content":{"rendered":"<p align=\"justify\"><strong><a href=\"http:\/\/www.geotechnika.org.pl\/wp-content\/uploads\/2015\/01\/Zygmunt-Glazer.jpg\"><img loading=\"lazy\" decoding=\"async\" class=\" size-full wp-image-291 alignright\" src=\"http:\/\/www.geotechnika.org.pl\/wp-content\/uploads\/2015\/01\/Zygmunt-Glazer.jpg\" alt=\"Zygmunt Glazer\" width=\"260\" height=\"320\" srcset=\"https:\/\/www.geotechnika.org.pl\/wp-content\/uploads\/2015\/01\/Zygmunt-Glazer.jpg 260w, https:\/\/www.geotechnika.org.pl\/wp-content\/uploads\/2015\/01\/Zygmunt-Glazer-244x300.jpg 244w\" sizes=\"auto, (max-width: 260px) 100vw, 260px\" \/><\/a>Profesor Zygmunt Glazer<\/strong> urodzi\u0142 si\u0119 w \u0141odzi 1 maja 1922\u00a0roku. W\u00a0 mie\u015bcie rodzinnym prze\u017cy\u0142 lata dzieci\u0119ce i\u00a0m\u0142odzie\u0144cze. W 1939 roku, jeszcze przed wojn\u0105, uzyska\u0142 \u015bwiadectwo\u00a0 maturalne.<\/p>\n<p align=\"justify\">Pod koniec 1939 roku Niemcy wysiedlili z \u0141odzi rodzin\u0119 Profesora. Po kr\u00f3tkiej w\u0119dr\u00f3wce po Polsce, Profesor osiada w\u00a0Warszawie. W stolicy pracuje na r\u00f3\u017cnych budowach, ko\u0144czy szko\u0142\u0119 budowlan\u0105 i w 1943 roku uzyskuje dyplom technika budowlanego. W roku 1944 ko\u0144czy jeden rok Wy\u017cszej Szko\u0142y Technicznej \u2013 niekt\u00f3re egzaminy zdaje u przedwojennych profesor\u00f3w Politechniki Warszawskiej.<\/p>\n<p align=\"justify\">Profesor, b\u0119d\u0105c w Warszawie \u201eobcy\u201d, dopiero w 1942 roku (po zaprzysi\u0119\u017ceniu) wst\u0119puje do AK. W\u0142\u0105cza si\u0119 do czynnej walki z\u00a0okupantem, zaci\u0105ga si\u0119 do batalionu Sok\u00f3\u0142 OW KB przy ul. Nowogrodzkiej, zostaje \u017co\u0142nierzem kompanii szturmowej. Podczas Powstania Warszawskiego bierze udzia\u0142 w akcjach,\u00a0 pe\u0142ni s\u0142u\u017cb\u0119 na barykadach, g\u0142\u00f3wnie w rejonie Al. Jerozolimskich, Brackiej, Nowego \u015awiatu oraz Placu Trzech Krzy\u017cy. Po kapitulacji powstania poprzez O\u017car\u00f3w trafia do obozu w\u00a0Lamsdorfie, a nast\u0119pnie na d\u0142u\u017cej do oboz\u00f3w w Markt Pongau, Kaiserstei?nbruch (pod Wiedniem) i Tschubach, gdzie pracuje jako jeniec (nr\u00a0105247) mi\u0119dzy innymi przy odgruzowywaniu Salzburga oraz budowie linii kolejowych. W maju 1945 roku je\u0144cy, w tym Profesor, przeprowadzeni zostaj\u0105 pieszo do Szwajcarii i\u00a0internowani, odbywaj\u0105c kwarantann\u0119 w Bremgarten. Nast\u0119pnie Profesor zostaje w\u0142\u0105czony w szeregi polskiej 2 dywizji Strzelc\u00f3w Pieszych. W\u00f3wczas usi\u0142uje bezskutecznie dosta\u0107 si\u0119 do obozu studenckiego w Winterthur, jednak zatrudniony zostaje w wojskowych magazynach w miejscowo\u015bci St. Blaise, obok Neuchatel.<\/p>\n<p align=\"justify\">Po zako\u0144czeniu wojny, pod koniec 1945 roku Profesor wraca do Polski i od stycznia 1946 roku kontynuuje studia na Politechnice Warszawskiej. W roku 1948 za prac\u0119 z konstrukcji stalowych uzyskuje dyplom in\u017cyniera i magistra nauk technicznych. Jednocze\u015bnie rozpoczyna prac\u0119 zawodow\u0105 najpierw w przedsi\u0119biorstwie prywatnym, nast\u0119pnie w Spo\u0142ecznym Przedsi\u0119biorstwie Budowlanym Warszawa II. Profesor Zygmunt Glazer, maj\u0105c ju\u017c praktyczne do\u015bwiadczenie, szybko awansuje. Pe\u0142ni rol\u0119 kierownika budowy obiekt\u00f3w powstaj\u0105cych w \u015br\u00f3dmie\u015bciu Warszawy, mi\u0119dzy innymi szpitala przy Litewskiej oraz dom\u00f3w przy Placu Konstytucji, tzw. MDM.<\/p>\n<p align=\"justify\">Po tym jak Profesor Zygmunt Glazer nie otrzymuje mieszkania na MDM-ie, kt\u00f3re \u201ewybudowa\u0142\u201d, zwalnia si\u0119 z pracy w\u00a0budownictwie i rozpoczyna prac\u0119 dydaktyczn\u0105 i naukow\u0105 na uczelniach warszawskich. Najpierw w latach 1952\/1953 na Politechnice Warszawskiej na Wydziale Budownictwa Wodnego jako adiunkt, p\u00f3\u017aniej zostaje zast\u0119pc\u0105 profesora. R\u00f3wnocze\u015bnie rozpoczyna prac\u0119 na p\u00f3\u0142 etatu jako zast\u0119pca profesora na Wydziale Geologii Uniwersytetu Warszawskiego. W tym okresie Profesor Zygmunt Glazer prowadzi wyk\u0142ady z technologii budownictwa w SGPiS. W roku akademickim 1958\/1959 uzyskuje stypendium holenderskie, w ramach kt\u00f3rego ko\u0144czy roczny kurs International Course of Hydraulic Engineering na Politechnice w Delft.<\/p>\n<p align=\"justify\">W pa\u017adzierniku 1959 roku na Wydziale Budownictwa Wodnego Politechniki Warszawskiej Zygmunt Glazer broni prac\u0119 doktorsk\u0105, dotycz\u0105c\u0105 statycznej pracy nabrze\u017cy oczepowych.\u00a0 We wrze\u015bniu 1961 roku, po przedstawieniu rozprawy habilitacyjnej \u201eMetody wykre\u015blne wyznaczania linii po\u015blizgu w gruncie\u201d, zdaniu egzaminu i wyg\u0142oszeniu wyk\u0142adu, uzyskuje na Wydziale Budownictwa Wodnego Politechniki Gda\u0144skiej stopie\u0144 naukowy doktora habilitowanego i dyplom docenta.<\/p>\n<p align=\"justify\">W roku 1971 Zygmunt Glazer uzyskuje tytu\u0142 naukowy i stanowisko profesora nadzwyczajnego, a w 1978 roku tytu\u0142 profesora zwyczajnego. W roku 1982, maj\u0105c 60 lat i odpowiednie uprawnienia kombatanckie, Profesor Zygmunt Glazer przechodzi na emerytur\u0119.<\/p>\n<p align=\"justify\">Profesor, b\u0119d\u0105c specjalist\u0105 w dziedzinie budownictwa l\u0105dowego oraz\u00a0 budownictwa wodnego, ca\u0142\u0105 energi\u0119 a\u017c do dzi\u015b koncentruje na nowo powstaj\u0105cej na Uniwersytecie Warszawskim dyscyplinie \u2013 geologii in\u017cynierskiej, ze szczeg\u00f3lnym uwzgl\u0119dnieniem mechaniki grunt\u00f3w i geotechniki. Profesor Zygmunt Glazer od 1953 roku kierowa\u0142 pracowni\u0105 w Zak\u0142adzie Geologii Technicznej (w Katedrze Czwartorz\u0119du), a od 1958 Zak\u0142adem Badania Pod\u0142o\u017ca Budowlanego (w Katedrze Geologii In\u017cynierskiej) i do 1982 roku Zak\u0142adem Mechaniki Grunt\u00f3w i\u00a0Fundamentowania (w Instytucie Hydrogeologii i Geologii In\u017cynierskiej). W latach 50-tych stan wiedzy na temat kszta\u0142cenia w\u00a0zakresie geologii in\u017cynierskiej by\u0142 niewielki. Trzeba by\u0142o opracowa\u0107 podstawy merytoryczne, metody i teorie geologiczno-in\u017cynierskich bada\u0144 oraz ich praktyczne aplikacje dla dzia\u0142alno\u015bci budowlanej i g\u00f3rniczej. Jako zami\u0142owany dydaktyk przygotowa\u0142 i\u00a0stworzy\u0142 Profesor wzorcowe programy nauczania, szczeg\u00f3lnie w\u00a0zakresie przedmiot\u00f3w technicznych: mechaniki i\u00a0wytrzyma\u0142o\u015bci materia\u0142\u00f3w, mechaniki grunt\u00f3w, fundamentowania, budownictwa l\u0105dowego i wodnego. W swoim zak\u0142adzie organizowa\u0142 pracowni\u0119 \u2013 laboratorium badania grunt\u00f3w i ska\u0142. Wszechstronno\u015b\u0107 Profesora przejawia\u0142a si\u0119 mi\u0119dzy innymi w r\u00f3\u017cnorodno\u015bci prowadzonych zaj\u0119\u0107 dydaktycznych. Wyk\u0142ada\u0142 takie przedmioty, jak: geometria wykre\u015blna, technologia przemys\u0142u budowlanego, budownictwo og\u00f3lne i drewniane, mechanika grunt\u00f3w, fundamentowanie, elementy budownictwa wodnego i l\u0105dowego. Za szczeg\u00f3lnie istotne w tym pocz\u0105tkowym okresie tworzenia si\u0119 geologii in\u017cynierskiej nale\u017cy uzna\u0107 pierwsze skrypty (jedne z\u00a0pierwszych w\u00a0Polsce), przeznaczone g\u0142\u00f3wnie dla student\u00f3w i\u00a0geolog\u00f3w pracuj\u0105cych w przedsi\u0119biorstwach, mi\u0119dzy innymi:<\/p>\n<ul>\n<li>1957 \u2013 \u201eObliczenia napr\u0119\u017ce\u0144, osiada\u0144 i stateczno\u015bci zboczy\u201d,<\/li>\n<li>1965 \u2013 \u201eParcie i odp\u00f3r gruntu\u201d,<\/li>\n<li>1977, 1985 \u2013 \u201eMechanika grunt\u00f3w\u201d.<\/li>\n<\/ul>\n<p align=\"justify\">Ostatni podr\u0119cznik (\u201eMechanika grunt\u00f3w\u201d), podsumowuj\u0105cy dorobek Profesora, stanowi du\u017ce osi\u0105gni\u0119cie naukowe. Zosta\u0142 napisany oryginalnie, przejrzy\u015bcie i zwi\u0119\u017ale.\u00a0 Przez wiele lat by\u0142 niedo\u015bcignionym przyk\u0142adem nowoczesnego podr\u0119cznika akademickiego. Nale\u017cy podkre\u015bli\u0107, \u017ce du\u017cym uznaniem cieszy\u0142 si\u0119 jeszcze jeden podr\u0119cznik akademicki (wydany w 1991 roku we wsp\u00f3\u0142autorstwie) pt. \u201eGeologia i geotechnika dla in\u017cynier\u00f3w budownictwa\u201d. By\u0142 on przeznaczony dla student\u00f3w wszystkich wydzia\u0142\u00f3w budownictwa szk\u00f3\u0142 politechnicznych i in\u017cynierskich, dla student\u00f3w kierunku geologia in\u017cynierska, a tak\u017ce dla in\u017cynier\u00f3w praktyk\u00f3w, kt\u00f3rzy przeprowadzaj\u0105 badania geotechniczne na potrzeby szeroko pojmowanego budownictwa.<\/p>\n<p align=\"justify\">Profesor Zygmunt Glazer przez ca\u0142e \u017cycie uczy\u0142 innych, sam r\u00f3wnie\u017c kszta\u0142c\u0105c si\u0119, g\u0142\u00f3wnie podczas wykonywania kolejnych opracowa\u0144 naukowo-badawczych, opinii, ekspertyz zwi\u0105zanych z konkretnymi obiektami budowlanymi. Zdobywa\u0142\u00a0 do\u015bwiadczenie w czasie wielu wyjazd\u00f3w na r\u00f3\u017cne budowy, do kopal\u0144 odkrywkowych, na trasy kolejowe i autostradowe, sk\u0142adowiska. Liczne badania\u00a0 terenowe i\u00a0 obserwacje r\u00f3\u017cnych awarii budowlanych stanowi\u0142y znakomit\u0105 szko\u0142\u0119 z dziedziny geologii, geologii in\u017cynierskiej, geotechniki i budownictwa.<\/p>\n<p align=\"justify\">Profesor naucza\u0142 student\u00f3w na uczelniach warszawskich: Uniwersytecie Warszawskim, Politechnice Warszawskiej i\u00a0Szkole G\u0142\u00f3wnej Planowania i Statystyki. Kierowa\u0142 osobi\u015bcie 53 pracami magisterskimi. By\u0142 promotorem 11 prac doktorskich. W kierowanym przez Profesora zak\u0142adzie zosta\u0142o uko\u0144czonych 5 rozpraw habilitacyjnych. Z tego grona 4 osoby otrzyma\u0142y tytu\u0142y profesor\u00f3w. Fotograficzne portrety doktor\u00f3w-wychowank\u00f3w zdobi\u0105 \u015bciany gabinetu Profesora do dzisiaj. W rankingach na najlepszego wyk\u0142adowc\u0119 na Wydziale Geologii profesor zdobywa\u0142 zawsze miejsca w czo\u0142\u00f3wce, cz\u0119sto pierwsze.<\/p>\n<p align=\"justify\">Niezwykle aktywn\u0105 rol\u0119 odegra\u0142 Profesor w tworzeniu geologii in\u017cynierskiej na Uniwersytecie Warszawskim. Mo\u017cna Go uzna\u0107 za wsp\u00f3\u0142tw\u00f3rc\u0119 tzw. warszawskiej szko\u0142y geologii in\u017cynierskiej. Profesor jako wszechstronny in\u017cynier, nauczyciel i badacz osi\u0105gn\u0105\u0142 znacz\u0105ce wyniki naukowe g\u0142\u00f3wnie w zakresie mechaniki grunt\u00f3w i geotechniki. Opublikowa\u0142 59 artyku\u0142\u00f3w i rozpraw.\u00a0 Jest autorem 8 podr\u0119cznik\u00f3w i skrypt\u00f3w. Jego prace dotycz\u0105 przede wszystkim:<\/p>\n<ul>\n<li>zagadnie\u0144 teoretycznych w mechanice grunt\u00f3w,<\/li>\n<li>zasad prognozowania proces\u00f3w in\u017cyniersko-geologicznych wywo\u0142anych gospodarcz\u0105 dzia\u0142alno\u015bci\u0105 cz\u0142owieka,<\/li>\n<li>problem\u00f3w geotechnicznych podczas sk\u0142adowania odpad\u00f3w antropogenicznych,<\/li>\n<li>proces\u00f3w i zjawisk geodynamicznych (w tym deformacji filtracyjnych, powierzchniowych ruch\u00f3w masowych itp.),<\/li>\n<li>zagadnie\u0144 geoin\u017cynierii \u015brodowiska.<\/li>\n<\/ul>\n<p align=\"justify\">Do najistotniejszych osi\u0105gni\u0119\u0107 Profesora (poza wspomnian\u0105 \u201eMechanik\u0105 grunt\u00f3w\u201d) nale\u017cy zaliczy\u0107 prace dotycz\u0105ce:<br \/>\nzastosowania metody \u015bcie\u017cki obci\u0105\u017cenia do bada\u0144 grunt\u00f3w,<\/p>\n<ul>\n<li>roli spadku krytycznego w rozwoju sufozji zwietrzelin,<\/li>\n<li>metod bada\u0144 popio\u0142\u00f3w jako materia\u0142u konstrukcyjnego,<\/li>\n<li>wp\u0142ywu powierzchni nieci\u0105g\u0142o\u015bci na wytrzyma\u0142o\u015b\u0107 grunt\u00f3w i stateczno\u015b\u0107 zboczy,<\/li>\n<li>wp\u0142ywu technologii sk\u0142adowania na kszta\u0142towanie si\u0119 w\u0142a\u015bciwo\u015bci odpad\u00f3w energetycznych i hutniczych,<\/li>\n<li>wsp\u00f3\u0142czynnika konsolidacji jako parametru do prognozowania przebiegu konsolidacji grunt\u00f3w,<\/li>\n<li>konsolidacji pod\u0142o\u017ca gruntowego przy zastosowaniu dren\u00f3w piaskowych,<\/li>\n<li>pe\u0142zania szkieletu gruntowego podczas konsolidacji,<\/li>\n<li>osiadania powierzchni terenu wskutek g\u0142\u0119bokiego odwadniania,<\/li>\n<li>dynamiki ruch\u00f3w osuwiskowych w i\u0142ach trzeciorz\u0119dowych.<\/li>\n<\/ul>\n<p align=\"justify\">Osi\u0105gni\u0119cia teoretyczno-poznawcze pozwala\u0142y Profesorowi na wykorzystywanie uzyskiwanych wynik\u00f3w w dzia\u0142alno\u015bci praktycznej w wielu przedsi\u0119wzi\u0119iach inwestycyjnych.<\/p>\n<p align=\"justify\">Geografia tych przedsi\u0119wzi\u0119\u0107 jest niezwykle bogata. Prace dla tzw. gospodarki narodowej obejmuj\u0105: zbiornik wodny w\u00a0\u201ePrzeczycach\u201d, zbiorniki: \u201eCh\u0119ciny\u201d, \u201eRacib\u00f3rz\u201d, \u201eWarszawa-P\u00f3\u0142noc\u201d, \u201eWyszogr\u00f3d\u201d, jeziora mazurskie, osadniki poflotacyjne Kopalni Siarki w Machowie, stawy osadowe Zak\u0142ad\u00f3w Sodowych w Inowroc\u0142awiu, sk\u0142adowiska popio\u0142\u00f3w elektrowni: \u201e\u0141aziska\u201d, \u201eKozienice\u201d, \u201eOstro\u0142\u0119ka\u201d, zbocza odkrywek Kopalni Siarki w Machowie i Kopalni W\u0119gla Brunatnego \u201eBe\u0142chat\u00f3w\u201d, Skarpa P\u0142ocka, Centralna Magistrala Kolejowa (CMK), elektrownie szczytowo-pompowe: \u201ePor\u0119bka-\u017bar\u201d i \u201eM\u0142oty\u201d oraz jeszcze wiele innych obiekt\u00f3w w ca\u0142ej Polsce. Profesor pracowa\u0142 w\u00a0licznych zespo\u0142ach konsultacyjnych, niekt\u00f3rym z nich przewodniczy\u0142. Z najwa\u017cniejszych mo\u017cna wymieni\u0107: zesp\u00f3\u0142 doradc\u00f3w ds. geologii i odwadniania Kopalni Mach\u00f3w, zesp\u00f3\u0142 doradc\u00f3w ds. geologicznych przy budowie elektrowni Por\u0119bka-\u017bar, rada naukowo-techniczna ds. rewaloryzacji zespo\u0142u staromiejskiego i zabezpieczenia Skarpy P\u0142ockiej. Profesor konsultowa\u0142 prace projektowe zap\u00f3r w: D\u0119bem, Dobczycach, Czorsztynie, M\u0142otach oraz posadowienie elektrowni w Rogowcu, komin\u00f3w elektrowni Siekierki, Opole i Pruszk\u00f3w.<\/p>\n<p align=\"justify\">Profesor by\u0142 wielokrotnie odznaczany i nagradzany. Do wa\u017cniejszych nagr\u00f3d i odznacze\u0144 nale\u017c\u0105:<\/p>\n<ul>\n<li>osi\u0105gni\u0119cia z zakresu bada\u0144 grunt\u00f3w antropogenicznych zosta\u0142y wpisane do Ksi\u0119gi Czyn\u00f3w i Osi\u0105gni\u0119\u0107 Nauki Polskiej w 1973 r.,<\/li>\n<li>nagrody za dzia\u0142alno\u015b\u0107 dydaktyczno-naukow\u0105 rektora UW w 1978 i 1981 oraz Nagroda Ministra Szkolnictwa Wy\u017cszego i Techniki w 1980 r.,<\/li>\n<li>nagrody MNSzWiT za dzia\u0142alno\u015b\u0107 na potrzeby gospodarki w 1974 i 1975.,<\/li>\n<li>odznaczenia pa\u0144stwowe: 1952 Srebrny Krzy\u017c Zas\u0142ugi, 1973 Krzy\u017c Kawalerski OCP, Medal Komisji Edukacji Narodowej, Zas\u0142u\u017cony Nauczyciel PRL,<\/li>\n<li>odznaki: Zas\u0142u\u017cony dla Siarkopolu, Z\u0142ota Odznaka Zas\u0142u\u017cony dla Polskiej Geologii, Honorowa Odznaka Zas\u0142u\u017cony Pracownik OBRTG, odznaka za zas\u0142ugi dla woj. p\u0142ockiego,<\/li>\n<li>kilkana\u015bcie medali, mi\u0119dzy innymi: medale Budowniczy CMK, Uniwersytetu Warszawskiego, XXX lat KIZPS Siarkopol.<\/li>\n<\/ul>\n<p align=\"justify\">Osobn\u0105 grup\u0119 medali i krzy\u017cy stanowi\u0105 odznaczenia za dzia\u0142alno\u015b\u0107 niepodleg\u0142o\u015bciow\u0105, a mianowicie: Medal Wojska (1948, Londyn), Krzy\u017c Armii Krajowej (1971, Londyn), Warszawski Krzy\u017c Powsta\u0144czy (1985), Krzy\u017c Partyzancki (1992), Krzy\u017c Armii Krajowej (1993 \u2013\u00a0 powt\u00f3rnie), medal za Warszaw\u0119 (1994), Odznaka Akcji Burza (1994), Odznaka Weterana Walk o Niepodleg\u0142o\u015b\u0107 (1995).<\/p>\n<p align=\"justify\">Profesor dzia\u0142a w licznych organizacjach naukowych i zawodowych. Do dzisiaj nale\u017cy do IAEG (Mi\u0119dzynarodowej Asocjacji Geologii In\u017cynierskiej i \u015arodowiska, od 1970) i do ISSMFF (Mi\u0119dzynarodowej Asocjacji Mechaniki Grunt\u00f3w i\u00a0In\u017cynierii Geotechnicznej, od 1959). W Naczelnej Organizacji Technicznej Profesor pracuje od 1948 roku, pocz\u0105tkowo b\u0119d\u0105c cz\u0142onkiem PZITB, a od roku 1964 SITG. W latach 1964-1970 by\u0142 prezesem Ko\u0142a Zak\u0142adowego SITG przy Uniwersytecie Warszawskim. Za t\u0119 dzia\u0142alno\u015b\u0107 w NOT otrzyma\u0142 kilka odznacze\u0144. Od roku 1967 Profesor by\u0142 cz\u0142onkiem Rady Naukowej OBRTG, pe\u0142ni\u0105c od 1991 funkcj\u0119 przewodnicz\u0105cego. W roku 1992 by\u0142 cz\u0142onkiem za\u0142o\u017cycielem AIP (Akademii In\u017cynierskiej w Polsce) oraz pe\u0142ni\u0142 funkcj\u0119 przewodnicz\u0105cego Komisji Rewizyjnej. Nale\u017cy podkre\u015bli\u0107 dzia\u0142alno\u015b\u0107 Profesora w Komisji Dokumentacji Geologiczno-In\u017cynierskiej przy Ministrze \u015arodowiska, gdzie pe\u0142ni\u0142 funkcj\u0119 cz\u0142onka i zast\u0119pcy przewodnicz\u0105cego oraz by\u0142 cz\u0142onkiem i przewodnicz\u0105cym Komisji Egzaminacyjnej do Uprawnie\u0144 Geologiczno-In\u017cynierskich.<\/p>\n<p align=\"justify\">Ju\u017c od 27 lat Profesor Zygmunt Glazer\u00a0 przebywa na emeryturze. Przez te wszystkie lata odwiedza Wydzia\u0142 Geologii, przychodzi g\u0142\u00f3wnie do swojego Zak\u0142adu. Pocz\u0105tkowo uczestniczy\u0142 w pracach Zak\u0142adu (obecnie Zak\u0142ad Geomechaniki), prowadz\u0105c\u00a0 zlecone zaj\u0119cia dydaktyczne i\u00a0 bior\u0105c udzia\u0142 w recenzowaniu prac KBN oraz licznych publikacji. Do dzi\u015b\u00a0 wspomaga Zak\u0142ad oraz swych wychowank\u00f3w profesor\u00f3w swoim do\u015bwiadczeniem i radami.<br \/>\nProfesor Zygmunt Glazer wni\u00f3s\u0142 do szeroko poj\u0119tej geologii in\u017cynierskiej (g\u0142\u00f3wnie do mechaniki grunt\u00f3w i geotechniki) to, co najcenniejsze \u2013 dobrze wykszta\u0142con\u0105, fachow\u0105 kadr\u0119, trwa\u0142e warto\u015bci w postaci podr\u0119cznik\u00f3w i prac oraz wymierny wk\u0142ad w\u00a0rozwi\u0105zywanie wielu praktycznych zagadnie\u0144.<br \/>\nProfesor \u2013 Antoni Kleczkowski rektor AGH (r\u00f3wnolatek Profesora) na jubileusz 40-lecia pracy Prof. Zygmunta Glazera napisa\u0142 \u201eNiech starczy Mu energii i si\u0142, by m\u00f3g\u0142 si\u0119 jak najd\u0142u\u017cej przyczynia\u0107 do rozwoju geologii in\u017cynierskiej, do praktycznego jej stosowania ku og\u00f3lnemu po\u017cytkowi. By stawiaj\u0105c zawsze tak swoim partnerom w pracy, jak i sobie wysokie wymagania, m\u00f3g\u0142 budowa\u0107 nadal zr\u0119by zaufania i porozumienia mi\u0119dzy naukami geologicznymi i technik\u0105, na pograniczach r\u00f3\u017cnych dyscyplin, na styku nauki z praktyk\u0105\u201d.<\/p>\n<p align=\"justify\">Przy\u0142\u0105czamy si\u0119 do tych \u017cycze\u0144 ca\u0142ym sercem. Pragniemy r\u00f3wnie\u017c doda\u0107, \u017ce bez\u00a0 Profesora Zygmunta Glazera nie byliby\u015bmy tymi, kt\u00f3rymi jeste\u015bmy.<\/p>\n<p><em>Prof. dr hab. in\u017c. Andrzej Dr\u0105gowski,<br \/>\nProf. dr hab. in\u017c. Ryszard Kaczy\u0144ski,<br \/>\nProf. dr hab. in\u017c. Joanna Pini\u0144ska<\/em><\/p>\n","protected":false},"excerpt":{"rendered":"<p>Profesor Zygmunt Glazer urodzi\u0142 si\u0119 w \u0141odzi 1 maja 1922\u00a0roku. W\u00a0 mie\u015bcie rodzinnym prze\u017cy\u0142 lata dzieci\u0119ce i\u00a0m\u0142odzie\u0144cze. W 1939 roku, jeszcze przed wojn\u0105, uzyska\u0142 \u015bwiadectwo\u00a0 maturalne. Pod koniec 1939 roku Niemcy wysiedlili z \u0141odzi rodzin\u0119 Profesora. Po kr\u00f3tkiej w\u0119dr\u00f3wce po Polsce, Profesor osiada w\u00a0Warszawie. W stolicy pracuje na r\u00f3\u017cnych budowach, ko\u0144czy szko\u0142\u0119 budowlan\u0105 i w [&hellip;]<\/p>\n","protected":false},"author":1,"featured_media":0,"parent":256,"menu_order":0,"comment_status":"closed","ping_status":"closed","template":"","meta":{"footnotes":""},"class_list":["post-290","page","type-page","status-publish","hentry"],"_links":{"self":[{"href":"https:\/\/www.geotechnika.org.pl\/index.php?rest_route=\/wp\/v2\/pages\/290","targetHints":{"allow":["GET"]}}],"collection":[{"href":"https:\/\/www.geotechnika.org.pl\/index.php?rest_route=\/wp\/v2\/pages"}],"about":[{"href":"https:\/\/www.geotechnika.org.pl\/index.php?rest_route=\/wp\/v2\/types\/page"}],"author":[{"embeddable":true,"href":"https:\/\/www.geotechnika.org.pl\/index.php?rest_route=\/wp\/v2\/users\/1"}],"replies":[{"embeddable":true,"href":"https:\/\/www.geotechnika.org.pl\/index.php?rest_route=%2Fwp%2Fv2%2Fcomments&post=290"}],"version-history":[{"count":1,"href":"https:\/\/www.geotechnika.org.pl\/index.php?rest_route=\/wp\/v2\/pages\/290\/revisions"}],"predecessor-version":[{"id":292,"href":"https:\/\/www.geotechnika.org.pl\/index.php?rest_route=\/wp\/v2\/pages\/290\/revisions\/292"}],"up":[{"embeddable":true,"href":"https:\/\/www.geotechnika.org.pl\/index.php?rest_route=\/wp\/v2\/pages\/256"}],"wp:attachment":[{"href":"https:\/\/www.geotechnika.org.pl\/index.php?rest_route=%2Fwp%2Fv2%2Fmedia&parent=290"}],"curies":[{"name":"wp","href":"https:\/\/api.w.org\/{rel}","templated":true}]}}