{"id":296,"date":"2015-01-26T21:01:50","date_gmt":"2015-01-26T21:01:50","guid":{"rendered":"http:\/\/www.geotechnika.org.pl\/?page_id=296"},"modified":"2015-01-26T21:02:46","modified_gmt":"2015-01-26T21:02:46","slug":"prof-zw-dr-hab-inz-maciej-gryczmanski","status":"publish","type":"page","link":"https:\/\/www.geotechnika.org.pl\/?page_id=296","title":{"rendered":"Prof. zw. dr hab. in\u017c. Maciej Gryczma\u0144ski"},"content":{"rendered":"<p><a href=\"http:\/\/www.geotechnika.org.pl\/wp-content\/uploads\/2015\/01\/Maciej-Gryczma\u0144ski.jpg\"><img loading=\"lazy\" decoding=\"async\" class=\"alignright size-full wp-image-297\" src=\"http:\/\/www.geotechnika.org.pl\/wp-content\/uploads\/2015\/01\/Maciej-Gryczma\u0144ski.jpg\" alt=\"Maciej Gryczma\u0144ski\" width=\"224\" height=\"331\" srcset=\"https:\/\/www.geotechnika.org.pl\/wp-content\/uploads\/2015\/01\/Maciej-Gryczma\u0144ski.jpg 224w, https:\/\/www.geotechnika.org.pl\/wp-content\/uploads\/2015\/01\/Maciej-Gryczma\u0144ski-203x300.jpg 203w\" sizes=\"auto, (max-width: 224px) 100vw, 224px\" \/><\/a>Urodzi\u0142 si\u0119 11 lutego 1937 roku w Kazimierzu, nieopodal Sosnowca. Tu te\u017c ucz\u0119szcza\u0142 do szko\u0142y podstawowej, natomiast do szko\u0142y \u015bredniej (LO im. Stanis\u0142awa Staszica) w Sosnowcu. Absolwent Wydzia\u0142u Budownictwa Og\u00f3lnego i Przemys\u0142owego Politechniki \u015al\u0105skiej w Gliwicach (1954-1960).<\/p>\n<p>Bezpo\u015brednio po uko\u0144czeniu studi\u00f3w rozpocz\u0105\u0142 prac\u0119 w Biurze Projekt\u00f3w Energetycznych \u201eEnergoprojekt\u201d Gliwice, pracuj\u0105c przez cztery lata jako starszy asystent projektanta i projektant, a przez rok na budowie jako starszy inspektor nadzoru w elektrowni \u201eBlachownia w budowie\u201d w Blachowni \u015al\u0105skiej. Od wrze\u015bnia 1965 roku wi\u0105\u017ce si\u0119 z Politechnika \u015al\u0105sk\u0105, a \u015bci\u015blej z Katedr\u0105 Mechaniki Grunt\u00f3w i Fundamentowania. Doktorat obroni\u0142 w 1973 r. Praca doktorska pt.: \u201eAnaliza pod\u0142o\u017ca uwarstwionego metod\u0105 element\u00f3w sko\u0144czonych\u201d jako pierwsza w kraju dotyczy\u0142a wykorzystania w geomechanice znanej zaledwie od kilku lat metody element\u00f3w sko\u0144czonych. Z dniem 1 wrze\u015bnia 1974 roku dr in\u017c. Maciej Gryczma\u0144ski przenosi si\u0119 do Wy\u017cszej Szko\u0142y In\u017cynierskiej w Opolu, gdzie pracuje na stanowisku docenta kontraktowego, a nast\u0119pnie docenta i profesora nadzwyczajnego do 1992. W 1984 roku uzyskuje tytu\u0142 doktora habilitowanego nauk technicznych w specjalno\u015bci \u201eGeotechnika\u201d. Z dniem 1 pa\u017adziernika 1992 roku rozpoczyna prac\u0119 na Wydziale Budownictwa Politechniki \u015al\u0105skiej na stanowisku profesora nadzwyczajnego w Katedrze Geotechniki, kt\u00f3rej te\u017c zostaje kierownikiem. Funkcj\u0119 t\u0119 piastuje do 31 sierpnia 2006 r. W 1997 otrzymuje tytu\u0142 profesora, a w 2002 roku zostaje profesorem zwyczajnym w Katedrze Geotechniki.<\/p>\n<p>Na dotychczasowe 50 lat pracy, 45 przepracowa\u0142 Profesor Gryczma\u0144ski na uczelniach wy\u017cszych, kieruj\u0105c jednostkami naukowo-dydaktycznymi przez 33 lata. Jego dorobek naukowy zawarty zosta\u0142 w 185 publikacjach, w tym 6-ciu pracach zwartych i artyku\u0142ach o charakterze monograficznym. Bardzo wa\u017cn\u0105 pozycj\u0119 w\u015br\u00f3d nich stanowi\u0105 referaty tematyczne (state-of-the-art) i referaty generalne (\u0142\u0105cznie 33), wyg\u0142aszane na najwa\u017cniejszych konferencjach og\u00f3lnopolskich (np. Konferencja Krynicka, Awarie Budowlane, Krajowe Konferencje Mechaniki Grunt\u00f3w i Fundamentowania) i konferencjach zagranicznych na zam\u00f3wienia organizator\u00f3w. Tw\u00f3rczy dorobek Profesora dotyczy g\u0142ownie modelowania konstytutywnego grunt\u00f3w (w tym w\u0142asny model spr\u0119\u017cysto-plastyczny), metod element\u00f3w sko\u0144czonych i brzegowych w geomechanice oraz nieliniowej analizy zagadnie\u0144 interakcji budowla &#8211; grunt.<\/p>\n<p>Wypromowa\u0142 dotychczas Profesor 10 doktor\u00f3w nauk technicznych. Trzy dalsze przewody s\u0105 aktualnie otwarte. Niezwykle istotn\u0105 cz\u0119\u015b\u0107 pracy naukowej Profesora stanowi\u0105 recenzje prac doktorskich, habilitacyjnych oraz wniosk\u00f3w o tytu\u0142 naukowy profesora lub stanowisko profesora nadzwyczajnego i zwyczajnego. Dorobek w tym zakresie ma Profesor Maciej Gryczma\u0144ski imponuj\u0105cy, zamykaj\u0105c go \u0142\u0105czn\u0105 liczb\u0105 105.<\/p>\n<p>Warto tutaj r\u00f3wnie\u017c wspomnie\u0107 o przewodniczeniu przez Profesora ju\u017c od roku 1994 przez kolejne cztery kadencje Sekcji Geotechniki KILiW PAN oraz Jego dzia\u0142alno\u015b\u0107 w Polskim Komitecie Geotechniki i w KBN przez dwie kadencje.<\/p>\n<p>Zawsze s\u0105 i by\u0142y bliskie Profesorowi kontakty z przemys\u0142em, widoczne szczeg\u00f3lnie w ostatnich 20 latach. Na sta\u0142e wsp\u00f3\u0142pracuje lub wsp\u00f3\u0142pracowa\u0142 m.in. z: Przedsi\u0119biorstwem PRIN\u017bBUD-5 Sp. z o. o w \u015awi\u0119toch\u0142owicach, Katowickim Przedsi\u0119biorstwem Budownictwa Przemys\u0142owego \u201eBudus\u201d S.A. w Katowicach, Drogow\u0105 Tras\u0105 \u015arednicow\u0105 S.A. w Katowicach, Generaln\u0105 Dyrekcj\u0105 Dr\u00f3g Krajowych i Autostrad \u2013 Oddzia\u0142 w Katowicach; Prin\u017c &#8211; Holdingem S.A w Katowicach; Transprojektem w Krakowie, Complexem Projektem Katowice, Przedsi\u0119biorstwem INTIF w Katowicach, Elikopolem w Bielsku-Bia\u0142ej.<\/p>\n<p>Wsp\u00f3\u0142prac\u0119 z przedsi\u0119biorstwami geologicznymi rozpocz\u0105\u0142 ju\u017c w styczniu 1967 roku, pracuj\u0105c przez pe\u0142ne pi\u0119\u0107 lat (do grudnia 1972) na p\u00f3\u0142 etatu jako rzeczoznawca gruntowy w Wojew\u00f3dzkim Przedsi\u0119biorstwie Wiertniczo-Geologicznym w Tychach. Dope\u0142nieniem kontakt\u00f3w z przemys\u0142em by\u0142a firma Doradztwo i Projektowanie Geotechniczne \u201eGEOKONSULTING\u201d, kt\u00f3rej by\u0142 w\u0142a\u015bcicielem w latach 1989-2007.<\/p>\n<p>Na zlecenie podmiot\u00f3w gospodarczych Profesor Gryczma\u0144ski opracowa\u0142 oko\u0142o 800 ekspertyz i projekt\u00f3w.<\/p>\n<p>Wyrazem uznania ze strony organizacji technicznych, w\u0142adz Uczelni i Pa\u0144stwa Polskiego s\u0105 odznaczenia, kt\u00f3re Profesor otrzyma\u0142: nagroda Zarz\u0105du G\u0142\u00f3wnego PZITB im. W\u0142. \u017benczykowskiego w roku 1980, nagrody Rektora indywidualne I i II stopnia za osi\u0105gni\u0119cia naukowe, organizacyjne i rozw\u00f3j kadry w latach 1998, 1999, 2002 i 2004 oraz Z\u0142oty Krzy\u017c Zas\u0142ugi (1986), zas\u0142u\u017cony dla Opolszczyzny i Politechniki \u015al\u0105skiej (odpowiednio: 1979 i 1999), szczeg\u00f3lnie bliski Profesorowi Medal Komisji Edukacji Narodowej (2001) i Krzy\u017c Kawalerski Orderu Odrodzenia Polski &#8211; kl. V (2003).<\/p>\n","protected":false},"excerpt":{"rendered":"<p>Urodzi\u0142 si\u0119 11 lutego 1937 roku w Kazimierzu, nieopodal Sosnowca. Tu te\u017c ucz\u0119szcza\u0142 do szko\u0142y podstawowej, natomiast do szko\u0142y \u015bredniej (LO im. Stanis\u0142awa Staszica) w Sosnowcu. Absolwent Wydzia\u0142u Budownictwa Og\u00f3lnego i Przemys\u0142owego Politechniki \u015al\u0105skiej w Gliwicach (1954-1960). Bezpo\u015brednio po uko\u0144czeniu studi\u00f3w rozpocz\u0105\u0142 prac\u0119 w Biurze Projekt\u00f3w Energetycznych \u201eEnergoprojekt\u201d Gliwice, pracuj\u0105c przez cztery lata jako starszy [&hellip;]<\/p>\n","protected":false},"author":1,"featured_media":0,"parent":256,"menu_order":0,"comment_status":"closed","ping_status":"closed","template":"","meta":{"footnotes":""},"class_list":["post-296","page","type-page","status-publish","hentry"],"_links":{"self":[{"href":"https:\/\/www.geotechnika.org.pl\/index.php?rest_route=\/wp\/v2\/pages\/296","targetHints":{"allow":["GET"]}}],"collection":[{"href":"https:\/\/www.geotechnika.org.pl\/index.php?rest_route=\/wp\/v2\/pages"}],"about":[{"href":"https:\/\/www.geotechnika.org.pl\/index.php?rest_route=\/wp\/v2\/types\/page"}],"author":[{"embeddable":true,"href":"https:\/\/www.geotechnika.org.pl\/index.php?rest_route=\/wp\/v2\/users\/1"}],"replies":[{"embeddable":true,"href":"https:\/\/www.geotechnika.org.pl\/index.php?rest_route=%2Fwp%2Fv2%2Fcomments&post=296"}],"version-history":[{"count":1,"href":"https:\/\/www.geotechnika.org.pl\/index.php?rest_route=\/wp\/v2\/pages\/296\/revisions"}],"predecessor-version":[{"id":298,"href":"https:\/\/www.geotechnika.org.pl\/index.php?rest_route=\/wp\/v2\/pages\/296\/revisions\/298"}],"up":[{"embeddable":true,"href":"https:\/\/www.geotechnika.org.pl\/index.php?rest_route=\/wp\/v2\/pages\/256"}],"wp:attachment":[{"href":"https:\/\/www.geotechnika.org.pl\/index.php?rest_route=%2Fwp%2Fv2%2Fmedia&parent=296"}],"curies":[{"name":"wp","href":"https:\/\/api.w.org\/{rel}","templated":true}]}}