{"id":299,"date":"2015-01-26T21:03:26","date_gmt":"2015-01-26T21:03:26","guid":{"rendered":"http:\/\/www.geotechnika.org.pl\/?page_id=299"},"modified":"2015-01-26T21:03:26","modified_gmt":"2015-01-26T21:03:26","slug":"prof-dr-hab-inz-zbigniew-mlynarek","status":"publish","type":"page","link":"https:\/\/www.geotechnika.org.pl\/?page_id=299","title":{"rendered":"Prof. dr hab. in\u017c. Zbigniew M\u0142ynarek"},"content":{"rendered":"<p align=\"justify\"><strong><a href=\"http:\/\/www.geotechnika.org.pl\/wp-content\/uploads\/2015\/01\/Zbigniew-M\u0142ynarek.jpg\"><img loading=\"lazy\" decoding=\"async\" class=\"alignright size-full wp-image-300\" src=\"http:\/\/www.geotechnika.org.pl\/wp-content\/uploads\/2015\/01\/Zbigniew-M\u0142ynarek.jpg\" alt=\"Zbigniew M\u0142ynarek\" width=\"242\" height=\"320\" srcset=\"https:\/\/www.geotechnika.org.pl\/wp-content\/uploads\/2015\/01\/Zbigniew-M\u0142ynarek.jpg 242w, https:\/\/www.geotechnika.org.pl\/wp-content\/uploads\/2015\/01\/Zbigniew-M\u0142ynarek-227x300.jpg 227w\" sizes=\"auto, (max-width: 242px) 100vw, 242px\" \/><\/a>Prof. dr hab. in\u017c. Zbigniew M\u0142ynarek<\/strong>, profesor zwyczajny Uniwersytetu Przyrodniczego w Poznaniu urodzi\u0142 si\u0119 1 grudnia 1939 roku w\u00a0Toruniu, w\u00a0rodzinie inteligenckiej, zamieszka\u0142ej od pokole\u0144 w Wielkopolsce.<\/p>\n<p align=\"justify\">Studia wy\u017csze na Wydziale Budownictwa Politechniki Pozna\u0144skiej uko\u0144czy\u0142 w roku 1962 uzyskuj\u0105c dyplom magistra in\u017cyniera budownictwa o\u00a0specjalno\u015bci konstrukcje budowlane. Bezpo\u015brednio po zako\u0144czeniu studi\u00f3w podj\u0105\u0142 prac\u0119 w Katedrze Mechaniki Grunt\u00f3w i\u00a0Fundamentowania macierzystej uczelni. Mia\u0142 szcz\u0119\u015bcie stawia\u0107 pierwsze kroki w karierze naukowej pod kierunkiem znakomitych specjalist\u00f3w z zakresu fundamentowania profesor\u00f3w: Jerzego Orzechowskiego i Jerzego Przysta\u0144skiego. Szybko, bo po dw\u00f3ch latach terminowania, znalaz\u0142 sw\u0105 w\u0142asn\u0105 drog\u0119 naukow\u0105. Przej\u015bcie do organizuj\u0105cej si\u0119 Katedry Gruntoznawstwa i\u00a0Budownictwa Ziemnego Wy\u017cszej Szko\u0142y Rolniczej w Poznaniu ukierunkowa\u0142o Jego zainteresowania na badania mechanicznych w\u0142a\u015bciwo\u015bci grunt\u00f3w in\u00a0situ i w laboratorium. Temu wa\u017cnemu nurtowi rozwojowemu geotechniki pozosta\u0142 wierny do dzi\u015b, systematycznie doskonal\u0105c sw\u00f3j warsztat naukowy, rozszerzaj\u0105c poszukiwania i wzbogacaj\u0105c wydatnie \u015bwiatowy dorobek w przywo\u0142anej dziedzinie.<\/p>\n<p align=\"justify\">Jego naukowa kariera jest spektakularnym przyk\u0142adem wzorcowego rozwoju. Jego rozprawa doktorska by\u0142a pierwsz\u0105 polsk\u0105 prac\u0105 naukow\u0105 po\u015bwi\u0119con\u0105 sondowaniom\u00a0 statycznym. Jako krok we w\u0142a\u015bciwym kierunku, bardzo trafne poci\u0105gni\u0119cie uzna\u0107 nale\u017cy sta\u017ce naukowe w Instytucie Geotechniki Politechniki Budapeszta\u0144skiej pod kierunkiem profesora Arpada Kezdiego i\u00a0w\u00a0Katedrze Geotechniki Politechniki w Lubljanie pod opiek\u0105 profesora Ivana Sovinca. Obaj nale\u017celi do \u015bcis\u0142ej \u015bwiatowej czo\u0142\u00f3wki w dziedzinie geotechniki. W Politechnice Budapeszta\u0144skiej przygotowana zosta\u0142a rozprawa habilitacyjna Profesora M\u0142ynarka po\u015bwi\u0119cona zastosowaniu sondowa\u0144 statycznych do grunt\u00f3w spoistych, zako\u0144czona pomy\u015blnie w\u00a0roku 1978 kolokwium habilitacyjnym w Szkole G\u0142\u00f3wnej Gospodarstwa Wiejskiego w Warszawie. By\u0142a to pierwsza dysertacja habilitacyjna w\u00a0Polsce dotycz\u0105ca sondowa\u0144 statycznych. Uzyska\u0142a wyr\u00f3\u017cnienie i nagrod\u0119 Rektora Akademii Rolniczej w\u00a0Poznaniu.<\/p>\n<p align=\"justify\">Od tamtych lat nazwisko Profesora znaczy\u0142o coraz wi\u0119cej w\u00a0\u015bwiatowej geotechnice. U \u017ar\u00f3de\u0142 tego wspinania si\u0119 po szczeblach kariery by\u0142y przede wszystkim oryginalne osi\u0105gni\u0119cia tw\u00f3rcze w zakresie penetracyjnych bada\u0144 mechanicznych parametr\u00f3w grunt\u00f3w, przede wszystkim sondowa\u0144 statycznych CPT, CPTU, DCPTU (sondowa\u0144 z zastosowaniem dylatosto\u017cka).<\/p>\n<p align=\"justify\">Profesor gromadzi\u0142 do\u015bwiadczenia badawcze i tw\u00f3rczo pracowa\u0142 nad teoretyczn\u0105 interpretacj\u0105 wynik\u00f3w. Jego dorobek w\u00a0tym zakresie jest szczeg\u00f3lnie spektakularny. Nale\u017cy tu wymieni\u0107 w\u0142asn\u0105 propozycj\u0119 zwi\u0105zk\u00f3w korelacyjnych, kt\u00f3re umo\u017cliwia\u0142y przewidywanie parametr\u00f3w wytrzyma\u0142o\u015bciowych, modu\u0142\u00f3w odkszta\u0142cenia i wsp\u00f3\u0142czynnika prekonsolidacji OCR na podstawie bada\u0144 piezosond\u0105 (CPTU), stworzenie podstaw prognozowania na bazie bada\u0144 penetracyjnych parametr\u00f3w geotechnicznych grunt\u00f3w bezstrukturalnych, np. odpad\u00f3w poflotacyjnych. Zajmowa\u0142 si\u0119 modyfikacj\u0105 procedury Hardera-Blocha w zakresie filtracji charakterystyk penetracji, zastosowaniem do estymacji parametr\u00f3w analizy wymiarowej itp. Zakres tw\u00f3rczych zainteresowa\u0144 Profesora M\u0142ynarka jest bardzo szeroki. Nie spos\u00f3b wymieni\u0107 nawet cz\u0119\u015bci Jego tw\u00f3rczego dorobku. Na to trzeba\u00a0 by znacznie obszerniejszego opracowania rodzaju state of the art. Podstawowe dla ka\u017cdego uczonego osi\u0105gni\u0119cia w dziedzinie bada\u0144 naukowych otwar\u0142y przed Profesorem M\u0142ynarkiem pole do dzia\u0142ania w innych sferach aktywno\u015bci akademickiej i in\u017cynierskiej. Na szczeg\u00f3ln\u0105 uwag\u0119 zas\u0142uguj\u0105 liczne przyk\u0142ady szerzenia zaawansowanej wiedzy w uprawianej przez siebie dziedzinie. Profesorowi powierza si\u0119 przygotowywanie i prezentacj\u0119 szczeg\u00f3lnie w \u015bwiecie naukowym cenionych wyk\u0142ad\u00f3w tematycznych na renomowanych kongresach (Bombaj, Izmir, Link\u00f6ping, Madryt, Londyn, Helsinki, Harbin). Wielokrotnie pe\u0142ni\u0142 te\u017c na zam\u00f3wienie organizator\u00f3w mi\u0119dzynarodowych konferencji funkcj\u0119 generalnego reportera i panelisty. Nale\u017cy tu wymieni\u0107 konferencje w Lubljanie, Brnie, Orlando, Pradze, Instambule, Taipei, Pekinie, Bali.<\/p>\n<p align=\"justify\">Obraz profesora nauk technicznych by\u0142by daleko niepe\u0142ny, gdyby zabrak\u0142o w nim kwalifikowanej dzia\u0142alno\u015bci in\u017cynierskiej i\u00a0wdro\u017ceniowej. W przypadku Profesora M\u0142ynarka jest to dzia\u0142alno\u015b\u0107 szczeg\u00f3lnie bogata. Najwa\u017cniejsze w tym obszarze wydaje si\u0119 jednak has\u0142o \u2013 HEBO. Prowadzona przez Profesora firma zajmuj\u0105ca si\u0119 badaniami in situ reprezentuje obecnie poziom realizacyjny niedost\u0119pny dla innych przedsi\u0119biorstw krajowych. Decyduje o tym posiadanie najnowocze\u015bniejszych urz\u0105dze\u0144 penetracyjnych, w tym sto\u017ck\u00f3w elektrycznych, piezosto\u017ck\u00f3w, dylatosto\u017ck\u00f3w, sto\u017ck\u00f3w sejsmicznych itp. Kluczowym elementem wysokiego poziomu bada\u0144 penetracyjnych realizowanych przez HEBO jest nowoczesna interpretacja wynik\u00f3w, wykorzystuj\u0105ca elementy statystyki matematycznej, analizy wymiarowej, modelowania konstytutywnego i analiz numerycznych.<\/p>\n<p align=\"justify\">Nie spos\u00f3b pomin\u0105\u0107 dorobku Profesora w zakresie organizacji nauki i kwalifikowanej dzia\u0142alno\u015bci in\u017cynierskiej. Przez 33 lata by\u0142 kierownikiem Zak\u0142adu, p\u00f3\u017aniej Katedry Geotechniki Akademii Rolniczej (obecnie Uniwersytetu Przyrodniczego) w\u00a0Poznaniu, tworz\u0105c z prowadzonej przez siebie jednostki jeden z najwa\u017cniejszych geotechnicznych o\u015brodk\u00f3w naukowo-dydaktycznych w Polsce, kt\u00f3ry cieszy si\u0119 du\u017cym autorytetem na \u015bwiecie. Przez trzy kadencje (1996-2007) pe\u0142ni\u0142 z wyboru funkcj\u0119 Sekretarza Generalnego Polskiego Komitetu Geotechniki, a\u00a0w latach 2002 do 2008 jego Prezydenta i cz\u0142onka Prezydium Mi\u0119dzynarodowego Stowarzyszenia Mechaniki Grunt\u00f3w i\u00a0In\u017cynierii Geotechnicznej. Obecnie jest wiceprezydentem Polskiego Komitetu Geotechniki. Na szczeg\u00f3ln\u0105 uwag\u0119 zas\u0142uguj\u0105 cykliczne geotechniczne seminaria organizowane przez Profesora w Poznaniu, po\u015bwi\u0119cone problematyce bada\u0144 penetracyjnych, kt\u00f3re skupiaj\u0105 zawsze czo\u0142\u00f3wk\u0119 \u015bwiatow\u0105 uczonych w\u00a0tej dziedzinie. Posiada uprawnienia geologiczne wydane przez Centralny Urz\u0105d Geologii i Certyfikat Polskiego Komitetu Geotechniki. Jest wsp\u00f3\u0142tw\u00f3rc\u0105 Rotary Club Inernational, Oddzia\u0142 w\u00a0Poznaniu, w kt\u00f3rym pe\u0142ni\u0142 przez jedn\u0105 kadencj\u0119 godno\u015b\u0107 Prezydenta. Za dzia\u0142alno\u015b\u0107 na rzecz pomocy charytatywnej otrzyma\u0142 w\u00a02004\u00a0r. Krzy\u017c Komandorski Orderu \u015aw. Stanis\u0142awa. Profesor M\u0142ynarek cieszy si\u0119 du\u017cym uznaniem w \u015brodowisku naukowc\u00f3w francuskich oraz w kr\u0119gach geotechnik\u00f3w zajmuj\u0105cych si\u0119 badaniami in situ w Holandii, Stanach Zjednoczonych, W\u0142oszech, Norwegii. \u0141\u0105cza Go wi\u0119zy przyja\u017ani i wsp\u00f3\u0142pracy z\u00a0tak wybitnymi geotechnikami, jak prof. Samglerat, prof. Robertson, prof.\u00a0Marchetti, prof. Mayne oraz dr Lunne, dr Powell.<\/p>\n<p align=\"justify\">Niezale\u017cnie od imponuj\u0105cej wiedzy w zakresie geotechniki, nale\u017cy podkre\u015bli\u0107 niezwykle interesuj\u0105c\u0105 osobowo\u015b\u0107 Profesora, Jego wysok\u0105 kultur\u0119 osobist\u0105, szerok\u0105 skal\u0119 zainteresowa\u0144. Mo\u017cna powiedzie\u0107, \u017ce we wszystkim, co czyni \u2013 jest profesorem w\u00a0pe\u0142ni tego znaczeniu.<\/p>\n<p align=\"justify\"><em>Prof. dr hab. in\u017c. Maciej Gryczma\u0144ski<br \/>\nPolitechnika \u015al\u0105ska<\/em><\/p>\n","protected":false},"excerpt":{"rendered":"<p>Prof. dr hab. in\u017c. Zbigniew M\u0142ynarek, profesor zwyczajny Uniwersytetu Przyrodniczego w Poznaniu urodzi\u0142 si\u0119 1 grudnia 1939 roku w\u00a0Toruniu, w\u00a0rodzinie inteligenckiej, zamieszka\u0142ej od pokole\u0144 w Wielkopolsce. Studia wy\u017csze na Wydziale Budownictwa Politechniki Pozna\u0144skiej uko\u0144czy\u0142 w roku 1962 uzyskuj\u0105c dyplom magistra in\u017cyniera budownictwa o\u00a0specjalno\u015bci konstrukcje budowlane. Bezpo\u015brednio po zako\u0144czeniu studi\u00f3w podj\u0105\u0142 prac\u0119 w Katedrze Mechaniki Grunt\u00f3w [&hellip;]<\/p>\n","protected":false},"author":1,"featured_media":0,"parent":256,"menu_order":0,"comment_status":"closed","ping_status":"closed","template":"","meta":{"footnotes":""},"class_list":["post-299","page","type-page","status-publish","hentry"],"_links":{"self":[{"href":"https:\/\/www.geotechnika.org.pl\/index.php?rest_route=\/wp\/v2\/pages\/299","targetHints":{"allow":["GET"]}}],"collection":[{"href":"https:\/\/www.geotechnika.org.pl\/index.php?rest_route=\/wp\/v2\/pages"}],"about":[{"href":"https:\/\/www.geotechnika.org.pl\/index.php?rest_route=\/wp\/v2\/types\/page"}],"author":[{"embeddable":true,"href":"https:\/\/www.geotechnika.org.pl\/index.php?rest_route=\/wp\/v2\/users\/1"}],"replies":[{"embeddable":true,"href":"https:\/\/www.geotechnika.org.pl\/index.php?rest_route=%2Fwp%2Fv2%2Fcomments&post=299"}],"version-history":[{"count":1,"href":"https:\/\/www.geotechnika.org.pl\/index.php?rest_route=\/wp\/v2\/pages\/299\/revisions"}],"predecessor-version":[{"id":301,"href":"https:\/\/www.geotechnika.org.pl\/index.php?rest_route=\/wp\/v2\/pages\/299\/revisions\/301"}],"up":[{"embeddable":true,"href":"https:\/\/www.geotechnika.org.pl\/index.php?rest_route=\/wp\/v2\/pages\/256"}],"wp:attachment":[{"href":"https:\/\/www.geotechnika.org.pl\/index.php?rest_route=%2Fwp%2Fv2%2Fmedia&parent=299"}],"curies":[{"name":"wp","href":"https:\/\/api.w.org\/{rel}","templated":true}]}}