{"id":302,"date":"2015-01-26T21:05:00","date_gmt":"2015-01-26T21:05:00","guid":{"rendered":"http:\/\/www.geotechnika.org.pl\/?page_id=302"},"modified":"2015-01-26T21:05:00","modified_gmt":"2015-01-26T21:05:00","slug":"prof-dr-inz-jan-pachowski","status":"publish","type":"page","link":"https:\/\/www.geotechnika.org.pl\/?page_id=302","title":{"rendered":"Prof. dr in\u017c. Jan Pachowski"},"content":{"rendered":"<p align=\"justify\"><strong><a href=\"http:\/\/www.geotechnika.org.pl\/wp-content\/uploads\/2015\/01\/Jan-Pachowski.jpg\"><img loading=\"lazy\" decoding=\"async\" class=\"alignright size-full wp-image-303\" src=\"http:\/\/www.geotechnika.org.pl\/wp-content\/uploads\/2015\/01\/Jan-Pachowski.jpg\" alt=\"Jan Pachowski\" width=\"246\" height=\"320\" srcset=\"https:\/\/www.geotechnika.org.pl\/wp-content\/uploads\/2015\/01\/Jan-Pachowski.jpg 246w, https:\/\/www.geotechnika.org.pl\/wp-content\/uploads\/2015\/01\/Jan-Pachowski-231x300.jpg 231w\" sizes=\"auto, (max-width: 246px) 100vw, 246px\" \/><\/a>Prof. Jan Pachowski<\/strong> urodzi\u0142 si\u0119 21 maja 1926 r. w Rokitnie na Wo\u0142yniu, w rodzinie inteligenckiej. Ojciec, kt\u00f3ry by\u0142 ochotnikiem wojny 1920 r., w wolnej Polsce pracowa\u0142 jako nauczyciel i\u00a0dzia\u0142acz spo\u0142eczny.<\/p>\n<p align=\"justify\">W 1939 r. Profesor ko\u0144czy szko\u0142\u0119 podstawow\u0105. W tym roku traci ojca. W czasie okupacji sowieckiej zatrudnia si\u0119 przy wydobyciu torfu i kontynuuje nauk\u0119 w\u00a0polskiej szkole \u015bredniej. W\u00a01943\u00a0r. uczestniczy w\u00a0samoobronie Polak\u00f3w przed atakami band ukrai\u0144skich. Tego samego roku przenosi si\u0119 wraz z matk\u0105 i\u00a0m\u0142odszymi bra\u0107mi do Rembertowa pod Warszaw\u0105, a rok p\u00f3\u017aniej po przysi\u0119dze zostaje przyj\u0119ty do AK, przybiera pseudonim \u017bbik i uczestniczy w akcji \u201eBurza\u201d. Udaje mu si\u0119 unikn\u0105\u0107 aresztowania najpierw przez Niemc\u00f3w, a p\u00f3\u017aniej przez Sowiet\u00f3w.<\/p>\n<p align=\"justify\">W 1946 r., po uko\u0144czeniu Liceum Matematyczno-Fizycznego, podejmuje studia na Wydziale In\u017cynierii L\u0105dowej Politechniki Warszawskiej. W 1952 r. uzyskuje tytu\u0142 magistra in\u017cyniera w\u00a0specjalno\u015bci drogi i lotniska na podstawie pracy \u201eProjekt szybu wentylacyjnego stacji metra przy Ogrodzie Saskim\u201d.<\/p>\n<p align=\"justify\">Jeszcze jako student w 1951 r. rozpoczyna prac\u0119 w Zak\u0142adzie Mechaniki Grunt\u00f3w i Fundamentowania Instytutu Techniki Budowlanej, jednocze\u015bnie dodatkowo jest zatrudniony na stanowiska asystenta w Katedrze Geotechniki na Wydziale Budownictwa Przemys\u0142owego Politechniki Warszawskiej. W ITB pracuje kolejno jako asystent, starszy asystent i kierownik Pracowni Fundamentowania do chwili przej\u015bcia w 1957 r. do Instytutu Budownictwa Drogowego, obecnie IBDiM.<\/p>\n<p align=\"justify\">W latach 1951-1957 \u2013 z upowa\u017cnienia prof. Zenona Wi\u0142una i\u00a0we wsp\u00f3\u0142pracy z Pa\u0144stwowym Instytutem Geologicznym \u2013 prowadzi\u0142 badania obci\u0105\u017ce\u0144 pod\u0142o\u017ca w szybach g\u00f3rniczych i\u00a0otworach wiertniczych dla takich obiekt\u00f3w jak PKiN w Warszawie, Elektrociep\u0142ownia \u017bera\u0144, Huta Warszawa i innych wi\u0119kszych bud\u00f3w na terenie Polski.<\/p>\n<p align=\"justify\">Profesor jest prekursorem wykorzystania popio\u0142\u00f3w i zastosowania ich w drogownictwie oraz budownictwie in\u017cynieryjnym. Ju\u017c p\u00f3\u0142 wieku temu m\u0142ody in\u017cynier, Jan Pachowski, we wsp\u00f3\u0142pracy z m\u0142odymi i przedwojennymi in\u017cynierami, obmy\u015bli\u0142 i opracowa\u0142 now\u0105 technologi\u0119 budowy dr\u00f3g lokalnych metod\u0105 stabilizacji gruntu. Innowacyjne rozwi\u0105zanie polega\u0142o na wdro\u017ceniu podbud\u00f3w ze stabilizowanych grunt\u00f3w miejscowych. Wystarcza\u0142 do tego cement niskiej marki lub popi\u00f3\u0142 po w\u0119glu brunatnym, maj\u0105cy te same mo\u017cliwo\u015bci wi\u0105\u017c\u0105ce. Dzi\u0119ki otwarto\u015bci i zaanga\u017cowaniu drogowc\u00f3w Rzeszowszczyzny powsta\u0142o bardzo szybko kilkaset kilometr\u00f3w ulepszonych dr\u00f3g na Podkarpaciu, kt\u00f3re pod wzgl\u0119dem g\u0119sto\u015bci sieci drogowej wyprzedzi\u0142o wiele wojew\u00f3dztw Polski \u015brodkowej i zachodniej.<\/p>\n<p align=\"justify\">Jego pasja zwi\u0105zana z odpadami energetycznymi zosta\u0142a najpierw udokumentowana prac\u0105 doktorsk\u0105 pt.: \u201eStabilizacja grunt\u00f3w do cel\u00f3w drogowych popio\u0142ami lotnymi z w\u0119gla brunatnego Okr\u0119gu Koni\u0144skiego\u201d (1969 r.), a p\u00f3\u017aniej wieloma publikacjami i wdro\u017ceniami. Najwa\u017cniejsza dla bran\u017cy UPS (ubocznych produkt\u00f3w spalania) jest ksi\u0105\u017cka Jego autorstwa pt.: \u201ePopio\u0142y lotne i\u00a0ich zastosowanie w budownictwie drogowym\u201d (WK\u0141, Warszawa 1976 r.), kt\u00f3ra do dzi\u015b jest \u201eelementarzem\u201d technolog\u00f3w zajmuj\u0105cych si\u0119 t\u0105 tematyk\u0105. R\u00f3wnie\u017c w ksi\u0105\u017cce prof. Zenona Wi\u0142una pt. \u201eZarys geotechniki\u201d (WK\u0141, Warszawa 1976) uwzgl\u0119dniono niekt\u00f3re wcze\u015bniejsze osi\u0105gni\u0119cia prof. Jana Pachowskiego w zakresie stabilizacji grunt\u00f3w cementem, wapnem i popio\u0142ami lotnymi oraz projektowania podatnych konstrukcji nawierzchni drogowych i kontroli ich no\u015bno\u015bci.<\/p>\n<p align=\"justify\">Profesor Pachowski wsp\u00f3\u0142pracowa\u0142 z wieloma instytucjami naukowymi i projektowymi, b\u0119d\u0105c m. in. konsultantem i rzeczoznawc\u0105 w Geoprojekcie i Warszawskim Biurze Projekt\u00f3w Dr\u00f3g i\u00a0Most\u00f3w, prowadzi\u0142 wyk\u0142ady dla student\u00f3w z mechaniki grunt\u00f3w i fundamentowania na Politechnice Warszawskiej, Politechnice Krakowskiej, Akademii Rolniczej \u2013 SGGW w Warszawie. W 1977 r. uzyska\u0142 tytu\u0142 naukowy profesora nadzwyczajnego nauk technicznych.<\/p>\n<p align=\"justify\">Cechowa\u0142a Go niezwyk\u0142a aktywno\u015b\u0107 zawodowa. Bra\u0142 czynny udzia\u0142 w pracach Rady Naukowej Instytutu Gospodarki Komunalnej, Komitetu In\u017cynierii L\u0105dowej PAN, Rady Naukowej Instytutu Technicznego Wojsk Lotniczych, Rady Wydzia\u0142u In\u017cynierii L\u0105dowej Politechniki Warszawskiej, Rady Naukowej Centralnego O\u015brodka Bada\u0144 i Rozwoju, Techniki Kolejnictwa, Sekcji Drogowej Rady Techniczno-Ekonomicznej przy Ministrze Komunikacji, Krajowego i Mi\u0119dzynarodowego Stowarzyszenia Mechaniki Grunt\u00f3w i Fundamentowania, Sekcji In\u017cynierii Komunikacyjnej PAN, Normalizacyjnej Komisji Problemowej ds. Geosyntetyk\u00f3w, Komisji IBDiM ds. oceny przygotowania firm do rob\u00f3t drogowych.<\/p>\n<p align=\"justify\">By\u0142 cz\u0142onkiem Mi\u0119dzynarodowego Stowarzyszenia \u015awiatowych Kongres\u00f3w Drogowych AIPCR\/PIARC i bra\u0142 udzia\u0142 w\u00a0pracach czterech Komitet\u00f3w Technicznych: Tanich Dr\u00f3g, Charakterystyk Nawierzchni, Nawierzchni Podatnych i Ochrony \u015arodowiska. Uczestniczy\u0142 w dziesi\u0119ciu \u015awiatowych Kongresach Drogowych: w Pradze, Meksyku, Wiedniu, Sydney, Brukseli, Madrycie, Marakeszu, Tokio, Montrealu i Manchesterze. Na podkre\u015blenie zas\u0142uguje to, \u017ce by\u0142 wsp\u00f3\u0142autorem lub autorem koordynatorem przygotowywanych na ka\u017cdy kongres referat\u00f3w, ponadto za ka\u017cdym razem zabiera\u0142 g\u0142os w dyskusji.<\/p>\n<p align=\"justify\">W czasie pracy w Instytucie Badawczym Dr\u00f3g i Most\u00f3w piastowa\u0142 wa\u017cne stanowiska, b\u0119d\u0105c kolejno kierownikiem Zak\u0142adu Geotechniki, dyrektorem ds. naukowo-badawczych, sekretarzem naukowym Instytutu i przewodnicz\u0105cym Rady Naukowej.<\/p>\n<p align=\"justify\">Profesor, kt\u00f3ry by\u0142 cz\u0142onkiem wielu in\u017cynierskich stowarzysze\u0144 krajowych i zagranicznych, opublikowa\u0142 ponad 200 artyku\u0142\u00f3w i 5 ksi\u0105\u017cek, opracowa\u0142 8 norm i przesz\u0142o 1000 opinii zawodowych z dziedziny technologii rob\u00f3t drogowych, geotechniki, ochrony \u015brodowiska i in\u017cynierii l\u0105dowej. By\u0142 wsp\u00f3\u0142autorem trzech opatentowanych wynalazk\u00f3w, promotorem dw\u00f3ch doktorat\u00f3w, opiniowa\u0142 kilkana\u015bcie prac doktorskich i habilitacyjnych oraz wniosk\u00f3w o nadanie tytu\u0142u naukowego profesora.<\/p>\n<p align=\"justify\">Chc\u0105c w\u0142a\u015bciwie scharakteryzowa\u0107 i oceni\u0107 osi\u0105gni\u0119cia in\u017cynierskie oraz naukowe Profesora Pachowskiego, trzeba bodaj w\u00a0skr\u00f3cie przedstawi\u0107 Jego dokonania:<\/p>\n<ul>\n<li>opracowa\u0142 metody bada\u0144 laboratoryjnych i polowych, kt\u00f3re zapewnia\u0142y stabilizacj\u0119 grunt\u00f3w cementem, wapnem i\u00a0popio\u0142ami lotnymi;<\/li>\n<li>ustali\u0142 metody bada\u0144 no\u015bno\u015bci nawierzchni, podbud\u00f3w i\u00a0pod\u0142o\u017cy gruntowych oraz odkszta\u0142ce\u0144 nawierzchni drogowych;<\/li>\n<li>okre\u015bli\u0142 wymagania dotycz\u0105ce no\u015bno\u015bci dr\u00f3g i ich ugi\u0119\u0107 w\u00a0zale\u017cno\u015bci od nat\u0119\u017cenia ruchu;<\/li>\n<li>opracowa\u0142 metod\u0119 wymiarowania nawierzchni drogowych z uwzgl\u0119dnieniem cech pod\u0142o\u017ca gruntowego, nat\u0119\u017cenia ruchu, rodzaj\u00f3w poszczeg\u00f3lnych warstw konstrukcji drogi, grunt\u00f3w stabilizowanych;<\/li>\n<li>stworzy\u0142 podstawy naukowe stabilizacji grunt\u00f3w lokalnych do budowy dr\u00f3g cementem, wapnem oraz popio\u0142ami lotnymi z w\u0119gla kamiennego i brunatnego;<\/li>\n<li>przyczyni\u0142 si\u0119 do wdro\u017cenia innowacyjnej metody wykonywania podbud\u00f3w z grunt\u00f3w miejscowych modyfikowanych za pomoc\u0105 stabilizacji;<\/li>\n<li>kierowa\u0142 badaniami i zastosowaniem popio\u0142\u00f3w lotnych z\u00a0w\u0119gla kamiennego do produkcji beton\u00f3w popio\u0142owych i budowy nasyp\u00f3w drogowych.<\/li>\n<\/ul>\n<p align=\"justify\">Du\u017ce znaczenie dla gospodarki drogowej Polski mia\u0142y prace Profesora nad wymiarowaniem konstrukcji nawierzchni podatnych i nad stabilizacj\u0105 grunt\u00f3w miejscowych w budownictwie komunikacyjnym oraz badania dotycz\u0105ce stosowania do budowy dr\u00f3g odpad\u00f3w przemys\u0142owych, zw\u0142aszcza popio\u0142\u00f3w lotnych.<\/p>\n<p align=\"justify\">Prace w dziedzinie projektowania konstrukcji nawierzchni podatnych pozwoli\u0142y uporz\u0105dkowa\u0107 zwi\u0105zane z tym zagadnienia w skali kraju, stanowi\u0142y inspiracj\u0119 do opracowania katalogu typowych rozwi\u0105za\u0144 i bada\u0144 trwa\u0142o\u015bci nawierzchni przy r\u00f3\u017cnych obci\u0105\u017ceniach i konstrukcjach nawierzchni. Cytowano je w\u00a0publikacjach zagranicznych.<\/p>\n<p align=\"justify\">Wdro\u017cenie do budownictwa drogowego podbud\u00f3w ze stabilizowanych grunt\u00f3w miejscowych usun\u0119\u0142o uci\u0105\u017cliwo\u015b\u0107 transportowania materia\u0142\u00f3w na du\u017ce odleg\u0142o\u015bci, co przyspieszy\u0142o roboty i przynios\u0142o oszcz\u0119dno\u015bci. Stabilizacja grunt\u00f3w wapnem palonym i popio\u0142ami lotnymi umo\u017cliwi\u0142a wykonywanie podbud\u00f3w drogowych, kt\u00f3re wymaga\u0142y g\u0142\u0119bokiej wymiany grunt\u00f3w. Warto doda\u0107, \u017ce prace z zakresu wymiarowania bada\u0144 konstrukcji, stabilizacji grunt\u00f3w cementem i utylizacji popio\u0142\u00f3w lotnych by\u0142y opublikowane w j\u0119zyku angielskim, niemieckim, w\u0119gierskim i\u00a0chorwackim.<\/p>\n<p align=\"justify\">Osi\u0105gni\u0119cia naukowe i in\u017cynierskie Profesora w zakresie unowocze\u015bnienia technologii dr\u00f3g, \u0142\u0105czenia nauki z praktyk\u0105, wspierania systemowych i indywidualnych rozwi\u0105za\u0144, nauczania i szkolenia zyska\u0142y uznanie. Otrzyma\u0142 Zespo\u0142ow\u0105 Nagrod\u0119 Pa\u0144stwow\u0105 II\u00a0stopnia za opracowanie i wdro\u017cenie stabilizacji grunt\u00f3w cementem i wapnem, nagrod\u0119 \u201e\u017bycia Warszawy\u201d Mistrz Techniki 1970 za opracowanie metod obliczenia wzmocnie\u0144 konstrukcji nawierzchni podatnych, Krzy\u017c Kawalerski Orderu Odrodzenia Polski, Medal Pami\u0105tkowy za udzia\u0142 w realizacji Trasy \u0141azienkowskiej, Z\u0142ot\u0105 Oznak\u0119 Honorow\u0105 SITK-NOT, Z\u0142ot\u0105 Odznak\u0119 Honorow\u0105 \u201eZa zas\u0142ugi dla Warszawy\u201d, Medal Jubileuszowy 25-lecia Komitetu In\u017cynierii L\u0105dowej PAN, nagrod\u0119 \u201eFeniks 2001\u201d za wdra\u017canie do budownictwa drogowego technologii stabilizacji grunt\u00f3w na bazie popio\u0142\u00f3w lotnych. Zosta\u0142 wyr\u00f3\u017cniony przez Ministra Kultury i\u00a0Dziedzictwa Narodowego odznak\u0105 \u201eZas\u0142u\u017cony Dzia\u0142acz Kultury\u201d, uzyska\u0142 nominacj\u0119 i wpis do \u201eZ\u0142otej Ksi\u0119gi Nauki Polskiej 2000 \u2013 Naukowcy Prze\u0142omu Wieku\u201d, a\u00a0tak\u017ce wpis do \u201eZ\u0142otej Ksi\u0119gi Nauki Polskiej \u2013 Naukowcy Zjednoczonej Europy\u201d.<\/p>\n<p align=\"justify\">We wrze\u015bniu 2007 r. w siedzibie NOT-u odby\u0142o si\u0119 jubileuszowe seminarium naukowe pt. \u201eGeotechnika w budownictwie drogowym\u201d po\u015bwi\u0119cone 50-leciu pracy Prof. Jana Pachowskiego w Instytucie Badawczym Dr\u00f3g i Most\u00f3w.<\/p>\n<p align=\"justify\">Prof. Pachowski stoi na stanowisku, \u017ce odpady energetyczne od lat stanowi\u0105 powa\u017cne zasoby materia\u0142\u00f3w dla budownictwa drogowego, nie s\u0105 jednak wystarczaj\u0105co wykorzystane. Odpowiednio stosowane, mog\u0105 stanowi\u0107 zamienniki surowc\u00f3w naturalnych, co pozwoli\u0142oby znacznie obni\u017cy\u0107 koszty budowy dr\u00f3g. Dotychczasowe wyniki bada\u0144 produkt\u00f3w spalania pozwalaj\u0105 stwierdzi\u0107, \u017ce nie stanowi\u0105 one zagro\u017ce\u0144 promieniotw\u00f3rczych dla otoczenia, a przy odpowiednich zabiegach mog\u0105 spe\u0142nia\u0107 r\u00f3wnie\u017c wymagania w zakresie ograniczonego wymywania szkodliwych dla \u015brodowiska zwi\u0105zk\u00f3w chemicznych i metali ci\u0119\u017ckich.<\/p>\n<p align=\"justify\">Osobna dziedzina dzia\u0142alno\u015bci Profesora wi\u0105\u017ce si\u0119 z Jego zainteresowaniami spo\u0142ecznymi i patriotycznymi. Pe\u0142ni On funkcj\u0119 zast\u0119pcy przewodnicz\u0105cego ko\u0142a kombatanckiego w Rembertowie, jest cz\u0142onkiem Stowarzyszenia Rodzin Katy\u0144skich i\u00a0Kr\u0119gu Pami\u0119ci Narodowej. Bierze udzia\u0142 w sesjach historycznych Muzeum Niepodleg\u0142o\u015bci, nale\u017cy do komitet\u00f3w obchod\u00f3w rocznic Powstania Listopadowego, Powstania Styczniowego i\u00a0Powstania W\u0119gierskiego 1956 r., partycypuje w budowie Alei Chwa\u0142y w Olszynce Grochowskiej.<\/p>\n<p align=\"justify\">Za dzia\u0142alno\u015b\u0107 kombatanck\u0105 i patriotyczn\u0105 zosta\u0142 odznaczony Medalem \u201eZ\u0142o dobrem zwyci\u0119\u017caj\u201d, nadanym przez Komitet ks.\u00a0Jerzego Popie\u0142uszki, Krzy\u017cem \u201eZa Zas\u0142ugi dla Zwi\u0105zku Kombatant\u00f3w Rzeczypospolitej\u201d i Medalem \u201ePro Memoria\u201d, nadanym przez Urz\u0105d ds. Kombatant\u00f3w i Os\u00f3b Represjonowanych.<\/p>\n<p align=\"justify\">Prof. Jan Pachowski w Instytucie Badawczym Dr\u00f3g i Most\u00f3w jest cz\u0142onkiem Rady Naukowej od 1971 r. oraz jej przewodnicz\u0105cym od 2010 roku do chwili obecnej.<\/p>\n<p align=\"justify\"><em>Prof. dr hab. in\u017c. Leszek Rafalski<br \/>\nInstytut Badawczy Dr\u00f3g i Most\u00f3w, Warszawa<\/em><\/p>\n","protected":false},"excerpt":{"rendered":"<p>Prof. Jan Pachowski urodzi\u0142 si\u0119 21 maja 1926 r. w Rokitnie na Wo\u0142yniu, w rodzinie inteligenckiej. Ojciec, kt\u00f3ry by\u0142 ochotnikiem wojny 1920 r., w wolnej Polsce pracowa\u0142 jako nauczyciel i\u00a0dzia\u0142acz spo\u0142eczny. W 1939 r. Profesor ko\u0144czy szko\u0142\u0119 podstawow\u0105. W tym roku traci ojca. W czasie okupacji sowieckiej zatrudnia si\u0119 przy wydobyciu torfu i kontynuuje nauk\u0119 [&hellip;]<\/p>\n","protected":false},"author":1,"featured_media":0,"parent":256,"menu_order":0,"comment_status":"closed","ping_status":"closed","template":"","meta":{"footnotes":""},"class_list":["post-302","page","type-page","status-publish","hentry"],"_links":{"self":[{"href":"https:\/\/www.geotechnika.org.pl\/index.php?rest_route=\/wp\/v2\/pages\/302","targetHints":{"allow":["GET"]}}],"collection":[{"href":"https:\/\/www.geotechnika.org.pl\/index.php?rest_route=\/wp\/v2\/pages"}],"about":[{"href":"https:\/\/www.geotechnika.org.pl\/index.php?rest_route=\/wp\/v2\/types\/page"}],"author":[{"embeddable":true,"href":"https:\/\/www.geotechnika.org.pl\/index.php?rest_route=\/wp\/v2\/users\/1"}],"replies":[{"embeddable":true,"href":"https:\/\/www.geotechnika.org.pl\/index.php?rest_route=%2Fwp%2Fv2%2Fcomments&post=302"}],"version-history":[{"count":1,"href":"https:\/\/www.geotechnika.org.pl\/index.php?rest_route=\/wp\/v2\/pages\/302\/revisions"}],"predecessor-version":[{"id":304,"href":"https:\/\/www.geotechnika.org.pl\/index.php?rest_route=\/wp\/v2\/pages\/302\/revisions\/304"}],"up":[{"embeddable":true,"href":"https:\/\/www.geotechnika.org.pl\/index.php?rest_route=\/wp\/v2\/pages\/256"}],"wp:attachment":[{"href":"https:\/\/www.geotechnika.org.pl\/index.php?rest_route=%2Fwp%2Fv2%2Fmedia&parent=302"}],"curies":[{"name":"wp","href":"https:\/\/api.w.org\/{rel}","templated":true}]}}