{"id":305,"date":"2015-01-26T21:09:01","date_gmt":"2015-01-26T21:09:01","guid":{"rendered":"http:\/\/www.geotechnika.org.pl\/?page_id=305"},"modified":"2015-01-26T21:09:01","modified_gmt":"2015-01-26T21:09:01","slug":"prof-dr-inz-jerzy-przystanski","status":"publish","type":"page","link":"https:\/\/www.geotechnika.org.pl\/?page_id=305","title":{"rendered":"Prof. dr in\u017c. Jerzy Przysta\u0144ski"},"content":{"rendered":"<p align=\"justify\"><a href=\"http:\/\/www.geotechnika.org.pl\/wp-content\/uploads\/2015\/01\/Jerzy-Przysta\u0144ski.jpg\"><img loading=\"lazy\" decoding=\"async\" class=\"alignright size-full wp-image-306\" src=\"http:\/\/www.geotechnika.org.pl\/wp-content\/uploads\/2015\/01\/Jerzy-Przysta\u0144ski.jpg\" alt=\"Jerzy Przysta\u0144ski\" width=\"255\" height=\"320\" srcset=\"https:\/\/www.geotechnika.org.pl\/wp-content\/uploads\/2015\/01\/Jerzy-Przysta\u0144ski.jpg 255w, https:\/\/www.geotechnika.org.pl\/wp-content\/uploads\/2015\/01\/Jerzy-Przysta\u0144ski-239x300.jpg 239w\" sizes=\"auto, (max-width: 255px) 100vw, 255px\" \/><\/a>Propozycja napisania noty o\u00a0dzia\u0142alno\u015bci naukowej i zawodowej prof. dr. in\u017c. Jerzego Przysta\u0144skiego, kt\u00f3r\u0105 otrzyma\u0142em od prof. dr. hab. in\u017c. E.\u00a0Dembickiego sprawi\u0142a mi du\u017c\u0105 satysfakcj\u0119. S\u0105dz\u0119, \u017ce ka\u017cdy podj\u0105\u0142by si\u0119 tego rodzaju zadania, bowiem prof. J. Przysta\u0144ski jest osobowo\u015bci\u0105 niezwyk\u0142\u0105, barwn\u0105 i pe\u0142n\u0105 uroku. Satysfakcja napisania noty w\u00a0moim przypadku wynika z\u00a0tego, \u017ce prof. J.\u00a0Przysta\u0144ski by\u0142 moim wyk\u0142adowc\u0105, a nast\u0119pnie prze\u0142o\u017conym, mentorem mojej dzia\u0142alno\u015bci naukowej i bliskim przyjacielem. Ze wzgl\u0119du na osobowo\u015b\u0107 prof. J. Przysta\u0144skiego, Jego niezwykle otwarty, przyjazny i pe\u0142en uroku spos\u00f3b bycia zjednywa\u0142 sobie wielu ludzi, st\u0105d grono przyjaci\u00f3\u0142 Profesora jest obszerne. W tym gronie znajduj\u0105 si\u0119 wypromowani doktorzy, kt\u00f3rzy podkre\u015blaj\u0105 Jego pozycj\u0119 jako wybitnego dydaktyka, in\u017cyniera, naukowca i\u00a0wychowawcy m\u0142odego pokolenia badaczy. W gronie wypromowanych doktor\u00f3w s\u0105: S. Jani\u0144ski, J. Je\u017c, M.\u00a0Kania, M. Kumor, J.\u00a0Sobkowiak i A. Zawalski.<\/p>\n<p align=\"justify\">Swoj\u0105 wybitn\u0105 pozycj\u0119 naukow\u0105 i zawodow\u0105, kt\u00f3ra jest wizyt\u00f3wk\u0105 wielkopolskiej geotechniki, budowa\u0142 prof. J. Przysta\u0144ski systematycznie i nie\u0142atwo. Droga ta jest zaznaczona r\u00f3wnie\u017c aspektami politycznymi. Warto doda\u0107, \u017ce polityka i prawdziwie rozumiany patriotyzm by\u0142y i s\u0105 Jego pasj\u0105.<\/p>\n<p align=\"justify\">Profesor Jerzy Przysta\u0144ski urodzi\u0142 si\u0119 13 kwietnia 1928 roku w Kotlinie, w Wielkopolsce. Po maturze uzyskanej w liceum og\u00f3lnokszta\u0142c\u0105cym w Jarocinie, przez dwa lata pracowa\u0142 w przedsi\u0119biorstwie budowlanym (pocz\u0105tkowo jako robotnik), r\u00f3wnolegle ko\u0144cz\u0105c technikum budowlane. Unikn\u0105\u0142 w ten spos\u00f3b przymusowego wyjazdu do ZSRR, narzuconego w 1948 r. przez \u00f3wczesne w\u0142adze, w formie skierowania na studia filmowe do Moskwy.<\/p>\n<p align=\"justify\">W latach 1950-1956 studiowa\u0142 na Wydziale Budownictwa L\u0105dowego Politechniki Pozna\u0144skiej.\u00a0 Tutaj ju\u017c na III roku studi\u00f3w zosta\u0142 zatrudniony jako asystent. Po uzyskaniu dyplomu, przez kolejne cztery lata \u0142\u0105czy\u0142 prac\u0119 dydaktyczn\u0105 i naukow\u0105 na Politechnice Pozna\u0144skiej z zatrudnieniem na stanowisku starszego projektanta w jednym z pozna\u0144skich biur projektowych. W Politechnice Pozna\u0144skiej zorganizowa\u0142 w\u00f3wczas pierwsze laboratorium mechaniki grunt\u00f3w w Poznaniu.<\/p>\n<p align=\"justify\">W 1964 roku obroni\u0142 na Wydziale Budownictwa L\u0105dowego Politechniki Wroc\u0142awskiej rozpraw\u0119 doktorsk\u0105, zatytu\u0142owan\u0105 \u201eO przekazywaniu obci\u0105\u017cenia przez pobocznic\u0119 pala w piaszczystym o\u015brodku gruntowym\u201d. Promotorem rozprawy by\u0142 prof. Igor Kisiel.<\/p>\n<p align=\"justify\">Od 1971 roku prof. J. Przysta\u0144ski pe\u0142ni\u0142 funkcj\u0119 kierownika Pracowni Mechaniki Grunt\u00f3w i Fundamentowania w Instytucie In\u017cynierii L\u0105dowej Politechniki Pozna\u0144skiej, a od 1991 do 1993\u00a0r. by\u0142 kierownikiem Zak\u0142adu Geotechniki i Geologii In\u017cynierskiej w tym Instytucie.<\/p>\n<p align=\"justify\">W okresie od 1962 do 1970 roku prof. J. Przysta\u0144ski by\u0142 wyk\u0142adowc\u0105 w Katedrze Gruntoznawstwa i Budownictwa Ziemnego Akademii Rolniczej w Poznaniu. Przez okres dzia\u0142alno\u015bci na Wydziale Budownictwa L\u0105dowego Politechniki Pozna\u0144skiej pe\u0142ni\u0142 nast\u0119puj\u0105ce funkcje:<\/p>\n<ul>\n<li>od 1973 do 1976 roku \u2013 prodziekana Wydzia\u0142u Budownictwa L\u0105dowego,<\/li>\n<li>od 1974 do 1976 roku \u2013 kierownika punktu konsultacyjnego Wydzia\u0142u Budownictwa L\u0105dowego Politechniki Pozna\u0144skiej w Bydgoszczy,<\/li>\n<li>od 1976 do 1981 roku \u2013 wicedyrektora Instytutu In\u017cynierii L\u0105dowej,<\/li>\n<li>od 1981 do 1982 roku \u2013 prorektora Politechniki Pozna\u0144skiej ds. studenckich (odwo\u0142any po wprowadzeniu stanu wojennego 22.01.1982),<\/li>\n<li>od 1982 do 1987 roku \u2013 wicedyrektora Instytutu In\u017cynierii L\u0105dowej,<\/li>\n<li>od 1987 do 1991 \u2013 dyrektora Instytutu In\u017cynierii L\u0105dowej.<\/li>\n<li>W okresie od 1968 do 1984 roku by\u0142 tak\u017ce g\u0142\u00f3wnym konsultantem ds. geotechniki Geoprojektu w Poznaniu.<\/li>\n<\/ul>\n<p align=\"justify\">Niew\u0105tpliw\u0105 pasj\u0105 prof. J. Przysta\u0144skiego by\u0142a dzia\u0142alno\u015b\u0107 dla dobra geotechnik\u00f3w, a szczeg\u00f3lnie dla wielkopolskich geotechnik\u00f3w. Od 1975 roku, przez trzy kadencje pe\u0142ni\u0142 funkcj\u0119 przewodnicz\u0105cego Komitetu ds. Geotechniki przy NOT w Poznaniu, a od 1988 do 1992 roku by\u0142 wiceprezydentem Polskiego Komitetu Geotechniki, przy Radzie G\u0142\u00f3wnej NOT, w okresie od 1992 do 1998 pe\u0142ni\u0142 funkcj\u0119 wiceprezydenta Polskiego Komitetu Geotechniki. W tym czasie by\u0142 przedstawicielem Polskiego Komitetu Geotechniki w Komitecie Technicznym TC-16 International Society Soil Mechanics and Foundation Engineering.<\/p>\n<p align=\"justify\">Jeden fakt z dzia\u0142alno\u015bci prof. J. Przysta\u0144skiego wymaga szczeg\u00f3lnego podkre\u015blenia. Jest to prawie niewiarygodne, ale w tak trudnym okresie lat osiemdziesi\u0105tych Wielkopolska mia\u0142a sw\u00f3j periodyk geotechniczny, zatytu\u0142owany \u201eGeotechnika w\u00a0Wielkopolsce\u201d, kt\u00f3rego ukaza\u0142y si\u0119 3 wydania. Redaktorami wydawnictwa byli prof. J. Przysta\u0144ski, prof. Z. M\u0142ynarek i\u00a0dr\u00a0J.\u00a0Rze\u017aniczak. O pr\u0119\u017cnej dzia\u0142alno\u015bci Wielkopolskiego Oddzia\u0142u Polskiego Komitetu Geotechniki \u015bwiadcz\u0105 zorganizowane konferencje, np. Posadowienie budowli na gruntach s\u0142abych, czy X Krajowa Konferencja Mechaniki Grunt\u00f3w i Fundamentowania oraz liczne mi\u0119dzynarodowe seminaria.<\/p>\n<p align=\"justify\">Dzia\u0142alno\u015b\u0107 naukowa prof. J. Przysta\u0144skiego naznaczona jest wyj\u0105tkowym elementem, a mianowicie tym, \u017ce zawsze by\u0142 in\u017cynierem, potrafi\u0142 doskonale swoje zainteresowania teoretycznymi aspektami mechaniki grunt\u00f3w prze\u0142o\u017cy\u0107 na praktyczne rozwi\u0105zania dla posadowienia budowli. Obszar zainteresowa\u0144 badawczych prof. J. Przysta\u0144skiego obejmowa\u0142 nast\u0119puj\u0105ce zagadnienia:<\/p>\n<ul>\n<li>zagadnienia no\u015bno\u015bci pali pojedynczych i fundament\u00f3w palowych (8 publikacji);<\/li>\n<li>konsolidacja grunt\u00f3w \u015bci\u015bliwych, ze szczeg\u00f3lnym uwzgl\u0119dnieniem grunt\u00f3w organicznych oraz wp\u0142yw proces\u00f3w konsolidacji na zmiany geotechnicznych w\u0142a\u015bciwo\u015bci i parametr\u00f3w tych grunt\u00f3w, w tym oryginalne osi\u0105gni\u0119cia badawcze w zakresie nieliniowych modeli obliczeniowych konsolidacji torf\u00f3w i tzw. wzmocnienia g\u0119sto\u015bciowego torf\u00f3w, liczne zastosowania wdro\u017ceniowe (13 publikacji, dwa granty centralne z tej tematyki);<\/li>\n<li>prognozowanie osiada\u0144 fundament\u00f3w i szacowanie parametr\u00f3w odkszta\u0142ceniowych pod\u0142o\u017ca metod\u0105 wsteczn\u0105 (17 publikacji), liczne zastosowania praktyczne i wdro\u017cenia opracowanych procedur prognozowania osiada\u0144 budynk\u00f3w wysokich);<\/li>\n<li>problemy posadowienia budowli na i\u0142ach serii pozna\u0144skiej i badania w\u0142a\u015bciwo\u015bci tych i\u0142\u00f3w (7 publikacji).<\/li>\n<\/ul>\n<p align=\"justify\">Og\u00f3\u0142em prof. J. Przysta\u0144ski opublikowa\u0142 61 prac, w tym 33 indywidualnych i 28 wsp\u00f3\u0142autorskich, przy czym:<\/p>\n<ul>\n<li>11 prac og\u0142oszonych zosta\u0142o w j\u0119zykach obcych, na mi\u0119dzynarodowych konferencjach,<\/li>\n<li>monografia zbiorowa, pod kierunkiem J. Przysta\u0144skiego pt.: \u201ePosadowienie budowli na gruntach p\u0119czniej\u0105cych\u201d, wydana w serii Rozprawy PP, nr 244, Pozna\u0144 1991 oraz \u201eWytyczne posadowienia budowli na gruntach p\u0119czniej\u0105cych\u201d, Instr. nr 296,\u00a0 ITB, Warszawa 1990.<\/li>\n<li>Ponadto jest autorem dw\u00f3ch skrypt\u00f3w, kt\u00f3re ciesz\u0105 si\u0119 do chwili obecnej du\u017cym zainteresowaniem:<\/li>\n<li>\u201eWykopy fundamentowe i odwodnienia grunt\u00f3w\u201d, Wyd. PP, Pozna\u0144, 1967, 1976, 1981, 1984,<\/li>\n<li>\u201eObliczenia statyczne fundament\u00f3w bezpo\u015brednich\u201d, Wyd. PP, Pozna\u0144 1978, 1984.<\/li>\n<\/ul>\n<p align=\"justify\">In\u017cynierski wymiar dzia\u0142alno\u015bci prof. J. Przysta\u0144skiego charakteryzuje si\u0119 tym, \u017ce prof. J. Przysta\u0144ski by\u0142 zawsze dost\u0119pny, aby udzieli\u0107 fachowej rady do rozwi\u0105zania problemu geotechnicznego. Na terenie Wielkopolski nie realizowano inwestycji budowlanej bez udzia\u0142u prof. J. Przysta\u0144skiego. Konsultowa\u0142 szereg przedsi\u0119wzi\u0119\u0107 inwestycyjnych w Niemczech \u2013 NRD (rewaloryzacja zespo\u0142u pa\u0142acowego Sanssouci w Poczdamie, wzmacnianie pod\u0142o\u017ca pod silosy), posadowienie kilku wysokich obiekt\u00f3w hotelowych w z\u0142o\u017conych warunkach gruntowo-wodnych w Bu\u0142garii, a tak\u017ce wielu obiekt\u00f3w u\u017cyteczno\u015bci publicznej i przemys\u0142owych w Iraku oraz w Rosji (ZSRR).<\/p>\n<p align=\"justify\">Dzia\u0142alno\u015b\u0107 prof. Jerzego Przysta\u0144skiego zosta\u0142a dostrze\u017cona przez liczne grona zawodowe i naukowe. Za jedno z najwa\u017cniejszych wyr\u00f3\u017cnie\u0144 nale\u017cy uzna\u0107 to, \u017ce wielokrotnie by\u0142 wybrany przez student\u00f3w jako \u201enajlepszy wyk\u0142adowca na Wydziale Budownictwa L\u0105dowego Politechniki Pozna\u0144skiej\u201d. Inne odznaczenia to Z\u0142oty Krzy\u017c Zas\u0142ugi, Krzy\u017c Kawalerski Orderu Odrodzenia Polski, Z\u0142ote Odznaki Honorowe NOT i ZNP oraz liczne odznaczenia bran\u017cowe i regionalne, w tym tytu\u0142 Honorowego Cz\u0142onka Polskiego Komitetu Geotechniki.<\/p>\n<p align=\"justify\"><em>Opracowa\u0142<br \/>\nProf. dr hab. in\u017c. Zbigniew M\u0142ynarek<\/em><\/p>\n<p align=\"justify\">Ps. Chcia\u0142bym z\u0142o\u017cy\u0107 wyrazy podzi\u0119kowania dr in\u017c. Mieczys\u0142awowi Kani za udost\u0119pnienie i przygotowanie materia\u0142\u00f3w do napisania niniejszej noty biograficznej.<\/p>\n","protected":false},"excerpt":{"rendered":"<p>Propozycja napisania noty o\u00a0dzia\u0142alno\u015bci naukowej i zawodowej prof. dr. in\u017c. Jerzego Przysta\u0144skiego, kt\u00f3r\u0105 otrzyma\u0142em od prof. dr. hab. in\u017c. E.\u00a0Dembickiego sprawi\u0142a mi du\u017c\u0105 satysfakcj\u0119. S\u0105dz\u0119, \u017ce ka\u017cdy podj\u0105\u0142by si\u0119 tego rodzaju zadania, bowiem prof. J. Przysta\u0144ski jest osobowo\u015bci\u0105 niezwyk\u0142\u0105, barwn\u0105 i pe\u0142n\u0105 uroku. Satysfakcja napisania noty w\u00a0moim przypadku wynika z\u00a0tego, \u017ce prof. J.\u00a0Przysta\u0144ski by\u0142 moim [&hellip;]<\/p>\n","protected":false},"author":1,"featured_media":0,"parent":256,"menu_order":0,"comment_status":"closed","ping_status":"closed","template":"","meta":{"footnotes":""},"class_list":["post-305","page","type-page","status-publish","hentry"],"_links":{"self":[{"href":"https:\/\/www.geotechnika.org.pl\/index.php?rest_route=\/wp\/v2\/pages\/305","targetHints":{"allow":["GET"]}}],"collection":[{"href":"https:\/\/www.geotechnika.org.pl\/index.php?rest_route=\/wp\/v2\/pages"}],"about":[{"href":"https:\/\/www.geotechnika.org.pl\/index.php?rest_route=\/wp\/v2\/types\/page"}],"author":[{"embeddable":true,"href":"https:\/\/www.geotechnika.org.pl\/index.php?rest_route=\/wp\/v2\/users\/1"}],"replies":[{"embeddable":true,"href":"https:\/\/www.geotechnika.org.pl\/index.php?rest_route=%2Fwp%2Fv2%2Fcomments&post=305"}],"version-history":[{"count":1,"href":"https:\/\/www.geotechnika.org.pl\/index.php?rest_route=\/wp\/v2\/pages\/305\/revisions"}],"predecessor-version":[{"id":307,"href":"https:\/\/www.geotechnika.org.pl\/index.php?rest_route=\/wp\/v2\/pages\/305\/revisions\/307"}],"up":[{"embeddable":true,"href":"https:\/\/www.geotechnika.org.pl\/index.php?rest_route=\/wp\/v2\/pages\/256"}],"wp:attachment":[{"href":"https:\/\/www.geotechnika.org.pl\/index.php?rest_route=%2Fwp%2Fv2%2Fmedia&parent=305"}],"curies":[{"name":"wp","href":"https:\/\/api.w.org\/{rel}","templated":true}]}}