{"id":314,"date":"2015-01-26T21:42:24","date_gmt":"2015-01-26T21:42:24","guid":{"rendered":"http:\/\/www.geotechnika.org.pl\/?page_id=314"},"modified":"2015-01-26T21:54:12","modified_gmt":"2015-01-26T21:54:12","slug":"prof-zw-dr-hab-inz-wojciech-wolski","status":"publish","type":"page","link":"https:\/\/www.geotechnika.org.pl\/?page_id=314","title":{"rendered":"Prof. zw. dr hab. in\u017c. Wojciech Wolski"},"content":{"rendered":"<p align=\"justify\"><strong><a href=\"http:\/\/www.geotechnika.org.pl\/wp-content\/uploads\/2015\/01\/Wojciech-Wolski.jpg\"><img loading=\"lazy\" decoding=\"async\" class=\"alignright size-full wp-image-315\" src=\"http:\/\/www.geotechnika.org.pl\/wp-content\/uploads\/2015\/01\/Wojciech-Wolski.jpg\" alt=\"Wojciech Wolski\" width=\"256\" height=\"320\" srcset=\"https:\/\/www.geotechnika.org.pl\/wp-content\/uploads\/2015\/01\/Wojciech-Wolski.jpg 256w, https:\/\/www.geotechnika.org.pl\/wp-content\/uploads\/2015\/01\/Wojciech-Wolski-240x300.jpg 240w\" sizes=\"auto, (max-width: 256px) 100vw, 256px\" \/><\/a>Profesor Wojciech Wolski<\/strong> urodzi\u0142 si\u0119 27 sierpnia 1930 r. w\u00a0Warszawie. Ucz\u0119szcza\u0142 kolejno do szk\u00f3\u0142: Katolickiego Zwi\u0105zku Polek (1936-1939), im. Miko\u0142aja Reya (1939- 1944, tajne komplety), Liceum im. Tadeusza Reytana (1945-1948). W\u00a0czasie okupacji by\u0142 harcerzem Szarych Szereg\u00f3w w\u00a0dru\u017cynie \u201eGigant\u00f3w\u201c. W roku 1948 zosta\u0142 przyj\u0119ty (z\u00a0trudno\u015bciami w\u00a0zwi\u0105zku z\u00a0inteligenckim pochodzeniem i brakiem przynale\u017cno\u015bci do organizacji m\u0142odzie\u017cowych) na Wydzia\u0142 In\u017cynierii Politechniki Warszawskiej. W lutym 1954 r. zda\u0142 egzamin magisterski na Wydziale Budownictwa Wodnego PW. Jeszcze w czasie studi\u00f3w, w 1952 r. profesor Radzimir Pi\u0119tkowski zaproponowa\u0142 Mu asystentur\u0119 w Katedrze Mechaniki Grunt\u00f3w i\u00a0Fundamentowania. Jednak\u017ce, po otrzymaniu negatywnej opinii czynnik\u00f3w politycznych, nie m\u00f3g\u0142 rozpocz\u0105\u0107 pracy na PW.<\/p>\n<p align=\"justify\">Stopie\u0144 doktora nauk technicznych uzyska\u0142 w 1963 r. na podstawie rozprawy doktorskiej pt. \u201eOdkszta\u0142cenia miejscowe gliny pylastej w rdzeniu zapory spowodowane filtracj\u0105, w \u015bwietle bada\u0144 modelowych\u201d, przygotowanej pod kierunkiem profesora Radzimira Pi\u0119tkowskiego, na Wydziale In\u017cynierii Budowlanej Politechniki Warszawskiej. Stopie\u0144 naukowy doktora habilitowanego otrzyma\u0142 w 1968 r. na podstawie dorobku naukowego i\u00a0rozprawy habilitacyjnej pt. \u201eOdporno\u015b\u0107 grunt\u00f3w spoistych pochodzenia fliszowego na dzia\u0142anie filtracji oraz ich stosowanie do budowy rdzeni zap\u00f3r sypanych i narzutowych\u201d na Wydziale Melioracji Wodnych SGGW. Tytu\u0142 profesora nadzwyczajnego otrzyma\u0142 w 1976 r., a profesora zwyczajnego w 1985 r.<\/p>\n<p align=\"justify\">Profesor Wojciech Wolski prac\u0119 zawodow\u0105 rozpocz\u0105\u0142 w\u00a0roku 1949 jako praktykant w Pa\u0144stwowym Przedsi\u0119biorstwie Rob\u00f3t Komunikacyjnych w Warszawie. Od 1950 r. pracowa\u0142 w\u00a0Centralnym Biurze Studi\u00f3w i Projekt\u00f3w Komunikacji, w\u00a0Dziale Budowli Wodnych, kt\u00f3ry przekszta\u0142ci\u0142 si\u0119 w Centralne Biuro Studi\u00f3w i Projekt\u00f3w Budownictwa Wodnego \u201eHydroprojekt\u201d. W \u201eHydroprojekcie\u201d Profesor pracowa\u0142 do 1966 r. kolejno na stanowiskach starszego asystenta, projektanta, starszego projektanta i g\u0142\u00f3wnego specjalisty. Mi\u0119dzy innymi by\u0142 g\u0142\u00f3wnym projektantem zap\u00f3r Tresna i Przeczyce. W roku 1953 rozpocz\u0105\u0142 prac\u0119 na Wydziale Melioracji Wodnych SGGW, w Katedrze Gruntoznawstwa i Budownictwa Ziemnego, kierowanej przez profesora W\u0142adys\u0142awa Kollisa (pocz\u0105tkowo prowadz\u0105c \u0107wiczenia zlecone), w latach 1955-56 na stanowisku starszego asystenta, a od roku 1956 do 1968 adiunkta. W 1969 r. powo\u0142any zosta\u0142 na stanowisko docenta, a w 1976 r. na stanowisko profesora.<\/p>\n<p align=\"justify\">Profesor Wojciech Wolski przez 45 lat pracowa\u0142 jako naukowiec i nauczyciel akademicki w Szkole G\u0142\u00f3wnej Gospodarstwa Wiejskiego w Warszawie, pe\u0142ni\u0105c szereg odpowiedzialnych funkcji. W latach 1961-62, po \u015bmierci prof. W. Kollisa pe\u0142ni\u0142 obowi\u0105zki kierownika Katedry Gruntoznawstwa i Budownictwa Ziemnego, od 1976 r. kierownika Zak\u0142adu Geotechniki, utworzonego w ramach Instytutu Budownictwa Melioracyjnego i\u00a0Rolniczego, a od 1982 r. kierownika Katedry Geotechniki. W\u00a0latach 1970\u00a0\u2013\u00a01972, jako prodziekan Wydzia\u0142u, pe\u0142ni\u0142 funkcj\u0119 seniora budowy nowej siedziby Wydzia\u0142u Melioracji Wodnych na Ursynowie. W latach 1972\u00a0\u2013\u00a01978 przez dwie kadencje by\u0142 dziekanem Wydzia\u0142u. W latach 1978\u00a0\u2013\u00a01984, przez dwie kadencje by\u0142 prorektorem SGGW ds. inwestycji i wsp\u00f3\u0142pracy z\u00a0zagranic\u0105.<\/p>\n<p align=\"justify\">Dzia\u0142alno\u015b\u0107 naukowa i zawodowa profesora Wojciecha Wolskiego koncentrowa\u0142a si\u0119 na modelowaniu zachowania si\u0119 budowli hydrotechnicznych w okresie budowy i eksploatacji, rozwoju metodyki bada\u0144 i doborze parametr\u00f3w geotechnicznych na potrzeby projektowania, budowy i utrzymania budowli hydrotechnicznych i l\u0105dowych, bezpiecznym posadowieniu nasyp\u00f3w na pod\u0142o\u017cu s\u0142abo no\u015bnym, fundamentowaniu budowli w\u00a0trudnych warunkach geotechnicznych, monitorowaniu i ocenie stanu technicznego budowli wodnych i l\u0105dowych, bezpiecznym sk\u0142adowaniu odpad\u00f3w komunalnych i przemys\u0142owych oraz ocenie ich wp\u0142ywu na \u015brodowisko.<\/p>\n<p align=\"justify\">Pocz\u0105tkowe prace naukowo-badawcze Profesora po\u015bwi\u0119cone by\u0142y ocenie odporno\u015bci grunt\u00f3w na dzia\u0142anie filtracji. Wyniki bada\u0144 modelowych z zastosowaniem techniki radiograficznej i bada\u0144 reologicznych w\u0142a\u015bciwo\u015bci grunt\u00f3w, opublikowane w materia\u0142ach mi\u0119dzynarodowych konferencji w Montrealu (1964), Budapeszcie (1968), Pary\u017cu (1968) i Kongresu Wielkich Zap\u00f3r w Montrealu (1970) zosta\u0142y przyj\u0119te z uznaniem i\u00a0wysoko ocenione przez \u015brodowisko geotechnik\u00f3w. Dalsze badania i\u00a0publikacje w tym zakresie, wydane w materia\u0142ach europejskich konferencji w Brighton (1979), Helsinkach (1983), Dublinie (1987), ugruntowa\u0142y Jego pozycj\u0119 \u015bwiatowej rangi geotechnika i hydrotechnika. Opracowane przez profesora Wojciecha Wolskiego kryteria doboru grunt\u00f3w na filtry odwrotne znalaz\u0142y zastosowanie przy projektowaniu takich budowli, jak zapory w Tresnej, Wi\u015ble-Czarnej, Czorsztynie i \u015awinnej Por\u0119bie oraz jednej z zap\u00f3r w Portugalii. Warto podkre\u015bli\u0107, \u017ce kryteria te s\u0105 nadal z powodzeniem wykorzystywane w praktyce.<\/p>\n<p align=\"justify\">Jednym z g\u0142\u00f3wnych kierunk\u00f3w dzia\u0142alno\u015bci naukowej Profesora by\u0142y prace badawcze zwi\u0105zane z ocen\u0105 stateczno\u015bci i odkszta\u0142ce\u0144 zap\u00f3r ziemnych. By\u0142 inicjatorem przeprowadzonych po raz pierwszy w Polsce bada\u0144 modelowych w warunkach in situ, wykorzystanych w projektowaniu zapory w Tresnej. Prowadzi\u0142 prace nad udoskonaleniem metodyki bada\u0144 parametr\u00f3w wytrzyma\u0142o\u015bciowych i ich doborem do analizy stateczno\u015bci budowli ziemnych. Ju\u017c w latach 70-tych kierowa\u0142 pracami zespo\u0142u nad wykorzystaniem metody element\u00f3w sko\u0144czonych w\u00a0analizie stateczno\u015bci i odkszta\u0142ce\u0144 zap\u00f3r ziemnych oraz pod\u0142o\u017cy betonowych budowli hydrotechnicznych.<\/p>\n<p align=\"justify\">Najbardziej intensywnie rozwijany w dzia\u0142alno\u015bci naukowo-badawczej Profesora kierunek dotyczy\u0142 badania w\u0142a\u015bciwo\u015bci i\u00a0oceny zachowania si\u0119 grunt\u00f3w s\u0142abych. Pierwsze prace obejmowa\u0142y opracowanie laboratoryjnej metody badania reologicznej granicy plastyczno\u015bci grunt\u00f3w s\u0142abo no\u015bnych oraz metodyki laboratoryjnych i terenowych bada\u0144 wytrzyma\u0142o\u015bci na \u015bcinanie grunt\u00f3w organicznych. Wzrost zainteresowania posadowieniami budowli na s\u0142abo no\u015bnym pod\u0142o\u017cu organicznym spowodowa\u0142, \u017ce od pocz\u0105tku lat 70-tych kierunek ten sta\u0142 si\u0119 najwa\u017cniejszy w\u00a0badaniach Katedry Geotechniki, prowadzonych m.in. na obiektach: Pako\u015b\u0107, Krasnystaw, Wonie\u015b\u0107, Wolsztyn, Jezioro D\u0105bie i\u00a0Dru\u017cno. W latach 80-tych prowadzono najbardziej intensywne i kompleksowe badania na obiektach do\u015bwiadczalnych w Bia\u0142o\u015bliwiu i Antoninach, we wsp\u00f3\u0142pracy z Wojew\u00f3dzkim Zarz\u0105dem Inwestycji Rolniczych w Pile i Szwedzkim Instytutem Geotechnicznym. Wsp\u00f3lne badania, odbyte sta\u017ce naukowe i publikacje pozwoli\u0142y zespo\u0142owi kierowanemu przez profesora Wojciecha Wolskiego na rozw\u00f3j naukowy i zawodowy oraz uzyskanie uznania na arenie mi\u0119dzynarodowej. Ukoronowaniem tej wsp\u00f3\u0142pracy by\u0142y wsp\u00f3lne publikacje \u2013 Raporty Szwedzkiego Instytutu Geotechnicznego Nr 32 i 36 oraz ksi\u0105\u017cka \u201eEmbankments on organic soils\u201d, wydana w 1996 r. przez Wydawnictwo Elsevier, licznie cytowane w literaturze \u015bwiatowej.<\/p>\n<p align=\"justify\">Profesor Wojciech Wolski kierowa\u0142 pracami badawczymi prowadzonymi od 70-tych lat dla sk\u0142adowiska odpad\u00f3w poflotacyjnych przemys\u0142u miedziowego \u017belazny Most. Kompleksowe badania laboratoryjne i terenowe dotyczy\u0142y zar\u00f3wno grunt\u00f3w naturalnych pod\u0142o\u017ca sk\u0142adowiska, jak i zgromadzonych w nim osad\u00f3w. Celem niezwykle obszernej analizy wynik\u00f3w bada\u0144 i\u00a0oblicze\u0144 by\u0142o okre\u015blenie warunk\u00f3w dalszej eksploatacji sk\u0142adowiska i mo\u017cliwo\u015bci jego rozbudowy. Obecnie, jako Krajowy Ekspert Geotechniczny, profesor Wojciech Wolski koordynuje prace Zespo\u0142u Ekspert\u00f3w Mi\u0119dzynarodowych, kierowanego przez prof. M. Jamio\u0142kowskiego z Politechniki w Turynie. Prace te dotycz\u0105 wdro\u017cenia \u201cmetody obserwacyjnej\u201d na potrzeby bezpiecznego formowania nasyp\u00f3w sk\u0142adowiska \u017belazny Most.<\/p>\n<p align=\"justify\">Wa\u017cnym etapem pracy naukowo-badawczej profesora Wojciecha Wolskiego by\u0142o kierowanie pracami realizowanymi w ramach Centralnych Program\u00f3w Badawczo-Rozwojowych, Problem\u00f3w W\u0119z\u0142owych, Program\u00f3w Rz\u0105dowych oraz projekt\u00f3w badawczych i celowych Komitetu Bada\u0144 Naukowych. Prace te dotyczy\u0142y m. in. \u201eOpracowania zasad doboru parametr\u00f3w gruntowych do oblicze\u0144 betonowych i ziemnych budowli wodnych\u201d, \u201eStandaryzacji bada\u0144 i oblicze\u0144 geotechnicznych w budownictwie wodnym\u201d i \u201eOpracowania systemu oceny bezpiecze\u0144stwa i niezawodno\u015bci ziemnych budowli pi\u0119trz\u0105cych\u201d. Pod kierunkiem Profesora zosta\u0142y opracowane \u201eWytyczne bada\u0144 geotechnicznych dla budownictwa wodnego\u201d i \u201eWytyczne systemowej oceny stanu technicznego wa\u0142\u00f3w przeciwpowodziowych z wykorzystaniem bada\u0144 fotointerpretacyjnych, bioindykacyjnych, geofizycznych i geotechnicznych\u201d.<\/p>\n<p align=\"justify\">Od pocz\u0105tku pracy w SGGW profesor Wojciech Wolski prowadzi\u0142 dzia\u0142alno\u015b\u0107 dydaktyczn\u0105 obejmuj\u0105c\u0105 wyk\u0142ady i \u0107wiczenia z przedmiot\u00f3w: gruntoznawstwo, budownictwo ziemne, fundamentowanie, zbiorniki i zapory, drogi rolnicze. Profesor by\u0142 inicjatorem i wsp\u00f3\u0142organizatorem specjalizacji dyplomowej \u201eMelioracje teren\u00f3w subtropikalnych\u201d, uruchomionej od 1976\u00a0r. oraz powo\u0142anych w 1978 r. Stacjonarnych Studi\u00f3w Doktoranckich. W wyk\u0142adach Profesor wykorzystywa\u0142 bogate w\u0142asne do\u015bwiadczenia projektowe i wykonawcze, zw\u0142aszcza w zakresie budownictwa hydrotechnicznego. By\u0142 promotorem 15 rozpraw doktorskich (w tym 4 doktorant\u00f3w z zagranicy) oraz kierowa\u0142 ponad 100 pracami magisterskimi. Opiniowa\u0142 kilkana\u015bcie rozpraw doktorskich i habilitacyjnych oraz wniosk\u00f3w o nadanie tytu\u0142u naukowego profesora.<\/p>\n<p align=\"justify\">Profesor Wojciech Wolski organizowa\u0142 lub wsp\u00f3\u0142organizowa\u0142 szereg konferencji. W 1973 r. zorganizowa\u0142 sesj\u0119 naukow\u0105 \u201eGeotechnika w budownictwie wodno-melioracyjnym\u201d, podczas kt\u00f3rej przedstawiono dorobek naukowo-badawczy przez Niego kierowanej Katedry Geotechniki. By\u0142 inicjatorem i g\u0142\u00f3wnym organizatorem sympozjum nt. \u201eNasypy na gruntach organicznych\u201d w Poznaniu w 1977 r. Pod patronatem Polskiej Akademii Nauk zorganizowa\u0142 konferencje szkoleniowe nt. \u201eZastosowanie metody element\u00f3w sko\u0144czonych w geotechnice\u201d (Jab\u0142onna, 1980) oraz \u201eBadania i dob\u00f3r parametr\u00f3w geotechnicznych\u201d (Jab\u0142onna, 1985). Podsumowaniem do\u015bwiadcze\u0144 krajowych przy budowie zap\u00f3r ziemnych by\u0142o seminarium zorganizowane przez Profesora nt. \u201eZagadnienia konstrukcyjno-budowlane zap\u00f3r Czorsztyn i Klimk\u00f3wka (1995). Ugruntowana pozycja Profesora Wojciecha Wolskiego jako \u015bwiatowej rangi geotechnika zaowocowa\u0142a powierzeniem Mu zorganizowania Trzeciej Mi\u0119dzynarodowej Konferencji \u201cFilters and Drainages in Geotechnical and Environmental Engineering, Geofilters 2000\u201d, Warszawa, 2000 r.<\/p>\n<p align=\"justify\">Profesor Wojciech Wolski by\u0142 konsultantem wielu obiekt\u00f3w hydrotechnicznych w kraju, m.in. zap\u00f3r Gocza\u0142kowice, Wis\u0142a-Czarne, Koronowo, Dobromierz, S\u0142up, Klimk\u00f3wka, Czorsztyn, \u015awinna\u00a0 Por\u0119ba,\u00a0 Myczkowce,\u00a0 Sosn\u00f3wka i Cha\u0144cza. Projektowa\u0142 i konsultowa\u0142 realizacj\u0119 szeregu obiekt\u00f3w hydrotechnicznych i\u00a0melioracyjnych za granic\u0105, m.in. system\u00f3w nawodnieniowych Lower Tiger River, Mandali, Ranija, Abu Ghraib (Irak), stopni wodnych Amarach i Basrah (Irak), zapory Mavro Colymbos (Cypr), zapory na rzece Sittang (Birma), zapory Sejnane (Tunezja), zapory Keddara i systemu nawodnie\u0144 Minna (Algieria), zapory Badush (Irak), zapory Acarenza (W\u0142ochy), elektrowni Homs (Libia) oraz zbiornik\u00f3w odpad\u00f3w Kemerkoy (Turcja) i\u00a0Nuraxi Figus (W\u0142ochy). Nale\u017cy podkre\u015bli\u0107, \u017ce w ramach prac dotycz\u0105cych projektu Basrah, Profesor Wojciech Wolski wprowadzi\u0142 zastosowanie dren\u00f3w pionowych (geodren\u00f3w) jako metody wzmocnienia pod\u0142o\u017ca. W roku 1970 Profesor odby\u0142 sta\u017c zagraniczny w ramach stypendium ONZ w US Bureau of Reclamation oraz w Waterways Experimental Station. W latach 1971-72, przez okres p\u00f3\u0142 roku by\u0142 ekspertem ONZ w Birmie. W ramach projektu zagospodarowania rzeki Sittang opracowa\u0142 raport dotycz\u0105cy warunk\u00f3w fundamentowania dw\u00f3ch zap\u00f3r.<\/p>\n<p align=\"justify\">Profesor Wojciech Wolski prowadzi\u0142 wyk\u0142ady jako \u201eVisiting Professor\u201d w Uniwersytecie w Jos (Nigeria, 1985), Politechnice w Turynie we W\u0142oszech (1989), Uniwersytecie Major de San Simon (Boliwia, 1996). Wyg\u0142osi\u0142 szereg odczyt\u00f3w na uczelniach zagranicznych w Ghent State University (Belgia), Technical University, Helsinki, Technical University, Tampere, Technical University, Oulu (Finlandia), McGill University (Kanada), Chalmers University, G\u00f6teborg, Technicka Hoghsholan, Stockholm (Szwecja), Purdue University (USA), Bogazici University, Istanbul Technical University, Middle East University (Turcja), Oxford University, Cardiff University (Wielka Brytania), Politecnico di Torino (W\u0142ochy) oraz w Swedish Geotechnical Institute (Szwecja) i Danish Geotechnical Institute (Dania).<\/p>\n<p align=\"justify\">Profesor Wojciech Wolski jest szczeg\u00f3lnie cenionym i\u00a0uznanym w kraju i za granic\u0105 specjalist\u0105 z zakresu geotechniki. W okresie 1975-1993 pe\u0142ni\u0142 funkcj\u0119 Sekretarza Naukowego Polskiego Komitetu Geotechniki, w okresie 1993 \u2013 1996 Wiceprezydenta PKG, a od 2001 roku jest Honorowym Cz\u0142onkiem Polskiego Komitetu Geotechniki. W ramach dzia\u0142alno\u015bci w\u00a0Mi\u0119dzynarodowym Stowarzyszeniu Mechaniki Grunt\u00f3w i\u00a0In\u017cynierii Geotechnicznej aktywnie uczestniczy\u0142 w pracach Komitetu Technicznego TC 5 i TC 31. Pe\u0142ni\u0142 funkcj\u0119 panelisty na mi\u0119dzynarodowych konferencjach w Brnie (1967), Moskwie (1973), Sztokholmie (1981) i Istambule (2001). Profesor bra\u0142 udzia\u0142 w konferencjach mi\u0119dzynarodowych z zapraszanymi generalnymi referatami, m.in. w Brighton (1979), Helsinkach (1983), Dublinie (1987), Tallinie (1988), Bolton (Green\u201993) i\u00a0Oslo (ICOLD 1995). Pe\u0142ni\u0142 funkcj\u0119 przewodnicz\u0105cego sesji na mi\u0119dzynarodowych konferencjach w Helsinkach (1983), San Francisco (1985), Rio de Janeiro (1989), Florencji (1991) i\u00a0Amsterdamie (1999), \u201elidera sesji dyskusyjnej\u201d na konferencji w\u00a0Pradze (2003) i cz\u0142onka Komitetu Naukowego na konferencjach w Karlsruhe (Geofilters 1992) i Montrealu (1996).<\/p>\n<p align=\"justify\">Profesor Wojciech Wolski prowadzi\u0142 bardzo aktywn\u0105 dzia\u0142alno\u015b\u0107 w r\u00f3\u017cnych organizacjach naukowych i spo\u0142ecznych, pe\u0142ni\u0105c nast\u0119puj\u0105ce funkcje:<\/p>\n<div align=\"justify\">\n<ul>\n<li>Przewodnicz\u0105cy Sekcji Konstrukcji Hydrotechnicznych Komitetu In\u017cynierii L\u0105dowej i Wodnej PAN i Cz\u0142onek Prezydium Komitetu In\u017cynierii L\u0105dowej i Wodnej PAN,<\/li>\n<li>Cz\u0142onek Towarzystwa Naukowego Warszawskiego,<\/li>\n<li>Cz\u0142onek Rady Naukowej IBW PAN,<\/li>\n<li>Cz\u0142onek Sekcji Geotechniki Komitetu In\u017cynierii L\u0105dowej i Wodnej PAN,<\/li>\n<li>Cz\u0142onek Rady Gospodarki Wodnej,<\/li>\n<li>Cz\u0142onek Mi\u0119dzynarodowej Komisji Wielkich Zap\u00f3r ICOLD,<\/li>\n<li>Cz\u0142onek Komitetu Zap\u00f3r Sk\u0142adowisk Odpad\u00f3w ICOLD,<\/li>\n<li>Cz\u0142onek Komitetu Melioracji PAN,<\/li>\n<li>Cz\u0142onek Rady Programowej czasopisma In\u017cynieria Morska i Geotechnika,<\/li>\n<li>Cz\u0142onek Rady Programowej Studia Geotechnica et Mechanica,<\/li>\n<li>Cz\u0142onek Krajowej Komisji Kwalifikacyjnej Polskiej Izby In\u017cynier\u00f3w Budownictwa,<\/li>\n<li>Cz\u0142onek Stowarzyszenia In\u017cynier\u00f3w i Technik\u00f3w Wodno-Melioracyjnych.<\/li>\n<\/ul>\n<\/div>\n<p align=\"justify\">Dorobek publikacyjny Profesora Wojciecha Wolskiego jest niezwykle bogaty. Obejmuje oko\u0142o 200 artyku\u0142\u00f3w naukowych (w tym oko\u0142o 80 w j\u0119zyku angielskim), opublikowanych m.in. w\u00a0Archiwum Hydrotechniki, Gospodarce Wodnej, Canadian Geotechnical Journal oraz w materia\u0142ach \u015bwiatowych i europejskich konferencji Mechaniki Grunt\u00f3w i In\u017cynierii Geotechnicznej, jak r\u00f3wnie\u017c Kongres\u00f3w Wielkich Zap\u00f3r. Jest wsp\u00f3\u0142autorem 12 ksi\u0105\u017cek i monografii.<\/p>\n<p align=\"justify\">W czerwcu 2006 r. w Szkole G\u0142\u00f3wnej Gospodarstwa Wiejskiego w Warszawie odby\u0142a si\u0119 jubileuszowa sesja naukowa po\u015bwi\u0119cona 50-leciu pracy naukowej i zawodowej Profesora Wojciecha Wolskiego. Z tej okazji zosta\u0142a wydana monografia pt. \u201eGeotechnika w hydrotechnice i budownictwie l\u0105dowym\u201d.<\/p>\n<p align=\"justify\">Od 1992 r. Profesor Wojciech Wolski jest prezesem firmy GEOTEKO, Projekty i Konsultacje Geotechniczne Sp. z o.o. Najwa\u017cniejsze prace wykonywane przez Geoteko pod kierownictwem Profesora Wojciecha Wolskiego dotycz\u0105: budynk\u00f3w wysokich (m.in. Daewoo Center, Rondo ONZ, FIM Tower w\u00a0Warszawie), sk\u0142adowisk odpad\u00f3w komunalnych i przemys\u0142owych (m.in. Radiowo, \u0141ubna, \u017belazny Most) oraz obiekt\u00f3w komunikacyjnych (m.in. autostrada A2 i A4, II linia metra w\u00a0Warszawie). Dokumentacje hydrogeologiczne i geologiczno-in\u017cynierskie dla II linii metra w Warszawie wykonywane by\u0142y przez Konsorcjum Geoteko \u2013 SGGW Katedra Geoin\u017cynierii \u2013 Geoprojekt.<\/p>\n<p align=\"justify\">Obecnie \u2013 poza prac\u0105 zawodow\u0105 \u2013 pracuje spo\u0142ecznie: jest przewodnicz\u0105cym Zarz\u0105du G\u0142\u00f3wnego Stowarzyszenia Szarych Szereg\u00f3w oraz cz\u0142onkiem Spo\u0142ecznego Komitetu Opieki nad grobami poleg\u0142ych \u017bo\u0142nierzy Batalionu \u201eZo\u015bka\u201d.<\/p>\n<p align=\"justify\">Profesor Wojciech Wolski zosta\u0142 odznaczony Krzy\u017cem Oficerskim Orderu Odrodzenia Polski (1997), Krzy\u017cem Kawalerskim Orderu Odrodzenia Polski (1976), Krzy\u017cem Armii Krajowej (1993), Medalem za Warszaw\u0119 (1995), Medalem Komisji Edukacji Narodowej (1981) i Z\u0142otym Krzy\u017cem Zas\u0142ugi (1963).<\/p>\n<p align=\"justify\">Z okazji zbli\u017caj\u0105cego si\u0119 jubileuszu 80-lecia urodzin w\u00a0imieniu wychowank\u00f3w i wsp\u00f3\u0142pracownik\u00f3w wyra\u017cam s\u0142owa uznania i wdzi\u0119czno\u015bci za wielki osobisty wk\u0142ad Pana Profesora w\u00a0budowaniu pozycji geotechniki w \u015brodowisku naukowym i\u00a0in\u017cynierskim w kraju i zagranic\u0105. Sk\u0142adamy Panu Profesorowi najserdeczniejsze \u017cyczenia zdrowia i du\u017co si\u0142 do realizacji dalszych zamierze\u0144 oraz spe\u0142nienia wszystkich pragnie\u0144 osobistych.<\/p>\n<p><em>Prof. dr hab. in\u017c. Zbigniew Lechowicz<br \/>\nSzko\u0142a G\u0142\u00f3wna Gospodarstwa Wiejskiego w Warszawie<\/em><\/p>\n","protected":false},"excerpt":{"rendered":"<p>Profesor Wojciech Wolski urodzi\u0142 si\u0119 27 sierpnia 1930 r. w\u00a0Warszawie. Ucz\u0119szcza\u0142 kolejno do szk\u00f3\u0142: Katolickiego Zwi\u0105zku Polek (1936-1939), im. Miko\u0142aja Reya (1939- 1944, tajne komplety), Liceum im. Tadeusza Reytana (1945-1948). W\u00a0czasie okupacji by\u0142 harcerzem Szarych Szereg\u00f3w w\u00a0dru\u017cynie \u201eGigant\u00f3w\u201c. W roku 1948 zosta\u0142 przyj\u0119ty (z\u00a0trudno\u015bciami w\u00a0zwi\u0105zku z\u00a0inteligenckim pochodzeniem i brakiem przynale\u017cno\u015bci do organizacji m\u0142odzie\u017cowych) na Wydzia\u0142 [&hellip;]<\/p>\n","protected":false},"author":1,"featured_media":0,"parent":256,"menu_order":0,"comment_status":"closed","ping_status":"closed","template":"","meta":{"footnotes":""},"class_list":["post-314","page","type-page","status-publish","hentry"],"_links":{"self":[{"href":"https:\/\/www.geotechnika.org.pl\/index.php?rest_route=\/wp\/v2\/pages\/314","targetHints":{"allow":["GET"]}}],"collection":[{"href":"https:\/\/www.geotechnika.org.pl\/index.php?rest_route=\/wp\/v2\/pages"}],"about":[{"href":"https:\/\/www.geotechnika.org.pl\/index.php?rest_route=\/wp\/v2\/types\/page"}],"author":[{"embeddable":true,"href":"https:\/\/www.geotechnika.org.pl\/index.php?rest_route=\/wp\/v2\/users\/1"}],"replies":[{"embeddable":true,"href":"https:\/\/www.geotechnika.org.pl\/index.php?rest_route=%2Fwp%2Fv2%2Fcomments&post=314"}],"version-history":[{"count":1,"href":"https:\/\/www.geotechnika.org.pl\/index.php?rest_route=\/wp\/v2\/pages\/314\/revisions"}],"predecessor-version":[{"id":316,"href":"https:\/\/www.geotechnika.org.pl\/index.php?rest_route=\/wp\/v2\/pages\/314\/revisions\/316"}],"up":[{"embeddable":true,"href":"https:\/\/www.geotechnika.org.pl\/index.php?rest_route=\/wp\/v2\/pages\/256"}],"wp:attachment":[{"href":"https:\/\/www.geotechnika.org.pl\/index.php?rest_route=%2Fwp%2Fv2%2Fmedia&parent=314"}],"curies":[{"name":"wp","href":"https:\/\/api.w.org\/{rel}","templated":true}]}}