{"id":317,"date":"2015-01-26T21:55:19","date_gmt":"2015-01-26T21:55:19","guid":{"rendered":"http:\/\/www.geotechnika.org.pl\/?page_id=317"},"modified":"2015-01-26T21:55:19","modified_gmt":"2015-01-26T21:55:19","slug":"prof-dr-hab-inz-lech-wysokinski","status":"publish","type":"page","link":"https:\/\/www.geotechnika.org.pl\/?page_id=317","title":{"rendered":"Prof. dr hab. in\u017c. Lech Wysoki\u0144ski"},"content":{"rendered":"<p align=\"justify\"><strong><a href=\"http:\/\/www.geotechnika.org.pl\/wp-content\/uploads\/2015\/01\/Lech-Wysoki\u0144ski.jpg\"><img loading=\"lazy\" decoding=\"async\" class=\"alignright size-full wp-image-318\" src=\"http:\/\/www.geotechnika.org.pl\/wp-content\/uploads\/2015\/01\/Lech-Wysoki\u0144ski.jpg\" alt=\"Lech Wysoki\u0144ski\" width=\"244\" height=\"320\" srcset=\"https:\/\/www.geotechnika.org.pl\/wp-content\/uploads\/2015\/01\/Lech-Wysoki\u0144ski.jpg 244w, https:\/\/www.geotechnika.org.pl\/wp-content\/uploads\/2015\/01\/Lech-Wysoki\u0144ski-229x300.jpg 229w\" sizes=\"auto, (max-width: 244px) 100vw, 244px\" \/><\/a>Profesor Lech Wysoki\u0144ski<\/strong> urodzi\u0142 si\u0119 27 lipca 1936 r. w Ciechanowie. Okres wojennej tu\u0142aczki ko\u0144czy wraz z rodzicami w roku 1946 w Szczecinie. W roku 1959, po sko\u0144czeniu studi\u00f3w na Wydziale Budownictwa L\u0105dowego i Wodnego Politechniki Szczeci\u0144skiej, specjalizacji konstrukcje budowlane, przenosi si\u0119 do Warszawy. Do 1961\u00a0r. pracuje w Biurze Projekt\u00f3w i Laboratorium Mechaniki Grunt\u00f3w Sp\u00f3\u0142dzielczego Przedsi\u0119biorstwa Projektowego \u201eInwestprojekt\u201d, jednocze\u015bnie studiuj\u0105c na Wydziale Geologii Uniwersytetu Warszawskiego. Od 1961 do 1985 r. jest kolejno st. asystentem, adiunktem i docentem na Wydziale Geologii.<\/p>\n<p align=\"justify\">Rozpraw\u0119 doktorsk\u0105 pt. \u201eWp\u0142yw sp\u0119ka\u0144 w glinach zwa\u0142owych na stateczno\u015b\u0107 zboczy wi\u015blanych na przyk\u0142adzie skarpy w\u00a0P\u0142ocku\u201d, kt\u00f3rej promotorem by\u0142 prof. W. C. Kowalski, obroni\u0142 w 1966 r. Zawarte w niej tezy ukszta\u0142towa\u0142y zainteresowania Profesora problemami stateczno\u015bci zboczy i skarp na wiele lat \u2013 praktycznie do dzisiaj.<\/p>\n<p align=\"justify\">W roku 1976 na podstawie dorobku naukowego i rozprawy habilitacyjnej pt. \u201eKryterium dynamiki zboczy na przyk\u0142adzie brzeg\u00f3w zbiornika W\u0142oc\u0142awek\u201d otrzymuje stopie\u0144 naukowy doktora habilitowanego.<\/p>\n<p align=\"justify\">Profesor Lech Wysoki\u0144ski skutecznie godzi prac\u0119 dydaktyczn\u0105 z praktyk\u0105. W latach 1978 \u2013 1985 pe\u0142ni\u0142 funkcj\u0119 kierownika Zak\u0142adu Prac Geologicznych na Wydziale Geologii Uniwersytetu Warszawskiego. Udzia\u0142 Profesora w likwidacji zagro\u017ce\u0144 budowlanych, w tym du\u017cych awarii i katastrof, ugruntowa\u0142 Jego pozycj\u0119 jako znakomitego praktyka i naukowca.<\/p>\n<p align=\"justify\">Od roku 1985 jest pracownikiem Instytutu Techniki Budowlanej. W latach 1986-2009 jest kierownikiem Zak\u0142adu Geotechniki i Fundamentowania ITB. Nadal jednak prowadzi dzia\u0142alno\u015b\u0107 dydaktyczn\u0105 na Wydziale Geologii UW. W roku 1989\u00a0r. otrzyma\u0142 tytu\u0142 naukowy profesora na wniosek Uniwersytetu Warszawskiego. W latach 1999-2006 jest r\u00f3wnie\u017c profesorem w\u00a0Instytucie Geotechniki Politechniki Krakowskiej. Od 1990 r. do 1998 r. by\u0142 cz\u0142onkiem Rady Geologicznej przy Ministrze Ochrony \u015arodowiska, Zasob\u00f3w Naturalnych i Le\u015bnictwa, od 1995 r. jest przewodnicz\u0105cym NKP 254 Polskiego Komitetu Normalizacji ds. Geotechniki. W latach 1992-1996 by\u0142 sekretarzem generalnym Polskiego Komitetu Geotechniki, a w\u00a01996-1998 jego wiceprezydentem.<\/p>\n<p align=\"justify\">Profesor Lech Wysoki\u0144ski jest cz\u0142onkiem stowarzysze\u0144 naukowych i organizacji technicznych:<\/p>\n<ul>\n<li>A.I.G.E. \u2013 Mi\u0119dzynarodowej Asocjacji Geologii In\u017cynierskiej,<\/li>\n<li>ISMSE \u2013 Mi\u0119dzynarodowego Stowarzyszenia Mechaniki Grunt\u00f3w i Geotechniki,<\/li>\n<li>CEN \u2013 Europejskiej Komisji ds. Normalizacji (Geotechnika),<\/li>\n<li>PZITB \u2013 Polskiego Zwi\u0105zku In\u017cynier\u00f3w i Technik\u00f3w Budownictwa,<\/li>\n<li>Komitetu In\u017cynierii L\u0105dowej i Wodnej PAN, Sekcja Geotechniki oraz Materia\u0142\u00f3w Budowlanych.<\/li>\n<\/ul>\n<p align=\"justify\">Pocz\u0105tek pracy prof. dr hab. in\u017c. Lecha Wysoki\u0144skiego w Instytucie Techniki Budowlanej wi\u0105\u017ce si\u0119 z realizacj\u0105 centralnego programu rozwojowego, w kt\u00f3rym by\u0142 kierownikiem celu \u201eRacjonalne wykorzystanie w\u0142a\u015bciwo\u015bci pod\u0142o\u017ca przez ulepszenie bada\u0144 i kwalifikacji grunt\u00f3w\u201d. Dzi\u0119ki Niemu powsta\u0142y propozycje nowej klasyfikacji norm geotechnicznych, dokumentowania geotechnicznego, dopuszczalnych przemieszcze\u0144 i odkszta\u0142ce\u0144 budowli, bada\u0144 w\u0142a\u015bciwo\u015bci fizycznych i parametr\u00f3w wytrzyma\u0142o\u015bciowych glin zlodowacenia \u015brodkowopolskiego i i\u0142\u00f3w plioce\u0144skich oraz album osiada\u0144 budynk\u00f3w.<\/p>\n<p align=\"justify\">Uzupe\u0142nieniem sta\u0142 si\u0119 pi\u0119cioletni autorski program resortowy (R-511) dotycz\u0105cy grunt\u00f3w s\u0142abych i teren\u00f3w zdegradowanych, kt\u00f3rego tematem by\u0142a \u201eOcena mo\u017cliwo\u015bci udost\u0119pnienia nowych teren\u00f3w dla budownictwa\u201d. W ramach tego programu opracowano mi\u0119dzy innymi bilans teren\u00f3w s\u0142abych i zdegradowanych dla 300 miast w Polsce. Na tej podstawie powsta\u0142 \u201eAtlas map warunk\u00f3w budowlanych dla teren\u00f3w s\u0142abych i zdegradowanych na obszarach osadniczych w Polsce\u201d. Atlas stanowi zbi\u00f3r danych dla teren\u00f3w miejskich dotycz\u0105cych budowy geologicznej, warunk\u00f3w hydrogeologicznych, proces\u00f3w geodynamicznych, ze szczeg\u00f3lnym uwzgl\u0119dnieniem degradacji antropogenicznej. Dzi\u0119ki osobistym kontaktom Profesora, znaczny udzia\u0142 w opracowaniu Atlasu mia\u0142y liczne zespo\u0142y badawcze z\u00a0r\u00f3\u017cnych polskich uczelni. Dzia\u0142ania te doprowadzi\u0142y do integracji \u015brodowiska geotechnik\u00f3w w Polsce. W wyniku ich powsta\u0142o wiele opracowa\u0144 i raport\u00f3w, kt\u00f3re zaowocowa\u0142y wieloma publikacjami w r\u00f3\u017cnych pismach zagranicznych i polskich. Z inicjatywy Profesora zosta\u0142y uruchomione otwarte, cykliczne seminaria geotechniczne, kt\u00f3rych odby\u0142o si\u0119 34 (liczba uczestnik\u00f3w ok. 3500). By\u0142 to ogromny krok w dziedzinie upowszechniania wiedzy z dziedziny geologii in\u017cynierskiej i geotechniki. Aktywnie uczestniczyli w nich nie tylko pracownicy ITB, ale r\u00f3wnie\u017c reprezentanci r\u00f3\u017cnych o\u015brodk\u00f3w z ca\u0142ej Polski.<\/p>\n<p align=\"justify\">Wa\u017cnym elementem dzia\u0142a\u0144 Profesora Lecha Wysoki\u0144skiego jest ci\u0105g\u0142e doskonalenie sposob\u00f3w opracowania i przekazywania informacji geologicznych i geotechnicznych w postaci map tematycznych. Przez wiele lat zajmowa\u0142 si\u0119 aplikacj\u0105 metod komputerowych do tworzenia za ich pomoc\u0105 obraz\u00f3w kartograficznych, przeznaczonych do praktycznego wykorzystania.<\/p>\n<p align=\"justify\">Nowatorskie podej\u015bcie w prezentowaniu zagadnie\u0144 stateczno\u015bci sprawi\u0142o, \u017ce wi\u0119kszo\u015b\u0107 opracowa\u0144 z lat ubieg\u0142ych jest nadal aktualna i cz\u0119sto wykorzystywana w planowaniu zagospodarowania przestrzennego i zabudowy oraz zabezpieczaniu skarp. Nale\u017c\u0105 do nich z pewno\u015bci\u0105 opracowania obejmuj\u0105ce:<\/p>\n<ul>\n<li>stateczno\u015b\u0107 skarpy p\u0142ockiej \u2013 oko\u0142o 30 opracowa\u0144 i map, w latach 1962-1990, w tym kilka du\u017cych opracowa\u0144 kartograficznych,<\/li>\n<li>mapy prognoz stateczno\u015bci skarpy po\u0142udniowej kopalni Be\u0142chat\u00f3w i mapy tektoniczne dla Be\u0142chatowa \u2013 1978-1989.<\/li>\n<\/ul>\n<p align=\"justify\">Doskona\u0142ym przyk\u0142adem wiedzy i intuicji Profesora jest powstanie na Jego wniosek systemu pomiar\u00f3w odkszta\u0142ce\u0144 Skarpy P\u0142ockiej. Zaprojektowany przy Jego aktywnym udziale system reper\u00f3w o g\u0142\u0119boko\u015bci od 2 do 20 m (na d\u0142ugo\u015bci kilku kilometr\u00f3w) dostarczy\u0142 w okresie ponad 20 lat obserwacji bardzo cennych danych do oceny przemieszcze\u0144 Skarpy P\u0142ockiej i\u00a0zlokalizowanych na niej zabytkowych obiekt\u00f3w. Przemieszczenia mierzone w uk\u0142adzie 3D maj\u0105 du\u017cy walor naukowy i praktyczny, a wyniki z pomiar\u00f3w s\u0105 wykorzystywane w projektach zabudowy i zagospodarowania rejonu skarpy.<\/p>\n<p align=\"justify\">W latach 80. ubieg\u0142ego stulecia Profesor czynnie uczestniczy\u0142 w projektowaniu kopalni Be\u0142chat\u00f3w. Opracowane pod Jego kierownictwem wielkoskalowe mapy (1:2000) pod\u0142o\u017ca dla potrzeb odwodnienia, stateczno\u015bci skarp i prowadzenia rob\u00f3t g\u00f3rniczych sta\u0142y si\u0119 podstaw\u0105 do opracowania nowego modelu tektoniki rowu Be\u0142chatowa. Cz\u0119\u015b\u0107 prac Profesora z tego okresu obejmuje r\u00f3wnie\u017c zagadnienia zwi\u0105zane z wstrz\u0105sami parasejsmicznymi w rejonie kopalni. Prace te realizowa\u0142 przy wsp\u00f3\u0142pracy z prof. S\u0142awomirem Gibowiczem. Pozwoli\u0142o to na ustalenie modelu analitycznego prognozy wstrz\u0105s\u00f3w, kt\u00f3ry zosta\u0142 potwierdzony w praktyce.<\/p>\n<p align=\"justify\">Na podkre\u015blenie zas\u0142uguj\u0105 r\u00f3wnie\u017c prace Profesora zwi\u0105zane z rozpoznaniem budowy i zachowania si\u0119 Skarpy Wis\u0142y na terenie Warszawy. Na opracowaniach wykonanych po 1982\u00a0roku pod Jego kierownictwem przez r\u00f3\u017cne wieloosobowe zespo\u0142y opieraj\u0105 si\u0119 prace budowlane i zabezpieczaj\u0105ce skarp\u0119 na ca\u0142ym 17 km odcinku miejskim w Warszawie. Do najwa\u017cniejszych nale\u017c\u0105 opracowania: \u201eAnaliza warunk\u00f3w geologicznych i\u00a0prognoza stateczno\u015bci Skarpy Warszawskiej dla cel\u00f3w zagospodarowania przestrzennego, zabezpiecze\u0144 i ochrony \u015brodowiska\u201d (1982-1984), \u201eAktualizacja wykonanej w 1982 r. analizy warunk\u00f3w geologicznych i prognozy stateczno\u015bci Skarpy Warszawskiej dla cel\u00f3w zagospodarowania przestrzennego zabezpiecze\u0144 i ochrony \u015brodowiska w dzielnicy \u015ar\u00f3dmie\u015bcie w granicach od ul. Sanguszki do Al. Jerozolimskich i przetworzenie jej w\u00a0dokumentacj\u0119 geologiczno-in\u017cyniersk\u0105 dla odcinka Skarpy od ul.\u00a0Sanguszki do ul. Grodzkiej\u201d (1999), \u201eEkspertyza skarpy Placu Zamkowego i tunelu Trasy W-Z w Warszawie\u201d (2001).<\/p>\n<p align=\"justify\">Wymienione prace zosta\u0142y docenione w \u015brodowisku budowlanym, a Minister Budownictwa uhonorowa\u0142 je nagrodami III stopnia odpowiednio w roku 2001 oraz 2004. Opracowania te cechuje kompleksowe rozwi\u0105zywanie zagadnie\u0144, a w przypadku tunelu Trasy W-Z zaproponowano now\u0105 koncepcj\u0119 architektoniczn\u0105 zabudowy i zagospodarowania ul. Grodzkiej i po\u0142udniowej skarpy Zamku Kr\u00f3lewskiego.<\/p>\n<p align=\"justify\">Z inicjatywy Profesora w latach 90. ubieg\u0142ego wieku zapocz\u0105tkowane zosta\u0142y prace dotycz\u0105ce przeniesienia archiwalnych materia\u0142\u00f3w geologicznych i geotechnicznych Warszawy na no\u015bniki informatyczne. Powsta\u0142 informatyczny system archiwizacji danych geologiczno-in\u017cynierskich, na bazie kt\u00f3rego powsta\u0142o wiele tzw. bank\u00f3w regionalnych, np. w Krakowie, Wroc\u0142awiu i\u00a0innych du\u017cych miastach. Stworzenie komputerowej bazy danych geologicznych, zawieraj\u0105cej 80\u00a0tysi\u0119cy otwor\u00f3w, pozwoli\u0142o wykona\u0107 nowoczesnymi metodami, z wykorzystaniem system\u00f3w GIS \u201eAtlas geologiczno-in\u017cynierski Warszawy\u201d. Dzi\u0119ki do\u015bwiadczeniu Profesora oraz umiej\u0119tno\u015bci \u0142\u0105cznia r\u00f3\u017cnych podmiot\u00f3w, jakim jest Instytut Techniki Budowlanej oraz Pa\u0144stwowy Instytut Geologiczny, powsta\u0142y nowoczesne podstawy do tworzenia plan\u00f3w zagospodarowania przestrzennego. Dzi\u015b na tej podstawie swoje atlasy tworz\u0105 Wroc\u0142aw, Pozna\u0144, Katowice, Krak\u00f3w i inne miasta. Na tym przyk\u0142adzie sprawdza si\u0119 dewiza Profesora Lecha Wysoki\u0144skiego \u2013 i\u017c dzie\u0142o tym wi\u0119cej warte, im wi\u0119cej ma kontynuator\u00f3w. Najnowsze opracowania o charakterze kartograficznym, zrealizowane w Zak\u0142adzie Geotechniki i Fundamentowania pod kierunkiem Profesora z wykorzystaniem system\u00f3w GIS, prezentuj\u0105 wysoki poziom teoretyczny i praktyczny \u2013 por\u00f3wnywalny z opracowaniami z czo\u0142owych o\u015brodk\u00f3w na \u015bwiecie.<\/p>\n<p align=\"justify\">W dziedzinie zabezpieczenia osuwisk najwi\u0119kszy zakres prac zgodnie z koncepcjami Profesora wykonano w latach 1982-1990 na Skarpie P\u0142ockiej. Zosta\u0142a ona zabezpieczona trwale po powodzi zimowej w roku 1982. W projektach realizowanych wed\u0142ug koncepcji Profesora Lecha Wysoki\u0144skiego w ramach zabezpieczania Skarpy P\u0142ockiej od roku 1984 szeroko stosowane s\u0105 geosyntetyki jako zbrojenie. Jedno z zabezpieczonych w 1986 r. osuwisk metod\u0105 gruntu zbrojonego geosyntetykami mia\u0142o wysoko\u015b\u0107 skarpy 40 m. By\u0142a to w tym czasie prawdopodobnie najwy\u017csza na \u015bwiecie skarpa zabezpieczona metod\u0105 gruntu zbrojonego. W\u00a0tym czasie by\u0142o to osi\u0105gni\u0119cie techniczne nie tylko w skali krajowej. Do znacz\u0105cych osi\u0105gni\u0119\u0107 technicznych nale\u017cy zaliczy\u0107 tak\u017ce koncepcje zabezpieczania Skarpy Warszawskiej. Sk\u0142ada si\u0119 na nie kilka du\u017cych opracowa\u0144 geotechnicznych, rozpoznaj\u0105cych zagro\u017cenie osuwiskowe skarpy, jak i liczne ekspertyzy, np. Trasy W-Z, przycz\u00f3\u0142k\u00f3w Mostu \u0141azienkowskiego, Skarpy Belwederskiej, Skarpy My\u015bliwieckiej, Uniwersytetu, Pa\u0142acu Prezydenckiego, ul. Brzozowej na Starym Mie\u015bcie i innych.<\/p>\n<p align=\"justify\">Z najnowszych prac badawczych nale\u017cy wymieni\u0107 ustalenie zasad oceny wp\u0142ywu projektowanych budynk\u00f3w na obiekty metra oraz ochrona zabudowy w s\u0105siedztwie g\u0142\u0119bokich wykop\u00f3w.<\/p>\n<p align=\"justify\">Kolejn\u0105 grup\u0105 prac Profesora Lecha Wysoki\u0144skiego s\u0105 opracowania po\u015bwi\u0119cone budowie sk\u0142adowisk odpad\u00f3w. Zagadnieniami tymi, co niekiedy podkre\u015bla Profesor, zajmowa\u0142 si\u0119 w zespole prof. Zygmunta Glazera na Uniwersytecie Warszawskim ju\u017c w latach 70. Po 1989 roku w\u0142\u0105czy\u0142 si\u0119 aktywnie do kreowania sytuacji prawnej i technicznej w tej dziedzinie.<\/p>\n<p align=\"justify\">Na pocz\u0105tku lat 90. wybudowano w Polsce setki \u017ale zaprojektowanych sk\u0142adowisk. Zjawisko to Profesor stara\u0142 si\u0119 aktywnie eliminowa\u0107, gdy\u017c efekt ekologiczny cz\u0119sto by\u0142 i jest negatywny. Jego dzia\u0142ania w tej dziedzinie s\u0105 wielokierunkowe \u2013 od prac badawczych, wdro\u017ceniowych i projektowych, a\u017c po dzia\u0142alno\u015b\u0107 szkoleniow\u0105 od podstaw.<\/p>\n<p align=\"justify\">Ponad 10 lat by\u0142 kierownikiem naukowym konferencji organizowanych przez firm\u0119 Abrys z Poznania oraz ITB, propaguj\u0105cych prawid\u0142owe rozwi\u0105zania w dziedzinie budowy sk\u0142adowisk odpad\u00f3w komunalnych i przemys\u0142owych. Konferencje te, zbieraj\u0105c grono naukowc\u00f3w i praktyk\u00f3w, wykszta\u0142ci\u0142y liczne ponad 600-osobowe grono specjalist\u00f3w.<\/p>\n<p align=\"justify\">Prowadzone pod kierownictwem Profesora prace badawcze w Zak\u0142adzie Geotechniki i Fundamentowania zaowocowa\u0142y opracowaniem przez Niego w latach 1995-1996 instrukcji ITB obejmuj\u0105cych zagadnienia projektowania przes\u0142on izolacyjnych, badania szczelno\u015bci przes\u0142on izolacyjnych oraz projektowania i\u00a0wykonywania bada\u0144 do lokalizacji sk\u0142adowisk komunalnych. By\u0142y to pierwsze kompleksowe i usystematyzowane w\u00a0Polsce opracowania obejmuj\u0105ce kwestie podstawowych zasad projektowania i budowy sk\u0142adowisk odpad\u00f3w komunalnych. Za ich wykonanie Profesor Lech Wysoki\u0144ski otrzyma\u0142 w 1996 r. Nagrod\u0119 II stopnia Ministra Gospodarki Przestrzennej i Budownictwa.<\/p>\n<p align=\"justify\">Instrukcje te, oparte na dyrektywie europejskiej, s\u0105 nowelizowane i uwzgl\u0119dniaj\u0105 do\u015bwiadczenia du\u0144skie, niemieckie, ameryka\u0144skie oraz polskie. Stanowi\u0105 do dzi\u015b podstaw\u0119 projektowania sk\u0142adowisk odpad\u00f3w komunalnych i innych. W dziedzinie tej Profesor Lech Wysoki\u0144ski zdoby\u0142 ogromne do\u015bwiadczenie praktyczne, kt\u00f3re zosta\u0142o wykorzystane przy budowie sk\u0142adowiska odpad\u00f3w niebezpiecznych w Tarnowskich G\u00f3rach.<\/p>\n<p align=\"justify\">Zak\u0142ady Chemiczne Tarnowskie G\u00f3ry po likwidacji zosta\u0142y zamienione w mogielnik o pojemno\u015bci oko\u0142o 2 mln m3. To by\u0142o najwi\u0119ksze wyzwanie dla Profesora przy budowie sk\u0142adowiska odpad\u00f3w niebezpiecznych. Jego dzia\u0142alno\u015b\u0107 i badania mia\u0142y istotny wp\u0142yw na ostateczny kszta\u0142t projektu sk\u0142adowiska. Dzia\u0142ania Profesora przy tej okazji po raz kolejny udowodni\u0142y, \u017ce przepisy dotycz\u0105ce budowy sk\u0142adowisk nadal s\u0105 ma\u0142o precyzyjne, co niekiedy prowokuje do niew\u0142a\u015bciwych rozwi\u0105za\u0144. Cz\u0119\u015b\u0107 publikacji w ostatnim czasie po\u015bwi\u0119ci\u0142 Profesor w\u0142a\u015bnie kryteriom doboru w\u0142a\u015bciwych rozwi\u0105za\u0144 projektowych, jak r\u00f3wnie\u017c prawid\u0142owo\u015bci nadzoru nad samym wykonaniem. W pracach dotycz\u0105cych sk\u0142adowania odpad\u00f3w wyra\u017anie stawia tez\u0119, \u017ce nie wolno porzuca\u0107 istniej\u0105cych sk\u0142adowisk bez prawid\u0142owej ich rekultywacji. W 2009 roku Profesor Lech Wysoki\u0144ski wyda\u0142 monografi\u0119 \u2013 poradnik pt. \u201eZasady budowy sk\u0142adowisk odpad\u00f3w\u201d, kt\u00f3ra jest podsumowaniem jego wieloletnich do\u015bwiadcze\u0144 zwi\u0105zanych z projektowaniem sk\u0142adowisk.<\/p>\n<p align=\"justify\">Jednym z najwa\u017cniejszych element\u00f3w dzia\u0142alno\u015bci Profesora s\u0105 prace normalizacyjne, zwi\u0105zane w ostatnim okresie z\u00a0wdra\u017caniem do praktyki geotechnicznej norm europejskich. Z inicjatywy Profesora Lecha Wysoki\u0144skiego w roku 1989 Zak\u0142ad Geotechniki ITB organizuje konferencj\u0119 w Wyszkowie pt. \u201eWsp\u00f3\u0142praca konstrukcji z pod\u0142o\u017cem\u201d w projektowaniu fundament\u00f3w bezpo\u015brednich. Na konferencji tej po raz pierwszy podj\u0119to tematyk\u0119 wprowadzenia normalizacji europejskiej do polskiej praktyki.<\/p>\n<p align=\"justify\">Sprawy normalizacyjne od tego momentu sta\u0142y si\u0119 dla Profesora bardzo istotne. Od momentu powstania jest przewodnicz\u0105cym Komitetu Technicznego NKP-254 do spraw Geotechniki. G\u0142\u00f3wnym celem Komitetu jest harmonizacja polskich norm geotechnicznych (bada\u0144 pod\u0142o\u017ca gruntowego &#8211; dawniej) z systemem norm europejskich (EN).<\/p>\n<p align=\"justify\">W roku 2007 wydany zosta\u0142 opracowany przez Profesora \u201eKomentarz do nowych norm klasyfikacji grunt\u00f3w\u201d. Opracowanie to ma du\u017ce znaczenie dla wdro\u017cenia w Polsce nowej \u201eeuropejskiej\u201d klasyfikacji grunt\u00f3w. Normy PN-EN ISO 14688-1:2006, PN-EN ISO 14688-2:2006 oraz PN-EN ISO 14689-1:2006 b\u0119d\u0105 stanowi\u0107 nowy system klasyfikacji i opisu grunt\u00f3w i ska\u0142 w dokumentacjach geotechnicznych i geologiczno-in\u017cynierskich.<\/p>\n<p align=\"justify\">Przyj\u0119cie nowego sposobu opisywania grunt\u00f3w i ska\u0142 jest nie tylko zabiegiem formalnym. Nowe klasyfikacja wymusza zmian\u0119 sposobu my\u015blenia o gruncie. Zabieg ten mo\u017cna por\u00f3wna\u0107 do zmiany alfabetu, gdy\u017c Polska w odr\u00f3\u017cnieniu od wielu kraj\u00f3w \u015bwiata, kt\u00f3re stosuj\u0105 klasyfikacj\u0119 ameryka\u0144sk\u0105 ma swoj\u0105 w\u0142asn\u0105 klasyfikacj\u0119, opracowan\u0105 w latach 50. ubieg\u0142ego stulecia. Dzi\u0119ki dzia\u0142alno\u015bci Profesora Lecha Wysoki\u0144skiego Instytut Techniki Budowlanej jest instytucj\u0105, kt\u00f3ra ma najwi\u0119kszy wk\u0142ad w dziedzinie harmonizacji polskich norm geotechnicznych z systemem norm europejskich.<\/p>\n<p align=\"justify\">Istotn\u0105 cech\u0105 dzia\u0142alno\u015bci Profesora jest \u015bcis\u0142e powi\u0105zanie prac badawczych z praktyk\u0105. Transponowanie wynik\u00f3w prac teoretycznych i badawczych na u\u017cytek projektowy i wykonawczy jest tym, co Profesor Lech Wysoki\u0144ski propaguje i realizuje.<\/p>\n<p align=\"justify\">Swoim wsp\u00f3\u0142pracownikom wpaja zasad\u0119 \u2013 rozwi\u0105zujemy problemy, a nie realizujemy zlecenia.<\/p>\n<p align=\"justify\">Analizuj\u0105c dzia\u0142alno\u015b\u0107 Prof. dr hab. in\u017c. Lecha Wysoki\u0144skiego, mamy przekonanie, \u017ce przy wszystkich niepewno\u015bciach zwi\u0105zanych z okre\u015blaniem warunk\u00f3w geologiczno-in\u017cynierskich w z\u0142o\u017conych przypadkach \u2013 poza gruntown\u0105 wiedz\u0105 \u2013 do\u015bwiadczenie i intuicja b\u0119d\u0105 musia\u0142y pozosta\u0107, jako istotny element sztuki geotechnicznej.<\/p>\n<p align=\"justify\">Dzia\u0142alno\u015b\u0107 Profesora nie ogranicza si\u0119 wy\u0142\u0105cznie do sfery zawodowej. Jest za\u0142o\u017cycielem, a przez pewien czas by\u0142 prezesem Towarzystwa Spo\u0142eczno-Kulturalnego Miasto-Ogr\u00f3d-Sadyba, w ramach kt\u00f3rego zorganizowa\u0142 6 konferencji popularno-naukowych dotycz\u0105cych zagospodarowania doliny na odcinku warszawskim. Jest tak\u017ce cz\u0142onkiem Towarzystwa Naukowego P\u0142ockiego.<\/p>\n<p align=\"justify\"><em>Dr n.t. Stanis\u0142aw \u0141ukasik<\/em><\/p>\n","protected":false},"excerpt":{"rendered":"<p>Profesor Lech Wysoki\u0144ski urodzi\u0142 si\u0119 27 lipca 1936 r. w Ciechanowie. Okres wojennej tu\u0142aczki ko\u0144czy wraz z rodzicami w roku 1946 w Szczecinie. W roku 1959, po sko\u0144czeniu studi\u00f3w na Wydziale Budownictwa L\u0105dowego i Wodnego Politechniki Szczeci\u0144skiej, specjalizacji konstrukcje budowlane, przenosi si\u0119 do Warszawy. Do 1961\u00a0r. pracuje w Biurze Projekt\u00f3w i Laboratorium Mechaniki Grunt\u00f3w Sp\u00f3\u0142dzielczego [&hellip;]<\/p>\n","protected":false},"author":1,"featured_media":0,"parent":256,"menu_order":0,"comment_status":"closed","ping_status":"closed","template":"","meta":{"footnotes":""},"class_list":["post-317","page","type-page","status-publish","hentry"],"_links":{"self":[{"href":"https:\/\/www.geotechnika.org.pl\/index.php?rest_route=\/wp\/v2\/pages\/317","targetHints":{"allow":["GET"]}}],"collection":[{"href":"https:\/\/www.geotechnika.org.pl\/index.php?rest_route=\/wp\/v2\/pages"}],"about":[{"href":"https:\/\/www.geotechnika.org.pl\/index.php?rest_route=\/wp\/v2\/types\/page"}],"author":[{"embeddable":true,"href":"https:\/\/www.geotechnika.org.pl\/index.php?rest_route=\/wp\/v2\/users\/1"}],"replies":[{"embeddable":true,"href":"https:\/\/www.geotechnika.org.pl\/index.php?rest_route=%2Fwp%2Fv2%2Fcomments&post=317"}],"version-history":[{"count":1,"href":"https:\/\/www.geotechnika.org.pl\/index.php?rest_route=\/wp\/v2\/pages\/317\/revisions"}],"predecessor-version":[{"id":319,"href":"https:\/\/www.geotechnika.org.pl\/index.php?rest_route=\/wp\/v2\/pages\/317\/revisions\/319"}],"up":[{"embeddable":true,"href":"https:\/\/www.geotechnika.org.pl\/index.php?rest_route=\/wp\/v2\/pages\/256"}],"wp:attachment":[{"href":"https:\/\/www.geotechnika.org.pl\/index.php?rest_route=%2Fwp%2Fv2%2Fmedia&parent=317"}],"curies":[{"name":"wp","href":"https:\/\/api.w.org\/{rel}","templated":true}]}}