{"id":320,"date":"2015-01-26T21:56:24","date_gmt":"2015-01-26T21:56:24","guid":{"rendered":"http:\/\/www.geotechnika.org.pl\/?page_id=320"},"modified":"2015-01-26T21:56:24","modified_gmt":"2015-01-26T21:56:24","slug":"prof-dr-hab-inz-zdzislaw-zmudzinski","status":"publish","type":"page","link":"https:\/\/www.geotechnika.org.pl\/?page_id=320","title":{"rendered":"Prof. dr hab. in\u017c. Zdzis\u0142aw \u017bmudzi\u0144ski"},"content":{"rendered":"<p align=\"justify\"><strong><a href=\"http:\/\/www.geotechnika.org.pl\/wp-content\/uploads\/2015\/01\/Zdzis\u0142aw-\u017bmudzi\u0144ski.jpg\"><img loading=\"lazy\" decoding=\"async\" class=\"alignright size-full wp-image-321\" src=\"http:\/\/www.geotechnika.org.pl\/wp-content\/uploads\/2015\/01\/Zdzis\u0142aw-\u017bmudzi\u0144ski.jpg\" alt=\"Zdzis\u0142aw \u017bmudzi\u0144ski\" width=\"239\" height=\"320\" srcset=\"https:\/\/www.geotechnika.org.pl\/wp-content\/uploads\/2015\/01\/Zdzis\u0142aw-\u017bmudzi\u0144ski.jpg 239w, https:\/\/www.geotechnika.org.pl\/wp-content\/uploads\/2015\/01\/Zdzis\u0142aw-\u017bmudzi\u0144ski-224x300.jpg 224w\" sizes=\"auto, (max-width: 239px) 100vw, 239px\" \/><\/a>Prof. dr hab. in\u017c. Zdzis\u0142aw \u017bmudzi\u0144ski<\/strong> urodzi\u0142 si\u0119 5.06.1923\u00a0r. w S\u0119dziszowie Ma\u0142opolskim. Uko\u0144czy\u0142 studia na Wydziale In\u017cynierii AGH w\u00a01950\u00a0r. Ju\u017c w\u00a0czasie studi\u00f3w wykazywa\u0142 zainteresowanie prac\u0105 dydaktyczn\u0105. W latach 1948-1950 pe\u0142ni\u0142 obowi\u0105zki asystenta w Katedrze Budowy Dr\u00f3g na Wydziale In\u017cynierii AGH. By\u0142 w tym czasie aktywny w \u015brodowisku akademickim, pe\u0142ni\u0105c spo\u0142ecznie funkcje wiceprezesa Bratniej Pomocy oraz sekretarza Rady Studenckiej.<\/p>\n<p align=\"justify\">Po uko\u0144czeniu studi\u00f3w podj\u0105\u0142 prac\u0119 zawodow\u0105, zyskuj\u0105c bogate do\u015bwiadczenie w zakresie projektowania konstrukcji in\u017cynierskich. Od lipca 1950 r. (po uko\u0144czeniu studi\u00f3w) podj\u0105\u0142 prac\u0119 w Biurze Projekt\u00f3w Energetycznych \u201eEnergoprojekt\u201d w\u00a0Krakowie. Kolejne szczeble zawodowej kariery Profesora prowadzi\u0142y przez stanowiska: projektanta, starszego projektanta, kierownika zespo\u0142u, starszego weryfikatora, kierownika pracowni, a od 1956 do 1962 roku g\u0142\u00f3wnego specjalisty konstruktora. By\u0142 w tym okresie projektantem konstrukcji stalowych, \u017celbetowych oraz budynk\u00f3w wchodz\u0105cych w sk\u0142ad obiekt\u00f3w energetycznych.<\/p>\n<p align=\"justify\">Jako g\u0142\u00f3wny konstruktor wprowadzi\u0142 szereg nowych rozwi\u0105za\u0144 w zakresie konstrukcji wsporczych z betonu spr\u0119\u017conego przez udzia\u0142 w pracach projektowych, badaniach wytrzyma\u0142o\u015bciowych prototyp\u00f3w. Wsp\u00f3\u0142pracowa\u0142 z Przedsi\u0119biorstwem Budownictwa Energetycznego \u201eElbud\u201d przy realizacji i organizacji produkcji nowych oddzia\u0142\u00f3w produkcyjnych s\u0142up\u00f3w strunobetonowych.<\/p>\n<p align=\"justify\">Wa\u017cnym w\u0105tkiem w zawodowej dzia\u0142alno\u015bci Profesora by\u0142y problemy fundamentowania konstrukcji in\u017cynierskich i budynk\u00f3w obiekt\u00f3w sieciowych. Od 1957 roku prowadzi\u0142 pr\u00f3bne obci\u0105\u017cenia fundament\u00f3w stopowych i palowych. By\u0142 inicjatorem i wsp\u00f3\u0142organizatorem zespo\u0142\u00f3w geotechnicznych w Energoprojekcie. Jako ceniony specjalista by\u0142 delegowany kilkakrotnie przez resort na sta\u017ce zagraniczne.<\/p>\n<p align=\"justify\">W 1957 roku zosta\u0142 cz\u0142onkiem Komitetu S\u0142up\u00f3w i Fundament\u00f3w PKWSE (CJGRE), z kt\u00f3rym wsp\u00f3\u0142pracowa\u0142 aktywnie przez kolejne lata. Przez szereg lat bra\u0142 aktywny udzia\u0142 w\u00a0pracach normalizacyjnych, opracowuj\u0105c podstawowe normy z zakresu konstrukcji wsporczych i fundament\u00f3w s\u0142up\u00f3w linii wysokiego napi\u0119cia. By\u0142 mi\u0119dzy innymi wsp\u00f3\u0142autorem norm: PN-60\/B-03554 (Elektroenergetyczne Linie Napowietrzne. Drewniane konstrukcje wsporcze. Obliczenia statyczne i projektowanie), PN-62\/?B-03265 (E.L.N. \u017belbetowe konstrukcje wsporcze. Obliczenia statyczne i projektowanie), PN-62\/?B-?03321 (E.L.N. Konstrukcje wsporcze z betonu spr\u0119\u017conego), PN-63\/B-03322 (E.L.N. Fundamenty konstrukcji wsporczych. Obliczenia statyczne i projektowanie).<\/p>\n<p align=\"justify\">Znajomo\u015b\u0107 4 j\u0119zyk\u00f3w obcych umo\u017cliwi\u0142a Profesorowi obszerne studia literatury oraz zdobywanie i pog\u0142\u0119bianie wiedzy.<\/p>\n<p align=\"justify\">Jego zainteresowania do konstruowania nowatorskich rozwi\u0105za\u0144 oraz ch\u0119\u0107 dzielenia si\u0119 wiedz\u0105 i przekazywania jej innym by\u0142a inspiracj\u0105 do podj\u0119cia w 1959 roku pracy w Katedrze Mechaniki Grunt\u00f3w Politechniki Krakowskiej na etacie starszego asystenta. Prowadzi\u0142 zaj\u0119cia laboratoryjne z mechaniki grunt\u00f3w oraz \u0107wiczenia projektowe z fundamentowania, a od 1962 roku wyk\u0142ady z tych przedmiot\u00f3w.<\/p>\n<p align=\"justify\">Poza zaj\u0119ciami dydaktycznymi anga\u017cowa\u0142 si\u0119 i bra\u0142 aktywny udzia\u0142 w badaniach naukowych. Maj\u0105c inspiracj\u0119 w rozwi\u0105zywaniu rzeczywistych problem\u00f3w in\u017cynierskich, zainicjowa\u0142 budow\u0119 stanowisk do bada\u0144 modelowych fundament\u00f3w. Te badania stanowi\u0142y g\u0142\u00f3wny nurt pracy naukowej przez kolejne lata i\u00a0zosta\u0142y podsumowane sformu\u0142owaniem tematyki pracy doktorskiej. W czerwcu 1964 roku Profesor obroni\u0142 prac\u0119 doktorsk\u0105 na temat: \u201eZagadnienie no\u015bno\u015bci pali prefabrykowanych pogr\u0105\u017conych w grunt niespoisty, przy obci\u0105\u017ceniu osiow\u0105 si\u0142\u0105 wyci\u0105gaj\u0105c\u0105\u201d. Od pa\u017adziernika tego roku pracowa\u0142 na etacie adiunkta, prowadz\u0105c wszystkie rodzaje zaj\u0119\u0107 dydaktycznych z zakresu mechaniki grunt\u00f3w i fundamentowania na studiach dziennych i\u00a0wieczorowych Wydzia\u0142\u00f3w Budownictwa L\u0105dowego i Wodnego. Na zlecenie prowadzi\u0142 wyk\u0142ady z tematyki odwodnie\u0144 in\u017cynierskich na Akademii Rolniczej w Krakowie.<\/p>\n<p align=\"justify\">W dalszym ci\u0105gu wsp\u00f3\u0142pracowa\u0142 aktywnie z jednostkami gospodarki narodowej, wykonuj\u0105c szereg opracowa\u0144 autorskich: projekt\u00f3w, dokumentacji i ekspertyz dotycz\u0105cych rozwi\u0105zania szczeg\u00f3lnych problem\u00f3w posadowienia budowli. W 1967 roku uzyska\u0142 uprawnienia geologiczne, upowa\u017cniaj\u0105ce do nadzorowania i dokumentowania prac geologiczno-in\u017cynierskich.<\/p>\n<p align=\"justify\">Aktywno\u015b\u0107 w \u015brodowisku akademickim przejawia si\u0119 udzia\u0142em w pracach Senackiej Komisji Wsp\u00f3\u0142pracy z Zagranic\u0105, funkcj\u0105 z-cy redaktora serii \u201eB\u201d Czasopisma Technicznego, cz\u0142onkowstwem Wydzia\u0142owej Komisji Wsp\u00f3\u0142pracy z Gospodark\u0105 Narodow\u0105 oraz zast\u0119pcy przewodnicz\u0105cego Ko\u0142a PZITB w\u00a0Politechnice Krakowskiej.<\/p>\n<p align=\"justify\">Od 1 lutego 1970 roku zostaje zatrudniony na etacie docenta w Katedrze Mechaniki Grunt\u00f3w i Fundamentowania, a\u00a0od 1\u00a0wrze\u015bnia na tym etacie w Instytucie Geotechniki, na Wydziale In\u017cynierii Sanitarnej i Wodnej Politechniki Krakowskiej. W\u00a01989 roku zosta\u0142 profesorem.<\/p>\n<p align=\"justify\">Nominacja na te stanowiska poci\u0105gn\u0119\u0142a za sob\u0105 wzmo\u017con\u0105 aktywno\u015b\u0107 w organach uczelni i \u015brodowisku naukowym, wyra\u017caj\u0105c\u0105 si\u0119 pe\u0142nieniem funkcji: prodziekana Wydzia\u0142u Budownictwa Wodnego (1971-1973), dyrektora Instytutu Geotechniki (1974-1979 oraz 1990-1994). Od 1 wrze\u015bnia 1976 roku zosta\u0142 kierownikiem Zak\u0142adu Fundamentowania w Instytucie Geotechniki, pe\u0142ni\u0105c t\u0119 funkcj\u0119 do ko\u0144ca pracy w Politechnice Krakowskiej.<\/p>\n<p align=\"justify\">Pracuj\u0105c na uczelni, nie unika kontakt\u00f3w z przemys\u0142em, jest g\u0142\u00f3wnym specjalist\u0105 w Przedsi\u0119biorstwie Projektowania i\u00a0Realizacji Inwestycji Przemys\u0142u Cementowego, Wapiennego i\u00a0Gipsowego (1972-1980).<\/p>\n<p align=\"justify\">Wa\u017cniejsze publikacje Profesora: Budownictwo Betonowe t.\u00a0XIII (1966, wsp\u00f3\u0142autor), \u201eBehalter, Bunker Silos, Schorsteine, Fernsehturme und Freileitungsmaste\u201d (wyd. Ernst&amp;Sohn 1970, wsp\u00f3\u0142autor), \u201eAnaliza pracy wybranych rodzaj\u00f3w fundament\u00f3w prefabrykowanych obci\u0105\u017conych si\u0142\u0105 wyci\u0105gaj\u0105c\u0105 w\u00a0\u015bwietle bada\u0144 do\u015bwiadczalnych\u201c, Monografia PK (1987) oraz 72 publikacje.<\/p>\n<p align=\"justify\">By\u0142 cz\u0142onkiem licznych mi\u0119dzynarodowych organizacji naukowych i zawodowych, wa\u017cniejsze z nich: Conference Internationale des Grands Reseaux Elrctriques (1957-1978), International Society of Soil Mechanics and Foundation Engineering (1986-1993), Technical Commitee on Preservation og Historic Sites TC 19 ISSMFE (1986-1993), International Society for Rock Mechanics.<\/p>\n<p align=\"justify\">Od 1972 roku by\u0142 cz\u0142onkiem Sekcji Mechaniki Grunt\u00f3w, Ska\u0142 oraz Fundamentowania KILiW PAN, a od 1978 roku cz\u0142onkiem Komisji Budownictwa Oddzia\u0142 PAN w Krakowie.<\/p>\n<p align=\"justify\">Za d\u0142ugoletni\u0105 i wyr\u00f3\u017cniaj\u0105c\u0105 si\u0119 prac\u0119 otrzyma\u0142 liczne odznaczenia: Krzy\u017c Kawalerski Orderu Odrodzenia Polski, Z\u0142oty i Srebrny Krzy\u017c Zas\u0142ugi, Z\u0142ot\u0105 Odznak\u0119 Za Zas\u0142ugi dla Ziemi Krakowskiej, Medal XX-Lecia Politechniki Krakowskiej, Z\u0142ot\u0105 i Srebrn\u0105 Odznak\u0119 Honorow\u0105 PZITB, Odznak\u0119 Honorow\u0105 NOT, nagrody ministra i JM Rektora Politechniki Krakowskiej za dzia\u0142alno\u015b\u0107 naukow\u0105 i dydaktyczn\u0105 oraz Nagrod\u0119\u00a0 PZITB im. Wac\u0142awa \u017benczykowskiego za prace badawcze dotycz\u0105ce no\u015bno\u015bci fundament\u00f3w palowych.<\/p>\n<p align=\"justify\">Profesor Zdzis\u0142aw \u017bmudzi\u0144ski wypromowa\u0142 trzech doktor\u00f3w nauk technicznych oraz napisa\u0142 liczne recenzje rozpraw doktorskich i habilitacyjnych, przyczyniaj\u0105c si\u0119 do rozwoju geotechniki w \u015brodowisku akademickim.<\/p>\n<p align=\"justify\">\n<em>Prof. dr hab. Jan Gaszy\u0144ski<br \/>\nPolitechnika Krakowska<\/em><\/p>\n","protected":false},"excerpt":{"rendered":"<p>Prof. dr hab. in\u017c. Zdzis\u0142aw \u017bmudzi\u0144ski urodzi\u0142 si\u0119 5.06.1923\u00a0r. w S\u0119dziszowie Ma\u0142opolskim. Uko\u0144czy\u0142 studia na Wydziale In\u017cynierii AGH w\u00a01950\u00a0r. Ju\u017c w\u00a0czasie studi\u00f3w wykazywa\u0142 zainteresowanie prac\u0105 dydaktyczn\u0105. W latach 1948-1950 pe\u0142ni\u0142 obowi\u0105zki asystenta w Katedrze Budowy Dr\u00f3g na Wydziale In\u017cynierii AGH. By\u0142 w tym czasie aktywny w \u015brodowisku akademickim, pe\u0142ni\u0105c spo\u0142ecznie funkcje wiceprezesa Bratniej Pomocy oraz [&hellip;]<\/p>\n","protected":false},"author":1,"featured_media":0,"parent":256,"menu_order":0,"comment_status":"closed","ping_status":"closed","template":"","meta":{"footnotes":""},"class_list":["post-320","page","type-page","status-publish","hentry"],"_links":{"self":[{"href":"https:\/\/www.geotechnika.org.pl\/index.php?rest_route=\/wp\/v2\/pages\/320","targetHints":{"allow":["GET"]}}],"collection":[{"href":"https:\/\/www.geotechnika.org.pl\/index.php?rest_route=\/wp\/v2\/pages"}],"about":[{"href":"https:\/\/www.geotechnika.org.pl\/index.php?rest_route=\/wp\/v2\/types\/page"}],"author":[{"embeddable":true,"href":"https:\/\/www.geotechnika.org.pl\/index.php?rest_route=\/wp\/v2\/users\/1"}],"replies":[{"embeddable":true,"href":"https:\/\/www.geotechnika.org.pl\/index.php?rest_route=%2Fwp%2Fv2%2Fcomments&post=320"}],"version-history":[{"count":1,"href":"https:\/\/www.geotechnika.org.pl\/index.php?rest_route=\/wp\/v2\/pages\/320\/revisions"}],"predecessor-version":[{"id":322,"href":"https:\/\/www.geotechnika.org.pl\/index.php?rest_route=\/wp\/v2\/pages\/320\/revisions\/322"}],"up":[{"embeddable":true,"href":"https:\/\/www.geotechnika.org.pl\/index.php?rest_route=\/wp\/v2\/pages\/256"}],"wp:attachment":[{"href":"https:\/\/www.geotechnika.org.pl\/index.php?rest_route=%2Fwp%2Fv2%2Fmedia&parent=320"}],"curies":[{"name":"wp","href":"https:\/\/api.w.org\/{rel}","templated":true}]}}