{"id":323,"date":"2015-01-26T22:03:52","date_gmt":"2015-01-26T22:03:52","guid":{"rendered":"http:\/\/www.geotechnika.org.pl\/?page_id=323"},"modified":"2015-01-27T20:38:51","modified_gmt":"2015-01-27T20:38:51","slug":"323-2","status":"publish","type":"page","link":"https:\/\/www.geotechnika.org.pl\/?page_id=323","title":{"rendered":"Prof. dr hab. in\u017c. Stanis\u0142aw Jan Pisarczyk"},"content":{"rendered":"<p><strong><a href=\"http:\/\/www.geotechnika.org.pl\/wp-content\/uploads\/2015\/01\/Stanis\u0142aw-Pisarczyk.jpg\"><img loading=\"lazy\" decoding=\"async\" class=\"alignright size-full wp-image-324\" src=\"http:\/\/www.geotechnika.org.pl\/wp-content\/uploads\/2015\/01\/Stanis\u0142aw-Pisarczyk.jpg\" alt=\"Stanis\u0142aw Pisarczyk\" width=\"177\" height=\"224\" \/><\/a>Prof. dr hab. in\u017c. Stanis\u0142aw Jan Pisarczyk<\/strong> urodzi\u0142 si\u0119 w 23 marca 1937 roku w Przew\u0142oce ko\u0142o Tomaszowa Lubelskiego. W roku 1951 uko\u0144czy\u0142 szko\u0142\u0119 podstawow\u0105, a w roku 1955 \u2013 Liceum Og\u00f3lnokszta\u0142c\u0105ce im. Bartosza G\u0142owackiego w Tomaszowie Lubelskim. Studia rozpocz\u0105\u0142 w roku 1955 na Wydziale Budownictwa Przemys\u0142owego Politechniki Warszawskiej, kt\u00f3re uko\u0144czy\u0142 w roku 1961 na nowo powsta\u0142ym Wydziale In\u017cynierii Budowlanej, uzyskuj\u0105c dyplom magistra in\u017cyniera budownictwa l\u0105dowego. Ju\u017c podczas studi\u00f3w rozpocz\u0105\u0142 zg\u0142\u0119bianie wiedzy z zakresu mechaniki grunt\u00f3w i fundamentowania, wykonuj\u0105c pod kierunkiem profesora Zenona Wi\u0142una prac\u0119 dyplomow\u0105 \u201eWytrzyma\u0142o\u015b\u0107 grunt\u00f3w spoistych na \u015bcinanie, oznaczana w aparacie tr\u00f3josiowym, w zale\u017cno\u015bci od wilgotno\u015bci i konsolidacji\u201d. Jeszcze przed obron\u0105 pracy dyplomowej zosta\u0142 zatrudniony na Wydziale In\u017cynierii Sanitarnej i Wodnej Politechniki Warszawskiej w kierowanej przez profesora Z. Wi\u0142una Katedrze Geotechniki na stanowisku technika, a po obronie pracy dyplomowej \u2013 kolejno na stanowiskach in\u017cyniera sta\u017cysty, asystenta i starszego asystenta.<\/p>\n<p>Stopie\u0144 doktora nauk technicznych prof. Stanis\u0142aw Pisarczyk uzyska\u0142 w roku 1971 na podstawie rozprawy doktorskiej \u201eCechy fizykomechaniczne grunt\u00f3w gruboziarnistych niekt\u00f3rych dolin rzek g\u00f3rskich\u201d przygotowanej pod kierunkiem profesora Z. Wi\u0142una, obronionej z wyr\u00f3\u017cnieniem na Wydziale In\u017cynierii Sanitarnej i Wodnej Politechniki Warszawskiej. Praca zosta\u0142a nagrodzona przez Ministra Nauki, Szkolnictwa Wy\u017cszego i Techniki (nagroda indywidualna III stopnia).<\/p>\n<p>W roku 1974 Profesor zosta\u0142 ponownie nagrodzony za osi\u0105gni\u0119cia w dziedzinie bada\u0144 naukowych dotycz\u0105cych grunt\u00f3w gruboziarnistych z punktu widzenia ich przydatno\u015bci do budowy zap\u00f3r ziemnych. Otrzyma\u0142 nagrod\u0119 zespo\u0142ow\u0105 II stopnia Ministra Nauki, Szkolnictwa Wy\u017cszego i Techniki.<\/p>\n<p>Stopie\u0144 doktora habilitowanego nauk technicznych otrzyma\u0142 w roku 1978 na podstawie dorobku naukowego i rozprawy habilitacyjnej \u201eZag\u0119szczalno\u015b\u0107 grunt\u00f3w gruboziarnistych i kamienistych\u201d. Kolokwium habilitacyjne odby\u0142o si\u0119 przed Rad\u0105 Wydzia\u0142u In\u017cynierii L\u0105dowej Politechniki Warszawskiej. Tytu\u0142 profesora nauk technicznych Stanis\u0142aw Pisarczyk uzyska\u0142 w 1996 roku.<\/p>\n<p>Po reorganizacji w Politechnice Warszawskiej i obronie pracy doktorskiej prof. Stanis\u0142aw Pisarczyk pracowa\u0142 w Zak\u0142adzie Geotechniki i Budowli Podziemnych Instytutu Dr\u00f3g i Most\u00f3w na Wydziale In\u017cynierii L\u0105dowej na stanowisku adiunkta (w latach 1970-1979), a po uzyskaniu stopnia doktora habilitowanego \u2013 na stanowiskach docenta (1979-1991) oraz profesora nadzwyczajnego (od 1991). Od roku 1992 prof. Stanis\u0142aw Pisarczyk zwi\u0105zany jest z Wydzia\u0142em In\u017cynierii \u015arodowiska, pracuj\u0105c w Zak\u0142adzie Budownictwa Wodnego Instytutu Zaopatrzenia w Wod\u0119 i Budownictwa Wodnego, kt\u00f3rym kieruje w latach 1992-2006. W roku 2003 Profesor obejmuje w Politechnice Warszawskiej stanowisko profesora zwyczajnego. Przez dwie kadencje pe\u0142ni na Wydziale funkcj\u0119 prodziekana ds. nauczania.<\/p>\n<p>Od pocz\u0105tku pracy w Politechnice Warszawskiej prof. Stanis\u0142aw Pisarczyk prowadzi wyk\u0142ady z przedmiot\u00f3w: mechanika grunt\u00f3w, ska\u0142 i fundamentowanie; podstawy fundamentowania; hydrologia i geotechnika, a tak\u017ce wyk\u0142ady i \u0107wiczenia z przedmiot\u00f3w: mechanika grunt\u00f3w i fundamentowanie, geotechnika w in\u017cynierii sanitarnej i wodnej, gruntoznawstwo, realizacja obiekt\u00f3w hydrotechnicznych oraz podstawy geologii i geotechniki.<\/p>\n<p>Profesor Stanis\u0142aw Pisarczyk, opr\u00f3cz pracy w Politechnice Warszawskiej, by\u0142 zatrudniony r\u00f3wnie\u017c w Biurze Projektowo-Technologicznym Przemys\u0142u Motoryzacyjnego \u201eMotoprojekt\u201d na stanowisku g\u0142\u00f3wnego specjalisty ds. geotechniki (1973-1976), a tak\u017ce w Instytucie Meteorologii i Gospodarki Wodnej na stanowisku starszego i g\u0142\u00f3wnego specjalisty (1983-1985 oraz 1995-1997).<\/p>\n<p>W czasie pracy w Politechnice Warszawskiej Profesor bierze udzia\u0142 w pracach w ramach problem\u00f3w w\u0119z\u0142owych, program\u00f3w rz\u0105dowych, projekt\u00f3w naukowo-badawczych w\u0142asnych KBN oraz projekt\u00f3w naukowo-badawczych w\u0142asnych i prac statutowych Politechniki Warszawskiej, a tak\u017ce w pracach badawczych i us\u0142ugowych na zlecenie przemys\u0142u. Jest autorem i wsp\u00f3\u0142autorem oko\u0142o 200 publikacji w wydawnictwach recenzowanych i referat\u00f3w konferencyjnych oraz ponad 240 opracowa\u0144 naukowo-badawczych, projekt\u00f3w, ekspertyz, opinii oraz dokumentacji geotechnicznych i geologiczno-in\u017cynierskich. Na oddzieln\u0105 uwag\u0119 zas\u0142uguje dzia\u0142alno\u015b\u0107 publikacyjna Profesora w zakresie wydawnictw zwartych, cz\u0119sto wielokrotnie wznawianych. Jest autorem b\u0105d\u017a wsp\u00f3\u0142autorem:<\/p>\n<p>czterech monografii (Wydawnictwo Politechniki Warszawskiej i Oficyna Wydawnicza Politechniki Warszawskiej),<\/p>\n<p>dw\u00f3ch podr\u0119cznik\u00f3w akademickich (Wydawnictwo Naukowe PWN i Oficyna Wydawnicza Politechniki Warszawskiej),<\/p>\n<p>czterech podr\u0119cznik\u00f3w dla technikum (Wydawnictwa Szkolne i Pedagogiczne),<\/p>\n<p>o\u015bmiu skrypt\u00f3w akademickich (Wydawnictwo Politechniki Warszawskiej i Oficyna Wydawnicza Politechniki Warszawskiej),<\/p>\n<p>trzech poradnik\u00f3w in\u017cynierskich (m. in. Wydawnictwo Arkady).<\/p>\n<p>Za publikacj\u0119 zespo\u0142ow\u0105 \u201eWarunki techniczne wykonania i odbioru zbiornik\u00f3w betonowych oczyszczalni wody i \u015bciek\u00f3w\u201d, wydan\u0105 przez Wydawnictwo Instalator Polski sp. z o.o. Profesor otrzymuje wyr\u00f3\u017cnienie Ministra Spraw Wewn\u0119trznych i Administracji.<\/p>\n<p>Profesor Stanis\u0142aw Pisarczyk jest promotorem w 7 zako\u0144czonych przewodach doktorskich (dw\u00f3ch doktor\u00f3w uzyska\u0142o stopie\u0144 doktora habilitowanego) oraz ponad 70 prac dyplomowych. Recenzowa\u0142 15 rozpraw doktorskich, 3 rozprawy habilitacyjne oraz 5 wniosk\u00f3w o nadanie tytu\u0142u naukowego profesora i wniosk\u00f3w awansowych na stanowiska docenta i profesora, a tak\u017ce wykona\u0142 ponad 100 recenzji wydawniczych skrypt\u00f3w i artyku\u0142\u00f3w naukowych.<\/p>\n<p>Tematyka dzia\u0142alno\u015bci naukowo-badawczej i in\u017cynierskiej Profesora Stanis\u0142awa Pisarczyka obejmuje:<\/p>\n<p>w\u0142a\u015bciwo\u015bci grunt\u00f3w gruboziarnistych i kamienistych oraz ich badanie w aparatach wielkowymiarowych;<\/p>\n<p>zag\u0119szczalno\u015b\u0107 grunt\u00f3w i metody kontroli jako\u015bci rob\u00f3t ziemnych;<\/p>\n<p>budowle hydrotechniczne \u2013 ocena bezpiecze\u0144stwa i stanu technicznego;<\/p>\n<p>zagadnienia geotechniki \u015brodowiska w zakresie sk\u0142adowania i wykorzystania odpad\u00f3w;<\/p>\n<p>ulepszanie grunt\u00f3w i modyfikacja pod\u0142o\u017ca gruntowego.<\/p>\n<p>Profesor Stanis\u0142aw Pisarczyk prowadzi\u0142 badania nad w\u0142a\u015bciwo\u015bciami fizyczno-mechanicznymi grunt\u00f3w gruboziarnistych i kamienistych oraz ich przydatno\u015bci\u0105 do budowy nasyp\u00f3w budowli hydrotechnicznych. Zwie\u0144czeniem tych zainteresowa\u0144 by\u0142a rozprawa doktorska. Badanie grunt\u00f3w gruboziarnistych i kamienistych wymaga stosowania specjalnej aparatury badawczej, \u015brednio- lub wielkowymiarowej. Profesor, pracuj\u0105c pod kierunkiem profesora Z. Wi\u0142una, by\u0142 pomys\u0142odawc\u0105 konstrukcji aparat\u00f3w wielkowymiarowych, kt\u00f3re zaprojektowano i wykonano w Katedrze Geotechniki na Wydziale In\u017cynierii Sanitarnej i Wodnej Politechniki Warszawskiej. W latach sze\u015b\u0107dziesi\u0105tych XX wieku po raz pierwszy w Polsce wielkowymiarowy edometr zastosowano do badania grunt\u00f3w fliszowych przewidzianych do wbudowania w zapor\u0119 Wis\u0142a-Czarne. W nast\u0119pnych latach skonstruowano wielkowymiarowy aparat bezpo\u015bredniego \u015bcinania, wielkowymiarowy aparat tr\u00f3josiowego \u015bciskania, wielkowymiarowy aparat do zag\u0119szczania dynamicznego typu Proctora oraz wielkowymiarowy aparat do badania przepuszczalno\u015bci grunt\u00f3w. Nowo powsta\u0142a wielkowymiarowa aparatura pozwoli\u0142a na rozpoznanie w\u0142a\u015bciwo\u015bci mechanicznych i filtracyjnych zag\u0119szczanych grunt\u00f3w gruboziarnistych i kamienistych. Profesor Stanis\u0142aw Pisarczyk stworzy\u0142 metodyk\u0119 bada\u0144 parametr\u00f3w mechanicznych i filtracyjnych zag\u0119szczanych grunt\u00f3w gruboziarnistych i kamienistych. Laboratorium polowe, kierowane przez Profesora, przebada\u0142o z\u0142o\u017ca o r\u00f3\u017cnym pochodzeniu, sk\u0142adzie litologicznym, uziarnieniu i kszta\u0142cie ziaren, wytypowane do budowy zap\u00f3r ziemnych i obwa\u0142owa\u0144 w dolinie Dunajca (Kojs\u00f3wka, Frydman, Sromowce Wy\u017cne, Niedzica, Jazowsko, Maniowy, Harcygrunt), z\u0142o\u017ca do budowy zapory w Tresnej na Sole i w S\u0142upie na Nysie Szalonej, a tak\u017ce z\u0142o\u017ca do budowy nasypu zapory ziemnej w Wi\u015ble-Czarnem na rzece Wi\u015ble (Bia\u0142a Wise\u0142ka), w Dobczycach na Rabie, w G\u0142\u0119binowie na Nysie K\u0142odzkiej i na Ropie w Klimk\u00f3wce.<\/p>\n<p>Profesor Stanis\u0142aw Pisarczyk prowadzi\u0142 tak\u017ce badania nad przydatno\u015bci\u0105 grunt\u00f3w gruboziarnistych i kamienistych do budowy nasyp\u00f3w komunikacyjnych. Przeprowadzi\u0142 obszerne badania nad zag\u0119szczalno\u015bci\u0105 grunt\u00f3w gruboziarnistych i kamienistych za pomoc\u0105 metody ubijania, wibracji i obci\u0105\u017ce\u0144 statycznych. Wyniki bada\u0144 pozwoli\u0142y na dob\u00f3r sprz\u0119tu zag\u0119szczaj\u0105cego, a tak\u017ce na okre\u015blenie wp\u0142ywu cech fizycznych badanych grunt\u00f3w na ich parametry zag\u0119szczalno\u015bci. Ustali\u0142 metodyk\u0119 bada\u0144 zag\u0119szczenia grunt\u00f3w dla ka\u017cdej z metod badania oraz opracowa\u0142 skuteczne metody kontroli jako\u015bci zag\u0119szczenia nasypu w zale\u017cno\u015bci od rodzaju zag\u0119szczanego gruntu. Zar\u00f3wno zag\u0119szczanie, jak i kontrola zag\u0119szczenia grunt\u00f3w gruboziarnistych i kamienistych wymaga\u0142y prototypowych aparat\u00f3w wielkowymiarowych do bada\u0144 laboratoryjnych i terenowych. Do okre\u015blenia ci\u0119\u017caru obj\u0119to\u015bciowego gruntu nasypowego Profesor zaproponowa\u0142 stosowanie aparatu membranowego (przeponowego) w\u0142asnej konstrukcji, umo\u017cliwiaj\u0105cego badanie wykop\u00f3w o pojemno\u015bci oko\u0142o 70 dm3. Badania zag\u0119szczalno\u015bci grunt\u00f3w gruboziarnistych i kamienistych zaowocowa\u0142y rozpraw\u0105 habilitacyjn\u0105. \u00a0Z tematyk\u0105 zag\u0119szczalno\u015bci grunt\u00f3w i kontrol\u0105 jako\u015bci zag\u0119szczenia s\u0105 r\u00f3wnie\u017c zwi\u0105zane: uzyskany patent na wilgotno\u015bciomierz pojemno\u015bciowy, s\u0142u\u017c\u0105cy do oznaczenia wilgotno\u015bci pod\u0142o\u017ca gruntowego (grunty niespoiste i spoiste) oraz ustalenie tzw. wzoru Pisarczyka, powszechnie stosowanego w praktyce wznoszenia nasyp\u00f3w. Wz\u00f3r okre\u015bla zale\u017cno\u015b\u0107 korelacyjn\u0105 pomi\u0119dzy stopniem i wska\u017anikiem zag\u0119szczenia i mo\u017ce by\u0107 stosowany do grunt\u00f3w niespoistych drobno- i gruboziarnistych.<\/p>\n<p>Z tematyk\u0105 budowy nasyp\u00f3w budowli hydrotechnicznych s\u0105 \u015bci\u015ble zwi\u0105zane: ustalenie metodyki bada\u0144 i badania grunt\u00f3w przewidzianych do wbudowania w nasypy budowli hydrotechnicznych, nadzory prowadzone przez Profesora nad wykonaniem rob\u00f3t hydrotechnicznych, czy oceny bezpiecze\u0144stwa i stanu technicznego zap\u00f3r, zbiornik\u00f3w, \u015bluz i wa\u0142\u00f3w przeciwpowodziowych.<\/p>\n<p>Du\u017c\u0105 cz\u0119\u015b\u0107 dorobku naukowo-badawczego Profesora stanowi\u0105 prace dotycz\u0105ce zagadnie\u0144 geotechniki \u015brodowiska w zakresie sk\u0142adowania i wykorzystania odpad\u00f3w przemys\u0142owych i komunalnych oraz ochrony \u015brodowiska gruntowo-wodnego w otoczeniu sk\u0142adowiska. W pracach Profesora mo\u017cna odnale\u017a\u0107 wyniki bada\u0144 w\u0142a\u015bciwo\u015bci geotechnicznych oraz oceny przydatno\u015bci odpad\u00f3w z ha\u0142d hutniczych, odpad\u00f3w pow\u0119glowych, odpad\u00f3w energetycznych, czy ostatnio osad\u00f3w z dekarbonizacji wody. Z t\u0105 tematyk\u0105 powi\u0105zane s\u0105 analizy przyczyn i metody prognozowania awarii i katastrof osadnik\u00f3w odpad\u00f3w przemys\u0142owych, analizy wp\u0142ywu zanieczyszcze\u0144 pochodz\u0105cych z osadnik\u00f3w przemys\u0142owych na wody powierzchniowe i gruntowe, a tak\u017ce koncepcje i projekty sk\u0142adowisk odpad\u00f3w i ich rozbudowy oraz nadzory naukowo-techniczne nad sk\u0142adowiskami.<\/p>\n<p>Wa\u017cn\u0105 grup\u0105 tematyczn\u0105 zainteresowa\u0144 Profesora jest ulepszanie grunt\u00f3w i modyfikacja pod\u0142o\u017ca gruntowego. Profesor Stanis\u0142aw Pisarczyk przeprowadzi\u0142 liczne badania wzmocnienia grunt\u00f3w przetworzonymi odpadami z tworzyw sztucznych lub gumy oraz badania nad mo\u017cliwo\u015bci\u0105 zastosowania ich w nasypach drogowych, czy obwa\u0142owaniach rzek i zbiornik\u00f3w wodnych. Do tej tematyki mo\u017cna zaliczy\u0107 r\u00f3wnie\u017c udzia\u0142 w uzyskaniu patentu sondy obrotowej do badania wytrzyma\u0142o\u015bci gruntu jako urz\u0105dzenia do oceny s\u0142abo no\u015bnego pod\u0142o\u017ca gruntowego, czy \u015bwiadectwa racjonalizatorskiego (1979 rok) dotycz\u0105cego projektu zmiany technologii i sposobu wykonania makroniwelacji na wzmocnienie pod\u0142o\u017ca za pomoc\u0105 pali piaskowych.<\/p>\n<p>W roku 2007 odby\u0142o si\u0119 na Wydziale In\u017cynierii \u015arodowiska Politechniki Warszawskiej jubileuszowe seminarium naukowe po\u015bwi\u0119cone 70-leciu Profesora, w kt\u00f3rym uczestniczyli r\u00f3wnie\u017c Jego wychowankowie, koledzy i przyjaciele. Wydana z tej okazji monografia \u201eGruntowe materia\u0142y budowlane w in\u017cynierii l\u0105dowej i wodnej\u201d przywo\u0142uje tematyk\u0119 badawcz\u0105 Profesora. Jubileusz by\u0142 doskona\u0142\u0105 okazj\u0105 do podsumowania znacznego wk\u0142adu Profesora wniesionego w rozw\u00f3j polskiej geotechniki.<\/p>\n<p>Profesor jest cz\u0142onkiem Polskiego Komitetu Geotechniki i Mi\u0119dzynarodowego Stowarzyszenia Mechaniki Grunt\u00f3w i In\u017cynierii Geotechnicznej (ISSMGE) od 1967 roku, Sekcji Konstrukcji Hydrotechnicznych KILiW PAN od 1987 roku \u2013 od 2007 roku Profesor jest cz\u0142onkiem honorowym Sekcji, a tak\u017ce Sekcji Geotechniki KILiW PAN od 1990 roku, w kt\u00f3rej w latach 1993-1999 pe\u0142ni\u0142 funkcj\u0119 zast\u0119pcy przewodnicz\u0105cego. Profesor posiada Certyfikat Polskiego Komitetu Geotechniki, uprawnienia geologiczne CUG do ustalania warunk\u00f3w geologiczno-in\u017cynierskich, uprawnienia budowlane w specjalno\u015bci drogowej oraz uprawnienia rzeczoznawcy SITK do rozwi\u0105zywania zagadnie\u0144 geotechnicznych.<\/p>\n<p>Profesor Stanis\u0142aw Pisarczyk zosta\u0142 odznaczony Z\u0142otym Krzy\u017cem Zas\u0142ugi w 1981 roku i Medalem Komisji Edukacji Narodowej w 2001 roku. Za udzia\u0142 w kszta\u0142ceniu kadr Wydzia\u0142u Budownictwa i In\u017cynierii \u015arodowiska Politechniki Bia\u0142ostockiej otrzyma\u0142 w 1998 roku Odznak\u0119 Zas\u0142u\u017cony dla Politechniki Bia\u0142ostockiej.<\/p>\n<p>W roku 2010 Profesor Stanis\u0142aw Pisarczyk przeszed\u0142 ca\u0142kowicie na emerytur\u0119. Nadal jest aktywny zawodowo, \u017cyczliwie s\u0142u\u017cy rad\u0105 m\u0142odszym kolegom, wykonuje ekspertyzy, pisze i recenzuje. Do druku zosta\u0142 z\u0142o\u017cony nast\u0119pny podr\u0119cznik akademicki Profesora \u201eZarys fundamentowania dla in\u017cynier\u00f3w budownictwa wodnego\u201d. Dope\u0142ni on imponuj\u0105c\u0105 list\u0119 publikacji ksi\u0105\u017ckowych Profesora i na pewno b\u0119dzie cieszy\u0142 si\u0119 podobn\u0105 estym\u0105 jak wcze\u015bniejsze pozycje. Kolejne roczniki in\u017cynier\u00f3w budownictwa i in\u017cynierii \u015brodowiska b\u0119d\u0105 si\u0119 kszta\u0142ci\u0107 na ksi\u0105\u017ckach Profesora.<\/p>\n<p>W imieniu wychowank\u00f3w i wsp\u00f3\u0142pracownik\u00f3w Pana Profesora chcia\u0142abym przekaza\u0107 s\u0142owa uznania i wdzi\u0119czno\u015bci za ca\u0142o\u015b\u0107 Pana dokona\u0144 i serdeczno\u015b\u0107 jak\u0105 nas Pan otacza\u0142. \u017byczymy Panu Profesorowi wielu dalszych lat w zdrowiu i w pe\u0142ni si\u0142 tw\u00f3rczych.<\/p>\n<p><em>Dr hab. in\u017c. Katarzyna Zabielska-Adamska, prof. PB<br \/>\n<\/em><em>Politechnika Bia\u0142ostocka<\/em><\/p>\n","protected":false},"excerpt":{"rendered":"<p>Prof. dr hab. in\u017c. Stanis\u0142aw Jan Pisarczyk urodzi\u0142 si\u0119 w 23 marca 1937 roku w Przew\u0142oce ko\u0142o Tomaszowa Lubelskiego. W roku 1951 uko\u0144czy\u0142 szko\u0142\u0119 podstawow\u0105, a w roku 1955 \u2013 Liceum Og\u00f3lnokszta\u0142c\u0105ce im. Bartosza G\u0142owackiego w Tomaszowie Lubelskim. Studia rozpocz\u0105\u0142 w roku 1955 na Wydziale Budownictwa Przemys\u0142owego Politechniki Warszawskiej, kt\u00f3re uko\u0144czy\u0142 w roku 1961 na [&hellip;]<\/p>\n","protected":false},"author":1,"featured_media":0,"parent":256,"menu_order":0,"comment_status":"closed","ping_status":"closed","template":"","meta":{"footnotes":""},"class_list":["post-323","page","type-page","status-publish","hentry"],"_links":{"self":[{"href":"https:\/\/www.geotechnika.org.pl\/index.php?rest_route=\/wp\/v2\/pages\/323","targetHints":{"allow":["GET"]}}],"collection":[{"href":"https:\/\/www.geotechnika.org.pl\/index.php?rest_route=\/wp\/v2\/pages"}],"about":[{"href":"https:\/\/www.geotechnika.org.pl\/index.php?rest_route=\/wp\/v2\/types\/page"}],"author":[{"embeddable":true,"href":"https:\/\/www.geotechnika.org.pl\/index.php?rest_route=\/wp\/v2\/users\/1"}],"replies":[{"embeddable":true,"href":"https:\/\/www.geotechnika.org.pl\/index.php?rest_route=%2Fwp%2Fv2%2Fcomments&post=323"}],"version-history":[{"count":2,"href":"https:\/\/www.geotechnika.org.pl\/index.php?rest_route=\/wp\/v2\/pages\/323\/revisions"}],"predecessor-version":[{"id":326,"href":"https:\/\/www.geotechnika.org.pl\/index.php?rest_route=\/wp\/v2\/pages\/323\/revisions\/326"}],"up":[{"embeddable":true,"href":"https:\/\/www.geotechnika.org.pl\/index.php?rest_route=\/wp\/v2\/pages\/256"}],"wp:attachment":[{"href":"https:\/\/www.geotechnika.org.pl\/index.php?rest_route=%2Fwp%2Fv2%2Fmedia&parent=323"}],"curies":[{"name":"wp","href":"https:\/\/api.w.org\/{rel}","templated":true}]}}