{"id":41,"date":"2015-01-05T17:32:31","date_gmt":"2015-01-05T17:32:31","guid":{"rendered":"http:\/\/www.geotechnika.org.pl\/?page_id=41"},"modified":"2024-10-31T16:11:49","modified_gmt":"2024-10-31T14:11:49","slug":"sklad-zarzadu","status":"publish","type":"page","link":"https:\/\/www.geotechnika.org.pl\/?page_id=41","title":{"rendered":"Aktualne W\u0142adze"},"content":{"rendered":"<hr \/>\n<table>\n<tbody>\n<tr style=\"height: 24px;\">\n<td style=\"text-align: center; height: 24px;\" colspan=\"2\"><strong>Prezydium Zarz\u0105du<\/strong><\/td>\n<\/tr>\n<tr style=\"height: 24px;\">\n<td style=\"text-align: left; height: 24px;\">prof. dr hab. in\u017c. Katarzyna Zabielska-Adamska<\/td>\n<td style=\"text-align: left; height: 24px;\">Prezydent PKG<\/td>\n<\/tr>\n<tr style=\"height: 24px;\">\n<td style=\"text-align: left; height: 24px;\">prof. dr hab. in\u017c. Anna Siemi\u0144ska-Lewandowska<\/td>\n<td style=\"text-align: left; height: 24px;\">\u00a0Wiceprezydent PKG<\/td>\n<\/tr>\n<tr style=\"height: 24px;\">\n<td style=\"text-align: left; height: 24px;\">prof. dr hab. in\u017c. Zbigniew Lechowicz<\/td>\n<td style=\"text-align: left; height: 24px;\">\u00a0Wiceprezydent PKG<\/td>\n<\/tr>\n<tr style=\"height: 24px;\">\n<td style=\"text-align: left; height: 24px;\">dr hab. in\u017c. S\u0142awomir Kwiecie\u0144, prof. P\u015a<\/td>\n<td style=\"text-align: left; height: 24px;\">\u00a0Sekretarz PKG<\/td>\n<\/tr>\n<tr style=\"height: 24px;\">\n<td style=\"text-align: left; height: 24px;\">dr hab. in\u017c. Andrzej Gruchot, prof. URK<\/td>\n<td style=\"text-align: left; height: 24px;\">\u00a0Skarbnik PKG<\/td>\n<\/tr>\n<tr style=\"height: 24px;\">\n<td style=\"text-align: center; height: 24px;\" colspan=\"2\"><strong>Cz\u0142onkowie Zarz\u0105du<\/strong><\/td>\n<\/tr>\n<tr style=\"height: 24px;\">\n<td style=\"text-align: left; height: 24px;\" width=\"500px\">prof. dr hab. in\u017c. Joanna Bz\u00f3wka<\/td>\n<td style=\"text-align: left; height: 24px;\" width=\"200px\">Cz\u0142onek Zarz\u0105du PKG<\/td>\n<\/tr>\n<tr style=\"height: 24px;\">\n<td style=\"height: 24px;\">prof. dr hab. in\u017c. Wojciech Pu\u0142a<\/td>\n<td style=\"text-align: left; height: 24px;\">Cz\u0142onek Zarz\u0105du PKG<\/td>\n<\/tr>\n<tr style=\"height: 24px;\">\n<td style=\"text-align: left; height: 24px;\">prof. dr hab. in\u017c. Waldemar \u015awidzi\u0144ski<\/td>\n<td style=\"text-align: left; height: 24px;\">Cz\u0142onek Zarz\u0105du PKG<\/td>\n<\/tr>\n<tr style=\"height: 24px;\">\n<td style=\"text-align: center; height: 24px;\" colspan=\"2\"><strong>Komisja Rewizyjna<\/strong><\/td>\n<\/tr>\n<tr style=\"height: 24px;\">\n<td style=\"text-align: left; height: 24px;\" width=\"500px\">prof. dr hab. in\u017c. Alojzy Szyma\u0144ski<\/td>\n<td style=\"text-align: left; height: 24px;\" width=\"200px\">Przewodnicz\u0105cy<\/td>\n<\/tr>\n<tr style=\"height: 24px;\">\n<td style=\"height: 24px;\">prof. dr hab. in\u017c. Kazimierz Gwizda\u0142a<\/td>\n<td style=\"text-align: left; height: 24px;\">Cz\u0142onek<\/td>\n<\/tr>\n<tr style=\"height: 24px;\">\n<td style=\"height: 24px;\">prof. dr hab. in\u017c. Zbigniew M\u0142ynarek<\/td>\n<td style=\"text-align: left; height: 24px;\">Cz\u0142onek<\/td>\n<\/tr>\n<tr style=\"height: 24px;\">\n<td style=\"text-align: center; height: 24px;\" colspan=\"2\"><strong>S\u0105d Kole\u017ce\u0144ski<\/strong><\/td>\n<\/tr>\n<tr style=\"height: 24px;\">\n<td style=\"text-align: left; height: 24px;\" width=\"500px\">prof. dr hab. in\u017c. Maria Sulewska<\/td>\n<td style=\"height: 24px; text-align: left;\" width=\"200px\">Przewodnicz\u0105ca<\/td>\n<\/tr>\n<tr style=\"height: 24px;\">\n<td style=\"height: 24px;\">prof. dr hab. in\u017c. Maciej Kumor<\/td>\n<td style=\"height: 24px; text-align: left;\">Cz\u0142onek<\/td>\n<\/tr>\n<tr style=\"height: 24px;\">\n<td style=\"height: 24px;\">dr hab. in\u017c. Miros\u0142aw Lipi\u0144ski<\/td>\n<td style=\"height: 24px; text-align: left;\">Cz\u0142onek<\/td>\n<\/tr>\n<tr style=\"height: 24px;\">\n<td style=\"height: 24px;\">dr hab. in\u017c. Monika Mitew-Czajewska, prof. PW<\/td>\n<td style=\"height: 24px; text-align: left;\">Cz\u0142onek<\/td>\n<\/tr>\n<tr style=\"height: 24px;\">\n<td style=\"height: 24px;\">dr hab. in\u017c. Wojciech Sas, prof. SGGW<\/td>\n<td style=\"height: 24px; text-align: left;\">Cz\u0142onek<\/td>\n<\/tr>\n<tr style=\"height: 24px;\">\n<td style=\"text-align: center; height: 24px;\" colspan=\"2\"><strong>Przewodnicz\u0105cy Oddzia\u0142\u00f3w Regionalnych i Podkomitet\u00f3w<\/strong><\/td>\n<\/tr>\n<tr style=\"height: 24px;\">\n<td style=\"text-align: left; height: 24px;\" colspan=\"2\"><a title=\"Oddzia\u0142 Bia\u0142ostocki\" href=\"http:\/\/www.geotechnika.org.pl\/?page_id=196\"><strong>Oddzia\u0142 Bia\u0142ostocki<\/strong><\/a><\/td>\n<\/tr>\n<tr style=\"height: 24px;\">\n<td style=\"text-align: left; height: 24px;\" width=\"450px\">dr hab. in\u017c. Katarzyna Do\u0142\u017cyk-Szypcio, prof. PB<\/td>\n<td style=\"height: 24px; text-align: left;\" width=\"250px\">Przewodnicz\u0105ca Oddzia\u0142u<\/td>\n<\/tr>\n<tr style=\"height: 24px;\">\n<td style=\"text-align: left; height: 24px;\" colspan=\"2\"><a title=\"Oddzia\u0142 Dolno\u015bl\u0105ski\" href=\"http:\/\/www.geotechnika.org.pl\/?page_id=198\"><strong>Oddzia\u0142 Dolno\u015bl\u0105ski<\/strong><\/a><\/td>\n<\/tr>\n<tr style=\"height: 24px;\">\n<td style=\"text-align: left; height: 24px;\">dr hab. in\u017c. Marek Kawa, prof. PWr<\/td>\n<td style=\"height: 24px; text-align: left;\">Przewodnicz\u0105cy Oddzia\u0142u<\/td>\n<\/tr>\n<tr style=\"height: 24px;\">\n<td style=\"text-align: left; height: 24px;\" colspan=\"2\"><a title=\"Oddzia\u0142 Gda\u0144ski\" href=\"http:\/\/www.geotechnika.org.pl\/?page_id=200\"><strong>Oddzia\u0142 Gda\u0144ski<\/strong><\/a><\/td>\n<\/tr>\n<tr style=\"height: 24px;\">\n<td style=\"text-align: left; height: 24px;\">dr in\u017c. Mariusz Wyro\u015blak<\/td>\n<td style=\"height: 24px; text-align: left;\">Przewodnicz\u0105cy Oddzia\u0142u<\/td>\n<\/tr>\n<tr style=\"height: 24px;\">\n<td style=\"text-align: left; height: 24px;\" colspan=\"2\"><a title=\"Oddzia\u0142 \u0141\u00f3dzki\" href=\"http:\/\/www.geotechnika.org.pl\/?page_id=202\"><strong>Oddzia\u0142\u00a0\u0141\u00f3dzki<\/strong><\/a><\/td>\n<\/tr>\n<tr style=\"height: 24px;\">\n<td style=\"text-align: left; height: 24px;\">dr in\u017c. Marek Wojciechowski<\/td>\n<td style=\"height: 24px; text-align: left;\">Przewodnicz\u0105cy Oddzia\u0142u<\/td>\n<\/tr>\n<tr style=\"height: 24px;\">\n<td style=\"text-align: left; height: 24px;\" colspan=\"2\"><a title=\"Oddzia\u0142 Ma\u0142opolski\" href=\"http:\/\/www.geotechnika.org.pl\/?page_id=204\"><strong>Oddzia\u0142\u00a0Ma\u0142opolski<\/strong><\/a><\/td>\n<\/tr>\n<tr style=\"height: 24px;\">\n<td style=\"text-align: left; height: 24px;\">dr in\u017c. Gra\u017cyna Gaszy\u0144ska-Freiwald<\/td>\n<td style=\"height: 24px; text-align: left;\">Przewodnicz\u0105ca Oddzia\u0142u<\/td>\n<\/tr>\n<tr style=\"height: 24px;\">\n<td style=\"text-align: left; height: 24px;\" colspan=\"2\"><a title=\"Oddzia\u0142 Sto\u0142eczny\" href=\"http:\/\/www.geotechnika.org.pl\/?page_id=206\"><strong>Oddzia\u0142\u00a0Sto\u0142eczny<\/strong><\/a><\/td>\n<\/tr>\n<tr style=\"height: 24px;\">\n<td style=\"text-align: left; height: 24px;\">dr in\u017c. Ma\u0142gorzata Wdowska<\/td>\n<td style=\"height: 24px; text-align: left;\">Przewodnicz\u0105cy Oddzia\u0142u<\/td>\n<\/tr>\n<tr style=\"height: 24px;\">\n<td style=\"text-align: left; height: 24px;\" colspan=\"2\"><a title=\"Oddzia\u0142 \u015al\u0105ski\" href=\"http:\/\/www.geotechnika.org.pl\/?page_id=208\"><strong>Oddzia\u0142\u00a0\u015al\u0105ski<\/strong><\/a><\/td>\n<\/tr>\n<tr style=\"height: 24px;\">\n<td style=\"text-align: left; height: 24px;\">dr in\u017c. Zygmunt Bartoszek<\/td>\n<td style=\"height: 24px; text-align: left;\">Przewodnicz\u0105cy Oddzia\u0142u<\/td>\n<\/tr>\n<tr style=\"height: 24px;\">\n<td style=\"text-align: left; height: 24px;\" colspan=\"2\"><a title=\"Oddzia\u0142 Wielkopolski\" href=\"http:\/\/www.geotechnika.org.pl\/?page_id=210\"><strong>Oddzia\u0142\u00a0Wielkopolski<\/strong><\/a><\/td>\n<\/tr>\n<tr style=\"height: 24px;\">\n<td style=\"text-align: left; height: 24px;\">dr in\u017c. Adam Duda<\/td>\n<td style=\"height: 24px; text-align: left;\">Przewodnicz\u0105cy Oddzia\u0142u<\/td>\n<\/tr>\n<tr style=\"height: 24px;\">\n<td style=\"text-align: left; height: 24px;\" colspan=\"2\"><a title=\"Oddzia\u0142 Zachodniopomorski\" href=\"http:\/\/www.geotechnika.org.pl\/?page_id=212\"><strong>Oddzia\u0142\u00a0Zachodniopomorski<\/strong><\/a><\/td>\n<\/tr>\n<tr style=\"height: 24px;\">\n<td style=\"text-align: left; height: 24px;\">dr in\u017c. Roman Bednarek<\/td>\n<td style=\"height: 24px; text-align: left;\">Przewodnicz\u0105cy Oddzia\u0142u<\/td>\n<\/tr>\n<tr style=\"height: 24px;\">\n<td style=\"text-align: left; height: 24px;\" colspan=\"2\"><a title=\"Podkomitet Budownictwa Podziemnego\" href=\"http:\/\/www.geotechnika.org.pl\/?page_id=214\"><strong>Podkomitet Budownictwa Podziemnego<\/strong><\/a><\/td>\n<\/tr>\n<tr style=\"height: 24px;\">\n<td style=\"text-align: left; height: 24px;\">prof. dr hab. in\u017c. Anna Siemi\u0144ska-Lewandowska<\/td>\n<td style=\"height: 24px; text-align: left;\">Przewodnicz\u0105ca Podkomitetu<\/td>\n<\/tr>\n<tr style=\"height: 24px;\">\n<td style=\"text-align: left; height: 24px;\" colspan=\"2\"><a title=\"Podkomitet Geologii In\u017cynierskiej\" href=\"http:\/\/www.geotechnika.org.pl\/?page_id=216\"><strong>Podkomitet Geologii In\u017cynierskiej<\/strong><\/a><\/td>\n<\/tr>\n<tr style=\"height: 24px;\">\n<td style=\"text-align: left; height: 24px;\">dr hab. Piotr Zawrzykraj<\/td>\n<td style=\"height: 24px; text-align: left;\">Przewodnicz\u0105cy\u00a0Podkomitetu<\/td>\n<\/tr>\n<tr style=\"height: 24px;\">\n<td style=\"text-align: left; height: 24px;\" colspan=\"2\"><a href=\"http:\/\/sgiip.geotechnika.kylos.pl\/wordpress\/\"><strong>Sekcja Geotechniki i Infrastruktury Podziemnej\u00a0Komitetu In\u017cynierii L\u0105dowej i Wodnej PAN<\/strong><\/a><\/td>\n<\/tr>\n<tr style=\"height: 24px;\">\n<td style=\"text-align: left; height: 24px;\">prof. dr hab. in\u017c. Andrzej Truty<\/td>\n<td style=\"height: 24px; text-align: left;\">Przewodnicz\u0105cy Sekcji<\/td>\n<\/tr>\n<\/tbody>\n<\/table>\n<p>&nbsp;<\/p>\n","protected":false},"excerpt":{"rendered":"<p>Prezydium Zarz\u0105du prof. dr hab. in\u017c. Katarzyna Zabielska-Adamska Prezydent PKG prof. dr hab. in\u017c. Anna Siemi\u0144ska-Lewandowska \u00a0Wiceprezydent PKG prof. dr hab. in\u017c. Zbigniew Lechowicz \u00a0Wiceprezydent PKG dr hab. in\u017c. S\u0142awomir Kwiecie\u0144, prof. P\u015a \u00a0Sekretarz PKG dr hab. in\u017c. Andrzej Gruchot, prof. URK \u00a0Skarbnik PKG Cz\u0142onkowie Zarz\u0105du prof. dr hab. in\u017c. Joanna Bz\u00f3wka Cz\u0142onek Zarz\u0105du PKG [&hellip;]<\/p>\n","protected":false},"author":1,"featured_media":0,"parent":2,"menu_order":1,"comment_status":"closed","ping_status":"closed","template":"","meta":{"footnotes":""},"class_list":["post-41","page","type-page","status-publish","hentry"],"_links":{"self":[{"href":"https:\/\/www.geotechnika.org.pl\/index.php?rest_route=\/wp\/v2\/pages\/41","targetHints":{"allow":["GET"]}}],"collection":[{"href":"https:\/\/www.geotechnika.org.pl\/index.php?rest_route=\/wp\/v2\/pages"}],"about":[{"href":"https:\/\/www.geotechnika.org.pl\/index.php?rest_route=\/wp\/v2\/types\/page"}],"author":[{"embeddable":true,"href":"https:\/\/www.geotechnika.org.pl\/index.php?rest_route=\/wp\/v2\/users\/1"}],"replies":[{"embeddable":true,"href":"https:\/\/www.geotechnika.org.pl\/index.php?rest_route=%2Fwp%2Fv2%2Fcomments&post=41"}],"version-history":[{"count":42,"href":"https:\/\/www.geotechnika.org.pl\/index.php?rest_route=\/wp\/v2\/pages\/41\/revisions"}],"predecessor-version":[{"id":1524,"href":"https:\/\/www.geotechnika.org.pl\/index.php?rest_route=\/wp\/v2\/pages\/41\/revisions\/1524"}],"up":[{"embeddable":true,"href":"https:\/\/www.geotechnika.org.pl\/index.php?rest_route=\/wp\/v2\/pages\/2"}],"wp:attachment":[{"href":"https:\/\/www.geotechnika.org.pl\/index.php?rest_route=%2Fwp%2Fv2%2Fmedia&parent=41"}],"curies":[{"name":"wp","href":"https:\/\/api.w.org\/{rel}","templated":true}]}}