{"id":424,"date":"2015-02-03T19:51:30","date_gmt":"2015-02-03T19:51:30","guid":{"rendered":"http:\/\/www.geotechnika.org.pl\/?page_id=424"},"modified":"2015-02-03T19:51:53","modified_gmt":"2015-02-03T19:51:53","slug":"prof-dr-hab-inz-ryszard-jerzy-izbicki","status":"publish","type":"page","link":"https:\/\/www.geotechnika.org.pl\/?page_id=424","title":{"rendered":"Prof. dr hab. in\u017c. Ryszard Jerzy Izbicki"},"content":{"rendered":"<p><img loading=\"lazy\" decoding=\"async\" class=\"alignright size-full wp-image-425\" src=\"http:\/\/www.geotechnika.org.pl\/wp-content\/uploads\/2015\/02\/Ryszard-Izbicki.jpg\" alt=\"Ryszard Izbicki\" width=\"177\" height=\"215\" \/>Prof. Ryszard Jerzy Izbicki urodzi\u0142 si\u0119 22 kwietnia 1943 roku w Bia\u0142ej Podlaskiej w rodzinie inteligenckiej. Rodzinnie oraz d\u0142u\u017cszymi pobytami zwi\u0105zany by\u0142 te\u017c z Suwa\u0142kami i Suwalszczyzn\u0105 (Wigry). Po uko\u0144czeniu Liceum Og\u00f3lnokszta\u0142c\u0105cego rozpocz\u0105\u0142 w roku 1961 studia na Wydziale Budownictwa L\u0105dowego Politechniki Wroc\u0142awskiej. Razem z grup\u0105 10 os\u00f3b by\u0142 studentem nowo utworzonego Studium Podstawowych Problem\u00f3w Techniki (przekszta\u0142conego p\u00f3\u017aniej w Wydzia\u0142). Studia uko\u0144czy\u0142 w 1967 roku, jako magister in\u017cynier budownictwa. W tym te\u017c roku zosta\u0142 zatrudniony na stanowisku asystenta, a p\u00f3\u017aniej starszego asystenta w Katedrze Fundamentowania, zorganizowanej i prowadzonej przez prof. Igora Kisiela. W latach 1968-1970 odby\u0142 sta\u017c naukowy w Instytucie Podstawowych Problem\u00f3w Techniki PAN w Warszawie, gdzie blisk\u0105 wsp\u00f3\u0142prac\u0119 nawi\u0105za\u0142 z prof. Zenonem Mrozem oraz prof. Antonim Sawczukiem.\u00a0 Stopie\u0144 naukowy doktora nauk technicznych nada\u0142a mu w 1971 roku Rada Naukowa Instytutu Geotechniki Politechniki Wroc\u0142awskiej za prac\u0119, kt\u00f3rej promotorem by\u0142 prof. Z. Mr\u00f3z z IPPT PAN. Stopie\u0144 doktora habilitowanego nauk technicznych w zakresie budownictwa uzyska\u0142 w 1983 roku na Wydziale Budownictwa Politechniki Wroc\u0142awskiej. Tytu\u0142 naukowy profesora nauk technicznych nada\u0142 mu Prezydent RP w 1996 roku.<br \/>\nPrac\u0119 naukowo-dydaktyczn\u0105 rozpocz\u0105\u0142 w 1967 roku w Katedrze Fundamentowania, przekszta\u0142conej nast\u0119pnie w Instytut Geotechniki. Prowadzi\u0142 zaj\u0119cia ze studentami wydzia\u0142\u00f3w: Budownictwa i G\u00f3rnictwa, na kursach podstawowych, takich jak Mechanika Grunt\u00f3w oraz wielu specjalistycznych: Roboty Ziemne, Reologia Grunt\u00f3w, Fundamentowanie, Modelowanie Proces\u00f3w Geologiczno-In\u017cynierskich. Pe\u0142ni\u0142 szereg odpowiedzialnych funkcji: w latach 1981-1987 by\u0142 zast\u0119pc\u0105 dyrektora Instytutu Geotechniki Politechniki Wroc\u0142awskiej, w latach 1990\u20111996 prodziekanem Wydzia\u0142u Budownictwa, a w kadencji 2002-2005 dziekanem Wydzia\u0142u Budownictwa L\u0105dowego i Wodnego Politechniki Wroc\u0142awskiej.<br \/>\nG\u0142\u00f3wnym obszarem zainteresowa\u0144 badawczych i naukowych Prof. Ryszarda Izbickiego s\u0105 podstawy mechaniki o\u015brodk\u00f3w plastycznych, teoria stan\u00f3w granicznych i krytycznych, zastosowane w szczeg\u00f3lno\u015bci do rozwi\u0105zywania praktycznych problem\u00f3w mechaniki grunt\u00f3w i ska\u0142 oraz mechanika o\u015brodk\u00f3w nienasyconych. Opracowa\u0142 podstawy teoretyczne, bada\u0142 opisuj\u0105ce r\u00f3wnania, analizowa\u0142 metody rozwi\u0105zywania problem\u00f3w brzegowych. Powsta\u0142o w ten spos\u00f3b szereg metod maj\u0105cych istotne znaczenie praktyczne oraz uzyska\u0142 wiele oryginalnych rozwi\u0105za\u0144 maj\u0105cych zastosowanie w obliczeniach in\u017cynierskich. Bardzo znacz\u0105ca by\u0142a wsp\u00f3\u0142praca Prof. Ryszarda Izbickiego z jednostkami gospodarki narodowej. Jego prace by\u0142y podstaw\u0105 projekt\u00f3w technicznych Kopalni W\u0119gla Brunatnego Tur\u00f3w i Kopalni W\u0119gla Brunatnego Be\u0142chat\u00f3w oraz projekt\u00f3w modernizuj\u0105cych Wa\u0142y Odrza\u0144skie po powodzi 1997 roku.<br \/>\nProf. Ryszard Izbicki opublikowa\u0142 102 artyku\u0142y (w tym 24\u00a0obcoj\u0119zyczne) oraz 112 innych prac.<br \/>\nJego prace by\u0142y wielokrotnie cytowane (wed\u0142ug SCI). Jest wsp\u00f3\u0142autorem 6 monografii i 2 skrypt\u00f3w. Ksi\u0105\u017cki by\u0142y wydawane przez PWN oraz przez Elsevier. Propagowa\u0142y stworzone podstawy teoretyczne i metody obliczeniowe. Sta\u0142y si\u0119 podstaw\u0105 kszta\u0142cenia student\u00f3w, a w szczeg\u00f3lno\u015bci doktorant\u00f3w. Metody by\u0142y rozwijane r\u00f3wnie\u017c w szeregu habilitacjach.<br \/>\nPod kierunkiem Prof. Ryszarda Izbickiego powsta\u0142o kilkadziesi\u0105t prac magisterskich. Jest promotorem pi\u0119ciu doktorat\u00f3w. By\u0142 recenzentem 19 prac doktorskich, 17 prac habilitacyjnych, 7\u00a0recenzji wniosk\u00f3w o tytu\u0142 profesora. Przygotowywa\u0142 te\u017c superrecenzje dla Centralnej Komisji ds. Tytu\u0142u Naukowego i Stopni Naukowych. Jest promotorem jednego doktoratu honoris causa na Politechnice Wroc\u0142awskiej.<br \/>\nWsp\u00f3\u0142pracuje z licznymi o\u015brodkami naukowymi. Wielokrotnie wybierany by\u0142 do komitet\u00f3w naukowych znacz\u0105cych konferencji naukowych. Przewodniczy\u0142 licznym sesjom na tych konferencjach. W latach 1987-2005 by\u0142 z wyboru cz\u0142onkiem Rady Naukowej Instytutu Budownictwa Wodnego Polskiej Akademii Nauk w Gda\u0144sku.<br \/>\nOd 1986 roku jest cz\u0142onkiem Komisji Mechaniki i Budownictwa przy Wroc\u0142awskim Oddziale PAN, a od 1979 roku cz\u0142onkiem Sekcji Geotechniki przy Komitecie In\u017cynierii L\u0105dowej i Wodnej PAN. Jest z wyboru cz\u0142onkiem Komitetu Technicznego International Society for Soil Mechanics and Geotechnica Engineering.<br \/>\nBardzo znacz\u0105ca jest dzia\u0142alno\u015b\u0107 wydawnicza. W latach 1974-1980 by\u0142 Redaktorem Naczelnym Wydawnictw Instytutu Geotechniki Politechniki Wroc\u0142awskiej. By\u0142 r\u00f3wnie\u017c Redaktorem czasopisma Acta Politechnica Wratislaviensis. Od roku 1980 by\u0142 sekretarzem czasopisma \u201eStudia Geotechnica et Mechanica\u201d, kt\u00f3rym kierowa\u0142 prof. I. Kisiel. Po jego \u015bmierci w 1988 r. zosta\u0142 Redaktorem Naczelnym. Dzi\u0119ki wysi\u0142kom Prof. Ryszarda Izbickiego pismo ma utrwalon\u0105, dobr\u0105 mark\u0119 w wielu o\u015brodkach naukowych na ca\u0142ym \u015bwiecie.<br \/>\nProf. Ryszard Izbicki by\u0142 wielokrotnie nagradzany za dzia\u0142alno\u015b\u0107 naukow\u0105, dydaktyczn\u0105 i organizacyjn\u0105. Otrzyma\u0142 17 nagr\u00f3d J\u00a0M Rektora Politechniki Wroc\u0142awskiej, liczne nagrody Dziekana i Dyrektora Instytutu Geotechniki. Jest laureatem trzech Nagr\u00f3d Ministra, Nagrody Sekretarza Naukowego PAN, Wydzia\u0142u IV Polskiej Akademii Nauk oraz Specjalnej Nagrody Docendo Discimus. Posiada Z\u0142ot\u0105 odznak\u0119 Politechniki Wroc\u0142awskiej, Z\u0142oty Krzy\u017c Zas\u0142ugi oraz Medal Komisji Edukacji Narodowej.<\/p>\n<p>Prof. dr hab. in\u017c. Tomasz Strzelecki<\/p>\n","protected":false},"excerpt":{"rendered":"<p>Prof. Ryszard Jerzy Izbicki urodzi\u0142 si\u0119 22 kwietnia 1943 roku w Bia\u0142ej Podlaskiej w rodzinie inteligenckiej. Rodzinnie oraz d\u0142u\u017cszymi pobytami zwi\u0105zany by\u0142 te\u017c z Suwa\u0142kami i Suwalszczyzn\u0105 (Wigry). Po uko\u0144czeniu Liceum Og\u00f3lnokszta\u0142c\u0105cego rozpocz\u0105\u0142 w roku 1961 studia na Wydziale Budownictwa L\u0105dowego Politechniki Wroc\u0142awskiej. Razem z grup\u0105 10 os\u00f3b by\u0142 studentem nowo utworzonego Studium Podstawowych Problem\u00f3w [&hellip;]<\/p>\n","protected":false},"author":1,"featured_media":0,"parent":256,"menu_order":0,"comment_status":"closed","ping_status":"closed","template":"","meta":{"footnotes":""},"class_list":["post-424","page","type-page","status-publish","hentry"],"_links":{"self":[{"href":"https:\/\/www.geotechnika.org.pl\/index.php?rest_route=\/wp\/v2\/pages\/424","targetHints":{"allow":["GET"]}}],"collection":[{"href":"https:\/\/www.geotechnika.org.pl\/index.php?rest_route=\/wp\/v2\/pages"}],"about":[{"href":"https:\/\/www.geotechnika.org.pl\/index.php?rest_route=\/wp\/v2\/types\/page"}],"author":[{"embeddable":true,"href":"https:\/\/www.geotechnika.org.pl\/index.php?rest_route=\/wp\/v2\/users\/1"}],"replies":[{"embeddable":true,"href":"https:\/\/www.geotechnika.org.pl\/index.php?rest_route=%2Fwp%2Fv2%2Fcomments&post=424"}],"version-history":[{"count":2,"href":"https:\/\/www.geotechnika.org.pl\/index.php?rest_route=\/wp\/v2\/pages\/424\/revisions"}],"predecessor-version":[{"id":427,"href":"https:\/\/www.geotechnika.org.pl\/index.php?rest_route=\/wp\/v2\/pages\/424\/revisions\/427"}],"up":[{"embeddable":true,"href":"https:\/\/www.geotechnika.org.pl\/index.php?rest_route=\/wp\/v2\/pages\/256"}],"wp:attachment":[{"href":"https:\/\/www.geotechnika.org.pl\/index.php?rest_route=%2Fwp%2Fv2%2Fmedia&parent=424"}],"curies":[{"name":"wp","href":"https:\/\/api.w.org\/{rel}","templated":true}]}}