{"id":434,"date":"2015-02-03T20:05:12","date_gmt":"2015-02-03T20:05:12","guid":{"rendered":"http:\/\/www.geotechnika.org.pl\/?page_id=434"},"modified":"2015-02-03T20:05:12","modified_gmt":"2015-02-03T20:05:12","slug":"dr-inz-boleslaw-klosinski","status":"publish","type":"page","link":"https:\/\/www.geotechnika.org.pl\/?page_id=434","title":{"rendered":"Dr in\u017c. Boles\u0142aw K\u0142osi\u0144ski"},"content":{"rendered":"<p><img loading=\"lazy\" decoding=\"async\" class=\"alignright size-full wp-image-435\" src=\"http:\/\/www.geotechnika.org.pl\/wp-content\/uploads\/2015\/02\/Boles\u0142aw-K\u0142osi\u0144ski.jpg\" alt=\"Boles\u0142aw K\u0142osi\u0144ski\" width=\"177\" height=\"225\" \/>Dr in\u017c. Boles\u0142aw K\u0142osi\u0144ski urodzi\u0142 si\u0119 21 czerwca 1938 r. w Warszawie, w rodzinie oficera saper\u00f3w kolejowych, uczestnika wojny 1920 r. i III Powstania \u015al\u0105skiego, a podczas II wojny \u015bwiatowej \u2013 \u017co\u0142nierza Armii Krajowej, kt\u00f3ry bra\u0142 udzia\u0142 w\u00a0Powstaniu Warszawskim. Wychowywa\u0142 si\u0119 z dwoma bra\u0107mi. W \u0141odzi uko\u0144czy\u0142 szko\u0142\u0119 podstawow\u0105 i Liceum Og\u00f3lnokszta\u0142c\u0105ce im. M. Kopernika.<br \/>\nW 1955 roku rozpocz\u0105\u0142 studia na Wydziale In\u017cynierii Budowlanej Politechniki Warszawskiej i wybra\u0142 specjalizacj\u0119: mosty i\u00a0budowle podziemne. Prac\u0119 dyplomow\u0105 wykonywa\u0142 pod kierunkiem prof. Zbigniewa Wasiuty\u0144skiego, a egzamin dyplomowy zda\u0142 w czerwcu 1961 r. Wcze\u015bniej, na kilka miesi\u0119cy przed zako\u0144czeniem studi\u00f3w zosta\u0142 zatrudniony i pracowa\u0142 przez dwa lata na stanowisku asystenta w Katedrze Most\u00f3w Betonowych. W grudniu 1962 roku rozpocz\u0105\u0142 prac\u0119 w Centralnym O\u015brodku Bada\u0144 i Rozwoju Techniki Drogowej, kt\u00f3ry w 1974\u00a0roku przemianowano na Instytut Badawczy Dr\u00f3g i Most\u00f3w (IB\u200aDiM), gdzie pracuje do dzisiaj.<br \/>\nW latach 1962-1984 pracowa\u0142 w Zespole kierowanym przez prof. Andrzeja Jarominiaka, uczestnicz\u0105c we wdra\u017caniu do krajowego budownictwa mostowego pali wielko\u015brednicowych, pozwalaj\u0105cych m.in. na wyeliminowanie keson\u00f3w. W\u00a0celu opracowania zasad projektowania pali wielko\u015brednicowych prowadzi\u0142 d\u0142ugoterminowe badania no\u015bno\u015bci pali na poligonach w pobli\u017cu przysz\u0142ych most\u00f3w: \u015awi\u0119tokrzyskiego i \u0141azienkowskiego. Podsumowanie tych wielomiesi\u0119cznych bada\u0144, opisuj\u0105ce wyra\u017ane r\u00f3\u017cnice pali wielko\u015brednicowych w\u00a0por\u00f3wnaniu do innych rodzaj\u00f3w pali, przedstawione zosta\u0142o w publikacji pt. \u201eBadania pr\u00f3bnych s\u0142up\u00f3w fundamentowych i most\u00f3w \u015awi\u0119tokrzyskiego i \u0141azienkowskiego w Warszawie\u201d z 1965 roku, kt\u00f3rej by\u0142 wsp\u00f3\u0142autorem. Uzyskane do\u015bwiadczenia pozwoli\u0142y na wdro\u017cenie pali wielko\u015brednicowych na wielu obiektach drogowych i kolejowych. W Zespole prof. Jarominiaka za prace badawcze i wdro\u017ceniowe dotycz\u0105ce wprowadzenia do krajowego budownictwa mostowego pali wielko\u015brednicowych uzyska\u0142 w\u00a01970 r. nagrod\u0119 pa\u0144stwow\u0105 zespo\u0142ow\u0105 II\u00a0stopnia. Dalsze prace wdro\u017ceniowe pozwoli\u0142y na opracowanie w 1975\u00a0roku \u201eWytycznych projektowania pali wielko\u015brednicowych w\u00a0obiektach mostowych\u201d, kt\u00f3rych dr in\u017c. Boles\u0142aw K\u0142osi\u0144ski by\u0142 g\u0142\u00f3wnym autorem.<br \/>\nW 1984 roku dr in\u017c. Boles\u0142aw K\u0142osi\u0144ski przeszed\u0142 do Zak\u0142adu Geotechniki IBDiM, kt\u00f3rym kierowa\u0142 prof. Jan Pachowski, a\u00a0p\u00f3\u017aniej in\u017c. Piotr Wile\u0144ski i mgr in\u017c. Krzysztof Grzegorzewicz. Ju\u017c wcze\u015bniej zajmowa\u0142 si\u0119 \u015bcianami szczelinowymi, ale dopiero rozpocz\u0119ta w 1983 roku budowa I linii metra w\u00a0Warszawie otworzy\u0142a nowe mo\u017cliwo\u015bci realizacyjne i badawcze. Na cz\u0119\u015bci tej linii roboty prowadzono metod\u0105 odkrywkow\u0105 za pomoc\u0105 \u015bcian szczelinowych. Podczas budowy zosta\u0142y przeprowadzone badania, kt\u00f3re dotyczy\u0142y technologii i jako\u015bci wykonywanych \u015bcian, a zgromadzon\u0105 wiedz\u0119 dr in\u017c. Boles\u0142aw K\u0142osi\u0144ski wykorzysta\u0142 do opracowania w 1987 r. (zaktualizowanych w 1992\u00a0roku) \u201eWarunk\u00f3w technicznych wykonywania \u015bcian szczelinowych\u201d, kt\u00f3re s\u0105 nadal stosowane w praktyce jako podstawa do oceny i odbioru rob\u00f3t.<br \/>\nW 1985 roku zosta\u0142y opracowane w IBDiM zawiesiny twardniej\u0105ce o ma\u0142ej lepko\u015bci i w drodze licencji uruchomiono produkcj\u0119 \u015brodka modyfikuj\u0105cego do zawiesin. Umo\u017cliwi\u0142o to wdro\u017cenie zawiesin w praktyce in\u017cynierskiej. Dr in\u017c. Boles\u0142aw K\u0142osi\u0144ski uczestniczy\u0142 w badaniach i wdro\u017ceniach zawiesin twardniej\u0105cych na budowie I linii metra w Warszawie \u2013 do posadowienia pali obudowy berli\u0144skiej i wype\u0142niania pod\u0142o\u017ca. Uczestniczy\u0142 tak\u017ce w badaniach i wdro\u017ceniach zawiesin twardniej\u0105cych do uszczelniania przycz\u00f3\u0142k\u00f3w zap\u00f3r i innych obiekt\u00f3w (zapora w D\u0119bem, sk\u0142adowiska odpad\u00f3w: zak\u0142ad\u00f3w Hajduki w \u015awi\u0119toch\u0142owicach, KWK Morcinek i innych). Prowadzone badania no\u015bno\u015bci i trwa\u0142o\u015bci konstrukcji, w kt\u00f3rych stosowano zawiesiny twardniej\u0105ce, umo\u017cliwi\u0142y wdro\u017cenie do praktyki nowych konstrukcji geotechnicznych.<br \/>\nIstotny obszar aktywno\u015bci zawodowej dr in\u017c. Boles\u0142awa K\u0142osi\u0144skiego obejmuj\u0105 zagadnienia wzmacniania pod\u0142o\u017ca gruntowego i fundament\u00f3w obiekt\u00f3w budowlanych. Do praktyki krajowej wdro\u017cy\u0142 od 1974 roku zag\u0119szczanie grunt\u00f3w udarami o du\u017cej energii, zwane konsolidacj\u0105 dynamiczn\u0105. Opr\u00f3cz pali wielko\u015brednicowych zajmowa\u0142 si\u0119 tak\u017ce metodami projektowania i wykonywania fundament\u00f3w zespolonych palowo-p\u0142ytowych oraz posadowie\u0144 budynk\u00f3w wysokich. Projektowa\u0142 lub konsultowa\u0142 posadowienie kilku warszawskich wie\u017cowc\u00f3w, w\u015br\u00f3d nich DAEWOO. Budynek ten, pierwszy z wysokich wie\u017cowc\u00f3w Warszawy posadowiono wed\u0142ug za\u0142o\u017ce\u0144 opracowanych przez dr. in\u017c. Boles\u0142awa K\u0142osi\u0144skiego. W kolejnych wie\u017cowcach (Rondo 1 i ORCO w Warszawie, Sky Tower we Wroc\u0142awiu) zaproponowa\u0142 oszcz\u0119dniejsze fundamenty zespolone p\u0142ytowo-palowe, okre\u015bli\u0142 parametry potrzebne do ich oblicze\u0144, weryfikowa\u0142 wyniki i wsp\u00f3\u0142dzia\u0142a\u0142 z wykonawcami rob\u00f3t. W obiektach tych stosowano z du\u017cym powodzeniem pale z podstawami napr\u0119\u017canymi iniekcyjnie metod\u0105 opatentowan\u0105 przez IBDiM.<br \/>\nW obszarze tej aktywno\u015bci znalaz\u0142y si\u0119 tak\u017ce mikropale. Dr\u00a0in\u017c. Boles\u0142aw K\u0142osi\u0144ski prowadzi\u0142 badania i nadzorowa\u0142 wdro\u017cenia mikropali. Wyniki tych prac przedstawi\u0142 w rozprawie doktorskiej pt. \u201eWzmocnienie fundament\u00f3w budowli mikropalami\u201d, kt\u00f3r\u0105 obroni\u0142 w 1998 roku w Politechnice Pozna\u0144skiej, uzyskuj\u0105c stopie\u0144 doktora nauk technicznych. Promotorem by\u0142 prof. Jerzy Przysta\u0144ski.<br \/>\nW czasie prawie pi\u0119\u0107dziesi\u0119cioletniej pracy w IBDiM uczestniczy\u0142 i kierowa\u0142 realizacj\u0105 oraz wdra\u017caniem w praktyce wielu prac badawczych Instytutu z dziedziny budowy most\u00f3w i fundamentowania oraz bada\u0144 grunt\u00f3w, w\u00a0realizacji pionierskich konstrukcji podp\u00f3r mostowych, opracowaniu projekt\u00f3w, nadzorach budowy i badaniach most\u00f3w, wie\u017cowc\u00f3w, tuneli, g\u0142\u0119bokich obiekt\u00f3w podziemnych, budowli hydrotechnicznych, konstrukcji przemys\u0142owych i innych. Uczestniczy\u0142 w\u00a0opracowaniach norm i\u00a0przepis\u00f3w dotycz\u0105cych m.in. projektowania oraz wykonywania pali wielko\u015brednicowych, \u015bcian szczelinowych, mikropali, rob\u00f3t ziemnych, bada\u0144 pod\u0142o\u017ca obiekt\u00f3w drogowych i mostowych, wzmacniania pod\u0142o\u017ca, stosowania geosyntetyk\u00f3w. Jego wk\u0142ad w polsk\u0105 i mi\u0119dzynarodow\u0105 normalizacj\u0119 jest imponuj\u0105cy. Pracowa\u0142 w Komitecie Technicznym PKN nr 254 \u201eGeotechnika\u201d (wiceprzewodnicz\u0105cy od 2003 r.), w Komisjach CEN TC 250\/TC 7 \u201eGeotechnical design\u201d i TC 288 \u201eExecution of special geotechnical work\u201d oraz w grupach roboczych CEN (od 1997 r.). Jest wsp\u00f3\u0142autorem polskich wersji Norm Europejskich dotycz\u0105cych fundamentowania.<br \/>\nOdby\u0142 sta\u017ce zawodowe, naukowe i szkoleniowe w Wielkiej Brytanii, USA, RFN, NRD, Czechos\u0142owacji, na W\u0119grzech. Bra\u0142 udzia\u0142 w opracowaniach projekt\u00f3w mi\u0119dzynarodowych, np. cz\u0119\u015bci geotechnicznej wydawnictwa Europejskiego Instytutu Badawczego Kolejnictwa ERRI \u201eBridge Ends \u2013 Embankment-structure transition\u201d (1998-1999 r.) oraz w mi\u0119dzynarodowej sieci \u201eGeotechnet\u201d (2001-2005).<br \/>\nW latach 2004-2007 uczestniczy\u0142 w mi\u0119dzynarodowym projekcie SCOUT, po\u015bwi\u0119conym nowym metodom budowy \u015bcian szczelinowych, kt\u00f3ry by\u0142 finansowany ze \u015brodk\u00f3w Unii Europejskiej. W\u015br\u00f3d dziewi\u0119ciu partner\u00f3w istotne zadanie wype\u0142ni\u0142 IBDiM oraz zesp\u00f3\u0142 zorganizowany i kierowany przez dr\u00a0in\u017c. Boles\u0142awa K\u0142osi\u0144skiego. Prace te zosta\u0142y wysoko ocenione przez partner\u00f3w mi\u0119dzynarodowych.<br \/>\nDo\u015bwiadczenia zawodowe przekazywa\u0142 publikuj\u0105c ksi\u0105\u017cki, artyku\u0142y i referaty oraz prowadz\u0105c wyk\u0142ady na studiach podyplomowych, kursach i szkoleniach dla in\u017cynier\u00f3w mostowych i\u00a0budowlanych oraz geolog\u00f3w. Jego dorobek obejmuje oko\u0142o 300 publikacji, m. in. wsp\u00f3\u0142autorstwo monografii \u201ePale i fundamenty palowe\u201d (1976 r.), podr\u0119cznika \u201eOcena uszkodze\u0144 i\u00a0odtwarzanie przejezdno\u015bci dr\u00f3g zniszczonych przez dzia\u0142anie celowe\u201d (1995\u00a0r.). W\u00a0ostatnich latach szczeg\u00f3lnie cenne s\u0105 dwie publikacje opracowane pod kierunkiem dr. in\u017c. Boles\u0142awa K\u0142osi\u0144skiego: \u201eInstrukcja bada\u0144 pod\u0142o\u017ca gruntowego budowli drogowych i mostowych\u201d (1998 r.) i \u201eWytyczne wzmacniania pod\u0142o\u017ca gruntowego w budownictwie drogowym\u201d (2002 r.). Obie publikacje s\u0105 powszechnie stosowane w budownictwie drogowym. Opr\u00f3cz tego jest autorem lub wsp\u00f3\u0142autorem nowelizacji norm, przepis\u00f3w, wytycznych technicznych i innych opracowa\u0144. Jest tak\u017ce wsp\u00f3\u0142autorem 14 patent\u00f3w i wzor\u00f3w u\u017cytkowych.<br \/>\nNa szczeg\u00f3ln\u0105 uwag\u0119 zas\u0142uguje dzia\u0142alno\u015b\u0107 dr. in\u017c. Boles\u0142awa K\u0142osi\u0144skiego w miesi\u0119czniku PZITB \u201eIn\u017cynieria i Budownictwo\u201d. W latach 1979-2000 by\u0142 redaktorem dzia\u0142u \u201eGeotechnika\u201d. Opr\u00f3cz artyku\u0142\u00f3w publikowa\u0142 w miesi\u0119czniku recenzje lub notki informacyjne podpisywane skr\u00f3tem BAK od inicja\u0142\u00f3w autora. Praca w redakcji \u201eIn\u017cynierii i Budownictwa\u201d by\u0142a okazj\u0105 do popularyzowania problematyki fundamentowania.<br \/>\nPosiada uprawnienia budowlane do projektowania i kierowania robotami w specjalno\u015bci konstrukcyjno-budowlanej oraz obiekt\u00f3w mostowych. Jest rzeczoznawc\u0105 budowlanym (CRRB) w specjalno\u015bci konstrukcyjno-budowlanej, rzeczoznawc\u0105 SITK w specjalno\u015bci geotechnika oraz fundamenty most\u00f3w (1980\u00a0r.) oraz rzeczoznawc\u0105 PZITB w specjalno\u015bciach: geotechnika i\u00a0fundamentowanie (1991 r.). Uzyska\u0142 I i II stopie\u0144 specjalizacji in\u017cynierskiej w dziedzinie budownictwa i in\u017cynierii l\u0105dowej ze specjalno\u015bci\u0105 \u201ekonstrukcje in\u017cynierskie i specjalne\u201d (1985 i 1989 r.). Posiada certyfikat Polskiego Komitetu Geotechniki (2001 r.).<br \/>\nDzia\u0142a w organizacjach naukowych i technicznych: Polskim Komitecie Geotechniki od 1970 roku (cz\u0142onek Zarz\u0105du G\u0142\u00f3wnego przez dwie kadencje), International Society for Soil Mechanics and Geotechnical Engineering \u2013 ISSMGE (od 1977 r.), Sekcji Geotechniki KILiW PAN (do 2003 r.). Od 1975 r. dzia\u0142a\u0142 w Sekcji G\u0142\u00f3wnej Techniki Mostowej, a od 1992 r. w Zwi\u0105zku Mostowc\u00f3w RP (1997-2004 r. \u2013 cz\u0142onek Zarz\u0105du, 2001-2004 r. \u2013 redaktor Biuletynu ZMRP). Z inicjatywy Jego i mgr in\u017c. K. Grzegorzewicza w 2003 roku powsta\u0142o Polskie Zrzeszenie Wykonawc\u00f3w Fundament\u00f3w Specjalnych, zrzeszaj\u0105ce obecnie 18\u00a0firm, integruj\u0105ce \u015brodowisko wykonawc\u00f3w fundament\u00f3w. Zrzeszenie jest organizatorem interesuj\u0105cych seminari\u00f3w i kurs\u00f3w, maj\u0105cych na celu prezentacj\u0119 nowoczesnych rozwi\u0105za\u0144 technicznych i wymian\u0119 do\u015bwiadcze\u0144.<br \/>\nZa osi\u0105gni\u0119cia zawodowe otrzyma\u0142 odznaczenia pa\u0144stwowe, resortowe i NOT. Opr\u00f3cz nagrody pa\u0144stwowej zespo\u0142owej II st. (1970 r.), otrzyma\u0142 Krzy\u017c Kawalerski Orderu Odrodzenia Polski (1987 r.), Z\u0142ot\u0105 Odznak\u0119 \u201eZas\u0142u\u017cony dla Budownictwa i PMB\u201d (1988 r.), Z\u0142ot\u0105 Odznak\u0119 Honorow\u0105 NOT (1989 r.).<br \/>\nDr in\u017c. Boles\u0142aw K\u0142osi\u0144ski zdoby\u0142 ogromne praktyczne do\u015bwiadczenie w projektowaniu i wykonawstwie rob\u00f3t przy opracowaniu, opiniowaniu i konsultowaniu licznych projekt\u00f3w konstrukcji in\u017cynierskich, most\u00f3w i innych obiekt\u00f3w oraz r\u00f3\u017cnych rodzaj\u00f3w fundament\u00f3w, prowadzeniu bada\u0144, wykonywaniu ekspertyz i wdra\u017caniu nowych technologii. Jest wybitnym in\u017cynierem w zakresie geotechniki i fundamentowania, specjalist\u0105, z kt\u00f3rego wiedzy i do\u015bwiadczenia korzystaj\u0105 projektanci i\u00a0budowniczowie dr\u00f3g, most\u00f3w i innych budowli.<\/p>\n<p>Prof. dr hab. in\u017c. Leszek Rafalski<\/p>\n","protected":false},"excerpt":{"rendered":"<p>Dr in\u017c. Boles\u0142aw K\u0142osi\u0144ski urodzi\u0142 si\u0119 21 czerwca 1938 r. w Warszawie, w rodzinie oficera saper\u00f3w kolejowych, uczestnika wojny 1920 r. i III Powstania \u015al\u0105skiego, a podczas II wojny \u015bwiatowej \u2013 \u017co\u0142nierza Armii Krajowej, kt\u00f3ry bra\u0142 udzia\u0142 w\u00a0Powstaniu Warszawskim. Wychowywa\u0142 si\u0119 z dwoma bra\u0107mi. W \u0141odzi uko\u0144czy\u0142 szko\u0142\u0119 podstawow\u0105 i Liceum Og\u00f3lnokszta\u0142c\u0105ce im. M. Kopernika. [&hellip;]<\/p>\n","protected":false},"author":1,"featured_media":0,"parent":256,"menu_order":0,"comment_status":"closed","ping_status":"closed","template":"","meta":{"footnotes":""},"class_list":["post-434","page","type-page","status-publish","hentry"],"_links":{"self":[{"href":"https:\/\/www.geotechnika.org.pl\/index.php?rest_route=\/wp\/v2\/pages\/434","targetHints":{"allow":["GET"]}}],"collection":[{"href":"https:\/\/www.geotechnika.org.pl\/index.php?rest_route=\/wp\/v2\/pages"}],"about":[{"href":"https:\/\/www.geotechnika.org.pl\/index.php?rest_route=\/wp\/v2\/types\/page"}],"author":[{"embeddable":true,"href":"https:\/\/www.geotechnika.org.pl\/index.php?rest_route=\/wp\/v2\/users\/1"}],"replies":[{"embeddable":true,"href":"https:\/\/www.geotechnika.org.pl\/index.php?rest_route=%2Fwp%2Fv2%2Fcomments&post=434"}],"version-history":[{"count":1,"href":"https:\/\/www.geotechnika.org.pl\/index.php?rest_route=\/wp\/v2\/pages\/434\/revisions"}],"predecessor-version":[{"id":436,"href":"https:\/\/www.geotechnika.org.pl\/index.php?rest_route=\/wp\/v2\/pages\/434\/revisions\/436"}],"up":[{"embeddable":true,"href":"https:\/\/www.geotechnika.org.pl\/index.php?rest_route=\/wp\/v2\/pages\/256"}],"wp:attachment":[{"href":"https:\/\/www.geotechnika.org.pl\/index.php?rest_route=%2Fwp%2Fv2%2Fmedia&parent=434"}],"curies":[{"name":"wp","href":"https:\/\/api.w.org\/{rel}","templated":true}]}}