{"id":437,"date":"2015-02-03T20:07:10","date_gmt":"2015-02-03T20:07:10","guid":{"rendered":"http:\/\/www.geotechnika.org.pl\/?page_id=437"},"modified":"2015-02-03T20:07:18","modified_gmt":"2015-02-03T20:07:18","slug":"dr-hab-inz-jerzy-madej","status":"publish","type":"page","link":"https:\/\/www.geotechnika.org.pl\/?page_id=437","title":{"rendered":"Dr hab. in\u017c. Jerzy Madej"},"content":{"rendered":"<p><img loading=\"lazy\" decoding=\"async\" class=\"alignright size-full wp-image-438\" src=\"http:\/\/www.geotechnika.org.pl\/wp-content\/uploads\/2015\/02\/Jerzy-Madej.jpg\" alt=\"Jerzy Madej\" width=\"177\" height=\"203\" \/>Dr hab. in\u017c. Jerzy Madej, profesor nadzwyczajny Politechniki Koszali\u0144skiej, urodzi\u0142 si\u0119 2 wrze\u015bnia 1935 r. w Starachowicach. W 1952\u00a0r. uko\u0144czy\u0142 dwuletnie Technikum Budowlane w Gda\u0144sku. Jest absolwentem Wydzia\u0142u Budownictwa L\u0105dowego Politechniki Gda\u0144skiej, uzyskuj\u0105c w 1958 r. tytu\u0142 magistra in\u017cyniera ze specjalno\u015bci\u0105 budowy most\u00f3w. Stopie\u0144 doktora nauk technicznych w dziedzinie budownictwo ze specjalno\u015bci\u0105 geotechnika uzyska\u0142 w 1968 r. w Instytucie Budownictwa Wodnego Polskiej Akademii Nauk w Gda\u0144sku, a stopie\u0144 doktora habilitowanego w tej samej specjalno\u015bci uzyska\u0142 w 1979 r. na Wydziale Budownictwa L\u0105dowego Politechniki Wroc\u0142awskiej.<br \/>\nPrac\u0119 naukowo-badawcz\u0105 rozpocz\u0105\u0142 w pa\u017adzierniku 1956 r., jeszcze w trakcie studi\u00f3w magisterskich, w Instytucie Budownictwa Wodnego PAN w Gda\u0144sku. Po uzyskaniu stopnia doktora, przejawiaj\u0105c wybitne zdolno\u015bci dydaktyczne nacechowane ch\u0119ci\u0105 \u201euczenia cudzych dzieci\u201d, podj\u0105\u0142 starania o zatrudnienie w kilku uczelniach technicznych, kt\u00f3re zako\u0144czy\u0142y si\u0119 pozytywnie dopiero w 1976 r. Trudno\u015bci tego rodzaju zatrudnienia spowodowane by\u0142y opiniami zak\u0142adowej organizacji partyjnej, \u017ce \u201ekandydat jest niepewny politycznie\u201d. Od wrze\u015bnia 1976 r. rozpocz\u0105\u0142 prac\u0119 w Zak\u0142adzie Geotechniki Wy\u017cszej Szko\u0142y In\u017cynierskiej w Koszalinie, obecnie Politechniki Koszali\u0144skiej. W latach 1978-1980 pe\u0142ni\u0142 funkcj\u0119 dyrektora Instytutu Budownictwa L\u0105dowego, z kt\u00f3rej zrezygnowa\u0142, protestuj\u0105c przeciwko naciskom partyjnym na wyniki rekrutacji student\u00f3w. W 1981 r., w pierwszych demokratycznych wyborach w\u0142adz uczelni, zosta\u0142 wybrany na funkcj\u0119 prorektora do spraw nauczania i wychowania, z kt\u00f3rej to funkcji odwo\u0142ano Go ze wzgl\u0119d\u00f3w politycznych, w styczniu 1982 r. W latach 1983-1991 pe\u0142ni\u0142 funkcj\u0119 kierownika Zak\u0142adu Geotechniki, a w latach 1987-1990 funkcj\u0119 dziekana Wydzia\u0142u Budownictwa L\u0105dowego. R\u00f3wnie\u017c wzgl\u0119dy polityczne spowodowa\u0142y, \u017ce w czerwcu 1989 r. zosta\u0142 wybrany na senatora Rzeczypospolitej Polskiej z listy Komitetu Obywatelskiego Lecha Wa\u0142\u0119sy, reprezentuj\u0105c ziemi\u0119 koszali\u0144sk\u0105. Na marginesie nale\u017cy doda\u0107, \u017ce w pokonanym polu pozostawi\u0142 przysz\u0142ego prezydenta RP Aleksandra Kwa\u015bniewskiego. Przygoda parlamentarna przed\u0142u\u017cy\u0142a si\u0119 do dwunastu lat, czyli do 2001 r., co wy\u0142\u0105czy\u0142o dr. hab. in\u017c. Jerzego Madeja na 10 lat z pracy zawodowej na uczelni. W 2002 r. powr\u00f3ci\u0142 do pracy w Politechnice Koszali\u0144skiej, gdzie jest zatrudniony do chwili obecnej.<br \/>\nDzi\u0119ki uzyskaniu stypendium British Council, w roku 1973 odby\u0142 dwumiesi\u0119czny sta\u017c na Wydziale Budownictwa University of Swansea, a dzi\u0119ki prywatnemu stypendium sp\u0119dzi\u0142 rok akademicki 1984\/1985 w Pary\u017cu, cz\u0119\u015bciowo w Ecole Nationale des Ponts et Chauss\u00e9es, a cz\u0119\u015bciowo w firmie geotechnicznej TERRASOL.<br \/>\nJego dorobek naukowy obejmuje autorstwo lub wsp\u00f3\u0142autorstwo 59 publikacji, w renomowanych czasopismach naukowych, czasopismach naukowo-technicznych, materia\u0142ach konferencyjnych krajowych i zagranicznych oraz w wydawnictwach uczelnianych, w tym jedn\u0105 monografi\u0119, pt. \u201eAnalityczne metody sprawdzania stateczno\u015bci zboczy wzd\u0142u\u017c za\u0142o\u017conych powierzchni po\u015blizgu\u201d (PWN 1976) i jedno opracowanie zwarte, ksi\u0105\u017ck\u0119 pt. \u201eMetody sprawdzania stateczno\u015bci zboczy\u201d (WKi\u0141 1980). Jego specjalno\u015bci\u0105, rzec mo\u017cna hobbystyczn\u0105, by\u0142y w du\u017cym stopniu prace redakcyjne, w tym opinie i recenzje, zawsze bardzo obiektywne, lecz nie zawsze nacechowane uprzejmo\u015bci\u0105 wzgl\u0119dem autor\u00f3w. Efektem tego by\u0142y liczne recenzje wydawnicze oraz prace redakcyjne, dotycz\u0105ce monografii (mi\u0119dzy innymi: Dembicki \u2013 \u201eStany graniczne grunt\u00f3w \u2013 teoria i zastosowanie\u201d, Wi\u0142un \u2013 \u201eZarys geotechniki\u201d, Werno i inni \u2013 \u201eNasypy na gruntach organicznych\u201d), jak i materia\u0142\u00f3w konferencyjnych i dwie recenzje prac doktorskich. Wynikiem pracy naukowo-dydaktycznej jest promotorstwo dw\u00f3ch prac doktorskich oraz ponad stu dyplomowych prac magisterskich.<br \/>\nW dzia\u0142alno\u015bci naukowo-badawczej dr. hab. in\u017c. Jerzego Madeja mo\u017cna wyr\u00f3\u017cni\u0107 trzy zasadnicze tematy z dziedziny geotechniki, a mianowicie:<\/p>\n<ul>\n<li>op\u00f3r pod\u0142o\u017ca pod fundamentem bezpo\u015brednim,<\/li>\n<li>analiza stateczno\u015bci zboczy na po\u015blizg,<\/li>\n<li>metody ulepszania pod\u0142o\u017ca.<\/li>\n<\/ul>\n<p>Pierwsze zagadnienie, wynikaj\u0105ce z tematu pracy doktorskiej, dotyczy\u0142o granicznego oporu pod\u0142o\u017ca uwarstwionego, w kt\u00f3rym warstwa gruntu s\u0142abego znajduje si\u0119 na pewnej g\u0142\u0119boko\u015bci poni\u017cej poziomu posadowienia. Efektem bada\u0144 modelowych i prac analitycznych by\u0142o 5 publikacji oraz empiryczna metoda wyznaczania oporu takiego pod\u0142o\u017ca, kt\u00f3ra sta\u0142a si\u0119 jedn\u0105 z metod podr\u0119cznikowych.<br \/>\nAnaliza stateczno\u015bci zboczy na po\u015blizg by\u0142a przedmiotem pracy habilitacyjnej oraz wynikiem zainteresowania zastosowaniem metod komputerowych w geotechnice. Efektem tych prac by\u0142o 14 publikacji, w tym monografia i ksi\u0105\u017cka, a po drodze uzyskanie stopnia doktora habilitowanego. Za najwa\u017cniejsze osi\u0105gni\u0119cie w tym zakresie nale\u017cy uzna\u0107 to, \u017ce do polskiej geotechniki zosta\u0142y wprowadzone podstawowe rozwi\u0105zania metody r\u00f3wnowagi granicznej, w postaci metody Bishopa i Janbu, a tak\u017ce zasady programowania oblicze\u0144 komputerowych, wykorzystane do opracowania trzech program\u00f3w:<\/p>\n<ul>\n<li>USTAWALC \u2013 z zastosowaniem metody Felleniusa i Bishopa,<\/li>\n<li>PASTADO \u2013 z zastosowaniem metody Janbu i Nonveillera,<\/li>\n<li>DOSTATEC \u2013 z zastosowaniem oryginalnego rozwi\u0105zania autora.<\/li>\n<\/ul>\n<p>Nale\u017cy podkre\u015bli\u0107, \u017ce by\u0142y to pierwsze polskie programy powszechnie u\u017cywane nie tylko do cel\u00f3w naukowych i dydaktycznych, lecz przede wszystkim w praktyce in\u017cynierskiej przez biura projektowe i firmy konsultingowe. Opracowana w nich autorska procedura poszukiwania minimalnej warto\u015bci wsp\u00f3\u0142czynnika stateczno\u015bci znalaz\u0142a tak\u017ce zastosowanie w p\u00f3\u017aniej dost\u0119pnych zagranicznych programach komercyjnych.<br \/>\nZainteresowanie metodami ulepszania pod\u0142o\u017ca zwi\u0105zane by\u0142o z rocznym pobytem w Pary\u017cu i dost\u0119pem do najnowszej literatury w tym zakresie. Znalaz\u0142o to odbicie w dw\u00f3ch publikacjach i jednym opracowaniu uczelnianym.<br \/>\nNaukowo-badawcze osi\u0105gni\u0119cia oraz wiedza i do\u015bwiadczenie dra hab. in\u017c. Jerzego Madeja zosta\u0142y wykorzystane w licznych ekspertyzach i studiach geotechnicznych dotycz\u0105cych praktycznych zagadnie\u0144 in\u017cynierskich, wykonywanych zar\u00f3wno indywidualnie, jak i w kierowanych przez Niego zespo\u0142ach. Do najwa\u017cniejszych nale\u017cy zaliczy\u0107 nast\u0119puj\u0105ce opracowania:<\/p>\n<ul>\n<li>analiza stateczno\u015bci pod\u0142o\u017ca projektowanej zapory w Besku na Wis\u0142oku,<\/li>\n<li>prognoza stateczno\u015bci skarpy wi\u015blanej w Dobrzyniu nad Wis\u0142\u0105,<\/li>\n<li>obliczenia stateczno\u015bci zap\u00f3r zbiornik\u00f3w osad\u00f3w \u201eGil\u00f3w\u201d i \u201e\u017belazny Most\u201d,<\/li>\n<li>warunki hydrotechniczne wype\u0142niania osadami flotacyjnymi wyrobisk po kopalni odkrywkowej w KGH \u201eBoles\u0142aw\u201d,<\/li>\n<li>analiza stateczno\u015bci konstrukcji hydrotechnicznych w Szczecinie i \u015awinouj\u015bciu,<\/li>\n<li>ocena stateczno\u015bci zbiornika odpad\u00f3w poflotacyjnych \u201eGil\u00f3w\u201d w warunkach jego nadbudowy,<\/li>\n<li>analiza stateczno\u015bci zboczy i prognoza ruch\u00f3w osuwiskowych w rejonie Wieliczki.<\/li>\n<\/ul>\n<p>Jak ju\u017c wspomniano dzia\u0142alno\u015b\u0107 naukowo-badawcza i dydaktyczna zosta\u0142a przerwana w roku 1991, po wybraniu do Senatu II kadencji (1991-1993), do Senatu III kadencji (1993-1997), a nast\u0119pnie do Sejmu III kadencji (1997-2001). Praca parlamentarna okaza\u0142a si\u0119 czasoch\u0142onna, chocia\u017c nie zawsze efektywna. Do bardzo spektakularnych osi\u0105gni\u0119\u0107 mo\u017cna zaliczy\u0107 udzia\u0142 w pracach Komisji Konstytucyjnej Zgromadzenia Narodowego. Prace tej komisji zako\u0144czy\u0142y si\u0119 w kwietniu 1997 r. uchwaleniem Konstytucji RP, a dr hab. in\u017c. Jerzy Madej zosta\u0142 zaliczony do dziesi\u0119cioosobowej grupy najbardziej aktywnych jej cz\u0142onk\u00f3w. W Sejmie III kadencji by\u0142 sprawozdawc\u0105 ustawy Prawo Wodne oraz nowelizacji ustawy Prawo Geologiczne i G\u00f3rnicze. W tej ostatniej ustawie, r\u00f3wnie\u017c przy Jego udziale, znalaz\u0142 si\u0119 zapis wy\u0142\u0105czaj\u0105cy badania geotechniczne spod przepis\u00f3w ustawy.<br \/>\nAktualnie dr hab. in\u017c. Jerzy Madej koncentruje si\u0119 g\u0142\u00f3wnie na dzia\u0142alno\u015bci dydaktycznej, s\u0142u\u017c\u0105c swoj\u0105 wiedz\u0105, do\u015bwiadczeniem i pomoc\u0105 m\u0142odym pracownikom naukowym, a tak\u017ce studentom, czemu zawsze towarzyszy wiele objaw\u00f3w \u017cyczliwo\u015bci.<\/p>\n<p>Prof. dr hab. in\u017c. Maciej Werno<\/p>\n","protected":false},"excerpt":{"rendered":"<p>Dr hab. in\u017c. Jerzy Madej, profesor nadzwyczajny Politechniki Koszali\u0144skiej, urodzi\u0142 si\u0119 2 wrze\u015bnia 1935 r. w Starachowicach. W 1952\u00a0r. uko\u0144czy\u0142 dwuletnie Technikum Budowlane w Gda\u0144sku. Jest absolwentem Wydzia\u0142u Budownictwa L\u0105dowego Politechniki Gda\u0144skiej, uzyskuj\u0105c w 1958 r. tytu\u0142 magistra in\u017cyniera ze specjalno\u015bci\u0105 budowy most\u00f3w. Stopie\u0144 doktora nauk technicznych w dziedzinie budownictwo ze specjalno\u015bci\u0105 geotechnika uzyska\u0142 w [&hellip;]<\/p>\n","protected":false},"author":1,"featured_media":0,"parent":256,"menu_order":0,"comment_status":"closed","ping_status":"closed","template":"","meta":{"footnotes":""},"class_list":["post-437","page","type-page","status-publish","hentry"],"_links":{"self":[{"href":"https:\/\/www.geotechnika.org.pl\/index.php?rest_route=\/wp\/v2\/pages\/437","targetHints":{"allow":["GET"]}}],"collection":[{"href":"https:\/\/www.geotechnika.org.pl\/index.php?rest_route=\/wp\/v2\/pages"}],"about":[{"href":"https:\/\/www.geotechnika.org.pl\/index.php?rest_route=\/wp\/v2\/types\/page"}],"author":[{"embeddable":true,"href":"https:\/\/www.geotechnika.org.pl\/index.php?rest_route=\/wp\/v2\/users\/1"}],"replies":[{"embeddable":true,"href":"https:\/\/www.geotechnika.org.pl\/index.php?rest_route=%2Fwp%2Fv2%2Fcomments&post=437"}],"version-history":[{"count":1,"href":"https:\/\/www.geotechnika.org.pl\/index.php?rest_route=\/wp\/v2\/pages\/437\/revisions"}],"predecessor-version":[{"id":439,"href":"https:\/\/www.geotechnika.org.pl\/index.php?rest_route=\/wp\/v2\/pages\/437\/revisions\/439"}],"up":[{"embeddable":true,"href":"https:\/\/www.geotechnika.org.pl\/index.php?rest_route=\/wp\/v2\/pages\/256"}],"wp:attachment":[{"href":"https:\/\/www.geotechnika.org.pl\/index.php?rest_route=%2Fwp%2Fv2%2Fmedia&parent=437"}],"curies":[{"name":"wp","href":"https:\/\/api.w.org\/{rel}","templated":true}]}}