{"id":440,"date":"2015-02-03T20:10:00","date_gmt":"2015-02-03T20:10:00","guid":{"rendered":"http:\/\/www.geotechnika.org.pl\/?page_id=440"},"modified":"2015-02-03T20:10:00","modified_gmt":"2015-02-03T20:10:00","slug":"dr-hab-inz-jacek-pieczyrak","status":"publish","type":"page","link":"https:\/\/www.geotechnika.org.pl\/?page_id=440","title":{"rendered":"Dr hab. in\u017c. Jacek Pieczyrak"},"content":{"rendered":"<p><img loading=\"lazy\" decoding=\"async\" class=\"alignright size-full wp-image-441\" src=\"http:\/\/www.geotechnika.org.pl\/wp-content\/uploads\/2015\/02\/Jacek-Pieczyrak.jpg\" alt=\"Jacek Pieczyrak\" width=\"177\" height=\"218\" \/>Bez cienia w\u0105tpliwo\u015bci profesor Jacek Pieczyrak zalicza si\u0119 do zas\u0142u\u017conych geotechnik\u00f3w polskich. Zaszczytne to miano zawdzi\u0119cza d\u0142ugoletniej karierze akademickiej i zawodowej w swojej dziedzinie, a przede wszystkim licznym osi\u0105gni\u0119ciom naukowym, eksperckim i projektowym.<br \/>\nProfesor Pieczyrak urodzi\u0142 si\u0119 11 sierpnia 1936 r. w Mi\u0144sku Mazowieckim. Dzieci\u0144stwo i m\u0142odo\u015b\u0107 sp\u0119dzi\u0142 w Sosnowcu, gdzie uko\u0144czy\u0142 szko\u0142\u0119 podstawow\u0105 i znane Liceum Og\u00f3lnokszta\u0142c\u0105ce im. Staszica. W roku 1960 uko\u0144czy\u0142 studia na Wydziale Budownictwa Przemys\u0142owego i\u00a0Og\u00f3lnego Politechniki \u015al\u0105skiej, uzyskuj\u0105c stopie\u0144 magistra in\u017cyniera budownictwa przemys\u0142owego i og\u00f3lnego o specjalno\u015bci konstrukcje budowlane.<br \/>\nW latach 1960-1966 pracowa\u0142 w Biprohucie, najwi\u0119kszym w tamtych czasach polskim biurze projektowym, pocz\u0105tkowo na stanowisku starszego asystenta projektanta, a nast\u0119pnie \u2013 projektanta. Od tego okresu datuj\u0105 si\u0119 zwi\u0105zki Profesora z geotechnik\u0105 \u2013 specjalizowa\u0142 si\u0119 w projektowaniu posadowie\u0144 komin\u00f3w przemys\u0142owych i piec\u00f3w przemys\u0142owych.<br \/>\nDnia 1 lipca 1966 r. rozpocz\u0119\u0142a si\u0119 Jego kariera akademicka, zwi\u0105zana z Katedr\u0105 Geotechniki (wcze\u015bniej Mechaniki Grunt\u00f3w i\u00a0Fundamentowania) Politechniki \u015al\u0105skiej, kt\u00f3ra trwa\u0142a nieprzerwanie 40 lat, a\u017c do przej\u015bcia na emerytur\u0119 we wrze\u015bniu 2006 r. Ten okres to czas owocnego naukowego i zawodowego rozwoju profesora Pieczyraka. W roku 1976 Rada Wydzia\u0142u Budownictwa Politechniki \u015al\u0105skiej nada\u0142a Mu stopie\u0144 doktora nauk technicznych za dysertacj\u0119 na temat \u201eReologiczne w\u0142a\u015bciwo\u015bci przepalonych odpad\u00f3w kopalnianych\u201d. Rozprawa ta stanowi\u0142a nowe spojrzenie na odpady przyw\u0119glowe jako bardzo wa\u017cny grunt antropogeniczny, jeden z powszechnie stosowanych materia\u0142\u00f3w do formowania ziemnych budowli komunikacyjnych i\u00a0hydrotechnicznych. Oryginalno\u015b\u0107 bada\u0144 w tym zakresie wi\u0105\u017ce si\u0119 z wykryciem i opisaniem lepkoplastycznego zachowania si\u0119 o\u015brodka grubookruchowego, kt\u00f3remu wcze\u015bniej nikt nie pr\u00f3bowa\u0142 przypisywa\u0107 cech reologicznych. Pomy\u015blnie obroniona rozprawa doktorska otworzy\u0142a przed Profesorem w pe\u0142ni wykorzystan\u0105 perspektyw\u0119 zaistnienia w roli wybitnego specjalisty i\u00a0autorytetu w dziedzinie geomechaniki grunt\u00f3w antropogenicznych.<br \/>\nW kolejnych latach, w wyniku szeregu praktycznych realizacji pr\u00f3bnych obci\u0105\u017ce\u0144 pali, otworzy\u0142o si\u0119 przed Profesorem nowe, szczeg\u00f3lnie atrakcyjne pole do nowych bada\u0144 naukowych \u2013 wykorzystanie pr\u00f3bnych obci\u0105\u017ce\u0144 do parametrycznej identyfikacji modeli konstytutywnych grunt\u00f3w. Dzi\u0119ki temu poszerzy\u0142a si\u0119 wydatnie paleta geotechnicznych bada\u0144 in situ, a\u00a0z\u00a0drugiej strony powsta\u0142o nowe narz\u0119dzie kalibrowania zwi\u0105zk\u00f3w \u201enapr\u0119\u017cenie \u2013 odkszta\u0142cenie\u201d w o\u015brodku gruntowym. To nowe podej\u015bcie mia\u0142o nad istniej\u0105cymi metodami przewag\u0119 podobie\u0144stwa \u015bcie\u017cek obci\u0105\u017cania pod\u0142o\u017ca p\u0142yt\u0105 do pr\u00f3bnych obci\u0105\u017ce\u0144 i\u00a0rzeczywistym fundamentem.<br \/>\nW uznaniu wagi osi\u0105gni\u0119cia i jego wzorcowej realizacji doczeka\u0142o si\u0119 ono presti\u017cowego wyr\u00f3\u017cnienia \u2013 Nagrody Ministra Infrastruktury za prac\u0119 habilitacyjn\u0105 w 2002 r.<br \/>\nPomy\u015blnie zako\u0144czone kolokwium habilitacyjne da\u0142o r\u00f3wnocze\u015bnie Radzie Wydzia\u0142u Budownictwa Politechniki \u015al\u0105skiej podstaw\u0119 do nadania Jackowi Pieczyrakowi stopnia doktora habilitowanego w zakresie geotechniki i wkr\u00f3tce potem mianowania Go na stanowisko profesora nadzwyczajnego w Politechnice \u015al\u0105skiej, na kt\u00f3rym by\u0142 zatrudniony do czasu przej\u015bcia na emerytur\u0119. W 5 lat p\u00f3\u017aniej zatrudniony zosta\u0142 w Akademii Techniczno-Humanistycznej w Bielsku-Bia\u0142ej i powo\u0142any, w \u015blad za tym, na stanowisko profesora tej uczelni, na kt\u00f3rym pracuje do dzi\u015b.<br \/>\nDysertacje i zwi\u0105zane z nimi badania dotycz\u0105ce geomechaniki odpad\u00f3w przemys\u0142owych oraz kalibrowania modeli konstytutywnych grunt\u00f3w na podstawie pr\u00f3bnych obci\u0105\u017ce\u0144 p\u0142yt\u0105 oraz kolumn iniekcyjnych i pali nie wyczerpuj\u0105 oczywi\u015bcie listy zas\u0142ug profesora Pieczyraka dla polskiej geotechniki.<br \/>\nUwa\u017cany jest przez \u015brodowisko geotechniczne za wybitnego specjalist\u0119 i autorytet w zakresie problematyki \u201ewoda w gruncie\u201d. Nale\u017cy do szczeg\u00f3lnie utalentowanych i do\u015bwiadczonych dydaktyk\u00f3w. Imponuj\u0105ca jest lista prowadzonych przez Niego seminari\u00f3w dla pracownik\u00f3w naukowych i student\u00f3w, kurs\u00f3w szkoleniowych dla in\u017cynier\u00f3w, publikacji po\u015bwi\u0119conych poszerzaniu wiedzy o nowych normach.<br \/>\nR\u00f3wnie bogaty jest dorobek Profesora w dzia\u0142alno\u015bci organizacyjnej na rzecz geotechniki. Przez 3 kadencje pe\u0142ni\u0142 z\u00a0wyboru presti\u017cow\u0105 funkcj\u0119 Sekretarza, a nast\u0119pnie funkcj\u0119 wiceprzewodnicz\u0105cego Sekcji Geotechniki Komitetu In\u017cynierii L\u0105dowej i Wodnej PAN. Od 1994 roku do dzi\u015b jest cz\u0142onkiem Normalizacyjnej Komisji Problemowej ds. Geotechniki. Przez 5\u00a0lat (od 1988 do 1993) pe\u0142ni\u0142 funkcj\u0119 Sekretarza Oddzia\u0142u Wojew\u00f3dzkiego Polskiego Komitetu Geotechniki w Katowicach. To tylko niekt\u00f3re wa\u017cniejsze spo\u015br\u00f3d licznych funkcji pe\u0142nionych przez Profesora.<br \/>\nZaliczaj\u0105c dr. hab. in\u017c. Jacka Pieczyraka, profesora Politechniki \u015al\u0105skiej w Gliwicach i Akademii Techniczno-Humanistycznej w Bielsku-Bia\u0142ej w poczet zas\u0142u\u017conych geotechnik\u00f3w polskich trzeba po\u015bwi\u0119ci\u0107 pewn\u0105 uwag\u0119 uzyskanym przez Niego uprawnieniom i odznaczeniom.<br \/>\nW\u015br\u00f3d pierwszych wymieni\u0107 nale\u017cy uprawnienia Rzeczoznawcy PZITB w zakresie geotechniki i fundamentowania i\u00a0Rzeczoznawcy z listy Wojewody \u015al\u0105skiego, Certyfikat Polskiego Komitetu Geotechniki nr 0121 oraz uprawnienia CUG.<br \/>\nWa\u017cniejsze z odznacze\u0144 uzyskanych przez profesora Pieczyraka to: Z\u0142oty Krzy\u017c Zas\u0142ugi, Odznaka Zas\u0142u\u017conemu dla Budownictwa i Przemys\u0142u Materia\u0142\u00f3w Budowlanych, Z\u0142ota Odznaka Honorowa PZITB i Srebrna Odznaka Honorowa NOT, Medal 50-lecia PZITB w Gliwicach i szczeg\u00f3lnie zaszczytny dla ka\u017cdego nauczyciela akademickiego Medal Komisji Edukacji Narodowej.<br \/>\nNa zako\u0144czenie podkre\u015bli\u0107 trzeba, \u017ce profesor Pieczyrak dzi\u0119ki otwartemu, serdecznemu stosunkowi do ludzi i gotowo\u015bci do pomocy innym ma wielu bliskich przyjaci\u00f3\u0142 w\u015br\u00f3d geotechnik\u00f3w, i jest w tym \u015brodowisku ceniony i powszechnie lubiany.<\/p>\n<p>Prof. dr hab. in\u017c. Maciej Gryczma\u0144ski<br \/>\nPolitechnika \u015al\u0105ska<\/p>\n","protected":false},"excerpt":{"rendered":"<p>Bez cienia w\u0105tpliwo\u015bci profesor Jacek Pieczyrak zalicza si\u0119 do zas\u0142u\u017conych geotechnik\u00f3w polskich. Zaszczytne to miano zawdzi\u0119cza d\u0142ugoletniej karierze akademickiej i zawodowej w swojej dziedzinie, a przede wszystkim licznym osi\u0105gni\u0119ciom naukowym, eksperckim i projektowym. Profesor Pieczyrak urodzi\u0142 si\u0119 11 sierpnia 1936 r. w Mi\u0144sku Mazowieckim. Dzieci\u0144stwo i m\u0142odo\u015b\u0107 sp\u0119dzi\u0142 w Sosnowcu, gdzie uko\u0144czy\u0142 szko\u0142\u0119 podstawow\u0105 i [&hellip;]<\/p>\n","protected":false},"author":1,"featured_media":0,"parent":256,"menu_order":0,"comment_status":"closed","ping_status":"closed","template":"","meta":{"footnotes":""},"class_list":["post-440","page","type-page","status-publish","hentry"],"_links":{"self":[{"href":"https:\/\/www.geotechnika.org.pl\/index.php?rest_route=\/wp\/v2\/pages\/440","targetHints":{"allow":["GET"]}}],"collection":[{"href":"https:\/\/www.geotechnika.org.pl\/index.php?rest_route=\/wp\/v2\/pages"}],"about":[{"href":"https:\/\/www.geotechnika.org.pl\/index.php?rest_route=\/wp\/v2\/types\/page"}],"author":[{"embeddable":true,"href":"https:\/\/www.geotechnika.org.pl\/index.php?rest_route=\/wp\/v2\/users\/1"}],"replies":[{"embeddable":true,"href":"https:\/\/www.geotechnika.org.pl\/index.php?rest_route=%2Fwp%2Fv2%2Fcomments&post=440"}],"version-history":[{"count":1,"href":"https:\/\/www.geotechnika.org.pl\/index.php?rest_route=\/wp\/v2\/pages\/440\/revisions"}],"predecessor-version":[{"id":442,"href":"https:\/\/www.geotechnika.org.pl\/index.php?rest_route=\/wp\/v2\/pages\/440\/revisions\/442"}],"up":[{"embeddable":true,"href":"https:\/\/www.geotechnika.org.pl\/index.php?rest_route=\/wp\/v2\/pages\/256"}],"wp:attachment":[{"href":"https:\/\/www.geotechnika.org.pl\/index.php?rest_route=%2Fwp%2Fv2%2Fmedia&parent=440"}],"curies":[{"name":"wp","href":"https:\/\/api.w.org\/{rel}","templated":true}]}}