{"id":443,"date":"2015-02-03T20:12:08","date_gmt":"2015-02-03T20:12:08","guid":{"rendered":"http:\/\/www.geotechnika.org.pl\/?page_id=443"},"modified":"2015-02-03T20:12:08","modified_gmt":"2015-02-03T20:12:08","slug":"doc-dr-inz-tadeusz-przedecki","status":"publish","type":"page","link":"https:\/\/www.geotechnika.org.pl\/?page_id=443","title":{"rendered":"Doc. dr in\u017c. Tadeusz Przedecki"},"content":{"rendered":"<p><img loading=\"lazy\" decoding=\"async\" class=\"alignright size-full wp-image-444\" src=\"http:\/\/www.geotechnika.org.pl\/wp-content\/uploads\/2015\/02\/Tadeusz-Przedecki.jpg\" alt=\"Tadeusz Przedecki\" width=\"177\" height=\"203\" \/>Tadeusz Przedecki urodzi\u0142 si\u0119 w D\u0105browie G\u00f3rniczej 15.11.1928\u00a0r. w rodzinie nauczyciela Pa\u0144stwowej Szko\u0142y G\u00f3rniczej i nauczycielki gimnazjum \u017ce\u0144skiego. Do wybuchu wojny uko\u0144czy\u0142 4 klasy szko\u0142y powszechnej. W czasie okupacji, aby unikn\u0105\u0107 wyw\u00f3zki na roboty do Niemiec, zatrudni\u0142 si\u0119 w urz\u0119dzie miejskim w wydziale mierniczym (Vermessungsamt), a przez kontakty z \u201eBauamtem\u201d ukierunkowa\u0142y si\u0119 jego zainteresowania budownictwem. Pracowa\u0142 tam od 1942\u00a0r. do wyzwolenia miasta 27 stycznia 1945 r.<br \/>\nPo uko\u0144czeniu gimnazjum og\u00f3lnokszta\u0142c\u0105cego kontynuowa\u0142 nauk\u0119 w liceum Pa\u0144stwowej Szko\u0142y Budownictwa w Bytomiu. By\u0142a to bardzo dobra szko\u0142a, w kt\u00f3rej cz\u0119\u015b\u0107 zaj\u0119\u0107 prowadzili wyk\u0142adowcy z Politechniki \u015al\u0105skiej.<br \/>\nDyplom technika budowlanego uzyska\u0142 z wynikiem bardzo dobrym w 1949 r.<br \/>\nW 1949 r. znalaz\u0142 si\u0119 w \u0141odzi, gdzie rozpocz\u0105\u0142 prac\u0119 w\u00a0nowo powsta\u0142ym \u0141\u00f3dzkim Biurze Projekt\u00f3w Budownictwa Przemys\u0142owego. Dzi\u0119ki dobremu przygotowaniu technicznemu wkr\u00f3tce zosta\u0142 samodzielnym projektantem konstrukcji.<br \/>\nLata 50-te ubieg\u0142ego wieku by\u0142y okresem licznych przedsi\u0119wzi\u0119\u0107 budownictwa przemys\u0142owego, st\u0105d Tadeusz Przedecki mia\u0142 dwukierunkowe mo\u017cliwo\u015bci rozwojowe w projektowaniu oraz nadzorach autorskich realizowanych obiekt\u00f3w: hale produkcyjne Fabryki Cewek Prz\u0119dzalniczych krytych prefabrykowanymi \u0142ukami stalo-ceramicznymi o rozpi\u0119to\u015bci 12 m, tak\u017ce w Fabryce Maszyn Lniarskich w Kamiennej G\u00f3rze, rozbudowa Kutnowskich Zak\u0142ad\u00f3w Farmaceutycznych, silosy pra\u017calni rud w Sabinowie ko\u0142o Cz\u0119stochowy, wytw\u00f3rnia \u017cu\u017cloblok\u00f3w w\u00a0Warszawie, Krakowie i przy Hucie Cz\u0119stochowa z pioniersk\u0105 prefabrykowan\u0105 estakad\u0105 ta\u015bmoci\u0105gu, kablobetonow\u0105 o rozpi\u0119to\u015bci 42 m. Natomiast projekt ramowy rozbudowy stacji \u201eTrafo\u201d w Janowie z suwnic\u0105 75 t i wyci\u0105giem 125 t by\u0142 dyplomem in\u017cynierskim w Wieczorowej Szkole In\u017cynierskiej, w kt\u00f3rej studiowa\u0142 w latach 1950 \u2013 1954.<br \/>\nW uznaniu osi\u0105gni\u0119\u0107 projektowych w 1956 r. zosta\u0142 odznaczony Srebrnym Krzy\u017cem Zas\u0142ugi.<br \/>\nW tym czasie powsta\u0142 na Politechnice \u0141\u00f3dzkiej Wydzia\u0142 Budownictwa L\u0105dowego, co da\u0142o Mu mo\u017cliwo\u015b\u0107 zwi\u0105zania si\u0119 z\u00a0Katedr\u0105 Mechaniki Grunt\u00f3w i Fundamentowania, dzi\u0119ki \u017cyczliwo\u015bci prof. Boles\u0142awa Rossi\u0144skiego, kreowanego na kierownika Katedry, kiedy jeszcze by\u0142 zaanga\u017cowany na Politechnice Szczeci\u0144skiej.<br \/>\nProf. Boles\u0142aw Rossi\u0144ski ju\u017c wcze\u015bniej prowadzi\u0142 wyk\u0142ady z mechaniki grunt\u00f3w i fundamentowania w Wieczorowej Szkole In\u017cynierskiej, a Tadeusz Przedecki mia\u0142 zlecone \u0107wiczenia w\u00a0latach 1955\/56.<br \/>\nPo utworzeniu Wydzia\u0142u Budownictwa na Politechnice \u0141\u00f3dzkiej i zamiarze podj\u0119cia pracy naukowej, niezb\u0119dne sta\u0142o si\u0119 uzupe\u0142nienie studi\u00f3w. Na otworzonym studium magisterskim Tadeusz Przedecki uzyska\u0142 w 1960 r. stopie\u0144 mgr in\u017c. budownictwa l\u0105dowego.<br \/>\nW tym czasie prof. Rossi\u0144ski \u2013 w zwi\u0105zku z zastosowaniem izotop\u00f3w promieniotw\u00f3rczych do okre\u015blania wilgotno\u015bci i g\u0119sto\u015bci gruntu \u2013 utrzymywa\u0142 naukowe kontakty z fizykami z\u00a0Akademii G\u00f3rniczo-Hutniczej. Uwzgl\u0119dniaj\u0105c planowan\u0105 mo\u017cliwo\u015b\u0107\u00a0 kontynuowania tych zagadnie\u0144 w Katedrze, skierowano Tadeusza Przedeckiego na dwusemestralne studia podyplomowe do AGH, dotycz\u0105ce stosowania metod izotopowych w technice. Mo\u017cliwe by\u0142o teraz wyposa\u017cenie laboratorium w\u00a0potrzebne \u017ar\u00f3d\u0142a promieniotw\u00f3rcze: neutronowe (P0\u00a0+\u00a0Be) oraz g\u00a0(Cs175).<br \/>\nBiuro Urz\u0105dze\u0144 Techniki J\u0105drowej zleca\u0142o Katedrze skalowanie urz\u0105dze\u0144 pomiarowych do okre\u015blania wilgotno\u015bci i g\u0119sto\u015bci powierzchniowej o\u015brodka oraz wilgotno\u015bci i g\u0119sto\u015bci gruntu w otworach wierconych. Skalowanie odbywa\u0142o si\u0119 na modelach zbudowanych w laboratorium o okre\u015blonych parametrach wilgotno\u015bci i g\u0119sto\u015bci.<br \/>\nW latach 1962-67 Tadeusz Przedecki \u2013 poza dzia\u0142alno\u015bci\u0105 dydaktyczn\u0105 (\u0107wiczenia z mechaniki grunt\u00f3w i projektowanie z\u00a0fundamentowania) \u2013 kontynuowa\u0142 tematyk\u0119 naukow\u0105 podj\u0119t\u0105 w pracy magisterskiej, zwi\u0105zan\u0105 z badaniem stan\u00f3w granicznych o\u015brodk\u00f3w sypkich w aspekcie do\u015bwiadczalnym i teoretycznym, stosuj\u0105c do kontroli i zmian stanu zag\u0119szczenia w procesie bada\u0144 modelowych metod\u0119 izotopow\u0105 promieniowania g.<br \/>\nWynikiem bada\u0144 by\u0142a dysertacja doktorska, obroniona na Politechnice Gda\u0144skiej w styczniu 1968 r. Prof. Rossi\u0144ski, promotor pracy bardzo \u017cyczliwie wspomaga\u0142 ca\u0142y przebieg powstawania dysertacji.<br \/>\nW latach 1964 i 1970 w organizowaniu przez Katedr\u0119 Mechaniki Grunt\u00f3w i Fundamentowania mi\u0119dzynarodowych seminari\u00f3w, Tadeusz Przedecki mia\u0142 znacz\u0105cy udzia\u0142. Zaplanowane z\u00a0szerok\u0105 opraw\u0105 imprezy by\u0142y przyj\u0119te z ogromnym uznaniem.<br \/>\nW 1970 r., w zwi\u0105zku z reorganizacja struktur uczelni, Katedra Mechaniki Grunt\u00f3w i Fundamentowania znalaz\u0142a si\u0119 w Instytucie In\u017cynierii Komunalnej jako Zesp\u00f3\u0142 Geotechniki, kt\u00f3rego dr in\u017c. Tadeusz Przedecki zosta\u0142 kierownikiem. Rok p\u00f3\u017aniej w 1971 r. powo\u0142ano Go na stanowisko docenta.<br \/>\nOd roku akademickiego 1971\/72 pe\u0142ni\u0142 funkcj\u0119 prodziekana, a w latach 1975-79 dziekana Wydzia\u0142u. W 1973 roku odby\u0142 sta\u017c naukowy na Uniwersytecie Strathclyde w Glasgow, nawi\u0105zuj\u0105c kontakty z uczelniami w Londynie, Cambridge i Birmingham.<br \/>\nW 1984 r. doc. Tadeusz Przedecki zorganizowa\u0142 konferencj\u0119 \u015brodowiskow\u0105 Sekcji Mechaniki Grunt\u00f3w i Ska\u0142 oraz Fundamentowania \u2013 PAN.<br \/>\nJego dzia\u0142alno\u015b\u0107 naukowa zwi\u0105zana by\u0142a z warunkami sk\u0142adowania popio\u0142\u00f3w z Elektrowni Be\u0142chat\u00f3w, a\u00a0 tak\u017ce opracowania sposob\u00f3w zmniejszania wodoprzepuszczalno\u015bci niespr\u0119\u017cystych o\u015brodk\u00f3w gruntowych do tworzenia pod\u0142o\u017cy sk\u0142adowisk odpad\u00f3w komunalnych.<br \/>\nW 1982 roku doc. Przedecki zosta\u0142 powo\u0142any na stanowisko dyrektora Instytutu In\u017cynierii L\u0105dowej i Sanitarnej, a po reorganizacji Instytutu w 1990 r. \u2013 na kierownika Katedry Geotechniki i\u00a0Budowli In\u017cynierskich.<br \/>\nOd 1972 r. by\u0142 powo\u0142ywany na kolejne kadencje Cz\u0142onka Sekcji Mechaniki Grunt\u00f3w i Fundamentowania Komitetu In\u017cynierii L\u0105dowej i Wodnej PAN.<br \/>\nW 1990 r. wyg\u0142osi\u0142 wyk\u0142ad: \u201ez zagadnie\u0144 geotechniki\u201d na inauguracji roku akademickiego na uczelni.<br \/>\nWypromowa\u0142 jednego doktora i opracowa\u0142 dwie recenzje doktorskie. Jest autorem kilkudziesi\u0119ciu opracowa\u0144 naukowo-technicznych zwi\u0105zanych z fundamentowaniem obiekt\u00f3w na terenie ca\u0142ego kraju, wsp\u00f3\u0142autorem podr\u0119cznika akademickiego \u201eMechanika grunt\u00f3w\u201d, wsp\u00f3\u0142autorem 4 skrypt\u00f3w i autorem oko\u0142o 50 artyku\u0142\u00f3w naukowych.<br \/>\nOdznaczony Z\u0142otym Krzy\u017cem Zas\u0142ugi, Medalem Komisji Edukacji Narodowej (KEN), Z\u0142ot\u0105 Odznak\u0105 Polskiego Zwi\u0105zku In\u017cynier\u00f3w i Technik\u00f3w Budowlanych (PZITB), od utworzenia Oddzia\u0142u Polskiego Komitetu Geotechniki (PKG) w \u0141odzi jest jego sta\u0142ym cz\u0142onkiem.<br \/>\nW 1982 r. zainicjowa\u0142 powstanie Akademickiej Sp\u00f3\u0142dzielni Mieszkaniowej, kt\u00f3ra wybudowa\u0142a 20-mieszkaniowy budynek mieszkalny dla cz\u0142onk\u00f3w Sp\u00f3\u0142dzielni. Do dnia dzisiejszego dzia\u0142a w Zarz\u0105dzie Sp\u00f3\u0142dzielni.<br \/>\nMimo licznych obowi\u0105zk\u00f3w, w \u017cyciu doc. Przedeckiego znalaz\u0142o si\u0119 miejsce na uprawianie turystyki kwalifikowanej. W\u00a0latach 70-tych zdoby\u0142 z \u017con\u0105, synem i c\u00f3rk\u0105 odznaki: br\u0105zow\u0105, srebrn\u0105 i z\u0142ot\u0105 G\u00f3rsk\u0105 Odznak\u0119 Turystyczn\u0105.<br \/>\nDo 2002 r. uprawia\u0142 czynnie narciarstwo.<br \/>\nPrzeszed\u0142 na emerytur\u0119 w 1994 r.<\/p>\n<p>Dr hab. in\u017c. Marek Lefik<br \/>\nProf. nadzwyczajny Politechniki \u0141\u00f3dzkiej<\/p>\n","protected":false},"excerpt":{"rendered":"<p>Tadeusz Przedecki urodzi\u0142 si\u0119 w D\u0105browie G\u00f3rniczej 15.11.1928\u00a0r. w rodzinie nauczyciela Pa\u0144stwowej Szko\u0142y G\u00f3rniczej i nauczycielki gimnazjum \u017ce\u0144skiego. Do wybuchu wojny uko\u0144czy\u0142 4 klasy szko\u0142y powszechnej. W czasie okupacji, aby unikn\u0105\u0107 wyw\u00f3zki na roboty do Niemiec, zatrudni\u0142 si\u0119 w urz\u0119dzie miejskim w wydziale mierniczym (Vermessungsamt), a przez kontakty z \u201eBauamtem\u201d ukierunkowa\u0142y si\u0119 jego zainteresowania budownictwem. [&hellip;]<\/p>\n","protected":false},"author":1,"featured_media":0,"parent":256,"menu_order":0,"comment_status":"closed","ping_status":"closed","template":"","meta":{"footnotes":""},"class_list":["post-443","page","type-page","status-publish","hentry"],"_links":{"self":[{"href":"https:\/\/www.geotechnika.org.pl\/index.php?rest_route=\/wp\/v2\/pages\/443","targetHints":{"allow":["GET"]}}],"collection":[{"href":"https:\/\/www.geotechnika.org.pl\/index.php?rest_route=\/wp\/v2\/pages"}],"about":[{"href":"https:\/\/www.geotechnika.org.pl\/index.php?rest_route=\/wp\/v2\/types\/page"}],"author":[{"embeddable":true,"href":"https:\/\/www.geotechnika.org.pl\/index.php?rest_route=\/wp\/v2\/users\/1"}],"replies":[{"embeddable":true,"href":"https:\/\/www.geotechnika.org.pl\/index.php?rest_route=%2Fwp%2Fv2%2Fcomments&post=443"}],"version-history":[{"count":1,"href":"https:\/\/www.geotechnika.org.pl\/index.php?rest_route=\/wp\/v2\/pages\/443\/revisions"}],"predecessor-version":[{"id":445,"href":"https:\/\/www.geotechnika.org.pl\/index.php?rest_route=\/wp\/v2\/pages\/443\/revisions\/445"}],"up":[{"embeddable":true,"href":"https:\/\/www.geotechnika.org.pl\/index.php?rest_route=\/wp\/v2\/pages\/256"}],"wp:attachment":[{"href":"https:\/\/www.geotechnika.org.pl\/index.php?rest_route=%2Fwp%2Fv2%2Fmedia&parent=443"}],"curies":[{"name":"wp","href":"https:\/\/api.w.org\/{rel}","templated":true}]}}