{"id":446,"date":"2015-02-03T20:14:31","date_gmt":"2015-02-03T20:14:31","guid":{"rendered":"http:\/\/www.geotechnika.org.pl\/?page_id=446"},"modified":"2015-02-03T20:14:31","modified_gmt":"2015-02-03T20:14:31","slug":"doc-dr-inz-romuald-steckiewicz","status":"publish","type":"page","link":"https:\/\/www.geotechnika.org.pl\/?page_id=446","title":{"rendered":"Doc. dr in\u017c. Romuald Steckiewicz"},"content":{"rendered":"<p><img loading=\"lazy\" decoding=\"async\" class=\"alignright size-full wp-image-447\" src=\"http:\/\/www.geotechnika.org.pl\/wp-content\/uploads\/2015\/02\/Romuald-Steckiewicz.jpg\" alt=\"Romuald Steckiewicz\" width=\"177\" height=\"218\" \/>Doc. dr in\u017c. Romuald Steckiewicz urodzi\u0142 si\u0119 17 maja 1938 r. w powiecie grodzie\u0144skim. Studia in\u017cynierskie, w latach 1956-1961, odby\u0142 na Wydziale Budownictwa Wieczorowej Szko\u0142y In\u017cynierskiej w Bia\u0142ymstoku, za\u015b magisterskie na Wydziale In\u017cynierii Budowlanej Politechniki Warszawskiej w\u00a0latach 1963-1965.<br \/>\nPrac\u0119 doktorsk\u0105 \u201eFundamenty na palach kr\u00f3tkich obci\u0105\u017cone dynamicznie\u201d, kt\u00f3rej promotorem by\u0142 prof. Roman Czarnota-Bojarski obroni\u0142 na Wydziale In\u017cynierii L\u0105dowej Politechniki Warszawskiej w 1970 roku.<br \/>\nPrac\u0119 zawodow\u0105 rozpocz\u0105\u0142 w 1958 roku jako pracownik techniczny w laboratorium mechaniki grunt\u00f3w Wieczorowej Szko\u0142y In\u017cynierskiej w Bia\u0142ymstoku. W roku 1964 Wieczorowa Szko\u0142a In\u017cynierska zosta\u0142a przemieniona w Wy\u017csz\u0105 Szko\u0142\u0119 In\u017cyniersk\u0105, a w 1974 roku na Politechnik\u0119 Bia\u0142ostock\u0105. Zagadnienia mechaniki grunt\u00f3w i fundamentowania sta\u0142y si\u0119 jego pasj\u0105 \u017cyciow\u0105. Docent Steckiewicz w latach 1991-2003 pe\u0142ni\u0142 funkcj\u0119 Kierownika Zak\u0142adu, a nast\u0119pnie Katedry Geotechniki na Wydziale Budownictwa i In\u017cynierii \u015arodowiska Politechniki Bia\u0142ostockiej. Jest autorem b\u0105d\u017a wsp\u00f3\u0142autorem 64 artyku\u0142\u00f3w i\u00a0referat\u00f3w naukowych, 3 skrypt\u00f3w akademickich, 5 patent\u00f3w i 6 wniosk\u00f3w racjonalizatorskich. By\u0142 cenionym wyk\u0142adowc\u0105 i dydaktykiem. B\u0119d\u0105c adiunktem i docentem, by\u0142 promotorem ponad 100 prac dyplomowych in\u017cynierskich i magisterskich.<br \/>\nSwoje do\u015bwiadczenie w zakresie geotechniki przekazywa\u0142 nie tylko studentom i wsp\u00f3\u0142pracownikom, ale r\u00f3wnie\u017c prowadz\u0105c zaj\u0119cia seminaryjne dla kadry in\u017cynierskiej w ramach Naczelnej Organizacji Technicznej. By\u0142 wieloletnim konsultantem w zakresie geotechniki w Biurze Projektowo-Badawczym Budownictwa Og\u00f3lnego \u201eMiastoprojekt \u2013 Bia\u0142ystok\u201d \u2013 najwi\u0119kszym biurze projektowym Bia\u0142egostoku. Uprawnienia geologiczne uzyskane w 1967 roku pozwoli\u0142y Mu na pe\u0142nienie nadzor\u00f3w przy realizacji budowli w z\u0142o\u017conych i bardzo z\u0142o\u017conych warunkach geotechnicznych. B\u0119d\u0105c konsultantem w biurze projekt\u00f3w zajmowa\u0142 si\u0119 posadowieniem budynk\u00f3w wielkop\u0142ytowych na prefabrykowanych \u0142awach fundamentowych.<br \/>\nSkonstruowane przez Docenta Steckiewicza polowe aparaty bezpo\u015bredniego \u015bcinania i tr\u00f3josiowego \u015bciskania, umo\u017cliwiaj\u0105ce dok\u0142adne okre\u015blenie parametr\u00f3w wytrzyma\u0142o\u015bciowych gruntu w poziomie posadowienia, wielokrotnie zadecydowa\u0142y o\u00a0racjonalnym ekonomicznie i technicznie posadowieniu budowli. Docent Steckiewicz jest tak\u017ce wsp\u00f3\u0142autorem konstrukcji sondy krzy\u017cakowej umo\u017cliwiaj\u0105cej pomiar ci\u015bnienia wody w porach.<br \/>\nG\u0142\u00f3wne dziedziny zainteresowa\u0144 Docenta Steckiewicza to:<\/p>\n<ul>\n<li>zabezpieczenia \u015bcian g\u0142\u0119bokich wykop\u00f3w,<\/li>\n<li>posadowienie nasyp\u00f3w komunikacyjnych na s\u0142abym pod\u0142o\u017cu,<\/li>\n<li>wzmacnianie fundament\u00f3w,<\/li>\n<li>wzmacnianie pod\u0142o\u017ca,<\/li>\n<li>zabezpieczenia budowli przed wod\u0105 gruntow\u0105.<\/li>\n<\/ul>\n<p>W ka\u017cdej z tych dziedzin stosuje z powodzeniem w\u0142asne racjonalizatorskie rozwi\u0105zania. Przy zabezpieczaniu wykop\u00f3w \u015bciank\u0105 berli\u0144sk\u0105 zastosowa\u0142 kotwy w\u0142asnego pomys\u0142u umo\u017cliwiaj\u0105ce obni\u017cenie koszt\u00f3w.<br \/>\nDoc. dr in\u017c. Romuald Steckiewicz umie w maksymalnym stopniu wykorzysta\u0107 w\u0142a\u015bciwo\u015bci mechaniczne pod\u0142o\u017ca i zaproponowa\u0107 rozwi\u0105zanie nie tylko poprawne technicznie, ale racjonalne ekonomicznie. Przyk\u0142adem takich rozwi\u0105za\u0144 jest stabilizacja osiada\u0144 pawilonu handlowego w Olecku posadowionego na gruntach organicznych przy zastosowaniu geosyntetyk\u00f3w czy dog\u0119szczanie lu\u017anych piask\u00f3w do g\u0142\u0119boko\u015bci 3,0 \u00f7 4,0 m za pomoc\u0105 ci\u0119\u017ckich walc\u00f3w wibracyjnych.<br \/>\nWielu kierownik\u00f3w bud\u00f3w, projektant\u00f3w, by\u0142ych student\u00f3w, zabiega dzisiaj o Jego pomoc przy zabezpieczaniu i naprawie najtrudniejszych stan\u00f3w przedawaryjnych i awaryjnych wielu budowli. Fakt ten jest najlepszym \u015bwiadectwem Jego poziomu zawodowego i dydaktycznego.<br \/>\nJest wieloletnim cz\u0142onkiem Polskiego Komitetu Geotechniki, a w latach 1999-2002 by\u0142 Przewodnicz\u0105cym Oddzia\u0142u Bia\u0142ostockiego PKG. W latach 1995-2007 bra\u0142 udzia\u0142 w pracach Komisji Normalizacyjnej nr 254 do spraw geotechniki.<br \/>\nZa swoj\u0105 prac\u0119 otrzyma\u0142 Srebrny Krzy\u017c Zas\u0142ugi w 1975 r. i Z\u0142oty Krzy\u017c Zas\u0142ugi w 1988 r. Wielokrotnie by\u0142 nagradzany i\u00a0odznaczany przez Urz\u0105d Wojew\u00f3dzki, Politechnik\u0119 Bia\u0142ostock\u0105, PZiTB i NOT.<br \/>\nW 2003 r. doc. dr in\u017c. Romuald Steckiewicz przeszed\u0142 na emerytur\u0119, pracuj\u0105c nadal aktywnie przy rozwi\u0105zywaniu problem\u00f3w geotechnicznych Podlasia, uczestnicz\u0105c w pracach Zak\u0142adu Geotechniki Politechniki Bia\u0142ostockiej i Polskiego Komitetu Geotechniki.<br \/>\nW imieniu wychowank\u00f3w i wsp\u00f3\u0142pracownik\u00f3w Pana Docenta, chcia\u0142bym t\u0105 drog\u0105 przekaza\u0107 s\u0142owa wdzi\u0119czno\u015bci za wszelkie nauki i serdeczno\u015b\u0107, jak\u0105 otrzymali\u015bmy od Pana. \u017byczymy Panu wielu lat zdrowia i aktywno\u015bci zawodowej.<\/p>\n<p>Dr hab. in\u017c. Zenon Szypcio, prof. PB<br \/>\nPolitechnika Bia\u0142ostocka<\/p>\n","protected":false},"excerpt":{"rendered":"<p>Doc. dr in\u017c. Romuald Steckiewicz urodzi\u0142 si\u0119 17 maja 1938 r. w powiecie grodzie\u0144skim. Studia in\u017cynierskie, w latach 1956-1961, odby\u0142 na Wydziale Budownictwa Wieczorowej Szko\u0142y In\u017cynierskiej w Bia\u0142ymstoku, za\u015b magisterskie na Wydziale In\u017cynierii Budowlanej Politechniki Warszawskiej w\u00a0latach 1963-1965. Prac\u0119 doktorsk\u0105 \u201eFundamenty na palach kr\u00f3tkich obci\u0105\u017cone dynamicznie\u201d, kt\u00f3rej promotorem by\u0142 prof. Roman Czarnota-Bojarski obroni\u0142 na Wydziale [&hellip;]<\/p>\n","protected":false},"author":1,"featured_media":0,"parent":256,"menu_order":0,"comment_status":"closed","ping_status":"closed","template":"","meta":{"footnotes":""},"class_list":["post-446","page","type-page","status-publish","hentry"],"_links":{"self":[{"href":"https:\/\/www.geotechnika.org.pl\/index.php?rest_route=\/wp\/v2\/pages\/446","targetHints":{"allow":["GET"]}}],"collection":[{"href":"https:\/\/www.geotechnika.org.pl\/index.php?rest_route=\/wp\/v2\/pages"}],"about":[{"href":"https:\/\/www.geotechnika.org.pl\/index.php?rest_route=\/wp\/v2\/types\/page"}],"author":[{"embeddable":true,"href":"https:\/\/www.geotechnika.org.pl\/index.php?rest_route=\/wp\/v2\/users\/1"}],"replies":[{"embeddable":true,"href":"https:\/\/www.geotechnika.org.pl\/index.php?rest_route=%2Fwp%2Fv2%2Fcomments&post=446"}],"version-history":[{"count":1,"href":"https:\/\/www.geotechnika.org.pl\/index.php?rest_route=\/wp\/v2\/pages\/446\/revisions"}],"predecessor-version":[{"id":448,"href":"https:\/\/www.geotechnika.org.pl\/index.php?rest_route=\/wp\/v2\/pages\/446\/revisions\/448"}],"up":[{"embeddable":true,"href":"https:\/\/www.geotechnika.org.pl\/index.php?rest_route=\/wp\/v2\/pages\/256"}],"wp:attachment":[{"href":"https:\/\/www.geotechnika.org.pl\/index.php?rest_route=%2Fwp%2Fv2%2Fmedia&parent=446"}],"curies":[{"name":"wp","href":"https:\/\/api.w.org\/{rel}","templated":true}]}}