{"id":449,"date":"2015-02-03T20:16:05","date_gmt":"2015-02-03T20:16:05","guid":{"rendered":"http:\/\/www.geotechnika.org.pl\/?page_id=449"},"modified":"2015-02-03T20:16:05","modified_gmt":"2015-02-03T20:16:05","slug":"dr-hab-inz-hanna-suchnicka","status":"publish","type":"page","link":"https:\/\/www.geotechnika.org.pl\/?page_id=449","title":{"rendered":"Dr hab. in\u017c. Hanna Suchnicka"},"content":{"rendered":"<p><img loading=\"lazy\" decoding=\"async\" class=\"alignright size-full wp-image-450\" src=\"http:\/\/www.geotechnika.org.pl\/wp-content\/uploads\/2015\/02\/Hanna-Suchnicka.jpg\" alt=\"Hanna Suchnicka\" width=\"177\" height=\"220\" \/>Dr hab. in\u017c. Hanna Barbara Suchnicka, prof. PWr \u2013 nale\u017cy do grupy pracownik\u00f3w, kt\u00f3rzy rozpocz\u0119li prac\u0119 w Katedrze Fundamentowania Politechniki Wroc\u0142awskiej w 10 lat po jej zorganizowaniu przez prof. Igora Kisiela i wsp\u00f3\u0142pracuj\u0105cych z\u00a0nim \u2013 p\u00f3\u017aniejszych profesor\u00f3w \u2013 S. Dmitruka oraz Z. Szafrana. W\u0142a\u015bnie w tym czasie nawi\u0105zana zosta\u0142a \u015bcis\u0142a wsp\u00f3\u0142praca Katedry z Kombinatem Paliwowo-Energetycznym Tur\u00f3w, a dok\u0142adniej \u2013 zespo\u0142em kieruj\u0105cym w reaktywowanej kopalni odkrywkowej. Problemy jakie tam wyst\u0105pi\u0142y, dotycz\u0105ce zagadnie\u0144 geotechnicznych i wymagaj\u0105ce rozwi\u0105zania, stanowi\u0142y istn\u0105 kopalni\u0119 nowych zagadnie\u0144, wykraczaj\u0105cych poza klasyczn\u0105 mechanik\u0119 grunt\u00f3w ze wzgl\u0119du na wielko\u015b\u0107 obci\u0105\u017ce\u0144, r\u00f3\u017cnorodno\u015b\u0107 materia\u0142u tworz\u0105cego obiekt (budowl\u0119) i oczywi\u015bcie d\u0142ugi okres eksploatacji. Ten w\u0142a\u015bnie element przyczyni\u0142 si\u0119 do zainteresowania zespo\u0142u Katedry now\u0105 dziedzin\u0105 nauki, jak\u0105 w\u00f3wczas by\u0142a reologia. Pionierskie prace, jakie podj\u0119to, dotyczy\u0142y zar\u00f3wno zagadnie\u0144 teoretycznych, do\u015bwiadczalnictwa, jak i dydaktyki oraz sprawi\u0142y, \u017ce o\u015brodek sta\u0142 si\u0119 wiod\u0105cym w tej dziedzinie w\u00a0kraju. Prace dotyczy\u0142y przede wszystkim rozpoznania problematyki, okre\u015blenia w\u0142a\u015bciwo\u015bci grunt\u00f3w tworz\u0105cych g\u00f3rotw\u00f3r oraz oceny wp\u0142ywu budowy odkrywki na zmian\u0119 w\u0142a\u015bciwo\u015bci i zachowanie si\u0119 grunt\u00f3w. Istotny udzia\u0142 w tych pracach mia\u0142a\u00a0 prof. H. Suchnicka.<br \/>\nProf. Hanna Barbara Suchnicka urodzi\u0142a si\u0119 1 stycznia 1939\u00a0r.\u00a0w Warszawie, w rodzinie inteligenckiej. Po tragicznych latach wojennych znalaz\u0142a si\u0119 z rodzin\u0105 na Ziemiach Odzyskanych. Szko\u0142\u0119 podstawow\u0105, podobnie jak liceum og\u00f3lnokszta\u0142c\u0105ce, ko\u0144czy\u0142a ju\u017c we Wroc\u0142awiu. W 1956\u00a0 rozpocz\u0119\u0142a studia na Wydziale Budownictwa L\u0105dowego Politechniki Wroc\u0142awskiej, jako specjalizacj\u0119 wybra\u0142a konstrukcje in\u017cynierskie. Tematem pracy dyplomowej, wykonanej pod kierunkiem prof. S. Dmitruka, by\u0142o posadowienie stacji nap\u0119dowej przeno\u015bnika ta\u015bmowego. Egzamin dyplomowy, z wynikiem bardzo dobrym, zda\u0142a w\u00a01962 r. i uzyska\u0142a tytu\u0142 mgr in\u017c. budownictwa l\u0105dowego.<br \/>\nBezpo\u015brednio po otrzymaniu dyplomu rozpocz\u0119\u0142a prac\u0119 w\u00a0Katedrze Fundamentowania, pocz\u0105tkowo jako sta\u017cystka, a po roku asystentka i starsza asystentka. Jak ju\u017c wspomniano, od samego pocz\u0105tku prof. Suchnicka zapoznawa\u0142a si\u0119 z now\u0105 (nie tylko dla niej, ale i bardziej do\u015bwiadczonych pracownik\u00f3w Katedry) problematyk\u0105 dotycz\u0105c\u0105 geotechniki w g\u00f3rnictwie odkrywkowym. Uczestniczy\u0142a, a w latach siedemdziesi\u0105tych ubieg\u0142ego stulecia kierowa\u0142a prowadzonymi, w\u00f3wczas ju\u017c w Instytucie Geotechniki, badaniami. By\u0142y to prace do\u015bwiadczalne, a ich celem by\u0142o rozpoznanie podstawowych w\u0142a\u015bciwo\u015bci i zachowania si\u0119 gruntu w nietypowych \u2013 dla klasycznej mechaniki grunt\u00f3w \u2013 warunkach (wst\u0119pne odwodnienie, du\u017ce ci\u015bnienia, ogromna niejednorodno\u015b\u0107, losowe zaburzenia struktury). Nowo\u015bci\u0105 by\u0142y badania cech reologicznych. Rezultatem prowadzonych w tym okresie prac by\u0142a rozprawa doktorska, kt\u00f3ra dotyczy\u0142a wp\u0142ywu historii obci\u0105\u017cenia na wytrzyma\u0142o\u015b\u0107 grunt\u00f3w spoistych, obroniona w roku 1969. W 1970 r. prof. Suchnicka zatrudniona zosta\u0142a na stanowisku adiunkta.<br \/>\nBadania prowadzone w latach siedemdzisi\u0105tych, kt\u00f3re dotyczy\u0142y roli czasu i drogi wymuszenia w przebiegu procesu dynamicznego oraz mo\u017cliwo\u015bci modelowania tych czynnik\u00f3w w\u00a0warunkach laboratoryjnych pozwoli\u0142y na zgromadzenie odpowiednio bogatego materia\u0142u oraz do\u015bwiadczenia, by mo\u017cna by\u0142o podj\u0105\u0107 pr\u00f3b\u0119 teoretycznych uog\u00f3lnie\u0144. Rozwa\u017cano mo\u017cliwo\u015bci i\u00a0ograniczenia klasycznej mechaniki grunt\u00f3w w przypadku zada\u0144 dotycz\u0105cych g\u00f3rnictwa odkrywkowego. Prof. Suchnicka wsp\u00f3lnie z prof. S. Dmitrukiem i prof. B. Lysikiem zaproponowali autorski model matematyczny (DLS), kt\u00f3ry odwzorowywa\u0142 cechy gruntu spoistego, prekonsolidowanego. Nowym elementem by\u0142o wprowadzenie do r\u00f3wnania wielko\u015bci wymiarowych opisuj\u0105cych udzia\u0142 w procesie dwu argument\u00f3w \u0142\u0105cznie: wymuszenia \u2013 w postaci napr\u0119\u017cenia i czasu. Trudno\u015bci wykorzystania tego opisu w praktyce in\u017cynierskiej sk\u0142oni\u0142y prof. Suchnick\u0105 do nieco innego spojrzenia na zagadnienie. Odst\u0119puj\u0105c od dyskutowanego w\u00f3wczas rozwi\u0105zania, zaproponowa\u0142a oryginalne rozwi\u0105zanie \u2013 w zakresie odwzorowania cech materia\u0142owych \u2013 przy zachowaniu klasycznych dla termodynamiki procedur obliczeniowych. Przemy\u015blenia te i wynikaj\u0105ce z nich ustalenia przedstawi\u0142a w roku 1979 w monografii stanowi\u0105cej rozpraw\u0119 habilitacyjn\u0105 o tytule: Problemy okre\u015blania wytrzyma\u0142o\u015bci grunt\u00f3w. Potwierdzeniem oryginalno\u015bci zaproponowanego rozwi\u0105zania by\u0142o przyj\u0119cie tej rozprawy i nadanie prof. Suchnickiej w\u00a0roku 1980 tytu\u0142u docenta. W tym te\u017c roku zosta\u0142a zatrudniona na takim samym stanowisku.<br \/>\nR\u00f3wnolegle z pracami do\u015bwiadczalnymi prof. Suchnicka zajmowa\u0142a si\u0119 problemami teoretycznymi. Mi\u0119dzy innymi dotyczy\u0142y one rozwi\u0105za\u0144 skomplikowanych zada\u0144 \u2013 na pograniczu mechaniki grunt\u00f3w i mechaniki. Do nich zaliczy\u0107 mo\u017cna: identyfikacj\u0119 opor\u00f3w kopania na podstawie modeli globalnych (lub modeli obiektu), z wykorzystaniem analizy wymiarowej i\u00a0procedur stosowanych w cybernetyce. I w tym przypadku badania znalaz\u0142y praktyczne zastosowanie, czego \u015bwiadectwem by\u0142a kierowana przez prof. H. Suchnick\u0105 rozprawa doktorska przedstawiona przez Mothaffa Al. Yousifa (1988). Dotyczy\u0142a ona oceny osiadania pod\u0142o\u017ca przy obci\u0105\u017ceniu go pojazdem g\u0105sienicowym. Kolejnym przyk\u0142adem wykorzystania bada\u0144 modelowych do cel\u00f3w praktycznych by\u0142a propozycja szacowania opor\u00f3w kopania.<br \/>\nPoza badaniami grunt\u00f3w o naturalnej strukturze, efektem czego by\u0142o opracowanie zalece\u0144 dotycz\u0105cych sposobu ustalania warto\u015bci parametr\u00f3w obliczeniowych, w przypadku obiekt\u00f3w g\u00f3rniczych, prof. Suchnicka wraz z zespo\u0142em zajmowa\u0142a si\u0119 badaniami materia\u0142\u00f3w o zniszczonej strukturze, to jest grunt\u00f3w zwa\u0142owych i odpad\u00f3w\u00a0 technologicznych (g\u0142\u00f3wnie osad\u00f3w poflotacyjnych). Bior\u0105c pod uwag\u0119 wyniki wcze\u015bniejszych bada\u0144 prof. S. Dmitruka dotycz\u0105ce gruntu zwa\u0142owego, prof. Suchnicka skupi\u0142a si\u0119 na celowo\u015bci takich bada\u0144 w warunkach laboratoryjnych (na\u00a0 ma\u0142ych pr\u00f3bkach). Zaproponowa\u0142a spos\u00f3b post\u0119powania pozwalaj\u0105cy na przybli\u017con\u0105 ocen\u0119 charakterystyk wytrzyma\u0142o\u015bciowych takich materia\u0142\u00f3w na podstawie znajomo\u015bci cech materia\u0142u w warunkach naturalnych.<br \/>\nInne nietypowe zagadnienie jakiego badaniem zaj\u0119\u0142a si\u0119 prof. Suchnicka dotyczy\u0142o rozpoznania wytrzyma\u0142o\u015bci grunt\u00f3w w strefach kontakt\u00f3w sedymentacyjnych oraz strukturalnych. Mia\u0142o to ogromne praktyczne znaczenie, przede wszystkim w\u00a0g\u00f3rnictwie odkrywkowym, poniewa\u017c w\u0142a\u015bnie tam z regu\u0142y najszybciej dochodzi do utraty stateczno\u015bci inicjuj\u0105cej ruchy masowe gruntu. Podobne zagro\u017cenie powodowa\u0107 mo\u017ce anizotropia gruntu, jak te\u017c niejednorodno\u015b\u0107 wyt\u0119\u017cenia materia\u0142u w\u00a0potencjalnej strefie po\u015blizgu. Tym problemem zajmowa\u0142a si\u0119 r\u00f3wnie\u017c prof. Suchnicka. Zagadnienia te rozpatrywane by\u0142y w zwi\u0105zku z pro\u015bbami, jakie kierowali praktycy do Zak\u0142adu, w\u00a0kwestii konsultacji naukowej i bada\u0144 specjalistycznych, je\u017celi chodzi o\u00a0analiz\u0119 stateczno\u015bci skarp i zboczy g\u0142\u0119bokich wykop\u00f3w. Nale\u017cy bowiem doda\u0107, \u017ce prof. Suchnicka od samego pocz\u0105tku \u0142\u0105czy\u0142a zainteresowania naukowe z zastosowaniami praktycznymi.<br \/>\nWieloletnie prace badawcze dotycz\u0105ce zwykle nietypowych w\u0142a\u015bciwo\u015bci i zachowania si\u0119 grunt\u00f3w spoistych w s\u0105siedztwie pok\u0142ad\u00f3w w\u0119gla brunatnego pozwoli\u0142y sta\u0107 si\u0119 prof. Suchnickiej specjalistk\u0105 w tej dziedzinie i proponowa\u0107 oryginalne interpretacje wynik\u00f3w bada\u0144 je\u017celi chodzi o dob\u00f3r warto\u015bci charakterystycznych parametr\u00f3w z uwzgl\u0119dnieniem z\u0142o\u017conych warunk\u00f3w wymuszenia (np. wytrzyma\u0142o\u015b\u0107 trwa\u0142a).<br \/>\nZdobyte przez prof. Suchnick\u0105 do\u015bwiadczenie dotycz\u0105ce w\u0142a\u015bciwo\u015bci i zachowania si\u0119 grunt\u00f3w tworz\u0105cych g\u00f3rotw\u00f3r (oraz\u00a0 ilo\u015bciowych\u00a0 ocen charakterystyk materia\u0142owych) umo\u017cliwi\u0142y zaj\u0119cie si\u0119\u00a0 numerycznym\u00a0 modelowaniem\u00a0 zachowania si\u0119 g\u00f3rotworu w warunkach du\u017cych odpr\u0119\u017ce\u0144. Prace te by\u0142y prowadzone wsp\u00f3lnie z dr H. Konderl\u0105\u00a0 i wsp\u00f3\u0142pracy w zakresie metody obliczeniowej MEB \u2013 prof. P. Konderli. Analizowano zasadno\u015b\u0107 modelu cia\u0142a spr\u0119\u017cystego przy opisie stanu napr\u0119\u017cenia i odkszta\u0142cenia wywo\u0142anego g\u0142\u0119bokim wykopem, jak te\u017c ocen\u0119 stateczno\u015bci \u2013 po na\u0142o\u017ceniu ograniczenia na materia\u0142 w\u00a0postaci warunku granicznego.<br \/>\nZagro\u017cenie osuwiskowe w rejonie zbocza zachodniego w\u00a0KWB Tur\u00f3w w latach dziewi\u0119\u0107dziesi\u0105tych ubieg\u0142ego wieku by\u0142o okazj\u0105 do przeprowadzenia oblicze\u0144 sprawdzaj\u0105cych; wykorzystano w tym celu zmodyfikowan\u0105 metod\u0119 Janbu.<br \/>\nProf. Suchnicka du\u017c\u0105 uwag\u0119 zwraca\u0142a na dob\u00f3r warto\u015bci charakterystyk materia\u0142owych ze wzgl\u0119du na ich wp\u0142yw na wyniki\u00a0 prognoz numerycznych. By\u0142a zdania, \u017ce przy tak z\u0142o\u017conych warunkach co do cech g\u00f3rotworu wci\u0105\u017c niezb\u0119dne s\u0105 prace o charakterze badawczym. \u015awiadomo\u015b\u0107, jak niedok\u0142adne mog\u0105 by\u0107 prognozy oparte na wynikach standardowych procedur badawczych i w jak du\u017cym stopniu zale\u017cy to od kompetencji programuj\u0105cego badania i ich interpretatora powodowa\u0142a, \u017ce Prof. Suchnicka kilkakrotnie zwraca\u0142a na to uwag\u0119, szczeg\u00f3lnie w ostatnim okresie. Co wi\u0119cej, wskazywa\u0142a na spos\u00f3b post\u0119powania, by mo\u017cna by\u0142o zminimalizowa\u0107 ewentualne b\u0142\u0119dy.<br \/>\nW latach dziewi\u0119\u0107dziesi\u0105tychych ubieg\u0142ego stulecia prof. Suchnicka skoncentrowa\u0142a si\u0119 w pracy na przeanalizowaniu i\u00a0podsumowaniu dotychczasowych osi\u0105gni\u0119\u0107 i ustale\u0144.\u00a0 W wyniku tego powsta\u0142y, ale i s\u0105 prowadzone\u00a0 prace podsumowuj\u0105ce pewne etapy rozpoznania, jak te\u017c nast\u0105pi\u0142o wykrystalizowanie pogl\u0105du dotycz\u0105cych kierunk\u00f3w dalszych niezb\u0119dnych bada\u0144, a mianowicie:<\/p>\n<ul>\n<li>skoncentrowania si\u0119 na rozpoznaniu cech i zachowa\u0144 g\u00f3rotworu w strefach nieci\u0105g\u0142o\u015bci strukturalnych,<\/li>\n<\/ul>\n<ul>\n<li>ustalenia znaczenia do identyfikacji materia\u0142u aparatury badawczej \u2013 w przypadku bada\u0144\u00a0 grunt\u00f3w o cechach anizotropowych,<\/li>\n<\/ul>\n<ul>\n<li>rozpoznania pierwotnego stanu \u2013 dotycz\u0105cego napr\u0119\u017cenia i ci\u015bnienia wody w g\u00f3rotworze.<\/li>\n<\/ul>\n<p>Przez ca\u0142y okres pracy zawodowej wsp\u00f3\u0142uczestniczy\u0142a w\u00a0rozwi\u0105zywaniu problem\u00f3w dotycz\u0105cych gospodarki narodowej. Wymiernym rezultatem prowadzonych przez prof. Suchnick\u0105 prac na rzecz przemys\u0142u by\u0142o\u00a0 opracowanie (wsp\u00f3lnie z\u00a0prof. S. Dmitrukiem) normy bran\u017cowej: BN-82\/0403-02 G\u00f3rnictwo Odkrywkowe. Badania laboratoryjne wytrzyma\u0142o\u015bciowych w\u0142a\u015bciwo\u015bci grunt\u00f3w dla potrzeb projektowania kopal\u0144 odkrywkowych. Wytyczne wykonywania. Innym osi\u0105gni\u0119ciem by\u0142o uwzgl\u0119dnienie Jej uwag w Projekcie Wytycznych dotycz\u0105cych zagospodarowania odpad\u00f3w sta\u0142ych w g\u00f3rnictwie, przygotowanego przez \u015awiatow\u0105 Organizacj\u0119 Zdrowia przy ONZ pod redakcj\u0105 R. K. Taylora (Manual on Solid Waste Management \u2013 Chapter on Mining Industries Waste Manamegent).<br \/>\nProf. Suchnicka by\u0142a\u00a0 konsultantem naukowym bada\u0144 wykonywanych w przemy\u015ble przez Przedsi\u0119biorstwo Geologiczne we Wroc\u0142awiu \u2013 PROXIMA S.A.<br \/>\nBra\u0142a wielokrotnie udzia\u0142 w konferencjach krajowych oraz zagranicznych, prezentuj\u0105c na nich swoje prace.<br \/>\nOdby\u0142a dwa, kr\u00f3tkoterminowe sta\u017ce naukowe w: Wielkiej Brytanii (Birmingham) \u2013 rok 1976 i Belgii (Bruksela, Li\u00e8ge i\u00a0Gandawa) \u2013 rok 1982.<br \/>\nNa zlecenie Komitetu Bada\u0144 Naukowych opracowywa\u0142a recenzje dotycz\u0105ce naukowej oceny prac do realizacji w ramach\u00a0 grant\u00f3w lub innych fundacji. Ocenia\u0142a te\u017c prace na stopnie naukowe.<br \/>\nOsi\u0105gni\u0119cia naukowo-badawcze Prof. Suchnickiej dokumentuje oko\u0142o100 publikacji i kilkadziesi\u0105t opracowa\u0144 naukowo-badawczych (niepublikowane). Jest wsp\u00f3\u0142autork\u0105 dw\u00f3ch skrypt\u00f3w, z kt\u00f3rych jeden by\u0142 nawet przygotowany do wydania jako podr\u0119cznik, do czego nie dosz\u0142o z racji za\u0142amania si\u0119 rynku w latach osiemdziesi\u0105tych ubieg\u0142ego stulecia.<br \/>\nO pozycji naukowej Prof. Suchnickiej \u015bwiadcz\u0105 zaproszenia do wyg\u0142oszenia zamawianego referatu na Og\u00f3lnokrajow\u0105 Konferencj\u0119 Mechaniki Grunt\u00f3w i Fundamentowania.<br \/>\nPracuj\u0105c na Uczelni prof. Suchnicka, nie tylko uczestniczy\u0142a w r\u00f3\u017cnych formach dydaktycznych, ale te\u017c prowadzi\u0142a zaj\u0119cia z r\u00f3\u017cnych przedmiot\u00f3w i na r\u00f3\u017cnych wydzia\u0142ach. Pocz\u0105tkowo by\u0142y to \u0107wiczenia audytoryjne, projektowe i laboratoryjne\u00a0 z mechaniki grunt\u00f3w, fundamentowania i reologii grunt\u00f3w na wydzia\u0142ach Budownictwa L\u0105dowego i G\u00f3rnictwa. Ponadto, prowadzi\u0142a zaj\u0119cia seminaryjne dla specjalno\u015bci budownictwo podziemne i geotechnika, jak r\u00f3wnie\u017c kierowa\u0142a dyplomami. Przygotowywa\u0142a plany organizacji laboratori\u00f3w mechaniki grunt\u00f3w na filiach Uczelni.<br \/>\nProf. Suchnicka uczestniczy\u0142a w organizowanych przez Instytut studiach podyplomowych dla in\u017cynier\u00f3w budowlanych jak i g\u00f3rnik\u00f3w, proponuj\u0105c do nich programy z zakresu geotechniki.<br \/>\nInn\u0105 dzia\u0142alno\u015bci\u0105 dydaktyczn\u0105 by\u0142o podj\u0119cie si\u0119 zaj\u0119\u0107 dydaktycznych i opracowanie program\u00f3w\u00a0 wyk\u0142ad\u00f3w i \u0107wicze\u0144 laboratoryjnych\u00a0 dla student\u00f3w Uniwersytetu Wroc\u0142awskiego \u2013 Wydzia\u0142u Geografii Uczestniczy\u0142a r\u00f3wnie\u017c przy tworzeniu programu zaj\u0119\u0107 dla student\u00f3w z Francji.<br \/>\nProf. Suchnicka niestrudzenie bra\u0142a udzia\u0142 w pracach wynikaj\u0105cych z reorganizacji procesu dydaktycznego, opracowuj\u0105c\u00a0 nowe programy wyk\u0142ad\u00f3w i zaj\u0119\u0107 praktycznych na kierunkach Budownictwo i G\u00f3rnictwo. By\u0142a inicjatork\u0105 w zakresie geoin\u017cynierii przy ustaleniu tre\u015bci i program\u00f3w na specjalno\u015bci Geoin\u017cynieria na Wydziale G\u00f3rnictwa.<br \/>\nNa zaproszenie dziekana Wy\u017cszej Szko\u0142y In\u017cynierskiej w\u00a0Koszalinie podj\u0119\u0142a prac\u0119 na tej Uczelni (przez okres jednego roku), gdzie prowadzi\u0142a zaj\u0119cia z przedmiotu mechanika grunt\u00f3w i fundamentowanie. Przyczyni\u0142a si\u0119 do powo\u0142ania tam specjalno\u015bci geotechnika oraz wspomaga\u0142a realizowane tam prace dyplomowe oraz na stopie\u0144 doktora.<br \/>\nNa uwag\u0119 zas\u0142uguje aktywno\u015b\u0107 prof. Suchnickiej w Towarzystwach i Organizacjach Naukowych, by\u0142a lub jest: Cz\u0142onkiem Mi\u0119dzynarodowego Stowarzyszenia Mechaniki Grunt\u00f3w i Fundamentowania (ISSMFE) \u2013 od 1976 r., Przedstawicielem PKG w Komitecie Technicznym No 4 (Earthquake Geotechnical Engineering ISSMGE) od 2002 r. i w stowarzyszeniach polskich, jak NOT (do 1982 r.), Sekcji Mechaniki Grunt\u00f3w i Ska\u0142 oraz Fundamentowania (obecnie Sekcji Geotechniki i Infrastruktury Podziemnej) przy Polskiej Akademii Nauk, Wydzia\u0142 IV Nauk technicznych, Komitet In\u017cynierii L\u0105dowej i Wodnej (1987\u20112010), Komisji Budownictwa i Mechaniki przy Polskiej Akademii Nauk, Oddzia\u0142 we Wroc\u0142awiu (od 1993 r.), Polskiego Towarzystwa Mechaniki Teoretycznej i Stosowanej (PTMTS) (od 1965 r.), gdzie pe\u0142ni\u0142a r\u00f3\u017cne funkcje, np. sekretarz zarz\u0105du (przez 2 kadencje), cz\u0142onek zarz\u0105du (1 kadencja) i przewodnicz\u0105ca Komisji Rewizyjnej (od 1998 r.).<br \/>\nPracuj\u0105c w Politechnice Wroc\u0142awskiej, profesor pe\u0142ni\u0142a liczne funkcje. Z wa\u017cniejszych nale\u017cy wymieni\u0107:<\/p>\n<ul>\n<li>sekretarz nowopowsta\u0142ego czasopisma \u201eStudia Geotechnika\u201d w latach1970-1981,<\/li>\n<\/ul>\n<ul>\n<li>zast\u0119pca dyrektora ds. Dydaktyki w Instytucie Geotechniki PWr od 1980 do 1981 r.,<\/li>\n<\/ul>\n<ul>\n<li>rzecznik dyscyplinarny dla nauczycieli akademickich w\u00a0Politechnice Wroc\u0142awskiej w latach 1989-2005; opieka nad seminariami naukowymi: na Wydziale BL i w Wy\u017cszej Szkole In\u017cynierskiej w Koszalinie;\u00a0 cz\u0142onek Senatu Politechniki Wroc\u0142awskiej w latach 2005-2008.<\/li>\n<\/ul>\n<p>Dzia\u0142alno\u015b\u0107 prof. Suchnickiej by\u0142a doceniana, czego wyrazem s\u0105 odznaczenia i wyr\u00f3\u017cnienia, jakie jej przyznano. Do najbardziej zaszczytnych nale\u017cy: indywidualna nagroda Ministra Nauki, Szkolnictwa Wy\u017cszego i Techniki \u2013 1980 r., Z\u0142oty Krzy\u017c Zas\u0142ugi \u2013 1982 r., Medal Komisji Edukacji Narodowej \u2013 1995 r. Wielokrotnie otrzymywa\u0142a Nagrody indywidualne i zespo\u0142owe od Rektora Politechniki Wroc\u0142awskiej (13), Dziekana Wydzia\u0142u Budownictwa L\u0105dowego i Wodnego (1) oraz Dyrektora Instytutu Geotechniki i Hydrotechniki (5) za szczeg\u00f3lne osi\u0105gni\u0119cia w\u00a0pracy naukowej, wsp\u00f3\u0142prac\u0119 z przemys\u0142em i dzia\u0142alno\u015b\u0107 wychowawcz\u0105 oraz ca\u0142okszta\u0142t dzia\u0142alno\u015bci naukowo-dydaktycznej. Zosta\u0142a te\u017c odznaczona Srebrn\u0105 Odznak\u0105 PZITB \u2013 1978 r. i\u00a0Z\u0142ot\u0105 Odznak\u0105 Politechniki Wroc\u0142awskiej \u2013 1979 r.<br \/>\nDlatego te\u017c wydaje si\u0119, \u017ce z zadowoleniem przesz\u0142a na emerytur\u0119, po\u015bwi\u0119caj\u0105c sw\u00f3j czas uporz\u0105dkowaniu prac badawczych, wi\u0119kszemu zaanga\u017cowaniu w prace spo\u0142eczne, jak r\u00f3wnie\u017c swojemu hobby \u2013 podr\u00f3\u017cowaniu.<\/p>\n<p>Dr in\u017c. Halina Konderla<br \/>\nPolitechnika Wroc\u0142awska<\/p>\n","protected":false},"excerpt":{"rendered":"<p>Dr hab. in\u017c. Hanna Barbara Suchnicka, prof. PWr \u2013 nale\u017cy do grupy pracownik\u00f3w, kt\u00f3rzy rozpocz\u0119li prac\u0119 w Katedrze Fundamentowania Politechniki Wroc\u0142awskiej w 10 lat po jej zorganizowaniu przez prof. Igora Kisiela i wsp\u00f3\u0142pracuj\u0105cych z\u00a0nim \u2013 p\u00f3\u017aniejszych profesor\u00f3w \u2013 S. Dmitruka oraz Z. Szafrana. W\u0142a\u015bnie w tym czasie nawi\u0105zana zosta\u0142a \u015bcis\u0142a wsp\u00f3\u0142praca Katedry z Kombinatem Paliwowo-Energetycznym [&hellip;]<\/p>\n","protected":false},"author":1,"featured_media":0,"parent":256,"menu_order":0,"comment_status":"closed","ping_status":"closed","template":"","meta":{"footnotes":""},"class_list":["post-449","page","type-page","status-publish","hentry"],"_links":{"self":[{"href":"https:\/\/www.geotechnika.org.pl\/index.php?rest_route=\/wp\/v2\/pages\/449","targetHints":{"allow":["GET"]}}],"collection":[{"href":"https:\/\/www.geotechnika.org.pl\/index.php?rest_route=\/wp\/v2\/pages"}],"about":[{"href":"https:\/\/www.geotechnika.org.pl\/index.php?rest_route=\/wp\/v2\/types\/page"}],"author":[{"embeddable":true,"href":"https:\/\/www.geotechnika.org.pl\/index.php?rest_route=\/wp\/v2\/users\/1"}],"replies":[{"embeddable":true,"href":"https:\/\/www.geotechnika.org.pl\/index.php?rest_route=%2Fwp%2Fv2%2Fcomments&post=449"}],"version-history":[{"count":1,"href":"https:\/\/www.geotechnika.org.pl\/index.php?rest_route=\/wp\/v2\/pages\/449\/revisions"}],"predecessor-version":[{"id":451,"href":"https:\/\/www.geotechnika.org.pl\/index.php?rest_route=\/wp\/v2\/pages\/449\/revisions\/451"}],"up":[{"embeddable":true,"href":"https:\/\/www.geotechnika.org.pl\/index.php?rest_route=\/wp\/v2\/pages\/256"}],"wp:attachment":[{"href":"https:\/\/www.geotechnika.org.pl\/index.php?rest_route=%2Fwp%2Fv2%2Fmedia&parent=449"}],"curies":[{"name":"wp","href":"https:\/\/api.w.org\/{rel}","templated":true}]}}