{"id":771,"date":"2015-04-21T20:27:19","date_gmt":"2015-04-21T20:27:19","guid":{"rendered":"http:\/\/www.geotechnika.org.pl\/?page_id=771"},"modified":"2015-12-04T12:17:33","modified_gmt":"2015-12-04T12:17:33","slug":"certyfikaty-o-bialostocki","status":"publish","type":"page","link":"https:\/\/www.geotechnika.org.pl\/?page_id=771","title":{"rendered":"Certyfikaty O. Bia\u0142ostocki"},"content":{"rendered":"<p align=\"left\">Cz\u0142onkowie Oddzia\u0142u Bia\u0142ostockiego PKG\u00a0posiadaj\u0105cy certyfiat PKG<\/p>\n<div align=\"left\">\n<ol>\n<li>Glinicka Ma\u0142gorzata<\/li>\n<li>Kalicki Anatoli<\/li>\n<li>Krzywiec Mieczys\u0142aw<\/li>\n<li>Rola Stefan<\/li>\n<li>Sawicki Miros\u0142aw<\/li>\n<li>Steckiewicz Romuald<\/li>\n<li>Sulewska Maria<\/li>\n<li>Szypcio Zenon<\/li>\n<li>Zabielska-Adamska Katarzyna<\/li>\n<\/ol>\n<\/div>\n","protected":false},"excerpt":{"rendered":"<p>Cz\u0142onkowie Oddzia\u0142u Bia\u0142ostockiego PKG\u00a0posiadaj\u0105cy certyfiat PKG Glinicka Ma\u0142gorzata Kalicki Anatoli Krzywiec Mieczys\u0142aw Rola Stefan Sawicki Miros\u0142aw Steckiewicz Romuald Sulewska Maria Szypcio Zenon Zabielska-Adamska Katarzyna<\/p>\n","protected":false},"author":1,"featured_media":0,"parent":768,"menu_order":0,"comment_status":"closed","ping_status":"closed","template":"","meta":{"footnotes":""},"class_list":["post-771","page","type-page","status-publish","hentry"],"_links":{"self":[{"href":"https:\/\/www.geotechnika.org.pl\/index.php?rest_route=\/wp\/v2\/pages\/771","targetHints":{"allow":["GET"]}}],"collection":[{"href":"https:\/\/www.geotechnika.org.pl\/index.php?rest_route=\/wp\/v2\/pages"}],"about":[{"href":"https:\/\/www.geotechnika.org.pl\/index.php?rest_route=\/wp\/v2\/types\/page"}],"author":[{"embeddable":true,"href":"https:\/\/www.geotechnika.org.pl\/index.php?rest_route=\/wp\/v2\/users\/1"}],"replies":[{"embeddable":true,"href":"https:\/\/www.geotechnika.org.pl\/index.php?rest_route=%2Fwp%2Fv2%2Fcomments&post=771"}],"version-history":[{"count":4,"href":"https:\/\/www.geotechnika.org.pl\/index.php?rest_route=\/wp\/v2\/pages\/771\/revisions"}],"predecessor-version":[{"id":1002,"href":"https:\/\/www.geotechnika.org.pl\/index.php?rest_route=\/wp\/v2\/pages\/771\/revisions\/1002"}],"up":[{"embeddable":true,"href":"https:\/\/www.geotechnika.org.pl\/index.php?rest_route=\/wp\/v2\/pages\/768"}],"wp:attachment":[{"href":"https:\/\/www.geotechnika.org.pl\/index.php?rest_route=%2Fwp%2Fv2%2Fmedia&parent=771"}],"curies":[{"name":"wp","href":"https:\/\/api.w.org\/{rel}","templated":true}]}}