{"id":773,"date":"2015-04-21T20:32:34","date_gmt":"2015-04-21T20:32:34","guid":{"rendered":"http:\/\/www.geotechnika.org.pl\/?page_id=773"},"modified":"2015-12-04T12:25:53","modified_gmt":"2015-12-04T12:25:53","slug":"certyfikaty-o-dolnoslaski","status":"publish","type":"page","link":"https:\/\/www.geotechnika.org.pl\/?page_id=773","title":{"rendered":"Certyfikaty O. Dolno\u015bl\u0105ski"},"content":{"rendered":"<p align=\"left\">Cz\u0142onkowie Oddzia\u0142u Dolno\u015bl\u0105skiego PKG\u00a0posiadaj\u0105cy certyfiat PKG<\/p>\n<ol>\n<li>Batog Andrzej<\/li>\n<li>Garlikowski Daniel<\/li>\n<li>Hawrysz Maciej<\/li>\n<li>Izbicki Ryszard<\/li>\n<li>Jagosz Zbigniew<\/li>\n<li>Janecki Wojciech<\/li>\n<li>Kajewski Ireneusz<\/li>\n<li>Konderla Halina<\/li>\n<li>Molski Tadeusz<\/li>\n<li>Orzeszyna Henryk<\/li>\n<li>Parylak Krzysztof<\/li>\n<li>Paw\u0142owski Andrzej<\/li>\n<li>Pilecki Krzysztof<\/li>\n<li>Pu\u0142a Olgierd<\/li>\n<li>Pu\u0142a Wojciech<\/li>\n<li>Rybak Czes\u0142aw<\/li>\n<li>Rybak Jaros\u0142aw<\/li>\n<li>S\u0142awi\u0144ski Marian<\/li>\n<li>Suchnicka Hanna<\/li>\n<li>Szcze\u015bniak Krystyna<\/li>\n<li>Ukleja Kazimierz<\/li>\n<li>Wojtowicz Marek<\/li>\n<\/ol>\n","protected":false},"excerpt":{"rendered":"<p>Cz\u0142onkowie Oddzia\u0142u Dolno\u015bl\u0105skiego PKG\u00a0posiadaj\u0105cy certyfiat PKG Batog Andrzej Garlikowski Daniel Hawrysz Maciej Izbicki Ryszard Jagosz Zbigniew Janecki Wojciech Kajewski Ireneusz Konderla Halina Molski Tadeusz Orzeszyna Henryk Parylak Krzysztof Paw\u0142owski Andrzej Pilecki Krzysztof Pu\u0142a Olgierd Pu\u0142a Wojciech Rybak Czes\u0142aw Rybak Jaros\u0142aw S\u0142awi\u0144ski Marian Suchnicka Hanna Szcze\u015bniak Krystyna Ukleja Kazimierz Wojtowicz Marek<\/p>\n","protected":false},"author":1,"featured_media":0,"parent":768,"menu_order":2,"comment_status":"closed","ping_status":"closed","template":"","meta":{"footnotes":""},"class_list":["post-773","page","type-page","status-publish","hentry"],"_links":{"self":[{"href":"https:\/\/www.geotechnika.org.pl\/index.php?rest_route=\/wp\/v2\/pages\/773","targetHints":{"allow":["GET"]}}],"collection":[{"href":"https:\/\/www.geotechnika.org.pl\/index.php?rest_route=\/wp\/v2\/pages"}],"about":[{"href":"https:\/\/www.geotechnika.org.pl\/index.php?rest_route=\/wp\/v2\/types\/page"}],"author":[{"embeddable":true,"href":"https:\/\/www.geotechnika.org.pl\/index.php?rest_route=\/wp\/v2\/users\/1"}],"replies":[{"embeddable":true,"href":"https:\/\/www.geotechnika.org.pl\/index.php?rest_route=%2Fwp%2Fv2%2Fcomments&post=773"}],"version-history":[{"count":3,"href":"https:\/\/www.geotechnika.org.pl\/index.php?rest_route=\/wp\/v2\/pages\/773\/revisions"}],"predecessor-version":[{"id":1004,"href":"https:\/\/www.geotechnika.org.pl\/index.php?rest_route=\/wp\/v2\/pages\/773\/revisions\/1004"}],"up":[{"embeddable":true,"href":"https:\/\/www.geotechnika.org.pl\/index.php?rest_route=\/wp\/v2\/pages\/768"}],"wp:attachment":[{"href":"https:\/\/www.geotechnika.org.pl\/index.php?rest_route=%2Fwp%2Fv2%2Fmedia&parent=773"}],"curies":[{"name":"wp","href":"https:\/\/api.w.org\/{rel}","templated":true}]}}