{"id":775,"date":"2015-04-21T20:34:14","date_gmt":"2015-04-21T20:34:14","guid":{"rendered":"http:\/\/www.geotechnika.org.pl\/?page_id=775"},"modified":"2015-12-04T12:27:01","modified_gmt":"2015-12-04T12:27:01","slug":"certyfikaty-o-gdanski","status":"publish","type":"page","link":"https:\/\/www.geotechnika.org.pl\/?page_id=775","title":{"rendered":"Certyfikaty O. Gda\u0144ski"},"content":{"rendered":"<div align=\"left\">Cz\u0142onkowie Oddzia\u0142u Gda\u0144skiego PKG posiadaj\u0105cy certyfikat PKG:<\/div>\n<div align=\"left\"><\/div>\n<ol>\n<li>Ba\u0142achowski Lech<\/li>\n<li>Bartoszewicz Andrzej<\/li>\n<li>Bolt Adam<\/li>\n<li>Brzozowski Tadeusz<\/li>\n<li>Buca Bohdan<\/li>\n<li>Byczkowski Marek<\/li>\n<li>Cichy W\u0142odzimierz<\/li>\n<li>Cudny Marcin<\/li>\n<li>Dembicki Eugeniusz<\/li>\n<li>Dr\u0105\u017ckiewicz Jerzy<\/li>\n<li>Dziadziuszko Piotr<\/li>\n<li>Gwizda\u0142a Kazimierz<\/li>\n<li>Hauptmann Janusz<\/li>\n<li>Horodecki Grzegorz<\/li>\n<li>Inerowicz Marek<\/li>\n<li>Kokotkiewicz Piotr<\/li>\n<li>Krasi\u0144ski Adam<\/li>\n<li>Krycza\u0142\u0142o Arkadiusz<\/li>\n<li>Kura\u0142owicz Zygmunt<\/li>\n<li>Kurek Norbert<\/li>\n<li>Lossman W\u0142odzimierz<\/li>\n<li>\u0141oszewski Mariusz<\/li>\n<li>Mazurkiewicz Boles\u0142aw<\/li>\n<li>Michalak Rafa\u0142<\/li>\n<li>Milancej Piotr<\/li>\n<li>Oprzy\u0144ski Pawe\u0142<\/li>\n<li>Przew\u0142\u00f3cki Jaros\u0142aw<\/li>\n<li>Przybysz Marcin<\/li>\n<li>Sikora Zbigniew<\/li>\n<li>Sobolewski Janusz<\/li>\n<li>Soko\u0142owski Piotr<\/li>\n<li>Szyma\u0144ski Leszek<\/li>\n<li>\u015awidzi\u0144ski Waldemar<\/li>\n<li>\u015awinia\u0144ski Jerzy<\/li>\n<li>Tondel Zdzis\u0142aw<\/li>\n<li>Topolnicki Micha\u0142<\/li>\n<li>Werno Maciej<\/li>\n<li>Winskiewicz Marek<\/li>\n<li>Wyro\u015blak Mariusz<\/li>\n<li>Zadroga Bohdan<\/li>\n<li>Zarucki Tadeusz<\/li>\n<\/ol>\n","protected":false},"excerpt":{"rendered":"<p>Cz\u0142onkowie Oddzia\u0142u Gda\u0144skiego PKG posiadaj\u0105cy certyfikat PKG: Ba\u0142achowski Lech Bartoszewicz Andrzej Bolt Adam Brzozowski Tadeusz Buca Bohdan Byczkowski Marek Cichy W\u0142odzimierz Cudny Marcin Dembicki Eugeniusz Dr\u0105\u017ckiewicz Jerzy Dziadziuszko Piotr Gwizda\u0142a Kazimierz Hauptmann Janusz Horodecki Grzegorz Inerowicz Marek Kokotkiewicz Piotr Krasi\u0144ski Adam Krycza\u0142\u0142o Arkadiusz Kura\u0142owicz Zygmunt Kurek Norbert Lossman W\u0142odzimierz \u0141oszewski Mariusz Mazurkiewicz Boles\u0142aw Michalak Rafa\u0142 [&hellip;]<\/p>\n","protected":false},"author":1,"featured_media":0,"parent":768,"menu_order":3,"comment_status":"closed","ping_status":"closed","template":"","meta":{"footnotes":""},"class_list":["post-775","page","type-page","status-publish","hentry"],"_links":{"self":[{"href":"https:\/\/www.geotechnika.org.pl\/index.php?rest_route=\/wp\/v2\/pages\/775","targetHints":{"allow":["GET"]}}],"collection":[{"href":"https:\/\/www.geotechnika.org.pl\/index.php?rest_route=\/wp\/v2\/pages"}],"about":[{"href":"https:\/\/www.geotechnika.org.pl\/index.php?rest_route=\/wp\/v2\/types\/page"}],"author":[{"embeddable":true,"href":"https:\/\/www.geotechnika.org.pl\/index.php?rest_route=\/wp\/v2\/users\/1"}],"replies":[{"embeddable":true,"href":"https:\/\/www.geotechnika.org.pl\/index.php?rest_route=%2Fwp%2Fv2%2Fcomments&post=775"}],"version-history":[{"count":6,"href":"https:\/\/www.geotechnika.org.pl\/index.php?rest_route=\/wp\/v2\/pages\/775\/revisions"}],"predecessor-version":[{"id":993,"href":"https:\/\/www.geotechnika.org.pl\/index.php?rest_route=\/wp\/v2\/pages\/775\/revisions\/993"}],"up":[{"embeddable":true,"href":"https:\/\/www.geotechnika.org.pl\/index.php?rest_route=\/wp\/v2\/pages\/768"}],"wp:attachment":[{"href":"https:\/\/www.geotechnika.org.pl\/index.php?rest_route=%2Fwp%2Fv2%2Fmedia&parent=775"}],"curies":[{"name":"wp","href":"https:\/\/api.w.org\/{rel}","templated":true}]}}