{"id":787,"date":"2015-04-21T20:43:57","date_gmt":"2015-04-21T20:43:57","guid":{"rendered":"http:\/\/www.geotechnika.org.pl\/?page_id=787"},"modified":"2015-12-04T13:02:36","modified_gmt":"2015-12-04T13:02:36","slug":"certyfikaty-o-stoleczny","status":"publish","type":"page","link":"https:\/\/www.geotechnika.org.pl\/?page_id=787","title":{"rendered":"Certyfikaty O. Sto\u0142eczny"},"content":{"rendered":"<p align=\"left\">Cz\u0142onkowie Oddzia\u0142u Sto\u0142ecznego PKG\u00a0posiadaj\u0105cy certyfiat PKG<\/p>\n<div align=\"left\">\n<ol>\n<li>Bara\u0144ski Tadeusz<\/li>\n<li>Bukowski Marek<\/li>\n<li>Cielenkiewicz Tadeusz<\/li>\n<li>D\u0142u\u017cewski Janusz<\/li>\n<li>Dobrowolski K.<\/li>\n<li>Frankowski Zbigniew<\/li>\n<li>Galas Pawe\u0142<\/li>\n<li>Garbulewski Kazimierz<\/li>\n<li>Go\u0142\u0119biewska Anna<\/li>\n<li>Grabowski Zbigniew<\/li>\n<li>Kaczy\u0144ski Ryszard<\/li>\n<li>Ka\u0144ski Tadeusz<\/li>\n<li>Karski J.<\/li>\n<li>K\u0142osi\u0144ski Boles\u0142aw<\/li>\n<li>Kociszewski Ryszard<\/li>\n<li>Koda Eugeniusz<\/li>\n<li>Kr\u00f3l Piotr<\/li>\n<li>Kuchler Antoni<\/li>\n<li>Lechowicz Zbigniew<\/li>\n<li>Lipi\u0144ski Miros\u0142aw<\/li>\n<li>Mirecki J\u00f3zef<\/li>\n<li>Pini\u0144ska Joanna<\/li>\n<li>Pisarczyk Stanis\u0142aw<\/li>\n<li>Rafalski Leszek<\/li>\n<li>Rychlewski Piotr<\/li>\n<li>Sas Wojciech<\/li>\n<li>Smoktunowicz E.<\/li>\n<li>Szpikowski Marek<\/li>\n<li>Szyma\u0144ski Alojzy<\/li>\n<li>\u015awieca Marek<\/li>\n<li>Thiel Kazimierz<\/li>\n<li>Wolski Wojciech<\/li>\n<li>Wysoki\u0144ski Lech<\/li>\n<\/ol>\n<\/div>\n","protected":false},"excerpt":{"rendered":"<p>Cz\u0142onkowie Oddzia\u0142u Sto\u0142ecznego PKG\u00a0posiadaj\u0105cy certyfiat PKG Bara\u0144ski Tadeusz Bukowski Marek Cielenkiewicz Tadeusz D\u0142u\u017cewski Janusz Dobrowolski K. Frankowski Zbigniew Galas Pawe\u0142 Garbulewski Kazimierz Go\u0142\u0119biewska Anna Grabowski Zbigniew Kaczy\u0144ski Ryszard Ka\u0144ski Tadeusz Karski J. K\u0142osi\u0144ski Boles\u0142aw Kociszewski Ryszard Koda Eugeniusz Kr\u00f3l Piotr Kuchler Antoni Lechowicz Zbigniew Lipi\u0144ski Miros\u0142aw Mirecki J\u00f3zef Pini\u0144ska Joanna Pisarczyk Stanis\u0142aw Rafalski Leszek Rychlewski [&hellip;]<\/p>\n","protected":false},"author":1,"featured_media":0,"parent":768,"menu_order":7,"comment_status":"closed","ping_status":"closed","template":"","meta":{"footnotes":""},"class_list":["post-787","page","type-page","status-publish","hentry"],"_links":{"self":[{"href":"https:\/\/www.geotechnika.org.pl\/index.php?rest_route=\/wp\/v2\/pages\/787","targetHints":{"allow":["GET"]}}],"collection":[{"href":"https:\/\/www.geotechnika.org.pl\/index.php?rest_route=\/wp\/v2\/pages"}],"about":[{"href":"https:\/\/www.geotechnika.org.pl\/index.php?rest_route=\/wp\/v2\/types\/page"}],"author":[{"embeddable":true,"href":"https:\/\/www.geotechnika.org.pl\/index.php?rest_route=\/wp\/v2\/users\/1"}],"replies":[{"embeddable":true,"href":"https:\/\/www.geotechnika.org.pl\/index.php?rest_route=%2Fwp%2Fv2%2Fcomments&post=787"}],"version-history":[{"count":3,"href":"https:\/\/www.geotechnika.org.pl\/index.php?rest_route=\/wp\/v2\/pages\/787\/revisions"}],"predecessor-version":[{"id":1012,"href":"https:\/\/www.geotechnika.org.pl\/index.php?rest_route=\/wp\/v2\/pages\/787\/revisions\/1012"}],"up":[{"embeddable":true,"href":"https:\/\/www.geotechnika.org.pl\/index.php?rest_route=\/wp\/v2\/pages\/768"}],"wp:attachment":[{"href":"https:\/\/www.geotechnika.org.pl\/index.php?rest_route=%2Fwp%2Fv2%2Fmedia&parent=787"}],"curies":[{"name":"wp","href":"https:\/\/api.w.org\/{rel}","templated":true}]}}