{"id":792,"date":"2015-04-21T20:45:51","date_gmt":"2015-04-21T20:45:51","guid":{"rendered":"http:\/\/www.geotechnika.org.pl\/?page_id=792"},"modified":"2015-12-04T13:12:57","modified_gmt":"2015-12-04T13:12:57","slug":"certyfikaty-o-wielkopolski","status":"publish","type":"page","link":"https:\/\/www.geotechnika.org.pl\/?page_id=792","title":{"rendered":"Certyfikaty O. Wielkopolski"},"content":{"rendered":"<p align=\"left\">Cz\u0142onkowie Oddzia\u0142u Wielkopolskiego PKG\u00a0posiadaj\u0105cy certyfiat PKG<\/p>\n<div align=\"left\">\n<ol>\n<li>Biedrowski Zbigniew<\/li>\n<li>Borowczak Pawe\u0142<\/li>\n<li>Duda Adam<\/li>\n<li>Dymek Przemys\u0142aw<\/li>\n<li>Florkiewicz Antoni<\/li>\n<li>Haury\u0142kiewicz Janusz<\/li>\n<li>Jani\u0144ski S\u0142awomir<\/li>\n<li>Je\u017c Tomasz<\/li>\n<li>Kumor Maciej<\/li>\n<li>Niedzielski Adam<\/li>\n<li>Nowak Jerzy<\/li>\n<li>Por\u0119bski R.<\/li>\n<li>R\u00f3\u017ca\u0144ski Micha\u0142<\/li>\n<li>Siewczy\u0144ski \u0141ucjan<\/li>\n<li>Sobkowiak Jerzy<\/li>\n<li>Stankowski Z.<\/li>\n<li>Taszarek Jakub<\/li>\n<li>Wojtasik Andrzej<\/li>\n<li>Wojnicki Jan Z.<\/li>\n<li>Tschuschke Wojciech<\/li>\n<li>Zawalski A.<\/li>\n<li>Przysta\u0144ski Jerzy<\/li>\n<li>M\u0142ynarek Zbigniew<\/li>\n<li>Rze\u017aniczak Jerzy<\/li>\n<li>Kostrzewski W\u0142odzimierz<\/li>\n<li>Kania Mieczys\u0142aw<\/li>\n<li>Olejnik W.<\/li>\n<li>\u0141\u0119cki Pawe\u0142<\/li>\n<li>Liszkowski Jerzy<\/li>\n<li>Wieczorek \u0141ukasz<\/li>\n<\/ol>\n<\/div>\n","protected":false},"excerpt":{"rendered":"<p>Cz\u0142onkowie Oddzia\u0142u Wielkopolskiego PKG\u00a0posiadaj\u0105cy certyfiat PKG Biedrowski Zbigniew Borowczak Pawe\u0142 Duda Adam Dymek Przemys\u0142aw Florkiewicz Antoni Haury\u0142kiewicz Janusz Jani\u0144ski S\u0142awomir Je\u017c Tomasz Kumor Maciej Niedzielski Adam Nowak Jerzy Por\u0119bski R. R\u00f3\u017ca\u0144ski Micha\u0142 Siewczy\u0144ski \u0141ucjan Sobkowiak Jerzy Stankowski Z. Taszarek Jakub Wojtasik Andrzej Wojnicki Jan Z. Tschuschke Wojciech Zawalski A. Przysta\u0144ski Jerzy M\u0142ynarek Zbigniew Rze\u017aniczak Jerzy [&hellip;]<\/p>\n","protected":false},"author":1,"featured_media":0,"parent":768,"menu_order":9,"comment_status":"closed","ping_status":"closed","template":"","meta":{"footnotes":""},"class_list":["post-792","page","type-page","status-publish","hentry"],"_links":{"self":[{"href":"https:\/\/www.geotechnika.org.pl\/index.php?rest_route=\/wp\/v2\/pages\/792","targetHints":{"allow":["GET"]}}],"collection":[{"href":"https:\/\/www.geotechnika.org.pl\/index.php?rest_route=\/wp\/v2\/pages"}],"about":[{"href":"https:\/\/www.geotechnika.org.pl\/index.php?rest_route=\/wp\/v2\/types\/page"}],"author":[{"embeddable":true,"href":"https:\/\/www.geotechnika.org.pl\/index.php?rest_route=\/wp\/v2\/users\/1"}],"replies":[{"embeddable":true,"href":"https:\/\/www.geotechnika.org.pl\/index.php?rest_route=%2Fwp%2Fv2%2Fcomments&post=792"}],"version-history":[{"count":4,"href":"https:\/\/www.geotechnika.org.pl\/index.php?rest_route=\/wp\/v2\/pages\/792\/revisions"}],"predecessor-version":[{"id":1014,"href":"https:\/\/www.geotechnika.org.pl\/index.php?rest_route=\/wp\/v2\/pages\/792\/revisions\/1014"}],"up":[{"embeddable":true,"href":"https:\/\/www.geotechnika.org.pl\/index.php?rest_route=\/wp\/v2\/pages\/768"}],"wp:attachment":[{"href":"https:\/\/www.geotechnika.org.pl\/index.php?rest_route=%2Fwp%2Fv2%2Fmedia&parent=792"}],"curies":[{"name":"wp","href":"https:\/\/api.w.org\/{rel}","templated":true}]}}