{"id":794,"date":"2015-04-21T20:46:37","date_gmt":"2015-04-21T20:46:37","guid":{"rendered":"http:\/\/www.geotechnika.org.pl\/?page_id=794"},"modified":"2015-12-04T13:15:32","modified_gmt":"2015-12-04T13:15:32","slug":"certyfikaty-o-zachodniopomorski","status":"publish","type":"page","link":"https:\/\/www.geotechnika.org.pl\/?page_id=794","title":{"rendered":"Certyfikaty O. Zachodniopomorski"},"content":{"rendered":"<p align=\"left\">Cz\u0142onkowie Oddzia\u0142u Zachodniopomorskiego PKG\u00a0posiadaj\u0105cy certyfiat PKG<\/p>\n<div align=\"left\">\n<ol>\n<li>Chry\u015bcina Marta<\/li>\n<li>Coufal Ryszard<\/li>\n<li>Gajewski Krzysztof<\/li>\n<li>Jastrz\u0119bski Leopold<\/li>\n<li>Kowal\u00f3w Mariusz<\/li>\n<li>Koz\u0142owski Tomasz<\/li>\n<li>Madej Jerzy<\/li>\n<li>Meyer Zygmunt<\/li>\n<li>Nitecki Tadeusz<\/li>\n<li>Piechowski Karol<\/li>\n<li>Priebe-Piechowska Ma\u0142gorzata<\/li>\n<\/ol>\n<\/div>\n","protected":false},"excerpt":{"rendered":"<p>Cz\u0142onkowie Oddzia\u0142u Zachodniopomorskiego PKG\u00a0posiadaj\u0105cy certyfiat PKG Chry\u015bcina Marta Coufal Ryszard Gajewski Krzysztof Jastrz\u0119bski Leopold Kowal\u00f3w Mariusz Koz\u0142owski Tomasz Madej Jerzy Meyer Zygmunt Nitecki Tadeusz Piechowski Karol Priebe-Piechowska Ma\u0142gorzata<\/p>\n","protected":false},"author":1,"featured_media":0,"parent":768,"menu_order":10,"comment_status":"closed","ping_status":"closed","template":"","meta":{"footnotes":""},"class_list":["post-794","page","type-page","status-publish","hentry"],"_links":{"self":[{"href":"https:\/\/www.geotechnika.org.pl\/index.php?rest_route=\/wp\/v2\/pages\/794","targetHints":{"allow":["GET"]}}],"collection":[{"href":"https:\/\/www.geotechnika.org.pl\/index.php?rest_route=\/wp\/v2\/pages"}],"about":[{"href":"https:\/\/www.geotechnika.org.pl\/index.php?rest_route=\/wp\/v2\/types\/page"}],"author":[{"embeddable":true,"href":"https:\/\/www.geotechnika.org.pl\/index.php?rest_route=\/wp\/v2\/users\/1"}],"replies":[{"embeddable":true,"href":"https:\/\/www.geotechnika.org.pl\/index.php?rest_route=%2Fwp%2Fv2%2Fcomments&post=794"}],"version-history":[{"count":4,"href":"https:\/\/www.geotechnika.org.pl\/index.php?rest_route=\/wp\/v2\/pages\/794\/revisions"}],"predecessor-version":[{"id":1015,"href":"https:\/\/www.geotechnika.org.pl\/index.php?rest_route=\/wp\/v2\/pages\/794\/revisions\/1015"}],"up":[{"embeddable":true,"href":"https:\/\/www.geotechnika.org.pl\/index.php?rest_route=\/wp\/v2\/pages\/768"}],"wp:attachment":[{"href":"https:\/\/www.geotechnika.org.pl\/index.php?rest_route=%2Fwp%2Fv2%2Fmedia&parent=794"}],"curies":[{"name":"wp","href":"https:\/\/api.w.org\/{rel}","templated":true}]}}