{"id":808,"date":"2015-04-23T05:45:06","date_gmt":"2015-04-23T05:45:06","guid":{"rendered":"http:\/\/www.geotechnika.org.pl\/?page_id=808"},"modified":"2015-12-29T14:24:36","modified_gmt":"2015-12-29T14:24:36","slug":"uchwaly-i-pismo-okolne-z-dnia-04-12-2014","status":"publish","type":"page","link":"https:\/\/www.geotechnika.org.pl\/?page_id=808","title":{"rendered":"Uchwa\u0142y i pismo ok\u00f3lne z dnia 04.12.2014"},"content":{"rendered":"<hr \/>\n<ul style=\"list-style-type: none;\">\n<li><a href=\"http:\/\/www.geotechnika.org.pl\/wp-content\/uploads\/2015\/01\/Pismo-ok\u00f3lne-nr-1-Przezydenta-PKG-z-dnia-4.12.2014.pdf\" class=\"mtli_attachment mtli_pdf\">Pismo ok\u00f3lne nr 1 Prezydenta PKG z dnia 04.12.2014<br \/>\nw sprawie sk\u0142adu osobowego Zarz\u0105du, Komisji Rewizyjnej i S\u0105du Kole\u017ce\u0144skiego\u00a0Polskiego Komitetu Geotechniki kadencji 2014-2017<\/a><\/li>\n<li><\/li>\n<li><a href=\"http:\/\/www.geotechnika.org.pl\/wp-content\/uploads\/2015\/11\/Uchwa\u0142a-nr-1-Zarz\u0105du-PKG-4.12.2014.pdf\" class=\"mtli_attachment mtli_pdf\">Uchwa\u0142a nr 1 Zarz\u0105du PKG z dnia 04.12.2014<br \/>\nw sprawie zatwierdzenia Ramowego Programu Pracy Zarz\u0105du PKG kadencji 2014-2017<\/a><\/li>\n<li><a href=\"http:\/\/www.geotechnika.org.pl\/wp-content\/uploads\/2015\/01\/Uchwa\u0142a-nr-2-Zarz\u0105du-PKG-z-dnia-4.12.2014.pdf\" class=\"mtli_attachment mtli_pdf\">Uchwa\u0142a nr 2 Zarz\u0105du PKG z dnia 04.12.2014<br \/>\nw sprawie powo\u0142ania Komisji PKG kadencji 2014-2017<\/a><\/li>\n<li><a href=\"http:\/\/www.geotechnika.org.pl\/wp-content\/uploads\/2015\/01\/Uchwa\u0142a-nr-3-Zarz\u0105du-PKG-z-dnia-4.12.2014.pdf\" class=\"mtli_attachment mtli_pdf\">Uchwa\u0142a nr 3 Zarz\u0105du PKG z dnia 04.12.2014<br \/>\nw sprawie powo\u0142ania Egzaminacyjnej Komisji Kwalifikacyjnej ds. Certyfikat\u00f3w PKG kadencji 2014-2017<\/a><\/li>\n<li><a href=\"http:\/\/www.geotechnika.org.pl\/wp-content\/uploads\/2015\/11\/Uchwa\u0142a-nr-4-Zarz\u0105du-PKG-4.12.2014.pdf\" class=\"mtli_attachment mtli_pdf\">Uchwa\u0142a nr 4 Zarz\u0105du PKG z dnia 04.12.2014<br \/>\nw sprawie ustanowienia Nagrody specjalnej Polskiego Komitetu Geotechniki za prac\u0119 doktorsk\u0105 im. prof. Eugeniusza Dembickiego <\/a><\/li>\n<li><a href=\"http:\/\/www.geotechnika.org.pl\/wp-content\/uploads\/2015\/11\/Uchwa\u0142a-nr-5-Zarz\u0105du-PKG-4.12.2014.pdf\" class=\"mtli_attachment mtli_pdf\">Uchwa\u0142a nr 5 Zarz\u0105du PKG z dnia 04.12.2014<br \/>\nw sprawie ustanowienia Nagrody specjalnej Polskiego Komitetu Geotechniki za prac\u0119 doktorsk\u0105 im. prof. Zbigniewa M\u0142ynarka<\/a><\/li>\n<li><a href=\"http:\/\/www.geotechnika.org.pl\/wp-content\/uploads\/2015\/11\/Uchwa\u0142a-nr-6-Zarz\u0105du-PKG-4.12.2014.pdf\" class=\"mtli_attachment mtli_pdf\">Uchwa\u0142a nr 6 Zarz\u0105du PKG z dnia 04.12.2014<br \/>\nw sprawie przyznania nagrody i wyr\u00f3\u017cnie\u0144 Polskiego Komitetu Geotechniki dla autor\u00f3w najlepszych prac dyplomowych magisterskich z zakresu geotechniki w 2014 roku<\/a><\/li>\n<li><a href=\"http:\/\/www.geotechnika.org.pl\/wp-content\/uploads\/2015\/01\/Uchwa\u0142a-nr-7-Zarz\u0105du-PKG-z-dnia-4.12.2014.pdf\" class=\"mtli_attachment mtli_pdf\">Uchwa\u0142a nr 7 Zarz\u0105du PKG z dnia 04.12.2014<br \/>\nw sprawie ustalenia wysoko\u015bci i podzia\u0142u sk\u0142adek cz\u0142onkowskich PKG<\/a><\/li>\n<li><a href=\"http:\/\/www.geotechnika.org.pl\/wp-content\/uploads\/2015\/01\/Uchwa\u0142a-nr-8-Zarz\u0105du-PKG-z-dnia-4.12.2014.pdf\" class=\"mtli_attachment mtli_pdf\">Uchwa\u0142a nr 8 Zarz\u0105du PKG z dnia 04.12.2014<br \/>\nw sprawie powo\u0142ania Komisji ds. zmian w prawie dotycz\u0105cych geotechniki i geologii in\u017cynierskiej kadencji 2014-2017<\/a><\/li>\n<\/ul>\n","protected":false},"excerpt":{"rendered":"<p>Pismo ok\u00f3lne nr 1 Prezydenta PKG z dnia 04.12.2014 w sprawie sk\u0142adu osobowego Zarz\u0105du, Komisji Rewizyjnej i S\u0105du Kole\u017ce\u0144skiego\u00a0Polskiego Komitetu Geotechniki kadencji 2014-2017 Uchwa\u0142a nr 1 Zarz\u0105du PKG z dnia 04.12.2014 w sprawie zatwierdzenia Ramowego Programu Pracy Zarz\u0105du PKG kadencji 2014-2017 Uchwa\u0142a nr 2 Zarz\u0105du PKG z dnia 04.12.2014 w sprawie powo\u0142ania Komisji PKG kadencji [&hellip;]<\/p>\n","protected":false},"author":1,"featured_media":0,"parent":383,"menu_order":0,"comment_status":"closed","ping_status":"closed","template":"","meta":{"footnotes":""},"class_list":["post-808","page","type-page","status-publish","hentry"],"_links":{"self":[{"href":"https:\/\/www.geotechnika.org.pl\/index.php?rest_route=\/wp\/v2\/pages\/808","targetHints":{"allow":["GET"]}}],"collection":[{"href":"https:\/\/www.geotechnika.org.pl\/index.php?rest_route=\/wp\/v2\/pages"}],"about":[{"href":"https:\/\/www.geotechnika.org.pl\/index.php?rest_route=\/wp\/v2\/types\/page"}],"author":[{"embeddable":true,"href":"https:\/\/www.geotechnika.org.pl\/index.php?rest_route=\/wp\/v2\/users\/1"}],"replies":[{"embeddable":true,"href":"https:\/\/www.geotechnika.org.pl\/index.php?rest_route=%2Fwp%2Fv2%2Fcomments&post=808"}],"version-history":[{"count":10,"href":"https:\/\/www.geotechnika.org.pl\/index.php?rest_route=\/wp\/v2\/pages\/808\/revisions"}],"predecessor-version":[{"id":1024,"href":"https:\/\/www.geotechnika.org.pl\/index.php?rest_route=\/wp\/v2\/pages\/808\/revisions\/1024"}],"up":[{"embeddable":true,"href":"https:\/\/www.geotechnika.org.pl\/index.php?rest_route=\/wp\/v2\/pages\/383"}],"wp:attachment":[{"href":"https:\/\/www.geotechnika.org.pl\/index.php?rest_route=%2Fwp%2Fv2%2Fmedia&parent=808"}],"curies":[{"name":"wp","href":"https:\/\/api.w.org\/{rel}","templated":true}]}}