{"id":815,"date":"2015-04-23T05:55:14","date_gmt":"2015-04-23T05:55:14","guid":{"rendered":"http:\/\/www.geotechnika.org.pl\/?page_id=815"},"modified":"2015-04-23T19:54:28","modified_gmt":"2015-04-23T19:54:28","slug":"mapa-strony","status":"publish","type":"page","link":"https:\/\/www.geotechnika.org.pl\/?page_id=815","title":{"rendered":"Mapa strony"},"content":{"rendered":"<ul><li><a href=\"https:\/\/www.geotechnika.org.pl\/?page_id=815\">Mapa strony<\/a><\/li>\n<li><a href=\"https:\/\/www.geotechnika.org.pl\/?page_id=1122\">Prof. dr hab. in\u017c. Bohdan Zadroga, prof. zw. PG<\/a><\/li>\n<li><a href=\"https:\/\/www.geotechnika.org.pl\/?page_id=2\">O PKG<\/a>\n<ul class='children'>\n\t<li><a href=\"https:\/\/www.geotechnika.org.pl\/?page_id=41\">Aktualne W\u0142adze<\/a>\n\t<ul class='children'>\n\t\t<li><a href=\"https:\/\/www.geotechnika.org.pl\/?page_id=856\">Dr hab. in\u017c. Joanna Katarzyna Bz\u00f3wka, prof. nadzwyczajny w Politechnice \u015al\u0105skiej<\/a><\/li>\n\t\t<li><a href=\"https:\/\/www.geotechnika.org.pl\/?page_id=848\">Dr in\u017c. W\u0142odzimierz Cichy<\/a><\/li>\n\t\t<li><a href=\"https:\/\/www.geotechnika.org.pl\/?page_id=829\">Prof. dr hab. in\u017c. Alojzy Szyma\u0144ski<\/a><\/li>\n\t\t<li><a href=\"https:\/\/www.geotechnika.org.pl\/?page_id=892\">Prof. dr hab. in\u017c. Eugeniusz Dembicki<\/a><\/li>\n\t\t<li><a href=\"https:\/\/www.geotechnika.org.pl\/?page_id=839\">Prof. dr hab. in\u017c. Kazimierz Gwizda\u0142a<\/a><\/li>\n\t\t<li><a href=\"https:\/\/www.geotechnika.org.pl\/?page_id=835\">Prof. dr hab. in\u017c. Zbigniew Marek Lechowicz<\/a><\/li>\n\t\t<li><a href=\"https:\/\/www.geotechnika.org.pl\/?page_id=852\">Prof. dr hab. in\u017c. Zbigniew M\u0142ynarek<\/a><\/li>\n\t\t<li><a href=\"https:\/\/www.geotechnika.org.pl\/?page_id=845\">Prof. dr. hab. in\u017c. Katarzyna Zabielska-Adamska<\/a><\/li>\n\t<\/ul>\n<\/li>\n\t<li><a href=\"https:\/\/www.geotechnika.org.pl\/?page_id=230\">Cz\u0142onkostwo w PKG<\/a><\/li>\n\t<li><a href=\"https:\/\/www.geotechnika.org.pl\/?page_id=112\">Honorowy Prezydent i Honorowi Cz\u0142onkowie PKG<\/a><\/li>\n\t<li><a href=\"https:\/\/www.geotechnika.org.pl\/?page_id=256\">Zas\u0142u\u017ceni geotechnicy<\/a>\n\t<ul class='children'>\n\t\t<li><a href=\"https:\/\/www.geotechnika.org.pl\/?page_id=431\">Doc. dr in\u017c. Bogdan Kawalec<\/a><\/li>\n\t\t<li><a href=\"https:\/\/www.geotechnika.org.pl\/?page_id=446\">Doc. dr in\u017c. Romuald Steckiewicz<\/a><\/li>\n\t\t<li><a href=\"https:\/\/www.geotechnika.org.pl\/?page_id=443\">Doc. dr in\u017c. Tadeusz Przedecki<\/a><\/li>\n\t\t<li><a href=\"https:\/\/www.geotechnika.org.pl\/?page_id=1065\">Dr hab. in\u017c. Adam Bolt, prof. PG<\/a><\/li>\n\t\t<li><a href=\"https:\/\/www.geotechnika.org.pl\/?page_id=449\">Dr hab. in\u017c. Hanna Suchnicka<\/a><\/li>\n\t\t<li><a href=\"https:\/\/www.geotechnika.org.pl\/?page_id=440\">Dr hab. in\u017c. Jacek Pieczyrak<\/a><\/li>\n\t\t<li><a href=\"https:\/\/www.geotechnika.org.pl\/?page_id=437\">Dr hab. in\u017c. Jerzy Madej<\/a><\/li>\n\t\t<li><a href=\"https:\/\/www.geotechnika.org.pl\/?page_id=1110\">Dr in\u017c. Bogdan Rymsza (Dr h.c.)<\/a><\/li>\n\t\t<li><a href=\"https:\/\/www.geotechnika.org.pl\/?page_id=434\">Dr in\u017c. Boles\u0142aw K\u0142osi\u0144ski<\/a><\/li>\n\t\t<li><a href=\"https:\/\/www.geotechnika.org.pl\/?page_id=279\">Mgr in\u017c. Bohdan Buca<\/a><\/li>\n\t\t<li><a href=\"https:\/\/www.geotechnika.org.pl\/?page_id=428\">Mgr in\u017c. Tadeusz Jeske<\/a><\/li>\n\t\t<li><a href=\"https:\/\/www.geotechnika.org.pl\/?page_id=1083\">Prof. dr hab. in\u017c. Kazimierz Gwizda\u0142a<\/a><\/li>\n\t\t<li><a href=\"https:\/\/www.geotechnika.org.pl\/?page_id=311\">Prof. dr hab. in\u017c. Krystyna M. Skar\u017cy\u0144ska<\/a><\/li>\n\t\t<li><a href=\"https:\/\/www.geotechnika.org.pl\/?page_id=317\">Prof. dr hab. in\u017c. Lech Wysoki\u0144ski<\/a><\/li>\n\t\t<li><a href=\"https:\/\/www.geotechnika.org.pl\/?page_id=453\">Prof. dr hab. in\u017c. Maciej Werno<\/a><\/li>\n\t\t<li><a href=\"https:\/\/www.geotechnika.org.pl\/?page_id=424\">Prof. dr hab. in\u017c. Ryszard Jerzy Izbicki<\/a><\/li>\n\t\t<li><a href=\"https:\/\/www.geotechnika.org.pl\/?page_id=323\">Prof. dr hab. in\u017c. Stanis\u0142aw Jan Pisarczyk<\/a><\/li>\n\t\t<li><a href=\"https:\/\/www.geotechnika.org.pl\/?page_id=299\">Prof. dr hab. in\u017c. Zbigniew M\u0142ynarek<\/a><\/li>\n\t\t<li><a href=\"https:\/\/www.geotechnika.org.pl\/?page_id=320\">Prof. dr hab. in\u017c. Zdzis\u0142aw \u017bmudzi\u0144ski<\/a><\/li>\n\t\t<li><a href=\"https:\/\/www.geotechnika.org.pl\/?page_id=1098\">Prof. dr hab. in\u017c. Zygmunt Meyer<\/a><\/li>\n\t\t<li><a href=\"https:\/\/www.geotechnika.org.pl\/?page_id=308\">Prof. dr in\u017c. Antoni Rosiko\u0144<\/a><\/li>\n\t\t<li><a href=\"https:\/\/www.geotechnika.org.pl\/?page_id=302\">Prof. dr in\u017c. Jan Pachowski<\/a><\/li>\n\t\t<li><a href=\"https:\/\/www.geotechnika.org.pl\/?page_id=305\">Prof. dr in\u017c. Jerzy Przysta\u0144ski<\/a><\/li>\n\t\t<li><a href=\"https:\/\/www.geotechnika.org.pl\/?page_id=286\">Prof. zw. dr hab. in\u017c. Eugeniusz Dembicki<\/a><\/li>\n\t\t<li><a href=\"https:\/\/www.geotechnika.org.pl\/?page_id=296\">Prof. zw. dr hab. in\u017c. Maciej Gryczma\u0144ski<\/a><\/li>\n\t\t<li><a href=\"https:\/\/www.geotechnika.org.pl\/?page_id=314\">Prof. zw. dr hab. in\u017c. Wojciech Wolski<\/a><\/li>\n\t\t<li><a href=\"https:\/\/www.geotechnika.org.pl\/?page_id=293\">Prof. zw. dr hab. in\u017c. Zbigniew Grabowski<\/a><\/li>\n\t\t<li><a href=\"https:\/\/www.geotechnika.org.pl\/?page_id=290\">Prof. zw. dr hab. in\u017c. Zygmunt Glazer<\/a><\/li>\n\t<\/ul>\n<\/li>\n\t<li><a href=\"https:\/\/www.geotechnika.org.pl\/?page_id=260\">Kto jest kim w Geotechnice w Polsce<\/a><\/li>\n\t<li><a href=\"https:\/\/www.geotechnika.org.pl\/?page_id=383\">Prawo PKG<\/a>\n\t<ul class='children'>\n\t\t<li><a href=\"https:\/\/www.geotechnika.org.pl\/?page_id=982\">Uchwa\u0142a z dnia  09.07.2015<\/a><\/li>\n\t\t<li><a href=\"https:\/\/www.geotechnika.org.pl\/?page_id=808\">Uchwa\u0142y i pismo ok\u00f3lne z dnia 04.12.2014<\/a><\/li>\n\t\t<li><a href=\"https:\/\/www.geotechnika.org.pl\/?page_id=973\">Uchwa\u0142y i pismo ok\u00f3lne z dnia 14.05.2015<\/a><\/li>\n\t<\/ul>\n<\/li>\n\t<li><a href=\"https:\/\/www.geotechnika.org.pl\/?page_id=162\">Komisje PKG<\/a>\n\t<ul class='children'>\n\t\t<li><a href=\"https:\/\/www.geotechnika.org.pl\/?page_id=165\">Komisja ds. Certyfikat\u00f3w<\/a><\/li>\n\t\t<li><a href=\"https:\/\/www.geotechnika.org.pl\/?page_id=167\">Komisja ds. Historii PKG<\/a><\/li>\n\t\t<li><a href=\"https:\/\/www.geotechnika.org.pl\/?page_id=171\">Komisja ds. Kwalifikacji Referat\u00f3w na Kongresy Mi\u0119dzynarodowe<\/a><\/li>\n\t\t<li><a href=\"https:\/\/www.geotechnika.org.pl\/?page_id=173\">Komisja ds. Nauczania Geotechniki<\/a><\/li>\n\t\t<li><a href=\"https:\/\/www.geotechnika.org.pl\/?page_id=175\">Komisja ds. Order\u00f3w i Odznacze\u0144<\/a><\/li>\n\t\t<li><a href=\"https:\/\/www.geotechnika.org.pl\/?page_id=177\">Komisja ds. Prawnych i Regulamin\u00f3w<\/a><\/li>\n\t\t<li><a href=\"https:\/\/www.geotechnika.org.pl\/?page_id=179\">Komisja ds. Wdra\u017cania Eurokodu 7<\/a><\/li>\n\t\t<li><a href=\"https:\/\/www.geotechnika.org.pl\/?page_id=183\">Komisja ds. Wsp\u00f3\u0142pracy z Organizacjami<\/a><\/li>\n\t<\/ul>\n<\/li>\n\t<li><a href=\"https:\/\/www.geotechnika.org.pl\/?page_id=801\">Udzia\u0142 w Komitetach Technicznych<\/a><\/li>\n<\/ul>\n<\/li>\n<li><a href=\"https:\/\/www.geotechnika.org.pl\/?page_id=159\">ODDZIA\u0141Y I PODKOMITETY<\/a>\n<ul class='children'>\n\t<li><a href=\"https:\/\/www.geotechnika.org.pl\/?page_id=196\">Oddzia\u0142 Bia\u0142ostocki<\/a><\/li>\n\t<li><a href=\"https:\/\/www.geotechnika.org.pl\/?page_id=198\">Oddzia\u0142 Dolno\u015bl\u0105ski<\/a><\/li>\n\t<li><a href=\"https:\/\/www.geotechnika.org.pl\/?page_id=200\">Oddzia\u0142 Gda\u0144ski<\/a><\/li>\n\t<li><a href=\"https:\/\/www.geotechnika.org.pl\/?page_id=202\">Oddzia\u0142 \u0141\u00f3dzki<\/a><\/li>\n\t<li><a href=\"https:\/\/www.geotechnika.org.pl\/?page_id=204\">Oddzia\u0142 Ma\u0142opolski<\/a><\/li>\n\t<li><a href=\"https:\/\/www.geotechnika.org.pl\/?page_id=206\">Oddzia\u0142 Sto\u0142eczny<\/a><\/li>\n\t<li><a href=\"https:\/\/www.geotechnika.org.pl\/?page_id=208\">Oddzia\u0142 \u015al\u0105ski<\/a><\/li>\n\t<li><a href=\"https:\/\/www.geotechnika.org.pl\/?page_id=210\">Oddzia\u0142 Wielkopolski<\/a><\/li>\n\t<li><a href=\"https:\/\/www.geotechnika.org.pl\/?page_id=212\">Oddzia\u0142 Zachodniopomorski<\/a><\/li>\n\t<li><a href=\"https:\/\/www.geotechnika.org.pl\/?page_id=214\">Podkomitet Budownictwa Podziemnego<\/a><\/li>\n\t<li><a href=\"https:\/\/www.geotechnika.org.pl\/?page_id=216\">Podkomitet Geologii In\u017cynierskiej<\/a><\/li>\n<\/ul>\n<\/li>\n<li><a href=\"https:\/\/www.geotechnika.org.pl\/?page_id=592\">Nagrody PKG<\/a><\/li>\n<li><a href=\"https:\/\/www.geotechnika.org.pl\/?page_id=262\">Certyfikaty PKG<\/a>\n<ul class='children'>\n\t<li><a href=\"https:\/\/www.geotechnika.org.pl\/?page_id=345\">Regulamin przyznawania certyfikat\u00f3w PKG<\/a><\/li>\n\t<li><a href=\"https:\/\/www.geotechnika.org.pl\/?page_id=373\">Wnioski o przyznanie certyfikatu PKG<\/a><\/li>\n\t<li><a href=\"https:\/\/www.geotechnika.org.pl\/?page_id=1486\">Lista cz\u0142onk\u00f3w posiadaj\u0105cych Certyfikat Indywidualny PKG<\/a><\/li>\n<\/ul>\n<\/li>\n<li><a href=\"https:\/\/www.geotechnika.org.pl\/?page_id=234\">KONTAKT<\/a><\/li>\n<\/ul>\n","protected":false},"excerpt":{"rendered":"","protected":false},"author":1,"featured_media":0,"parent":0,"menu_order":0,"comment_status":"closed","ping_status":"closed","template":"","meta":{"footnotes":""},"class_list":["post-815","page","type-page","status-publish","hentry"],"_links":{"self":[{"href":"https:\/\/www.geotechnika.org.pl\/index.php?rest_route=\/wp\/v2\/pages\/815","targetHints":{"allow":["GET"]}}],"collection":[{"href":"https:\/\/www.geotechnika.org.pl\/index.php?rest_route=\/wp\/v2\/pages"}],"about":[{"href":"https:\/\/www.geotechnika.org.pl\/index.php?rest_route=\/wp\/v2\/types\/page"}],"author":[{"embeddable":true,"href":"https:\/\/www.geotechnika.org.pl\/index.php?rest_route=\/wp\/v2\/users\/1"}],"replies":[{"embeddable":true,"href":"https:\/\/www.geotechnika.org.pl\/index.php?rest_route=%2Fwp%2Fv2%2Fcomments&post=815"}],"version-history":[{"count":9,"href":"https:\/\/www.geotechnika.org.pl\/index.php?rest_route=\/wp\/v2\/pages\/815\/revisions"}],"predecessor-version":[{"id":827,"href":"https:\/\/www.geotechnika.org.pl\/index.php?rest_route=\/wp\/v2\/pages\/815\/revisions\/827"}],"wp:attachment":[{"href":"https:\/\/www.geotechnika.org.pl\/index.php?rest_route=%2Fwp%2Fv2%2Fmedia&parent=815"}],"curies":[{"name":"wp","href":"https:\/\/api.w.org\/{rel}","templated":true}]}}