{"id":829,"date":"2015-04-23T20:05:20","date_gmt":"2015-04-23T20:05:20","guid":{"rendered":"http:\/\/www.geotechnika.org.pl\/?page_id=829"},"modified":"2015-04-23T20:59:04","modified_gmt":"2015-04-23T20:59:04","slug":"prof-dr-hab-inz-alojzy-szymanski","status":"publish","type":"page","link":"https:\/\/www.geotechnika.org.pl\/?page_id=829","title":{"rendered":"Prof. dr hab. in\u017c. Alojzy Szyma\u0144ski"},"content":{"rendered":"<hr \/>\n<p>Szko\u0142a G\u0142\u00f3wna Gospodarstwa Wiejskiego, Katedra Geoin\u017cynierii<img loading=\"lazy\" decoding=\"async\" class=\"alignright size-full wp-image-833\" src=\"http:\/\/www.geotechnika.org.pl\/wp-content\/uploads\/2015\/04\/Alojzy-Szyma\u0144ski.jpg\" alt=\"Alojzy Szyma\u0144ski\" width=\"240\" height=\"240\" srcset=\"https:\/\/www.geotechnika.org.pl\/wp-content\/uploads\/2015\/04\/Alojzy-Szyma\u0144ski.jpg 240w, https:\/\/www.geotechnika.org.pl\/wp-content\/uploads\/2015\/04\/Alojzy-Szyma\u0144ski-150x150.jpg 150w\" sizes=\"auto, (max-width: 240px) 100vw, 240px\" \/><br \/>\nul. Nowoursynowska 159, 02-776 Warszawa<br \/>\ntel. + 48 22 593 52 00<br \/>\nfax + 48 22 593 52 03<br \/>\ne-mail: alojzy_szymanski_pkg@sggw.pl<\/p>\n<p>Jest absolwentem Wydzia\u0142u Melioracji Wodnych SGGW. Stopie\u0144 doktora nauk technicznych uzyska\u0142 w grudniu 1982 r., a stopie\u0144 doktora habilitowanego nauk technicznych w zakresie budownictwa na Wydziale Hydrotechniki Politechniki Gdanskiej w 1992 r. Tytu\u0142 naukowy profesora nauk technicznych otrzyma\u0142 w 2004 r. W roku 1994 zosta\u0142 zatrudniony na stanowisku profesora nadzwyczajnego, a w roku 2006 profesora zwyczajnego w Katedrze Geoin\u017cynierii SGGW.<br \/>\nPracuj\u0105c jako profesor nadzwyczajny Alojzy Szyma\u0144ski pe\u0142ni\u0142 funkcje: prodziekana Wydzia\u0142u Melioracji i In\u017cynierii \u015arodowiska ds. dydaktyki (1990-1996), kierownika stacjonarnych studi\u00f3w doktoranckich (1996-1999), dziekana Wydzia\u0142u In\u017cynierii i Kszta\u0142towania \u015arodowiska SGGW (1999-2002). Od 2000 roku jest kierownikiem Zak\u0142adu Geotechniki. W latach 2002-2008 by\u0142 prorektorem ds. rozwoju SGGW, a od 2008 roku piastuje funkcj\u0119 Rektora Szko\u0142y G\u0142\u00f3wnej Gospodarstwa Wiejskiego w Warszawie.<br \/>\nProf. dr hab. Alojzy Szyma\u0144ski odby\u0142 liczne sta\u017ce w zagranicznych jednostkach naukowych, m.in. na uniwersytetach McGill w Montrealu, Gent w Belgii, Cairo w Egipcie, Purdue w USA oraz w Szwedzkim Instytucie Geotechnicznym w Link\u00f6ping. Praktyczne do\u015bwiadczenie uzyska\u0142 podczas wykonywania ekspertyz obejmuj\u0105cych ocen\u0119 stanu budowli i pod\u0142o\u017ca, metodyk\u0119 wyznaczania parametr\u00f3w obliczeniowych w projektowaniu budowli oraz propozycje rozwi\u0105za\u0144 projektowych budowli ziemnych. Badania naukowe koncentrowa\u0142y si\u0119 zasadniczo na trzech problemach: rozwoju metod obliczeniowych konsolidacji i odkszta\u0142ce\u0144 pod\u0142o\u017ca s\u0142abono\u015bnego; doskonalenia metodyki bada\u0144 i doboru parametr\u00f3w niezb\u0119dnych w projektowaniu posadowie\u0144 budowli in\u017cynierskich oraz wykorzystania zjawiska wzmocnienia grunt\u00f3w s\u0142abych przy posadawianiu budowli hydrotechnicznych i l\u0105dowych.<br \/>\n\u0141\u0105czny dorobek naukowy prof. dr hab. Alojzego Szyma\u0144skiego obejmuje 209 pozycji w tym 112 prac opublikowanych. Po uzyskaniu stopnia doktora habilitowanego opublikowane zosta\u0142y 3 pozycje ksi\u0105\u017ckowe i 45 artyku\u0142\u00f3w naukowych, w tym 24 oryginalne prace tw\u00f3rcze oraz 30 prac niepublikowanych. Natomiast po uzyskaniu tytu\u0142u profesora zosta\u0142a opublikowana 1 monografia, 18 artyku\u0142\u00f3w naukowych oraz 16 prac niepublikowanych.<br \/>\nPrace autorstwa lub wsp\u00f3\u0142autorstwa prof. dr hab. Alojzego Szyma\u0144skiego, kt\u00f3re nie zosta\u0142y opublikowane to g\u0142\u00f3wnie ekspertyzy, opracowania i projekty, dokumentuj\u0105ce realizowane granty lub prace zlecone wdra\u017caj\u0105ce nowoczesne rozwi\u0105zania do praktyki in\u017cynierskiej.<br \/>\nObszar bada\u0144 naukowych prof. dr hab. Alojzego Szyma\u0144skiego koncentruje si\u0119 na nast\u0119puj\u0105cych kierunkach: rozw\u00f3j metod modelowania przebiegu odkszta\u0142ce\u0144 grunt\u00f3w s\u0142abych z wykorzystaniem zjawiska wzmocnienia grunt\u00f3w s\u0142abych, doskonalenie metodyki bada\u0144 i doboru parametr\u00f3w do oblicze\u0144 osiada\u0144 budowli hydrotechnicznych i l\u0105dowych, rozw\u00f3j metod oceny i kontroli stanu technicznego budowli hydrotechnicznych, doskonalenie metodyki rozpoznania budowy geologicznej pod\u0142o\u017ca z wykorzystaniem bada\u0144 in situ do wyznaczania parametr\u00f3w pod\u0142o\u017ca niezb\u0119dnych w budownictwie l\u0105dowym i podziemnym. Tematyka interpretacji wynik\u00f3w bada\u0144 in situ w rozpoznaniu budowy geologicznej pod\u0142o\u017ca wykorzystana zosta\u0142a w ocenie warunk\u00f3w geotechnicznych na trasie metra w Warszawie. Prace badawcze prowadzone by\u0142y przez prof. dr hab. Alojzego Szyma\u0144skiego w ramach grantu KBN i zako\u0144czone w formie propozycji wytycznych bada\u0144 i wyznaczania parametr\u00f3w dla potrzeb posadowienia obiekt\u00f3w in\u017cynierskich<br \/>\nW okresie zatrudnienia w SGGW prof. dr hab. Alojzy Szyma\u0144ski opracowa\u0142 12 recenzji prac doktorskich i habilitacyjnych oraz recenzj\u0119 dorobku naukowego w post\u0119powaniu o nadanie tytu\u0142u profesora na zlecenie Rady Naukowej IBW PAN, Rady Wydzia\u0142u In\u017cynierii \u015arodowiska Politechniki Gda\u0144skiej, Rady Wydzia\u0142u Melioracji i In\u017cynierii \u015arodowiska Akademii Rolniczej w Poznaniu i Rady Wydzia\u0142u In\u017cynierii i Kszta\u0142towania \u015arodowiska SGGW. Ponadto, jest promotorem dwunastu prac doktorskich realizowanych na Wydziale In\u017cynierii i Kszta\u0142towania \u015arodowiska SGGW. Do chwili obecnej siedem przewod\u00f3w doktorskich zosta\u0142o zako\u0144czonych. Jest wyk\u0142adowc\u0105 przedmiot\u00f3w mechanika grunt\u00f3w, mechanika ska\u0142 i budownictwo ziemne, promotorem wielu prac magisterskich realizowanych na kierunku budownictwo i in\u017cynieria \u015brodowiska.<br \/>\nZa sw\u0105 dzia\u0142alno\u015b\u0107 naukow\u0105 zosta\u0142 wyr\u00f3\u017cniony trzema nagrodami Ministra Edukacji Narodowej (1985 r. \u2212 za opracowanie metodyki bada\u0144 grunt\u00f3w s\u0142abono\u015bnych, 1989 r. \u2212 za osi\u0105gni\u0119cia w zakresie fundamentowania budowli wodnych, 1997 r. \u2212 za wsp\u00f3\u0142autorstwo ksi\u0105\u017cki \u201eEmbankments on organic silos\u201d wydanej przez wydawnictwo Elsevier w Holandii ).<br \/>\nProf. dr hab. Alojzy Szyma\u0144ski wsp\u00f3\u0142pracuje r\u00f3wnie\u017c z praktyk\u0105 in\u017cyniersk\u0105, o czym \u015bwiadcz\u0105 posiadane uprawnienia: Certyfikat Polskiego Komitet Geotechniki (od 1999), uprawnienia bieg\u0142ego w zakresie ocen oddzia\u0142ywania na \u015brodowisko (od 1998), uprawnienia geologiczno-in\u017cynierskie kat. VI (od 1997), rzeczoznawca SITWM NOT (od 1984).<br \/>\nProfesor A. Szyma\u0144ski jest cz\u0142onkiem Mi\u0119dzynarodowego Stowarzyszenia Mechaniki Grunt\u00f3w i Geotechniki, Polskiego Komitetu Geotechniki, Sekcji Geotechniki i Infrastruktury Podziemnej KILiW PAN. W latach 1982-1985 by\u0142 sekretarzem Ko\u0142a SITWM-NOT w SGGW, w latach 1985-1988 przewodnicz\u0105cym Ko\u0142a SITWM w SGGW, natomiast w latach 1987-1990 (dwie kadencje) pe\u0142ni\u0142 funkcj\u0119 sekretarza Sekcji Konstrukcji Hydrotechnicznych KILiW PAN. Jest Przewodnicz\u0105cym Konferencji Rektor\u00f3w Uczelni Rolniczych i Przyrodniczych, cz\u0142onkiem Prezydium Konferencji Rektor\u00f3w Akademickich Szk\u00f3\u0142 Polskich oraz wiceprzewodnicz\u0105cym Prezydium Konferencji Uczelni Warszawskich.<\/p>\n","protected":false},"excerpt":{"rendered":"<p>Szko\u0142a G\u0142\u00f3wna Gospodarstwa Wiejskiego, Katedra Geoin\u017cynierii ul. Nowoursynowska 159, 02-776 Warszawa tel. + 48 22 593 52 00 fax + 48 22 593 52 03 e-mail: alojzy_szymanski_pkg@sggw.pl Jest absolwentem Wydzia\u0142u Melioracji Wodnych SGGW. Stopie\u0144 doktora nauk technicznych uzyska\u0142 w grudniu 1982 r., a stopie\u0144 doktora habilitowanego nauk technicznych w zakresie budownictwa na Wydziale Hydrotechniki Politechniki [&hellip;]<\/p>\n","protected":false},"author":1,"featured_media":0,"parent":41,"menu_order":0,"comment_status":"closed","ping_status":"closed","template":"","meta":{"footnotes":""},"class_list":["post-829","page","type-page","status-publish","hentry"],"_links":{"self":[{"href":"https:\/\/www.geotechnika.org.pl\/index.php?rest_route=\/wp\/v2\/pages\/829","targetHints":{"allow":["GET"]}}],"collection":[{"href":"https:\/\/www.geotechnika.org.pl\/index.php?rest_route=\/wp\/v2\/pages"}],"about":[{"href":"https:\/\/www.geotechnika.org.pl\/index.php?rest_route=\/wp\/v2\/types\/page"}],"author":[{"embeddable":true,"href":"https:\/\/www.geotechnika.org.pl\/index.php?rest_route=\/wp\/v2\/users\/1"}],"replies":[{"embeddable":true,"href":"https:\/\/www.geotechnika.org.pl\/index.php?rest_route=%2Fwp%2Fv2%2Fcomments&post=829"}],"version-history":[{"count":4,"href":"https:\/\/www.geotechnika.org.pl\/index.php?rest_route=\/wp\/v2\/pages\/829\/revisions"}],"predecessor-version":[{"id":863,"href":"https:\/\/www.geotechnika.org.pl\/index.php?rest_route=\/wp\/v2\/pages\/829\/revisions\/863"}],"up":[{"embeddable":true,"href":"https:\/\/www.geotechnika.org.pl\/index.php?rest_route=\/wp\/v2\/pages\/41"}],"wp:attachment":[{"href":"https:\/\/www.geotechnika.org.pl\/index.php?rest_route=%2Fwp%2Fv2%2Fmedia&parent=829"}],"curies":[{"name":"wp","href":"https:\/\/api.w.org\/{rel}","templated":true}]}}