{"id":839,"date":"2015-04-23T20:24:34","date_gmt":"2015-04-23T20:24:34","guid":{"rendered":"http:\/\/www.geotechnika.org.pl\/?page_id=839"},"modified":"2015-04-23T20:27:21","modified_gmt":"2015-04-23T20:27:21","slug":"prof-dr-hab-inz-kazimierz-gwizdala","status":"publish","type":"page","link":"https:\/\/www.geotechnika.org.pl\/?page_id=839","title":{"rendered":"Prof. dr hab. in\u017c. Kazimierz Gwizda\u0142a"},"content":{"rendered":"<hr \/>\n<p>Politechnika Gda\u0144ska, Wydzia\u0142 In\u017cynierii L\u0105dowej i \u015arodowiska<img loading=\"lazy\" decoding=\"async\" class=\"alignright size-full wp-image-842\" src=\"http:\/\/www.geotechnika.org.pl\/wp-content\/uploads\/2015\/04\/Kazimierz-Gwizda\u0142a.jpg\" alt=\"Kazimierz Gwizda\u0142a\" width=\"160\" height=\"198\" \/><br \/>\nKatedra Geotechniki, Geologii i Budownictwa Morskiego<br \/>\nul. Narutowicza 11, 80-233 Gda\u0144sk<br \/>\ntel. s\u0142u\u017cb.: +48 58 347 11 32<br \/>\ne-mail: kgwiz@pg.gda.pl<\/p>\n<p><strong>Kwalifikacje i uprawnienia<\/strong><br \/>\nStudia w Instytucie Hydrotechniki Politechniki Gda\u0144skiej. Doktor nauk technicznych, stopie\u0144 nadany uchwa\u0142\u0105 Instytutu Hydrotechniki Politechniki Gda\u0144skiej. Doktor habilitowany nauk technicznych w zakresie budownictwa \u2212 geotechniki, uzyskany na Wydziale In\u017cynierii \u015arodowiska Politechniki Gda\u0144skiej. Sta\u017ce naukowo-badawcze i zawodowe w Danish Geotechnical Institute, Swedish Geotechnical Institute, Aalborg University i Ghent University. Cz\u0142onek ISSMFE, European Reginal Technical Committee 3 &#8222;Piles&#8221;, ERTC 3. Rzeczoznawca NOT w zakresie geotechniki i fundamentowania. Uprawnienia do projektowania i kierowania robotami budowlanymi w specjalno\u015bci konstrukcyjno-budowlanej Nr 63\/Gd\/97, cz\u0142onek POIIB, Nr POM\/BO\/1462\/01, rzeczoznawca NOT Nr 1368\/84, certyfikat PKG Nr 0026\/98, rzeczoznawca budowlany CRRB poz. 33\/07\/R\/C.<br \/>\n<strong>Osi\u0105gni\u0119cia zawodowe<\/strong><br \/>\nPrace naukowo-badawcze dotycz\u0105ce no\u015bno\u015bci i osiada\u0144 pali fundament\u00f3w palowych w z\u0142o\u017conych warunkach gruntowych, prace naukowo-badawcze dotycz\u0105ce stateczno\u015bci i ochrony zboczy i klif\u00f3w. Klasyczne i probabilistyczne metody analizy, analityczna ocena pe\u0142nej krzywej osiadania dla pali pojedynczych z zastosowaniem funkcji transformacyjnych t-z oraz q-z, ocena stateczno\u015bci fundament\u00f3w palowych z wykorzystaniem bada\u0144 in situ, szczeg\u00f3lnie sondy statycznej CPT, prace wdro\u017ceniowe dotycz\u0105ce wzmacniania podstaw pali wielko\u015brednicowych, wsp\u00f3\u0142autor normy palowej PN-83\/B-02482. Wsp\u00f3\u0142praca przy opracowaniu &#8222;Wytycznych technicznych projektowania pali wielko\u015brednicowych w obiektach mostowych&#8221; 1993, prowadzenie w ramach NOT szkole\u0144 dotycz\u0105cych PN-81\/B- 03020 oraz PN-83\/B-02482. Opublikowany dorobek naukowy obejmuje og\u00f3\u0142em oko\u0142o 250 prac naukowych, naukowo-badawczych i naukowo-technicznych. Na szczeg\u00f3lne podkre\u015blenie zas\u0142uguje, wydanie przez Wydawnictwo Naukowe PWN w Warszawie monografii indywidualnej: \u201eFundamenty Palowe. Technologie i obliczenia\u201d, Tom 1 i \u201eFundamenty Palowe. Badania i zastosowania\u201d, Tom 2.<br \/>\n<strong>Oferowany zakres dzia\u0142alno\u015bci:<\/strong><br \/>\n\u2022 prowadzenie prac naukowo-badawczych dotycz\u0105cych mechaniki grunt\u00f3w oraz wszelkich rodzaj\u00f3w posadowie\u0144;<br \/>\n\u2022 ocena no\u015bno\u015bci i odkszta\u0142calno\u015bci pod\u0142o\u017ca gruntowego w dziedzinie budownictwa morskiego, wodnego, drogowego, przemys\u0142owego i mieszkalnego;<br \/>\n\u2022 praktyczne rozwi\u0105zywanie problem\u00f3w posadowie\u0144, stateczno\u015bci fundament\u00f3w i zboczy dla wszystkich rodzaj\u00f3w budownictwa;<br \/>\n\u2022 analizy i projekty fundament\u00f3w palowych, wyznaczanie si\u0142 wewn\u0119trznych, ocena no\u015bno\u015bci i osiada\u0144 pali i grup palowych;<br \/>\n\u2022 wdra\u017canie nowych technologii pali, metody zwi\u0119kszania no\u015bno\u015bci pali;<br \/>\n\u2022 badania terenowe pali i fundament\u00f3w palowych, opinie, orzeczenia i oceny no\u015bno\u015bci fundament\u00f3w<br \/>\n\u2022 ocena, interpretacja i zastosowanie bada\u0144 in situ w rozwi\u0105zywaniu naukowych i praktycznych zagadnieniach geotechniki.<\/p>\n","protected":false},"excerpt":{"rendered":"<p>Politechnika Gda\u0144ska, Wydzia\u0142 In\u017cynierii L\u0105dowej i \u015arodowiska Katedra Geotechniki, Geologii i Budownictwa Morskiego ul. Narutowicza 11, 80-233 Gda\u0144sk tel. s\u0142u\u017cb.: +48 58 347 11 32 e-mail: kgwiz@pg.gda.pl Kwalifikacje i uprawnienia Studia w Instytucie Hydrotechniki Politechniki Gda\u0144skiej. Doktor nauk technicznych, stopie\u0144 nadany uchwa\u0142\u0105 Instytutu Hydrotechniki Politechniki Gda\u0144skiej. Doktor habilitowany nauk technicznych w zakresie budownictwa \u2212 geotechniki, [&hellip;]<\/p>\n","protected":false},"author":1,"featured_media":0,"parent":41,"menu_order":0,"comment_status":"closed","ping_status":"closed","template":"","meta":{"footnotes":""},"class_list":["post-839","page","type-page","status-publish","hentry"],"_links":{"self":[{"href":"https:\/\/www.geotechnika.org.pl\/index.php?rest_route=\/wp\/v2\/pages\/839","targetHints":{"allow":["GET"]}}],"collection":[{"href":"https:\/\/www.geotechnika.org.pl\/index.php?rest_route=\/wp\/v2\/pages"}],"about":[{"href":"https:\/\/www.geotechnika.org.pl\/index.php?rest_route=\/wp\/v2\/types\/page"}],"author":[{"embeddable":true,"href":"https:\/\/www.geotechnika.org.pl\/index.php?rest_route=\/wp\/v2\/users\/1"}],"replies":[{"embeddable":true,"href":"https:\/\/www.geotechnika.org.pl\/index.php?rest_route=%2Fwp%2Fv2%2Fcomments&post=839"}],"version-history":[{"count":2,"href":"https:\/\/www.geotechnika.org.pl\/index.php?rest_route=\/wp\/v2\/pages\/839\/revisions"}],"predecessor-version":[{"id":844,"href":"https:\/\/www.geotechnika.org.pl\/index.php?rest_route=\/wp\/v2\/pages\/839\/revisions\/844"}],"up":[{"embeddable":true,"href":"https:\/\/www.geotechnika.org.pl\/index.php?rest_route=\/wp\/v2\/pages\/41"}],"wp:attachment":[{"href":"https:\/\/www.geotechnika.org.pl\/index.php?rest_route=%2Fwp%2Fv2%2Fmedia&parent=839"}],"curies":[{"name":"wp","href":"https:\/\/api.w.org\/{rel}","templated":true}]}}