{"id":848,"date":"2015-04-23T20:43:09","date_gmt":"2015-04-23T20:43:09","guid":{"rendered":"http:\/\/www.geotechnika.org.pl\/?page_id=848"},"modified":"2015-04-23T20:57:56","modified_gmt":"2015-04-23T20:57:56","slug":"dr-inz-wlodzimierz-cichy","status":"publish","type":"page","link":"https:\/\/www.geotechnika.org.pl\/?page_id=848","title":{"rendered":"Dr in\u017c. W\u0142odzimierz Cichy"},"content":{"rendered":"<hr \/>\n<p>Politechnika Gda\u0144ska, Wydzia\u0142 In\u017cynierii L\u0105dowej i \u015arodowiska<br \/>\nKatedra Geotechniki, Geologii i Budownictwa Morskiego<img loading=\"lazy\" decoding=\"async\" class=\"alignright  wp-image-849\" src=\"http:\/\/www.geotechnika.org.pl\/wp-content\/uploads\/2015\/04\/W\u0142odzimierz-Cichy.jpg\" alt=\"W\u0142odzimierz Cichy\" width=\"173\" height=\"259\" srcset=\"https:\/\/www.geotechnika.org.pl\/wp-content\/uploads\/2015\/04\/W\u0142odzimierz-Cichy.jpg 229w, https:\/\/www.geotechnika.org.pl\/wp-content\/uploads\/2015\/04\/W\u0142odzimierz-Cichy-200x300.jpg 200w\" sizes=\"auto, (max-width: 173px) 100vw, 173px\" \/><br \/>\nul. Narutowicza 11\/12, 80-233 Gda\u0144sk<br \/>\ntel. s\u0142u\u017cb.: +48 58 347 28 09, fax: +48 58 341 98 14<br \/>\ne-mail: wcic@pg.gda.pl,<br \/>\ntel. kom. +48 601 530 811<\/p>\n<p><strong>Kwalifikacje i uprawnienia:<\/strong><br \/>\nStudia i doktorat na Wydziale Hydrotechniki Politechniki Gda\u0144skiej. Uprawnienia budowlane w specjalno\u015bci konstrukcyjno-budowlanej bez ogranicze\u0144 do wykonawstwa i projektowania nr POM\/0085\/PWOK\/07, Certyfikat Polskiego Komitetu Geotechniki nr 024\/98, Rzeczoznawca SITWM NOT w zakresie budownictwa wodnego i mechaniki grunt\u00f3w i fundamentowania. Bieg\u0142y Wydzia\u0142u Ochrony \u015arodowiska UW w Gda\u0144sku ds. wodno-prawnych, Przewodnicz\u0105cy Normalizacyjnej Komisji Problemowej Nr 142 ds. Geosyntetyk\u00f3w w Polskim Komitecie Normalizacyjnym. Cz\u0142onek International Society of Soil Mechanics and Foundation Engineering i International Geosyntetics Society. Zast\u0119pca Redaktora Naczelnego czasopisma naukowo-technicznego \u201eIn\u017cynieria Morska i Geotechnika\u201d. Cz\u0142onek Komisji Programowej \u201eIn\u017cyniera Budownictwa\u201d. Przewodnicz\u0105cy Komisji Egzaminacyjnej przy Marsza\u0142ku Wojew\u00f3dztwa Pomorskiego okre\u015blaj\u0105cej kwalifikacje kierownik\u00f3w spalarni i sk\u0142adowisk odpad\u00f3w. Emerytowany nauczyciel akademicki na Wydziale In\u017cynierii L\u0105dowej i \u015arodowiska Politechniki Gda\u0144skiej, W Polskim Komitecie Geotechniki pe\u0142ni\u0142 funkcje: cz\u0142onka za\u0142o\u017cyciela, wiceprezydenta, cz\u0142onka Zarz\u0105du. Obecnie pe\u0142ni funkcje skarbnika PKG i Przewodnicz\u0105cego Komisji Prawnej PKG. Autor projekt\u00f3w rozporz\u0105dze\u0144 dot. geotechniki oraz licznych regulamin\u00f3w reguluj\u0105cych dzia\u0142alno\u015b\u0107 PKG.<br \/>\n<strong>Dotychczasowe osi\u0105gni\u0119cia geotechniczne:<\/strong><\/p>\n<ul>\n<li>Wdro\u017cenie w skali naturalnej metody doszczelniania grunt\u00f3w naturalnych za pomoc\u0105 bentonit\u00f3w w zastosowaniu do sk\u0142adowisk odpad\u00f3w ( \u0141\u0119\u017cyce i Dziemiany woj. pomorskie),<\/li>\n<li>Utworzenie specjalistycznego laboratorium do bada\u0144 geosyntetyk\u00f3w LABOSYNTEC,<\/li>\n<li>Nadz\u00f3r geotechniczny nad budow\u0105 kwatery BII w ZUOK w \u0141\u0119\u017cycach dla Gdyni,<\/li>\n<li>Nadz\u00f3r geotechniczny nad budow\u0105 stanowiska prze\u0142adunkowego T1 w BPPP \u201eNaftoport\u201d w Gda\u0144sku,<\/li>\n<li>Projekt i nadz\u00f3r geotechniczny nad rekultywacj\u0105 sk\u0142adowiska fosfogips\u00f3w w Wi\u015blince k\/Gda\u0144ska,<\/li>\n<li>Projekt i nadz\u00f3r geotechniczny nad budow\u0105 zbiornika solanki manewrowej dla ORLENU w Inowroc\u0142awiu,<\/li>\n<li>Projekty podwy\u017cszania i rekultywacji staw\u00f3w osadowych w SODA POLSKA CIECH w Inowroc\u0142awiu,<\/li>\n<li>Projekty i nadz\u00f3r geotechniczny nad wzmocnieniem pod\u0142o\u017ca gruntowego na Trasie Sucharskiego w Gda\u0144sku i odcinku autostrady A2 Ko\u0142o-D\u0105bie,<\/li>\n<li>Opinia geotechniczna dotycz\u0105ca projektu posadowienia stadionu Baltic Arena w Gda\u0144sku<\/li>\n<li>Wsp\u00f3\u0142autor Polskich Norm geotechnicznych: PN-83-B-03010, PN-83-B-02482, PN-81-B-03322, PN-97-B-10290.<\/li>\n<li>Ekspertyzy i opinie zwi\u0105zane z budow\u0105 Walcowni Blach Grubych w Hucie Cz\u0119stochowa,<\/li>\n<li>Portu P\u00f3\u0142nocnego w Gda\u0144sku, Bazy Prze\u0142adunku Paliw P\u0142ynnych \u201eNaftoport\u201d, obiekt\u00f3w w Stoczni Gda\u0144skiej i Stoczni Gdy\u0144skiej<\/li>\n<li>Ekspertyzy, opinie naukowe i konsultacje dotycz\u0105ce sk\u0142adowisk odpad\u00f3w komunalnych i przemys\u0142owych ( Opole, Wawrowo, Biedrusko k\/Poznania, Zgierz, \u0141\u00f3d\u017a, Dziemiany, Ko\u015bcierzyna,Kartuzy, Cedry Wielkie, Somonino, Marianowo k\/Szczecina ),<\/li>\n<li>Badania jako\u015bciowe geosyntetyk\u00f3w ( geomembran, geosiatek, geow\u0142\u00f3knin, geotkanin, geodren\u00f3w itp) dla cel\u00f3w ochrony \u015brodowiska, w budownictwie i transporcie,<\/li>\n<li>Wsp\u00f3\u0142autor i autor 3 ksi\u0105\u017cek i oko\u0142o 80 publikacji z zakresu geotechniki.<\/li>\n<\/ul>\n","protected":false},"excerpt":{"rendered":"<p>Politechnika Gda\u0144ska, Wydzia\u0142 In\u017cynierii L\u0105dowej i \u015arodowiska Katedra Geotechniki, Geologii i Budownictwa Morskiego ul. Narutowicza 11\/12, 80-233 Gda\u0144sk tel. s\u0142u\u017cb.: +48 58 347 28 09, fax: +48 58 341 98 14 e-mail: wcic@pg.gda.pl, tel. kom. +48 601 530 811 Kwalifikacje i uprawnienia: Studia i doktorat na Wydziale Hydrotechniki Politechniki Gda\u0144skiej. Uprawnienia budowlane w specjalno\u015bci konstrukcyjno-budowlanej [&hellip;]<\/p>\n","protected":false},"author":1,"featured_media":0,"parent":41,"menu_order":0,"comment_status":"closed","ping_status":"closed","template":"","meta":{"footnotes":""},"class_list":["post-848","page","type-page","status-publish","hentry"],"_links":{"self":[{"href":"https:\/\/www.geotechnika.org.pl\/index.php?rest_route=\/wp\/v2\/pages\/848","targetHints":{"allow":["GET"]}}],"collection":[{"href":"https:\/\/www.geotechnika.org.pl\/index.php?rest_route=\/wp\/v2\/pages"}],"about":[{"href":"https:\/\/www.geotechnika.org.pl\/index.php?rest_route=\/wp\/v2\/types\/page"}],"author":[{"embeddable":true,"href":"https:\/\/www.geotechnika.org.pl\/index.php?rest_route=\/wp\/v2\/users\/1"}],"replies":[{"embeddable":true,"href":"https:\/\/www.geotechnika.org.pl\/index.php?rest_route=%2Fwp%2Fv2%2Fcomments&post=848"}],"version-history":[{"count":2,"href":"https:\/\/www.geotechnika.org.pl\/index.php?rest_route=\/wp\/v2\/pages\/848\/revisions"}],"predecessor-version":[{"id":862,"href":"https:\/\/www.geotechnika.org.pl\/index.php?rest_route=\/wp\/v2\/pages\/848\/revisions\/862"}],"up":[{"embeddable":true,"href":"https:\/\/www.geotechnika.org.pl\/index.php?rest_route=\/wp\/v2\/pages\/41"}],"wp:attachment":[{"href":"https:\/\/www.geotechnika.org.pl\/index.php?rest_route=%2Fwp%2Fv2%2Fmedia&parent=848"}],"curies":[{"name":"wp","href":"https:\/\/api.w.org\/{rel}","templated":true}]}}