{"id":852,"date":"2015-04-23T20:50:09","date_gmt":"2015-04-23T20:50:09","guid":{"rendered":"http:\/\/www.geotechnika.org.pl\/?page_id=852"},"modified":"2015-05-05T18:52:40","modified_gmt":"2015-05-05T18:52:40","slug":"prof-dr-hab-inz-zbigniew-mlynarek","status":"publish","type":"page","link":"https:\/\/www.geotechnika.org.pl\/?page_id=852","title":{"rendered":"Prof. dr hab. in\u017c. Zbigniew M\u0142ynarek"},"content":{"rendered":"<hr \/>\n<p><img loading=\"lazy\" decoding=\"async\" class=\"alignright size-full wp-image-853\" src=\"http:\/\/www.geotechnika.org.pl\/wp-content\/uploads\/2015\/04\/Zbigniew-M\u0142ynarek.jpg\" alt=\"Zbigniew M\u0142ynarek\" width=\"242\" height=\"320\" srcset=\"https:\/\/www.geotechnika.org.pl\/wp-content\/uploads\/2015\/04\/Zbigniew-M\u0142ynarek.jpg 242w, https:\/\/www.geotechnika.org.pl\/wp-content\/uploads\/2015\/04\/Zbigniew-M\u0142ynarek-227x300.jpg 227w\" sizes=\"auto, (max-width: 242px) 100vw, 242px\" \/><\/p>\n<p>HEBO Pozna\u0144 Sp. z o.o.<br \/>\nul. Heweliusza 11\/5, 60-281 Pozna\u0144<br \/>\ntel. +48 61 848 33 17<br \/>\ne-mail: zbigniew.mlynarek@hebo-poznan.pl<\/p>\n<p>Absolwent (1962 r.) i doktor nauk technicznych Wydzia\u0142u Budownictwa L\u0105dowego Politechniki Pozna\u0144skiej (1970 r.), doktor habilitowany nauk technicznych (1978 r.). Prac\u0119 habilitacyjn\u0105 przygotowa\u0142 w Instytucie Geotechniki Politechniki w Budapeszcie pod kierunkiem prof. A. Kezdiego. Tytu\u0142 naukowy profesora nauk technicznych w zakresie geotechniki uzyska\u0142 w roku 1988, a stanowisko profesora zwyczajnego w Akademii Rolniczej w Poznaniu, w roku 2001.<br \/>\nOdby\u0142 sta\u017ce naukowe w Politechnice w Budapeszcie oraz Uniwersytecie w Lubljanie. Kierownik Katedry Geotechniki (1973-2006), prodziekan Wydzia\u0142u Melioracji Wodnych (1978-1984) w Akademii Rolniczej w Poznaniu.<br \/>\nWyr\u00f3\u017cniony nagrod\u0105 III stopnia Ministra O\u015bwiaty i Szkolnictwa Wy\u017cszego za prac\u0119 doktorsk\u0105 (1971 r.) oraz nagrod\u0105 za prac\u0119 habilitacyjn\u0105, a tak\u017ce nagrod\u0105 Ministra Nauki i Szkolnictwa Wy\u017cszego i Techniki za prac\u0119 naukow\u0105 i dydaktyczn\u0105 (1972 r.). Koordynator wsp\u00f3\u0142pracy zagranicznej w Katedrze Geotechniki Akademii Rolniczej w Poznaniu do r. 2010, z nast\u0119puj\u0105cymi o\u015brodkami i pracownikami naukowymi:<br \/>\n&#8211; Instytut Geotechniki w Politechnice w Budapeszcie \u2013 prof. A. Kezdi od roku 1973<br \/>\n&#8211; Norweski Instytut Geotechniczny \u2013 dr S. Lacasse, dr T. Lunne od roku 1986<br \/>\n&#8211; Ecole Centrale w Lyonie \u2013 prof. G. Sanglerat od roku 1982<br \/>\n&#8211; University of Louissiana \u2013 prof. M. Tumay od roku 1989<br \/>\n&#8211; University of L\u2019Aquila \u2013 prof. S. Marchetti od roku 1982<br \/>\n&#8211; A.P. van den Berg (Holandia) od roku 1982<br \/>\nCz\u0142onek Honorowy Polskiego Komitetu Geotechniki (od 2011 r.), cz\u0142onek Sekcji Mechaniki Grunt\u00f3w, Ska\u0142 i Fundamentowania Komitetu PAN (od 1976 r.), cz\u0142onek Komisji Urbanistyki i Planowania Przestrzennego PAN Oddzia\u0142 Pozna\u0144 (od 2013 r.), \u201ecore member\u201d International Society for Soil Mechanics and Geotechnical Engineering z siedzib\u0105 w Londynie od roku 2002. Dyrektor International Society for Cold Countries Development z siedzib\u0105 w Sapporo od roku 1994, cz\u0142onek \u2013 korespondent Southeast Asian Geotechnical Society z siedzib\u0105 w Pathumathani-Tajlandia, cz\u0142onek Komitetu Naukowego i Wydawniczego czasopism: \u201eArchiwum In\u017cynierii L\u0105dowej\u201d Polskiej Akademii Nauk i \u201eActa Geotechnica et Mechanica\u201d Politechniki Wroc\u0142awskiej, cz\u0142onek Rady Naukowej Instytutu Badawczego Dr\u00f3g i Most\u00f3w w Warszawie, Rzeczoznawca PZITB z zakresu geotechniki od roku 1973. Sekretarz Naukowy Polskiego Komitetu Geotechniki (1996-2002). W 2002 roku wybrany na stanowisko Prezydenta Polskiego Komitetu Geotechniki na okres dw\u00f3ch kadencji. Vice Prezydent Polskiego Komitetu Geotechniki do roku 2014. Wsp\u00f3\u0142za\u0142o\u017cyciel i Prezydent w kadencji od 1991 do 1992 r. Klubu Rotary International w Poznaniu; cz\u0142onek Towarzystwa im. Hipolita Cegielskiego, cz\u0142onek Towarzystwa Muzycznego im. Henryka Wieniawskiego w Poznaniu. Posiada uprawnienia budowlane w pe\u0142nym zakresie, uprawnienia Centralnego Urz\u0119du Geologii oraz Certyfikat Polskiego Komitetu Geotechniki.<br \/>\nProwadzi\u0142 wyk\u0142ady z Mechaniki Grunt\u00f3w i Fundamentowania Budowli, a tak\u017ce z Budownictwa Drogowego, Geometrii Wykre\u015blnej, Posadowienia Budowli na Pod\u0142o\u017cu S\u0142abono\u015bnym, a od roku 2011 wyk\u0142ada na Mi\u0119dzynarodowym Studium Podyplomowym Planowania Przestrzennego na Wydziale Architektury Politechniki Pozna\u0144skiej. Wyg\u0142osi\u0142 wyk\u0142ady i odczyty w o\u015brodkach akademickich i instytucjach naukowych: w Holandii, Francji, Niemczech, dawnej Jugos\u0142awii, na W\u0119grzech, w Norwegii, Belgii, USA, Chinach, Japonii, Szwajcarii, Turcji, w Finlandii, Anglii, Indiach, Portugalii i Szwecji.<br \/>\nCz\u0142onek Miedzynarodowych Komitet\u00f3w Naukowych i International Advisory Committee nast\u0119puj\u0105cych konferencji: Atlanta \u2013 International Conference on Site Characterization, 1998; Harbin \u2013 3rd International Conference on Cold Region Development,1988; Helsinki \u2013 4th International Conference on Cold Region Development,1994; Tasmania \u2013 5th International Conference on Cold Region Development, 2000; Anchorage \u2013 6th International Conference on Cold Region Development, 2006; St. Louis \u2013 International Conference on Case Histories in Geotechnical Engineering, 1998, 2004 (New York), 2008 (Arlington), 2013 (Chicago); Londyn- Int. Conference \u201cPolluted and Marginal Land\u201d,1992, 1994, 1996, 1998; San Diego \u2013 International Conference on Recent Advances in Geotechnical Earthquake Engineering and Soil Dynamics, 2010; Bali \u2013 International Conference on In-situ Measurement of Soil Properties &amp; Case Histories, 2001; Porto- International Conference on Site Characterization \u2013 2004; Istanbul &#8211; XVth Int. Conference on Soil Mechanics and Geotechnical Engineering, 2001; Praga- XIIth European Conference on Soil Mechanics and Geotechnical Engineering, 2003; Madryt &#8211; XIVth European Conference on Soil Mechanics and Geotechnical Engineering, 2007; Ljubljana &#8211; XIIIth Danube European Conference on Geotechnical Engineering, 2006; Washington \u2013 International Conference on the Flat Dilatometer, 2006; Brno \u2013 35th Czech National Conference on Soil mechanics and Foundation Engineering, 2008; Goa \u2013 Conference of International Association for Computer Methods and Advances in Geomechanics, 2008; Rostock \u2013 XIIth Baltic Sea Geotechnical Conference, 2012; Recife &#8211; 4th International Conference on Geotechnical and Geophysical Site Characterization (ISC&#8217;4), 2012.<br \/>\nPrzewodnicz\u0105cy Komitet\u00f3w Organizacyjnych mi\u0119dzynarodowych konferencji: 1991r. \u2013International Symposium \u201eInterpretation of CPT and CPTU tests\u201d, Lyon; 2001r. \u2013 1st International Symposium \u201cApplication of CPT, CPTU tests for evaluation of subsoil parameters and tailings\u201d, Granowo, \u0141agowo Lubuskie; 2004r. \u20132nd International Symposium \u201c Interpretation of in situ tests and sample disturbance of clays\u201d, Baranowo\/ Pozna\u0144; 2005r. \u2013International Seminar \u201dThe Flat Dilatometer (DMT) Applications to Geotechnical Design\u201d, Pozna\u0144; 2006r. \u20133rd International Seminar \u201cSoil design parameters from in situ and laboratory tests\u201d, Baranowo \/ Pozna\u0144; 2010r. \u20134th International Workshop \u201cSoil parameters from in situ and laboratory tests\u201d, Pozna\u0144; 2008r. \u2013 Przewodnicz\u0105cy i Wsp\u00f3\u0142przewodnicz\u0105cy International Advisory Committee XI Baltic Sea Geotechnical Conference, Gda\u0144sk.<br \/>\nWyg\u0142osi\u0142 key note lectures, wyk\u0142ady invited lectures oraz jako panelista, general reporter i przewodnicz\u0105cy sesji na konferencjach: Londyn \u2212 Int. Conference \u201cPolluted and Marginal Land\u201d,1992, 1994 (key note lecture), 1996 (key note lecutre), 1998; Linkoping \u2013 Int. Symposium on Cone Penetration Testing, 1995; Mumbai \u2013 Int. Conference on Offshore and Nearshore Geotechnical Engineering,1999; Madryt \u2013 XIVth European Conference on Soil Mechanics and Geotechnical Engineering,2007; Harbin \u2013 Int. Conference for Cold Countries Development, 1988; Bratislava \u2013 XIVth Danube European Conference on Geotechnical Engineering,2010; Cesme \u2013 Mediterranean Conference on Soil Mechanics and Foundation Engineering, 1992; Bangkok \u2013 Geotechnics, 2000 ; Helsinki \u2013 4th International Symposium on Cold Region Development, 1994; Brno \u2013 35th Czech National Conference on Soil mechanics and Foundation Engineering, Brno 2008; Praga \u2212 XII European Conference on Soil Mechanics and Geotechnical Engineering, 2003; Istambul \u2212 XV Int. Conference on Soil Mechanics and Geotechnical Engineering, 2001; Ljubljana \u2212 XIII Danube European Conference on Geotechnical Engineering, 2006; Orlando \u2212 Int. Conference on Cone Penetration Testing, CPT-1, 1988r.; Pekin \u2212 Int. Conference on Engineering Problems of Regional Soils, 1998r.; Bali \u2013 International Conference on In-situ Measurement of Soil Properties &amp; Case Histories, 2001; Recife \u2212 4th International Conference on Geotechnical and Geophysical Site Characterization (ISC&#8217;4), 2012; Chicago \u2013 7th International Conference on Case Histories in Geotechnical Engineering, 2013. By\u0142 autorem raportu: \u201cCone Penetration in East European Countries\u201c \u2013 Regional Report for International Conference on Cone Penetration Testing CPT-10, Los Angeles, 2010 r.<br \/>\nOpublikowa\u0142 ponad 200 prac w tym by\u0142 autorem lub wsp\u00f3\u0142autorem 5 monografii. Jest autorem 2 patent\u00f3w. Opracowa\u0142 ponad 600 ekspertyz w kraju i zagranic\u0105. Posiada nast\u0119puj\u0105ce odznaczenia: Medal Polskiej Akademii Nauk \u201eNaturae Tutela Res Necessaria Hominum. Pro Regionalibus et Urbanis Studiis\u201d \u2013 (2013 r.), Krzy\u017c Oficerski Odrodzenia Polski \u2013 (2012 r.), Odznaczenie \u201eLabor Omnia Victis\u201d \u2013 (2010 r.), Z\u0142oty Krzy\u017c Zas\u0142ugi \u2013 (1988 r.), Honorow\u0105 Odznak\u0119 Miasta Poznania &#8211; (1985 r.), Krzy\u017c Komandorski Orderu \u015aw. Stanis\u0142awa \u2013 (2004 r.) za dzia\u0142alno\u015b\u0107 charytatywn\u0105, Tytu\u0142 Lidera Pracy Organicznej i statuetk\u0119 im. H. Cegielskiego \u2013 (2005 r.), Tytu\u0142 Honorowego Cz\u0142onka Holenderskiej Izby Eksporter\u00f3w \u2013 (2000 r.) oraz zas\u0142u\u017cony dla Uniwersytetu Przyrodniczego w Poznaniu (2012 r.).<\/p>\n","protected":false},"excerpt":{"rendered":"<p>HEBO Pozna\u0144 Sp. z o.o. ul. Heweliusza 11\/5, 60-281 Pozna\u0144 tel. +48 61 848 33 17 e-mail: zbigniew.mlynarek@hebo-poznan.pl Absolwent (1962 r.) i doktor nauk technicznych Wydzia\u0142u Budownictwa L\u0105dowego Politechniki Pozna\u0144skiej (1970 r.), doktor habilitowany nauk technicznych (1978 r.). Prac\u0119 habilitacyjn\u0105 przygotowa\u0142 w Instytucie Geotechniki Politechniki w Budapeszcie pod kierunkiem prof. A. Kezdiego. Tytu\u0142 naukowy profesora [&hellip;]<\/p>\n","protected":false},"author":1,"featured_media":0,"parent":41,"menu_order":0,"comment_status":"closed","ping_status":"closed","template":"","meta":{"footnotes":""},"class_list":["post-852","page","type-page","status-publish","hentry"],"_links":{"self":[{"href":"https:\/\/www.geotechnika.org.pl\/index.php?rest_route=\/wp\/v2\/pages\/852","targetHints":{"allow":["GET"]}}],"collection":[{"href":"https:\/\/www.geotechnika.org.pl\/index.php?rest_route=\/wp\/v2\/pages"}],"about":[{"href":"https:\/\/www.geotechnika.org.pl\/index.php?rest_route=\/wp\/v2\/types\/page"}],"author":[{"embeddable":true,"href":"https:\/\/www.geotechnika.org.pl\/index.php?rest_route=\/wp\/v2\/users\/1"}],"replies":[{"embeddable":true,"href":"https:\/\/www.geotechnika.org.pl\/index.php?rest_route=%2Fwp%2Fv2%2Fcomments&post=852"}],"version-history":[{"count":4,"href":"https:\/\/www.geotechnika.org.pl\/index.php?rest_route=\/wp\/v2\/pages\/852\/revisions"}],"predecessor-version":[{"id":886,"href":"https:\/\/www.geotechnika.org.pl\/index.php?rest_route=\/wp\/v2\/pages\/852\/revisions\/886"}],"up":[{"embeddable":true,"href":"https:\/\/www.geotechnika.org.pl\/index.php?rest_route=\/wp\/v2\/pages\/41"}],"wp:attachment":[{"href":"https:\/\/www.geotechnika.org.pl\/index.php?rest_route=%2Fwp%2Fv2%2Fmedia&parent=852"}],"curies":[{"name":"wp","href":"https:\/\/api.w.org\/{rel}","templated":true}]}}