{"id":892,"date":"2015-05-06T05:23:47","date_gmt":"2015-05-06T05:23:47","guid":{"rendered":"http:\/\/www.geotechnika.org.pl\/?page_id=892"},"modified":"2015-05-06T05:25:36","modified_gmt":"2015-05-06T05:25:36","slug":"prof-dr-hab-inz-eugeniusz-dembicki","status":"publish","type":"page","link":"https:\/\/www.geotechnika.org.pl\/?page_id=892","title":{"rendered":"Prof. dr hab. in\u017c. Eugeniusz Dembicki"},"content":{"rendered":"<hr \/>\n<p>Politechnika Gda\u0144ska, Wydzia\u0142 In\u017cynierii L\u0105dowej i \u015arodowiska,<img loading=\"lazy\" decoding=\"async\" class=\"alignright size-medium wp-image-287\" src=\"http:\/\/www.geotechnika.org.pl\/wp-content\/uploads\/2015\/01\/Eugeniusz-Dembicki-218x300.jpg\" alt=\"Eugeniusz Dembicki\" width=\"218\" height=\"300\" srcset=\"https:\/\/www.geotechnika.org.pl\/wp-content\/uploads\/2015\/01\/Eugeniusz-Dembicki-218x300.jpg 218w, https:\/\/www.geotechnika.org.pl\/wp-content\/uploads\/2015\/01\/Eugeniusz-Dembicki.jpg 232w\" sizes=\"auto, (max-width: 218px) 100vw, 218px\" \/><br \/>\nKatedra Geotechniki, Geologii i Budownictwa Morskiego<br \/>\n80-233 Gda\u0144sk, ul. Narutowicza 11.<br \/>\ntel. s\u0142u\u017cb. (0-58) 347-28-12; fax (0-58) 341-98-14,<br \/>\ntel. dom. (0-58) 622-03-83, fax (0-58) 622-16-43.<br \/>\ne-mail: edemb@pg.gda.pl<\/p>\n<p><strong>Kwalifikacje i uprawnienia<\/strong><br \/>\nMgr in\u017c. budownictwa l\u0105dowego Politechniki Gda\u0144skiej. Doktor nauk technicznych Uniwersytetu J. Fouriera w Grenoble (Francja) w zakresie mechaniki. Habilitacja na Wydziale Budownictwa Wodnego Politechniki Gda\u0144skiej. Doktor honoris causa Uniwersytetu Fouriera w Grenoble. Dyplom honorowy Uniwersytetu w Zagrzebiu (Wydzia\u0142 Budownictwa). Nagroda naukowa Maxa Plancka. Cz\u0142onek Komitetu In\u017cynierii L\u0105dowej i Wodnej PAN, Prezydent Polskiego Komitetu Geotechniki. Uprawnienia budowlane (1957 r.), budownictwa wodnego (1983 r.), geologiczne (1997 r.). Cz\u0142onek Rady Naukowej ds. Budowy Metra w Warszawie. Przewodnicz\u0105cy Komisji Normalizacyjnej ds. Geosyntetyk\u00f3w Polskiego Komitetu Normalizacyjnego, by\u0142y przewodnicz\u0105cy Rady Naukowej Instytutu Budownictwa Wodnego PAN i Rady Naukowej Instytutu Morskiego w Gda\u0144sku. Cz\u0142onek mi\u0119dzynarodowych organizacji naukowych i technicznych: International Society for Soil Mechanics and Foundation Engineering (cz\u0142onek Prezydium), Comittee International des Grands R\u00e9seaux El\u00e9ctriques, Hafenbautechnische Gesellschaft, Polish Committee of Permanent International Association of Navigation Congress, International Geotextile Society, Engineering Committee on Oceanic Resources. Dzia\u0142alno\u015b\u0107 w wydawnictwach naukowych: cz\u0142onek Rady Redakcyjnej: Studia Geotechnica et Mechanica, Archives of Civil Engineering, International Journal of Geotextiles and Geomembranes, Ground Improvement. Przewodnicz\u0105cy Rady Redakcyjnej: Archives of Hydroengineering and Environmental Mechanics, redaktor naczelny czasopisma: In\u017cynieria Morska i Geotechnika. Dzia\u0142alno\u015b\u0107 dydaktyczna, badawcza i techniczna: kierownik Katedry Geotechniki Politechniki Gda\u0144skiej od 1967 r., autor ponad 600 publikacji naukowych i technicznych krajowych i zagranicznych, autor 22 podr\u0119cznik\u00f3w i skrypt\u00f3w, w tym kilku wydanych za granic\u0105, w zakresie mechaniki grunt\u00f3w, fundamentowania, stateczno\u015bci budowli morskich, mechaniki o\u015brodk\u00f3w ci\u0105g\u0142ych i metod numerycznych w geotechnice, promotor ponad 150 prac magisterskich i 28 doktorskich z tematyki geotechniki i in\u017cynierii morskiej, tw\u00f3rca i kierownik Studium Doktoranckiego z In\u017cynierii \u015arodowiska i Geotechniki w Politechnice Gda\u0144skiej.<\/p>\n<p><strong>Osi\u0105gni\u0119cia zawodowe<\/strong><br \/>\nWsp\u00f3\u0142autor czterech patent\u00f3w i trzech norm pa\u0144stwowych z dziedziny geotechniki (przewodnicz\u0105cy Zespo\u0142u), kierownictwo licznych opracowa\u0144 naukowych w ramach indywidualnych, celowych i zamawianych projekt\u00f3w badawczych Komitetu Bada\u0144 Naukowych oraz na zlecenie jednostek gospodarczych, krajowych i zagranicznych, konsultant naukowy z dziedziny in\u017cynierii i geotechniki, prezes Przedsi\u0119biorstwa Konsultacyjno-Badawczego GEOSYNTEX.<\/p>\n<p><strong>Oferowany zakres dzia\u0142alno\u015bci:<\/strong><br \/>\n\u2022 prace naukowo-badawcze z zakresu mechaniki grunt\u00f3w, fundamentowania, reologii grunt\u00f3w, geosyntetyk\u00f3w i grunt\u00f3w zbrojonych oraz mechaniki o\u015brodk\u00f3w rozdrobnionych; analizy no\u015bno\u015bci i stateczno\u015bci fundament\u00f3w bezpo\u015brednich, fundament\u00f3w na palach, fundament\u00f3w obci\u0105\u017conych dynamicznie, fundament\u00f3w budowli morskich, w tym pe\u0142nomorskich, oraz pod\u0142o\u017ca gruntowego;<br \/>\n\u2022 nowe materia\u0142y w geotechnice (geosyntetyki);<br \/>\n\u2022 nowe technologie wzmocnienia pod\u0142o\u017ca gruntowego;<br \/>\n\u2022 stateczno\u015b\u0107 konstrukcji wsporczych i zboczy oraz zagadnienia optymalizacji fundament\u00f3w r\u00f3\u017cnego rodzaju budowli;<br \/>\n\u2022 badania grunt\u00f3w w z\u0142o\u017conych stanach napr\u0119\u017cenia i odkszta\u0142cenia w laboratorium oraz in situ;<br \/>\n\u2022 badania modelowe fundament\u00f3w i ustroj\u00f3w fundamentowych w uk\u0142adzie statycznym, dynamicznym i w komorze kalibracyjnej;<br \/>\n\u2022 analizy bezpiecze\u0144stwa morskich budowli hydrotechnicznych.<\/p>\n","protected":false},"excerpt":{"rendered":"<p>Politechnika Gda\u0144ska, Wydzia\u0142 In\u017cynierii L\u0105dowej i \u015arodowiska, Katedra Geotechniki, Geologii i Budownictwa Morskiego 80-233 Gda\u0144sk, ul. Narutowicza 11. tel. s\u0142u\u017cb. (0-58) 347-28-12; fax (0-58) 341-98-14, tel. dom. (0-58) 622-03-83, fax (0-58) 622-16-43. e-mail: edemb@pg.gda.pl Kwalifikacje i uprawnienia Mgr in\u017c. budownictwa l\u0105dowego Politechniki Gda\u0144skiej. Doktor nauk technicznych Uniwersytetu J. Fouriera w Grenoble (Francja) w zakresie mechaniki. [&hellip;]<\/p>\n","protected":false},"author":1,"featured_media":0,"parent":41,"menu_order":0,"comment_status":"closed","ping_status":"closed","template":"","meta":{"footnotes":""},"class_list":["post-892","page","type-page","status-publish","hentry"],"_links":{"self":[{"href":"https:\/\/www.geotechnika.org.pl\/index.php?rest_route=\/wp\/v2\/pages\/892","targetHints":{"allow":["GET"]}}],"collection":[{"href":"https:\/\/www.geotechnika.org.pl\/index.php?rest_route=\/wp\/v2\/pages"}],"about":[{"href":"https:\/\/www.geotechnika.org.pl\/index.php?rest_route=\/wp\/v2\/types\/page"}],"author":[{"embeddable":true,"href":"https:\/\/www.geotechnika.org.pl\/index.php?rest_route=\/wp\/v2\/users\/1"}],"replies":[{"embeddable":true,"href":"https:\/\/www.geotechnika.org.pl\/index.php?rest_route=%2Fwp%2Fv2%2Fcomments&post=892"}],"version-history":[{"count":2,"href":"https:\/\/www.geotechnika.org.pl\/index.php?rest_route=\/wp\/v2\/pages\/892\/revisions"}],"predecessor-version":[{"id":901,"href":"https:\/\/www.geotechnika.org.pl\/index.php?rest_route=\/wp\/v2\/pages\/892\/revisions\/901"}],"up":[{"embeddable":true,"href":"https:\/\/www.geotechnika.org.pl\/index.php?rest_route=\/wp\/v2\/pages\/41"}],"wp:attachment":[{"href":"https:\/\/www.geotechnika.org.pl\/index.php?rest_route=%2Fwp%2Fv2%2Fmedia&parent=892"}],"curies":[{"name":"wp","href":"https:\/\/api.w.org\/{rel}","templated":true}]}}