{"id":973,"date":"2015-11-20T20:01:42","date_gmt":"2015-11-20T20:01:42","guid":{"rendered":"http:\/\/www.geotechnika.org.pl\/?page_id=973"},"modified":"2015-11-20T20:03:35","modified_gmt":"2015-11-20T20:03:35","slug":"uchwaly-i-pismo-okolne-z-dnia-44-05-2015","status":"publish","type":"page","link":"https:\/\/www.geotechnika.org.pl\/?page_id=973","title":{"rendered":"Uchwa\u0142y i pismo ok\u00f3lne z dnia 14.05.2015"},"content":{"rendered":"<ul>\n<li><a href=\"http:\/\/www.geotechnika.org.pl\/wp-content\/uploads\/2015\/11\/Uchwa\u0142a-nr-9-Zarz\u0105du-PKG-14.05.2015.pdf\" class=\"mtli_attachment mtli_pdf\">Uchwa\u0142a nr 9 Zarz\u0105du PKG z dnia 14.05.2015<\/a><\/li>\n<li><a href=\"http:\/\/www.geotechnika.org.pl\/wp-content\/uploads\/2015\/11\/Uchwa\u0142a-nr-10-Zarz\u0105du-PKG-14.05.2015.pdf\" class=\"mtli_attachment mtli_pdf\">Uchwa\u0142a nr 10 Zarz\u0105du PKG z dnia 14.05.2015<\/a><\/li>\n<li><a href=\"http:\/\/www.geotechnika.org.pl\/wp-content\/uploads\/2015\/11\/Uchwa\u0142a-nr-11-Zarz\u0105du-PKG-14.05.2015.pdf\" class=\"mtli_attachment mtli_pdf\">Uchwa\u0142a nr 11 Zarz\u0105du PKG z dnia 14.05.2015<\/a><\/li>\n<\/ul>\n","protected":false},"excerpt":{"rendered":"<p>Uchwa\u0142a nr 9 Zarz\u0105du PKG z dnia 14.05.2015 Uchwa\u0142a nr 10 Zarz\u0105du PKG z dnia 14.05.2015 Uchwa\u0142a nr 11 Zarz\u0105du PKG z dnia 14.05.2015<\/p>\n","protected":false},"author":1,"featured_media":0,"parent":383,"menu_order":0,"comment_status":"closed","ping_status":"closed","template":"","meta":{"footnotes":""},"class_list":["post-973","page","type-page","status-publish","hentry"],"_links":{"self":[{"href":"https:\/\/www.geotechnika.org.pl\/index.php?rest_route=\/wp\/v2\/pages\/973","targetHints":{"allow":["GET"]}}],"collection":[{"href":"https:\/\/www.geotechnika.org.pl\/index.php?rest_route=\/wp\/v2\/pages"}],"about":[{"href":"https:\/\/www.geotechnika.org.pl\/index.php?rest_route=\/wp\/v2\/types\/page"}],"author":[{"embeddable":true,"href":"https:\/\/www.geotechnika.org.pl\/index.php?rest_route=\/wp\/v2\/users\/1"}],"replies":[{"embeddable":true,"href":"https:\/\/www.geotechnika.org.pl\/index.php?rest_route=%2Fwp%2Fv2%2Fcomments&post=973"}],"version-history":[{"count":2,"href":"https:\/\/www.geotechnika.org.pl\/index.php?rest_route=\/wp\/v2\/pages\/973\/revisions"}],"predecessor-version":[{"id":978,"href":"https:\/\/www.geotechnika.org.pl\/index.php?rest_route=\/wp\/v2\/pages\/973\/revisions\/978"}],"up":[{"embeddable":true,"href":"https:\/\/www.geotechnika.org.pl\/index.php?rest_route=\/wp\/v2\/pages\/383"}],"wp:attachment":[{"href":"https:\/\/www.geotechnika.org.pl\/index.php?rest_route=%2Fwp%2Fv2%2Fmedia&parent=973"}],"curies":[{"name":"wp","href":"https:\/\/api.w.org\/{rel}","templated":true}]}}